{"id":16742,"date":"2025-07-02T08:24:13","date_gmt":"2025-07-02T06:24:13","guid":{"rendered":"https:\/\/akuku.com.pl\/katalog-produktow\/non%20class\u00e9\/embout-buccal-remplacable\/"},"modified":"2025-07-02T10:31:54","modified_gmt":"2025-07-02T08:31:54","slug":"embout-buccal-remplacable","status":"publish","type":"product","link":"https:\/\/akuku.com.pl\/fr\/catalogue-de-produits\/nutrition\/nourriture-et-boissons\/gobelets-pour-enfant\/embout-buccal-remplacable\/","title":{"rendered":"Embout buccal rempla\u00e7able"},"content":{"rendered":"<p>&nbsp;<\/p>\n<p>Le bec verseur en silicone permet \u00e0 votre enfant de boire confortablement sans avoir \u00e0 incliner la tasse de sport. Il s&rsquo;adapte aux coupes sport : A0164, A0165, A0166 et A0676. Fabriqu\u00e9 en silicone de haute qualit\u00e9, sans danger pour les gencives et les dents sensibles. Con\u00e7u pour les enfants \u00e0 partir de 9 mois. 3 pi\u00e8ces dans le paquet.<\/p>\n<p>&nbsp;<\/p>\n<p><strong>Manuel d&rsquo;instructions :<\/strong> Gardez le bec verseur propre. Avant la premi\u00e8re et apr\u00e8s chaque utilisation, lavez-le avec de l&rsquo;eau ti\u00e8de et un liquide doux. Rincer abondamment. La paille ne convient pas au lavage au lave-vaisselle, \u00e0 la d\u00e9sinfection, \u00e0 l&rsquo;\u00e9chaudage et au r\u00e9chauffage au micro-ondes. Pour des raisons d&rsquo;hygi\u00e8ne et de s\u00e9curit\u00e9, nous vous recommandons de remplacer le produit par un neuf tous les 1 \u00e0 2 mois. Les pailles ne conviennent pas aux enfants de moins de 6 mois.<\/p>\n<p>&nbsp;<\/p>\n<p><strong>Activation de la valve :<\/strong> le bec verseur contient une valve unidirectionnelle pour \u00e9viter les d\u00e9versements. Cette paille doit \u00eatre activ\u00e9e avant la premi\u00e8re utilisation. Localisez la valve \u00e0 l\u2019int\u00e9rieur de la partie sup\u00e9rieure de la paille et pressez-la.<\/p>\n<p>&nbsp;<\/p>\n<p><strong>Pour la s\u00e9curit\u00e9 et la sant\u00e9 de votre enfant<\/strong><\/p>\n<p><strong>Avertissement!<\/strong><\/p>\n<p>Utilisez toujours le produit sous la surveillance d&rsquo;un adulte.<\/p>\n<p>L&rsquo;aspiration continue et prolong\u00e9e de liquides peut provoquer des caries dentaires.<\/p>\n<p>V\u00e9rifiez toujours la temp\u00e9rature des aliments avant de les nourrir.<\/p>\n<p>Important! Ne laissez pas l&rsquo;enfant sans surveillance pendant qu&rsquo;il se nourrit.<\/p>\n<p>Le produit n&rsquo;est pas un jouet. Gardez-le hors de port\u00e9e de l&rsquo;enfant.<\/p>\n<p>&nbsp;<\/p>\n<p><img decoding=\"async\" src=\"https:\/\/akuku.com.pl\/wp-content\/uploads\/2024\/09\/BPA-Free-logo-png_1.png\" alt=\"\" \/>\u00a0\u00a0<img decoding=\"async\" src=\"https:\/\/akuku.com.pl\/wp-content\/uploads\/2024\/09\/niekapek.jpg\" \/><img decoding=\"async\" src=\"https:\/\/akuku.com.pl\/wp-content\/uploads\/2024\/07\/9-wiek.jpg\" \/>\u00a0 \u00a0 <img decoding=\"async\" src=\"https:\/\/ect.h2g.pl\/akuku\/images\/05.png\" alt=\"\" \/>\u00a0 \u00a0 <img decoding=\"async\" src=\"https:\/\/ect.h2g.pl\/akuku\/images\/004.png\" alt=\"\" \/><\/p>\n<p>&nbsp;<\/p>\n<p>&nbsp;<\/p>\n<p>EAN : 5907644006977<\/p>\n","protected":false},"excerpt":{"rendered":"<p>&nbsp; Le bec verseur en silicone permet \u00e0 votre enfant de boire confortablement sans avoir \u00e0 incliner la tasse de sport. Il s&rsquo;adapte aux coupes sport : A0164, A0165, A0166 et A0676. Fabriqu\u00e9 en silicone de haute qualit\u00e9, sans danger pour les gencives et les dents sensibles. Con\u00e7u pour les enfants \u00e0 partir de 9 [&hellip;]<\/p>\n","protected":false},"featured_media":16755,"template":"","meta":[],"product_cat":[3333,3357,3369],"product_tag":[],"class_list":{"0":"post-16742","1":"product","2":"type-product","3":"status-publish","4":"has-post-thumbnail","6":"product_cat-nutrition","7":"product_cat-nourriture-et-boissons","8":"product_cat-gobelets-pour-enfant","10":"first","11":"instock","12":"shipping-taxable","13":"product-type-simple"},"yoast_head":"<!-- This site is optimized with the Yoast SEO plugin v26.2 - https:\/\/yoast.com\/wordpress\/plugins\/seo\/ -->\n<title>Embout buccal rempla\u00e7able - Akuku<\/title>\n<meta name=\"description\" content=\"Sprawd\u017a nasz produkt: Embout buccal rempla\u00e7able. Produkty Akuku - odpowiednie dla mam i niemowl\u0105t!\" \/>\n<meta name=\"robots\" content=\"index, follow, max-snippet:-1, max-image-preview:large, max-video-preview:-1\" \/>\n<link rel=\"canonical\" href=\"https:\/\/akuku.com.pl\/fr\/catalogue-de-produits\/nutrition\/nourriture-et-boissons\/gobelets-pour-enfant\/embout-buccal-remplacable\/\" \/>\n<meta property=\"og:locale\" content=\"fr_FR\" \/>\n<meta property=\"og:type\" content=\"article\" \/>\n<meta property=\"og:title\" content=\"Embout buccal rempla\u00e7able - Akuku\" \/>\n<meta property=\"og:description\" content=\"Sprawd\u017a nasz produkt: Embout buccal rempla\u00e7able. Produkty Akuku - odpowiednie dla mam i niemowl\u0105t!\" \/>\n<meta property=\"og:url\" content=\"https:\/\/akuku.com.pl\/fr\/catalogue-de-produits\/nutrition\/nourriture-et-boissons\/gobelets-pour-enfant\/embout-buccal-remplacable\/\" \/>\n<meta property=\"og:site_name\" content=\"Akuku\" \/>\n<meta property=\"article:publisher\" content=\"https:\/\/www.facebook.com\/markaAKUKU\" \/>\n<meta property=\"article:modified_time\" content=\"2025-07-02T08:31:54+00:00\" \/>\n<meta property=\"og:image\" content=\"https:\/\/akuku.com.pl\/wp-content\/uploads\/2025\/07\/A0697.jpg\" \/>\n\t<meta property=\"og:image:width\" content=\"1000\" \/>\n\t<meta property=\"og:image:height\" content=\"1000\" \/>\n\t<meta property=\"og:image:type\" content=\"image\/jpeg\" \/>\n<meta name=\"twitter:card\" content=\"summary_large_image\" \/>\n<meta name=\"twitter:label1\" content=\"Dur\u00e9e de lecture estim\u00e9e\" \/>\n\t<meta name=\"twitter:data1\" content=\"1 minute\" \/>\n<script type=\"application\/ld+json\" class=\"yoast-schema-graph\">{\"@context\":\"https:\/\/schema.org\",\"@graph\":[{\"@type\":\"WebPage\",\"@id\":\"https:\/\/akuku.com.pl\/fr\/catalogue-de-produits\/nutrition\/nourriture-et-boissons\/gobelets-pour-enfant\/embout-buccal-remplacable\/\",\"url\":\"https:\/\/akuku.com.pl\/fr\/catalogue-de-produits\/nutrition\/nourriture-et-boissons\/gobelets-pour-enfant\/embout-buccal-remplacable\/\",\"name\":\"Embout buccal rempla\u00e7able - Akuku\",\"isPartOf\":{\"@id\":\"https:\/\/akuku.com.pl\/fr\/#website\"},\"primaryImageOfPage\":{\"@id\":\"https:\/\/akuku.com.pl\/fr\/catalogue-de-produits\/nutrition\/nourriture-et-boissons\/gobelets-pour-enfant\/embout-buccal-remplacable\/#primaryimage\"},\"image\":{\"@id\":\"https:\/\/akuku.com.pl\/fr\/catalogue-de-produits\/nutrition\/nourriture-et-boissons\/gobelets-pour-enfant\/embout-buccal-remplacable\/#primaryimage\"},\"thumbnailUrl\":\"https:\/\/akuku.com.pl\/wp-content\/uploads\/2025\/07\/SLOMKABIDONY_3840x3840_02-scaled.jpg\",\"datePublished\":\"2025-07-02T06:24:13+00:00\",\"dateModified\":\"2025-07-02T08:31:54+00:00\",\"description\":\"Sprawd\u017a nasz produkt: Embout buccal rempla\u00e7able. Produkty Akuku - odpowiednie dla mam i niemowl\u0105t!\",\"breadcrumb\":{\"@id\":\"https:\/\/akuku.com.pl\/fr\/catalogue-de-produits\/nutrition\/nourriture-et-boissons\/gobelets-pour-enfant\/embout-buccal-remplacable\/#breadcrumb\"},\"inLanguage\":\"fr-FR\",\"potentialAction\":[{\"@type\":\"ReadAction\",\"target\":[\"https:\/\/akuku.com.pl\/fr\/catalogue-de-produits\/nutrition\/nourriture-et-boissons\/gobelets-pour-enfant\/embout-buccal-remplacable\/\"]}]},{\"@type\":\"ImageObject\",\"inLanguage\":\"fr-FR\",\"@id\":\"https:\/\/akuku.com.pl\/fr\/catalogue-de-produits\/nutrition\/nourriture-et-boissons\/gobelets-pour-enfant\/embout-buccal-remplacable\/#primaryimage\",\"url\":\"https:\/\/akuku.com.pl\/wp-content\/uploads\/2025\/07\/SLOMKABIDONY_3840x3840_02-scaled.jpg\",\"contentUrl\":\"https:\/\/akuku.com.pl\/wp-content\/uploads\/2025\/07\/SLOMKABIDONY_3840x3840_02-scaled.jpg\",\"width\":2560,\"height\":2560,\"caption\":\"wymienna s\u0142omka do bidonu - zestaw\"},{\"@type\":\"BreadcrumbList\",\"@id\":\"https:\/\/akuku.com.pl\/fr\/catalogue-de-produits\/nutrition\/nourriture-et-boissons\/gobelets-pour-enfant\/embout-buccal-remplacable\/#breadcrumb\",\"itemListElement\":[{\"@type\":\"ListItem\",\"position\":1,\"name\":\"Strona g\u0142\u00f3wna\",\"item\":\"https:\/\/akuku.com.pl\/fr\/\"},{\"@type\":\"ListItem\",\"position\":2,\"name\":\"Boutique\",\"item\":\"https:\/\/akuku.com.pl\/wszystkie-produkty\/\"},{\"@type\":\"ListItem\",\"position\":3,\"name\":\"Embout buccal rempla\u00e7able\"}]},{\"@type\":\"WebSite\",\"@id\":\"https:\/\/akuku.com.pl\/fr\/#website\",\"url\":\"https:\/\/akuku.com.pl\/fr\/\",\"name\":\"Akuku.com.pl\",\"description\":\"\",\"publisher\":{\"@id\":\"https:\/\/akuku.com.pl\/fr\/#organization\"},\"potentialAction\":[{\"@type\":\"SearchAction\",\"target\":{\"@type\":\"EntryPoint\",\"urlTemplate\":\"https:\/\/akuku.com.pl\/fr\/?s={search_term_string}\"},\"query-input\":{\"@type\":\"PropertyValueSpecification\",\"valueRequired\":true,\"valueName\":\"search_term_string\"}}],\"inLanguage\":\"fr-FR\"},{\"@type\":\"Organization\",\"@id\":\"https:\/\/akuku.com.pl\/fr\/#organization\",\"name\":\"Akuku.com.pl\",\"url\":\"https:\/\/akuku.com.pl\/fr\/\",\"logo\":{\"@type\":\"ImageObject\",\"inLanguage\":\"fr-FR\",\"@id\":\"https:\/\/akuku.com.pl\/fr\/#\/schema\/logo\/image\/\",\"url\":\"https:\/\/akuku.com.pl\/wp-content\/uploads\/2024\/04\/akuku-logo.svg\",\"contentUrl\":\"https:\/\/akuku.com.pl\/wp-content\/uploads\/2024\/04\/akuku-logo.svg\",\"width\":114,\"height\":50,\"caption\":\"Akuku.com.pl\"},\"image\":{\"@id\":\"https:\/\/akuku.com.pl\/fr\/#\/schema\/logo\/image\/\"},\"sameAs\":[\"https:\/\/www.facebook.com\/markaAKUKU\"]}]}<\/script>\n<!-- \/ Yoast SEO plugin. -->","yoast_head_json":{"title":"Embout buccal rempla\u00e7able - Akuku","description":"Sprawd\u017a nasz produkt: Embout buccal rempla\u00e7able. Produkty Akuku - odpowiednie dla mam i niemowl\u0105t!","robots":{"index":"index","follow":"follow","max-snippet":"max-snippet:-1","max-image-preview":"max-image-preview:large","max-video-preview":"max-video-preview:-1"},"canonical":"https:\/\/akuku.com.pl\/fr\/catalogue-de-produits\/nutrition\/nourriture-et-boissons\/gobelets-pour-enfant\/embout-buccal-remplacable\/","og_locale":"fr_FR","og_type":"article","og_title":"Embout buccal rempla\u00e7able - Akuku","og_description":"Sprawd\u017a nasz produkt: Embout buccal rempla\u00e7able. Produkty Akuku - odpowiednie dla mam i niemowl\u0105t!","og_url":"https:\/\/akuku.com.pl\/fr\/catalogue-de-produits\/nutrition\/nourriture-et-boissons\/gobelets-pour-enfant\/embout-buccal-remplacable\/","og_site_name":"Akuku","article_publisher":"https:\/\/www.facebook.com\/markaAKUKU","article_modified_time":"2025-07-02T08:31:54+00:00","og_image":[{"width":1000,"height":1000,"url":"https:\/\/akuku.com.pl\/wp-content\/uploads\/2025\/07\/A0697.jpg","type":"image\/jpeg"}],"twitter_card":"summary_large_image","twitter_misc":{"Dur\u00e9e de lecture estim\u00e9e":"1 minute"},"schema":{"@context":"https:\/\/schema.org","@graph":[{"@type":"WebPage","@id":"https:\/\/akuku.com.pl\/fr\/catalogue-de-produits\/nutrition\/nourriture-et-boissons\/gobelets-pour-enfant\/embout-buccal-remplacable\/","url":"https:\/\/akuku.com.pl\/fr\/catalogue-de-produits\/nutrition\/nourriture-et-boissons\/gobelets-pour-enfant\/embout-buccal-remplacable\/","name":"Embout buccal rempla\u00e7able - Akuku","isPartOf":{"@id":"https:\/\/akuku.com.pl\/fr\/#website"},"primaryImageOfPage":{"@id":"https:\/\/akuku.com.pl\/fr\/catalogue-de-produits\/nutrition\/nourriture-et-boissons\/gobelets-pour-enfant\/embout-buccal-remplacable\/#primaryimage"},"image":{"@id":"https:\/\/akuku.com.pl\/fr\/catalogue-de-produits\/nutrition\/nourriture-et-boissons\/gobelets-pour-enfant\/embout-buccal-remplacable\/#primaryimage"},"thumbnailUrl":"https:\/\/akuku.com.pl\/wp-content\/uploads\/2025\/07\/SLOMKABIDONY_3840x3840_02-scaled.jpg","datePublished":"2025-07-02T06:24:13+00:00","dateModified":"2025-07-02T08:31:54+00:00","description":"Sprawd\u017a nasz produkt: Embout buccal rempla\u00e7able. Produkty Akuku - odpowiednie dla mam i niemowl\u0105t!","breadcrumb":{"@id":"https:\/\/akuku.com.pl\/fr\/catalogue-de-produits\/nutrition\/nourriture-et-boissons\/gobelets-pour-enfant\/embout-buccal-remplacable\/#breadcrumb"},"inLanguage":"fr-FR","potentialAction":[{"@type":"ReadAction","target":["https:\/\/akuku.com.pl\/fr\/catalogue-de-produits\/nutrition\/nourriture-et-boissons\/gobelets-pour-enfant\/embout-buccal-remplacable\/"]}]},{"@type":"ImageObject","inLanguage":"fr-FR","@id":"https:\/\/akuku.com.pl\/fr\/catalogue-de-produits\/nutrition\/nourriture-et-boissons\/gobelets-pour-enfant\/embout-buccal-remplacable\/#primaryimage","url":"https:\/\/akuku.com.pl\/wp-content\/uploads\/2025\/07\/SLOMKABIDONY_3840x3840_02-scaled.jpg","contentUrl":"https:\/\/akuku.com.pl\/wp-content\/uploads\/2025\/07\/SLOMKABIDONY_3840x3840_02-scaled.jpg","width":2560,"height":2560,"caption":"wymienna s\u0142omka do bidonu - zestaw"},{"@type":"BreadcrumbList","@id":"https:\/\/akuku.com.pl\/fr\/catalogue-de-produits\/nutrition\/nourriture-et-boissons\/gobelets-pour-enfant\/embout-buccal-remplacable\/#breadcrumb","itemListElement":[{"@type":"ListItem","position":1,"name":"Strona g\u0142\u00f3wna","item":"https:\/\/akuku.com.pl\/fr\/"},{"@type":"ListItem","position":2,"name":"Boutique","item":"https:\/\/akuku.com.pl\/wszystkie-produkty\/"},{"@type":"ListItem","position":3,"name":"Embout buccal rempla\u00e7able"}]},{"@type":"WebSite","@id":"https:\/\/akuku.com.pl\/fr\/#website","url":"https:\/\/akuku.com.pl\/fr\/","name":"Akuku.com.pl","description":"","publisher":{"@id":"https:\/\/akuku.com.pl\/fr\/#organization"},"potentialAction":[{"@type":"SearchAction","target":{"@type":"EntryPoint","urlTemplate":"https:\/\/akuku.com.pl\/fr\/?s={search_term_string}"},"query-input":{"@type":"PropertyValueSpecification","valueRequired":true,"valueName":"search_term_string"}}],"inLanguage":"fr-FR"},{"@type":"Organization","@id":"https:\/\/akuku.com.pl\/fr\/#organization","name":"Akuku.com.pl","url":"https:\/\/akuku.com.pl\/fr\/","logo":{"@type":"ImageObject","inLanguage":"fr-FR","@id":"https:\/\/akuku.com.pl\/fr\/#\/schema\/logo\/image\/","url":"https:\/\/akuku.com.pl\/wp-content\/uploads\/2024\/04\/akuku-logo.svg","contentUrl":"https:\/\/akuku.com.pl\/wp-content\/uploads\/2024\/04\/akuku-logo.svg","width":114,"height":50,"caption":"Akuku.com.pl"},"image":{"@id":"https:\/\/akuku.com.pl\/fr\/#\/schema\/logo\/image\/"},"sameAs":["https:\/\/www.facebook.com\/markaAKUKU"]}]}},"_links":{"self":[{"href":"https:\/\/akuku.com.pl\/fr\/wp-json\/wp\/v2\/product\/16742","targetHints":{"allow":["GET"]}}],"collection":[{"href":"https:\/\/akuku.com.pl\/fr\/wp-json\/wp\/v2\/product"}],"about":[{"href":"https:\/\/akuku.com.pl\/fr\/wp-json\/wp\/v2\/types\/product"}],"wp:featuredmedia":[{"embeddable":true,"href":"https:\/\/akuku.com.pl\/fr\/wp-json\/wp\/v2\/media\/16755"}],"wp:attachment":[{"href":"https:\/\/akuku.com.pl\/fr\/wp-json\/wp\/v2\/media?parent=16742"}],"wp:term":[{"taxonomy":"product_cat","embeddable":true,"href":"https:\/\/akuku.com.pl\/fr\/wp-json\/wp\/v2\/product_cat?post=16742"},{"taxonomy":"product_tag","embeddable":true,"href":"https:\/\/akuku.com.pl\/fr\/wp-json\/wp\/v2\/product_tag?post=16742"}],"curies":[{"name":"wp","href":"https:\/\/api.w.org\/{rel}","templated":true}]}}