{"id":16625,"date":"2025-06-09T12:29:12","date_gmt":"2025-06-09T10:29:12","guid":{"rendered":"https:\/\/akuku.com.pl\/?post_type=product&#038;p=16625"},"modified":"2025-06-09T12:35:49","modified_gmt":"2025-06-09T10:35:49","slug":"bavoir-a-lacet-2","status":"publish","type":"product","link":"https:\/\/akuku.com.pl\/fr\/catalogue-de-produits\/nutrition\/bavoirs\/bavoirs-a-lacets\/bavoir-a-lacet-2\/","title":{"rendered":"Bavoir \u00e0 lacet"},"content":{"rendered":"<div class=\"textWrap\">\n<p>&nbsp;<\/p>\n<p>Ce bavoir <strong>est fabriqu\u00e9 en coton de haute qualit\u00e9<\/strong>.<br \/>\nLa partie int\u00e9rieure est doubl\u00e9e d&rsquo;une couche imperm\u00e9able de toile cir\u00e9e douce, qui prot\u00e8ge les v\u00eatements du b\u00e9b\u00e9 de la salet\u00e9 et rend le bavoir imperm\u00e9able.<br \/>\nUn lacet confortable et pratique augmente le confort du b\u00e9b\u00e9 lorsqu\u2019il porte son bavoir.<br \/>\nDes applications color\u00e9es rendent le repas de l&rsquo;enfant plus agr\u00e9able.<br \/>\nFabriqu\u00e9 en Pologne.<\/p>\n<p><strong>Composition :<\/strong> 82% coton \/ 18% polyester \/ toile cir\u00e9e PVC assouplie<\/p>\n<p><strong>Taille :<\/strong> 19 cm (largeur) x 18 cm (longueur \u00e0 partir du cou)<\/p>\n<p>&nbsp;<\/p>\n<p><img decoding=\"async\" src=\"https:\/\/ect.h2g.pl\/akuku\/images\/3-wiek.jpg\" alt=\"\" \/>\u00a0 \u00a0 <img decoding=\"async\" src=\"https:\/\/ect.h2g.pl\/akuku\/images\/03.png\" \/>\u00a0 \u00a0<img decoding=\"async\" class=\"\" src=\"https:\/\/akuku.com.pl\/wp-content\/uploads\/2024\/07\/PL.png\" width=\"66\" height=\"66\" \/><\/p>\n<\/div>\n<p>&nbsp;<\/p>\n<p>&nbsp;<\/p>\n<p>EAN CODE: 5907644016631<\/p>\n","protected":false},"excerpt":{"rendered":"<p>&nbsp; Ce bavoir est fabriqu\u00e9 en coton de haute qualit\u00e9. La partie int\u00e9rieure est doubl\u00e9e d&rsquo;une couche imperm\u00e9able de toile cir\u00e9e douce, qui prot\u00e8ge les v\u00eatements du b\u00e9b\u00e9 de la salet\u00e9 et rend le bavoir imperm\u00e9able. Un lacet confortable et pratique augmente le confort du b\u00e9b\u00e9 lorsqu\u2019il porte son bavoir. Des applications color\u00e9es rendent le [&hellip;]<\/p>\n","protected":false},"featured_media":16601,"template":"","meta":[],"product_cat":[3333,3393],"product_tag":[],"class_list":{"0":"post-16625","1":"product","2":"type-product","3":"status-publish","4":"has-post-thumbnail","6":"product_cat-nutrition","7":"product_cat-bavoirs-a-lacets","9":"first","10":"instock","11":"shipping-taxable","12":"product-type-simple"},"yoast_head":"<!-- This site is optimized with the Yoast SEO plugin v26.2 - https:\/\/yoast.com\/wordpress\/plugins\/seo\/ -->\n<title>Bavoir \u00e0 lacet - Akuku<\/title>\n<meta name=\"description\" content=\"Sprawd\u017a nasz produkt: Bavoir \u00e0 lacet. Produkty Akuku - odpowiednie dla mam i niemowl\u0105t!\" \/>\n<meta name=\"robots\" content=\"index, follow, max-snippet:-1, max-image-preview:large, max-video-preview:-1\" \/>\n<link rel=\"canonical\" href=\"https:\/\/akuku.com.pl\/fr\/catalogue-de-produits\/nutrition\/bavoirs\/bavoirs-a-lacets\/bavoir-a-lacet-2\/\" \/>\n<meta property=\"og:locale\" content=\"fr_FR\" \/>\n<meta property=\"og:type\" content=\"article\" \/>\n<meta property=\"og:title\" content=\"Bavoir \u00e0 lacet - Akuku\" \/>\n<meta property=\"og:description\" content=\"Sprawd\u017a nasz produkt: Bavoir \u00e0 lacet. Produkty Akuku - odpowiednie dla mam i niemowl\u0105t!\" \/>\n<meta property=\"og:url\" content=\"https:\/\/akuku.com.pl\/fr\/catalogue-de-produits\/nutrition\/bavoirs\/bavoirs-a-lacets\/bavoir-a-lacet-2\/\" \/>\n<meta property=\"og:site_name\" content=\"Akuku\" \/>\n<meta property=\"article:publisher\" content=\"https:\/\/www.facebook.com\/markaAKUKU\" \/>\n<meta property=\"article:modified_time\" content=\"2025-06-09T10:35:49+00:00\" \/>\n<meta property=\"og:image\" content=\"https:\/\/akuku.com.pl\/wp-content\/uploads\/2024\/07\/A1663.jpg\" \/>\n\t<meta property=\"og:image:width\" content=\"1000\" \/>\n\t<meta property=\"og:image:height\" content=\"1000\" \/>\n\t<meta property=\"og:image:type\" content=\"image\/jpeg\" \/>\n<meta name=\"twitter:card\" content=\"summary_large_image\" \/>\n<script type=\"application\/ld+json\" class=\"yoast-schema-graph\">{\"@context\":\"https:\/\/schema.org\",\"@graph\":[{\"@type\":\"WebPage\",\"@id\":\"https:\/\/akuku.com.pl\/fr\/catalogue-de-produits\/nutrition\/bavoirs\/bavoirs-a-lacets\/bavoir-a-lacet-2\/\",\"url\":\"https:\/\/akuku.com.pl\/fr\/catalogue-de-produits\/nutrition\/bavoirs\/bavoirs-a-lacets\/bavoir-a-lacet-2\/\",\"name\":\"Bavoir \u00e0 lacet - Akuku\",\"isPartOf\":{\"@id\":\"https:\/\/akuku.com.pl\/fr\/#website\"},\"primaryImageOfPage\":{\"@id\":\"https:\/\/akuku.com.pl\/fr\/catalogue-de-produits\/nutrition\/bavoirs\/bavoirs-a-lacets\/bavoir-a-lacet-2\/#primaryimage\"},\"image\":{\"@id\":\"https:\/\/akuku.com.pl\/fr\/catalogue-de-produits\/nutrition\/bavoirs\/bavoirs-a-lacets\/bavoir-a-lacet-2\/#primaryimage\"},\"thumbnailUrl\":\"https:\/\/akuku.com.pl\/wp-content\/uploads\/2024\/07\/A1663.jpg\",\"datePublished\":\"2025-06-09T10:29:12+00:00\",\"dateModified\":\"2025-06-09T10:35:49+00:00\",\"description\":\"Sprawd\u017a nasz produkt: Bavoir \u00e0 lacet. Produkty Akuku - odpowiednie dla mam i niemowl\u0105t!\",\"breadcrumb\":{\"@id\":\"https:\/\/akuku.com.pl\/fr\/catalogue-de-produits\/nutrition\/bavoirs\/bavoirs-a-lacets\/bavoir-a-lacet-2\/#breadcrumb\"},\"inLanguage\":\"fr-FR\",\"potentialAction\":[{\"@type\":\"ReadAction\",\"target\":[\"https:\/\/akuku.com.pl\/fr\/catalogue-de-produits\/nutrition\/bavoirs\/bavoirs-a-lacets\/bavoir-a-lacet-2\/\"]}]},{\"@type\":\"ImageObject\",\"inLanguage\":\"fr-FR\",\"@id\":\"https:\/\/akuku.com.pl\/fr\/catalogue-de-produits\/nutrition\/bavoirs\/bavoirs-a-lacets\/bavoir-a-lacet-2\/#primaryimage\",\"url\":\"https:\/\/akuku.com.pl\/wp-content\/uploads\/2024\/07\/A1663.jpg\",\"contentUrl\":\"https:\/\/akuku.com.pl\/wp-content\/uploads\/2024\/07\/A1663.jpg\",\"width\":1000,\"height\":1000},{\"@type\":\"BreadcrumbList\",\"@id\":\"https:\/\/akuku.com.pl\/fr\/catalogue-de-produits\/nutrition\/bavoirs\/bavoirs-a-lacets\/bavoir-a-lacet-2\/#breadcrumb\",\"itemListElement\":[{\"@type\":\"ListItem\",\"position\":1,\"name\":\"Strona g\u0142\u00f3wna\",\"item\":\"https:\/\/akuku.com.pl\/fr\/\"},{\"@type\":\"ListItem\",\"position\":2,\"name\":\"Boutique\",\"item\":\"https:\/\/akuku.com.pl\/wszystkie-produkty\/\"},{\"@type\":\"ListItem\",\"position\":3,\"name\":\"Bavoir \u00e0 lacet\"}]},{\"@type\":\"WebSite\",\"@id\":\"https:\/\/akuku.com.pl\/fr\/#website\",\"url\":\"https:\/\/akuku.com.pl\/fr\/\",\"name\":\"Akuku.com.pl\",\"description\":\"\",\"publisher\":{\"@id\":\"https:\/\/akuku.com.pl\/fr\/#organization\"},\"potentialAction\":[{\"@type\":\"SearchAction\",\"target\":{\"@type\":\"EntryPoint\",\"urlTemplate\":\"https:\/\/akuku.com.pl\/fr\/?s={search_term_string}\"},\"query-input\":{\"@type\":\"PropertyValueSpecification\",\"valueRequired\":true,\"valueName\":\"search_term_string\"}}],\"inLanguage\":\"fr-FR\"},{\"@type\":\"Organization\",\"@id\":\"https:\/\/akuku.com.pl\/fr\/#organization\",\"name\":\"Akuku.com.pl\",\"url\":\"https:\/\/akuku.com.pl\/fr\/\",\"logo\":{\"@type\":\"ImageObject\",\"inLanguage\":\"fr-FR\",\"@id\":\"https:\/\/akuku.com.pl\/fr\/#\/schema\/logo\/image\/\",\"url\":\"https:\/\/akuku.com.pl\/wp-content\/uploads\/2024\/04\/akuku-logo.svg\",\"contentUrl\":\"https:\/\/akuku.com.pl\/wp-content\/uploads\/2024\/04\/akuku-logo.svg\",\"width\":114,\"height\":50,\"caption\":\"Akuku.com.pl\"},\"image\":{\"@id\":\"https:\/\/akuku.com.pl\/fr\/#\/schema\/logo\/image\/\"},\"sameAs\":[\"https:\/\/www.facebook.com\/markaAKUKU\"]}]}<\/script>\n<!-- \/ Yoast SEO plugin. -->","yoast_head_json":{"title":"Bavoir \u00e0 lacet - Akuku","description":"Sprawd\u017a nasz produkt: Bavoir \u00e0 lacet. Produkty Akuku - odpowiednie dla mam i niemowl\u0105t!","robots":{"index":"index","follow":"follow","max-snippet":"max-snippet:-1","max-image-preview":"max-image-preview:large","max-video-preview":"max-video-preview:-1"},"canonical":"https:\/\/akuku.com.pl\/fr\/catalogue-de-produits\/nutrition\/bavoirs\/bavoirs-a-lacets\/bavoir-a-lacet-2\/","og_locale":"fr_FR","og_type":"article","og_title":"Bavoir \u00e0 lacet - Akuku","og_description":"Sprawd\u017a nasz produkt: Bavoir \u00e0 lacet. Produkty Akuku - odpowiednie dla mam i niemowl\u0105t!","og_url":"https:\/\/akuku.com.pl\/fr\/catalogue-de-produits\/nutrition\/bavoirs\/bavoirs-a-lacets\/bavoir-a-lacet-2\/","og_site_name":"Akuku","article_publisher":"https:\/\/www.facebook.com\/markaAKUKU","article_modified_time":"2025-06-09T10:35:49+00:00","og_image":[{"width":1000,"height":1000,"url":"https:\/\/akuku.com.pl\/wp-content\/uploads\/2024\/07\/A1663.jpg","type":"image\/jpeg"}],"twitter_card":"summary_large_image","schema":{"@context":"https:\/\/schema.org","@graph":[{"@type":"WebPage","@id":"https:\/\/akuku.com.pl\/fr\/catalogue-de-produits\/nutrition\/bavoirs\/bavoirs-a-lacets\/bavoir-a-lacet-2\/","url":"https:\/\/akuku.com.pl\/fr\/catalogue-de-produits\/nutrition\/bavoirs\/bavoirs-a-lacets\/bavoir-a-lacet-2\/","name":"Bavoir \u00e0 lacet - Akuku","isPartOf":{"@id":"https:\/\/akuku.com.pl\/fr\/#website"},"primaryImageOfPage":{"@id":"https:\/\/akuku.com.pl\/fr\/catalogue-de-produits\/nutrition\/bavoirs\/bavoirs-a-lacets\/bavoir-a-lacet-2\/#primaryimage"},"image":{"@id":"https:\/\/akuku.com.pl\/fr\/catalogue-de-produits\/nutrition\/bavoirs\/bavoirs-a-lacets\/bavoir-a-lacet-2\/#primaryimage"},"thumbnailUrl":"https:\/\/akuku.com.pl\/wp-content\/uploads\/2024\/07\/A1663.jpg","datePublished":"2025-06-09T10:29:12+00:00","dateModified":"2025-06-09T10:35:49+00:00","description":"Sprawd\u017a nasz produkt: Bavoir \u00e0 lacet. Produkty Akuku - odpowiednie dla mam i niemowl\u0105t!","breadcrumb":{"@id":"https:\/\/akuku.com.pl\/fr\/catalogue-de-produits\/nutrition\/bavoirs\/bavoirs-a-lacets\/bavoir-a-lacet-2\/#breadcrumb"},"inLanguage":"fr-FR","potentialAction":[{"@type":"ReadAction","target":["https:\/\/akuku.com.pl\/fr\/catalogue-de-produits\/nutrition\/bavoirs\/bavoirs-a-lacets\/bavoir-a-lacet-2\/"]}]},{"@type":"ImageObject","inLanguage":"fr-FR","@id":"https:\/\/akuku.com.pl\/fr\/catalogue-de-produits\/nutrition\/bavoirs\/bavoirs-a-lacets\/bavoir-a-lacet-2\/#primaryimage","url":"https:\/\/akuku.com.pl\/wp-content\/uploads\/2024\/07\/A1663.jpg","contentUrl":"https:\/\/akuku.com.pl\/wp-content\/uploads\/2024\/07\/A1663.jpg","width":1000,"height":1000},{"@type":"BreadcrumbList","@id":"https:\/\/akuku.com.pl\/fr\/catalogue-de-produits\/nutrition\/bavoirs\/bavoirs-a-lacets\/bavoir-a-lacet-2\/#breadcrumb","itemListElement":[{"@type":"ListItem","position":1,"name":"Strona g\u0142\u00f3wna","item":"https:\/\/akuku.com.pl\/fr\/"},{"@type":"ListItem","position":2,"name":"Boutique","item":"https:\/\/akuku.com.pl\/wszystkie-produkty\/"},{"@type":"ListItem","position":3,"name":"Bavoir \u00e0 lacet"}]},{"@type":"WebSite","@id":"https:\/\/akuku.com.pl\/fr\/#website","url":"https:\/\/akuku.com.pl\/fr\/","name":"Akuku.com.pl","description":"","publisher":{"@id":"https:\/\/akuku.com.pl\/fr\/#organization"},"potentialAction":[{"@type":"SearchAction","target":{"@type":"EntryPoint","urlTemplate":"https:\/\/akuku.com.pl\/fr\/?s={search_term_string}"},"query-input":{"@type":"PropertyValueSpecification","valueRequired":true,"valueName":"search_term_string"}}],"inLanguage":"fr-FR"},{"@type":"Organization","@id":"https:\/\/akuku.com.pl\/fr\/#organization","name":"Akuku.com.pl","url":"https:\/\/akuku.com.pl\/fr\/","logo":{"@type":"ImageObject","inLanguage":"fr-FR","@id":"https:\/\/akuku.com.pl\/fr\/#\/schema\/logo\/image\/","url":"https:\/\/akuku.com.pl\/wp-content\/uploads\/2024\/04\/akuku-logo.svg","contentUrl":"https:\/\/akuku.com.pl\/wp-content\/uploads\/2024\/04\/akuku-logo.svg","width":114,"height":50,"caption":"Akuku.com.pl"},"image":{"@id":"https:\/\/akuku.com.pl\/fr\/#\/schema\/logo\/image\/"},"sameAs":["https:\/\/www.facebook.com\/markaAKUKU"]}]}},"_links":{"self":[{"href":"https:\/\/akuku.com.pl\/fr\/wp-json\/wp\/v2\/product\/16625","targetHints":{"allow":["GET"]}}],"collection":[{"href":"https:\/\/akuku.com.pl\/fr\/wp-json\/wp\/v2\/product"}],"about":[{"href":"https:\/\/akuku.com.pl\/fr\/wp-json\/wp\/v2\/types\/product"}],"wp:featuredmedia":[{"embeddable":true,"href":"https:\/\/akuku.com.pl\/fr\/wp-json\/wp\/v2\/media\/16601"}],"wp:attachment":[{"href":"https:\/\/akuku.com.pl\/fr\/wp-json\/wp\/v2\/media?parent=16625"}],"wp:term":[{"taxonomy":"product_cat","embeddable":true,"href":"https:\/\/akuku.com.pl\/fr\/wp-json\/wp\/v2\/product_cat?post=16625"},{"taxonomy":"product_tag","embeddable":true,"href":"https:\/\/akuku.com.pl\/fr\/wp-json\/wp\/v2\/product_tag?post=16625"}],"curies":[{"name":"wp","href":"https:\/\/api.w.org\/{rel}","templated":true}]}}