{"id":16500,"date":"2025-04-29T14:01:39","date_gmt":"2025-04-29T12:01:39","guid":{"rendered":"https:\/\/akuku.com.pl\/?post_type=product&#038;p=16500"},"modified":"2025-08-21T11:28:33","modified_gmt":"2025-08-21T09:28:33","slug":"thermometre-frontal-infrarouge-sans-contact","status":"publish","type":"product","link":"https:\/\/akuku.com.pl\/fr\/catalogue-de-produits\/soins\/thermometre-frontal-infrarouge-sans-contact\/","title":{"rendered":"Thermom\u00e8tre frontal infrarouge sans contact"},"content":{"rendered":"<p>&nbsp;<\/p>\n<p><strong>Thermom\u00e8tre frontal infrarouge sans contact <\/strong>\u2013 pr\u00e9cision, praticit\u00e9 et s\u00e9curit\u00e9.<\/p>\n<p><strong>Mesure en seulement 1 seconde <\/strong>\u2013 notre thermom\u00e8tre frontal sans contact permet une prise de temp\u00e9rature rapide et pr\u00e9cise, sans contact avec la peau. Il suffit d\u2019approcher l\u2019appareil du front pour obtenir un r\u00e9sultat instantan\u00e9 \u2013 id\u00e9al pour les enfants, les nourrissons et les adultes.<\/p>\n<p><strong>R\u00e9sultats pr\u00e9cis en toutes circonstances <\/strong>\u2013 dot\u00e9 de la technologie la plus r\u00e9cente, le thermom\u00e8tre garantit une grande pr\u00e9cision de mesure, r\u00e9duisant ainsi les risques d\u2019erreurs. Vous pouvez donc avoir confiance en la fiabilit\u00e9 de chaque r\u00e9sultat.<\/p>\n<p><strong>Hygi\u00e8ne et confort <\/strong>\u2013 la mesure sans contact assure un niveau d\u2019hygi\u00e8ne optimal. Aucun contact avec la peau d\u00e9licate n\u2019est n\u00e9cessaire, ce qui rend l\u2019appareil parfait pour un usage fr\u00e9quent, aussi bien \u00e0 domicile que dans les \u00e9tablissements m\u00e9dicaux.<\/p>\n<p><strong>Affichage intuitif <\/strong>\u2013 le thermom\u00e8tre est \u00e9quip\u00e9 d\u2019un \u00e9cran LED clair et r\u00e9tro\u00e9clair\u00e9, permettant une lecture facile des r\u00e9sultats, m\u00eame dans l\u2019obscurit\u00e9.<\/p>\n<p><strong>Design pratique et \u00e9l\u00e9gant <\/strong>\u2013 gr\u00e2ce \u00e0 son apparence moderne et \u00e0 son format compact, notre thermom\u00e8tre s\u2019int\u00e8gre parfaitement dans tout int\u00e9rieur ou \u00e9tablissement m\u00e9dical. L\u00e9ger, facile \u00e0 ranger et simple d\u2019utilisation, il est l\u2019appareil id\u00e9al pour le suivi quotidien de la sant\u00e9.<\/p>\n<p><strong>Caract\u00e9ristiques techniques :<br \/>\n<\/strong>\u2022 <em>Plage de mesure<\/em> : 34,0\u201343 \u00b0C<br \/>\n\u2022 <em>Pr\u00e9cision en laboratoire<\/em> : jusqu\u2019\u00e0 \u00b10,2 \u00b0C<br \/>\n\u2022 <em>Poids avec piles<\/em> : environ 106 g<br \/>\n\u2022 <em>Type de piles<\/em> : DC 3V (2 x AAA)<br \/>\n\u2022 <em>Dimensions<\/em> : 134\u00d737,5&#215;79 mm<\/p>\n<p><strong>Attention ! <\/strong>Ce produit n\u2019est pas un jouet.<\/p>\n<p>Tenir hors de port\u00e9e des enfants. Avant la premi\u00e8re utilisation, v\u00e9rifiez l\u2019\u00e9tat du thermom\u00e8tre. Le thermom\u00e8tre peut \u00eatre utilis\u00e9 \u00e0 domicile, en clinique ou \u00e0 l\u2019h\u00f4pital.<\/p>\n<p>Ne pas utiliser le thermom\u00e8tre s\u2019il est endommag\u00e9. Utilisez toujours le thermom\u00e8tre dans une plage de temp\u00e9rature ambiante comprise entre 5 \u00b0C et 40 \u00b0C (41 \u00b0F \u00e0 104 \u00b0F) et une humidit\u00e9 relative de 15 % \u00e0 85 %.<\/p>\n<p>Stockez l\u2019appareil dans un endroit frais et sec, \u00e0 une temp\u00e9rature comprise entre<\/p>\n<p>-25 \u00b0C et 55 \u00b0C (-13 \u00b0F \u00e0 131 \u00b0F) et une humidit\u00e9 relative de 15 % \u00e0 95 %.<\/p>\n<p>Avant toute mesure, le thermom\u00e8tre et la personne doivent rester dans un environnement stable pendant au moins 30 minutes. \u00c9vitez l\u2019exposition directe au soleil.<\/p>\n<p>Ce thermom\u00e8tre a \u00e9t\u00e9 cliniquement test\u00e9 pour fournir des mesures de temp\u00e9rature pr\u00e9cises. Toutefois, la pr\u00e9cision ne peut \u00eatre garantie si l\u2019appareil n\u2019est pas propre. V\u00e9rifiez que la sonde est propre avant chaque mesure.<\/p>\n<p>Si vous pr\u00e9voyez de ne pas utiliser l\u2019appareil pendant une p\u00e9riode prolong\u00e9e, retirez les piles. Il est \u00e9galement recommand\u00e9 de les remplacer r\u00e9guli\u00e8rement, m\u00eame si le dispositif fonctionne encore.<\/p>\n<p>L\u2019appareil n\u2019est pas \u00e9tanche.<\/p>\n<p>Ne le lavez pas sous l\u2019eau courante et ne l\u2019immergez pas. Nettoyez-le avec un chiffon doux et sec.<\/p>\n<p><strong>REMARQUE : <\/strong>le thermom\u00e8tre n\u2019\u00e9met aucune \u00e9nergie infrarouge.<\/p>\n<p>Respectez toujours les pr\u00e9cautions de s\u00e9curit\u00e9 de base, en particulier lors de l\u2019utilisation avec ou \u00e0 proximit\u00e9 d\u2019enfants ou de personnes en situation de handicap.<\/p>\n<p>Choisissez notre thermom\u00e8tre frontal sans contact \u2013 confort, rapidit\u00e9 et pr\u00e9cision r\u00e9unis dans un seul appareil !<br \/>\nM\u00e9moire de 30 mesures.<\/p>\n<p><strong>Contenu de l\u2019emballage :<br \/>\n<\/strong>\u2022 Thermom\u00e8tre \u2013 1 pi\u00e8ce<br \/>\n\u2022 Piles AAA \u2013 2 pi\u00e8ces<br \/>\n\u2022 Housse de protection \u2013 1 pi\u00e8ce<br \/>\n\u2022 Mode d\u2019emploi<\/p>\n<p>&nbsp;<\/p>\n<p><img decoding=\"async\" src=\"https:\/\/akuku.com.pl\/wp-content\/uploads\/2024\/07\/0m.jpg\" \/> \u00a0<img decoding=\"async\" class=\"\" src=\"https:\/\/akuku.com.pl\/wp-content\/uploads\/2025\/04\/ce-mark-300x211.jpg\" width=\"83\" height=\"58\" \/><img decoding=\"async\" class=\"alignnone wp-image-16872\" src=\"https:\/\/akuku.com.pl\/wp-content\/uploads\/2025\/04\/md-300x300.jpg\" alt=\"\" width=\"56\" height=\"56\" srcset=\"https:\/\/akuku.com.pl\/wp-content\/uploads\/2025\/04\/md-300x300.jpg 300w, https:\/\/akuku.com.pl\/wp-content\/uploads\/2025\/04\/md-150x150.jpg 150w, https:\/\/akuku.com.pl\/wp-content\/uploads\/2025\/04\/md-768x768.jpg 768w, https:\/\/akuku.com.pl\/wp-content\/uploads\/2025\/04\/md-600x600.jpg 600w, https:\/\/akuku.com.pl\/wp-content\/uploads\/2025\/04\/md-100x100.jpg 100w, https:\/\/akuku.com.pl\/wp-content\/uploads\/2025\/04\/md.jpg 960w\" sizes=\"(max-width: 56px) 100vw, 56px\" \/><\/p>\n<p>&nbsp;<\/p>\n<p>&nbsp;<\/p>\n<p>Code EAN : 5907644006939<\/p>\n<p>&nbsp;<\/p>\n","protected":false},"excerpt":{"rendered":"<p>&nbsp; Thermom\u00e8tre frontal infrarouge sans contact \u2013 pr\u00e9cision, praticit\u00e9 et s\u00e9curit\u00e9. Mesure en seulement 1 seconde \u2013 notre thermom\u00e8tre frontal sans contact permet une prise de temp\u00e9rature rapide et pr\u00e9cise, sans contact avec la peau. Il suffit d\u2019approcher l\u2019appareil du front pour obtenir un r\u00e9sultat instantan\u00e9 \u2013 id\u00e9al pour les enfants, les nourrissons et les [&hellip;]<\/p>\n","protected":false},"featured_media":16509,"template":"","meta":[],"product_cat":[3414,3525],"product_tag":[],"class_list":{"0":"post-16500","1":"product","2":"type-product","3":"status-publish","4":"has-post-thumbnail","6":"product_cat-soins","7":"product_cat-produits-medicaux","9":"first","10":"instock","11":"shipping-taxable","12":"product-type-simple"},"yoast_head":"<!-- This site is optimized with the Yoast SEO plugin v26.2 - https:\/\/yoast.com\/wordpress\/plugins\/seo\/ -->\n<title>Thermom\u00e8tre frontal infrarouge sans contact - Akuku<\/title>\n<meta name=\"description\" content=\"Sprawd\u017a nasz produkt: Thermom\u00e8tre frontal infrarouge sans contact. Produkty Akuku - odpowiednie dla mam i niemowl\u0105t!\" \/>\n<meta name=\"robots\" content=\"index, follow, max-snippet:-1, max-image-preview:large, max-video-preview:-1\" \/>\n<link rel=\"canonical\" href=\"https:\/\/akuku.com.pl\/fr\/catalogue-de-produits\/soins\/thermometre-frontal-infrarouge-sans-contact\/\" \/>\n<meta property=\"og:locale\" content=\"fr_FR\" \/>\n<meta property=\"og:type\" content=\"article\" \/>\n<meta property=\"og:title\" content=\"Thermom\u00e8tre frontal infrarouge sans contact - Akuku\" \/>\n<meta property=\"og:description\" content=\"Sprawd\u017a nasz produkt: Thermom\u00e8tre frontal infrarouge sans contact. Produkty Akuku - odpowiednie dla mam i niemowl\u0105t!\" \/>\n<meta property=\"og:url\" content=\"https:\/\/akuku.com.pl\/fr\/catalogue-de-produits\/soins\/thermometre-frontal-infrarouge-sans-contact\/\" \/>\n<meta property=\"og:site_name\" content=\"Akuku\" \/>\n<meta property=\"article:publisher\" content=\"https:\/\/www.facebook.com\/markaAKUKU\" \/>\n<meta property=\"article:modified_time\" content=\"2025-08-21T09:28:33+00:00\" \/>\n<meta property=\"og:image\" content=\"https:\/\/akuku.com.pl\/wp-content\/uploads\/2025\/04\/A0693WYRMED.jpg\" \/>\n\t<meta property=\"og:image:width\" content=\"1000\" \/>\n\t<meta property=\"og:image:height\" content=\"1000\" \/>\n\t<meta property=\"og:image:type\" content=\"image\/jpeg\" \/>\n<meta name=\"twitter:card\" content=\"summary_large_image\" \/>\n<meta name=\"twitter:label1\" content=\"Dur\u00e9e de lecture estim\u00e9e\" \/>\n\t<meta name=\"twitter:data1\" content=\"3 minutes\" \/>\n<script type=\"application\/ld+json\" class=\"yoast-schema-graph\">{\"@context\":\"https:\/\/schema.org\",\"@graph\":[{\"@type\":\"WebPage\",\"@id\":\"https:\/\/akuku.com.pl\/fr\/catalogue-de-produits\/soins\/thermometre-frontal-infrarouge-sans-contact\/\",\"url\":\"https:\/\/akuku.com.pl\/fr\/catalogue-de-produits\/soins\/thermometre-frontal-infrarouge-sans-contact\/\",\"name\":\"Thermom\u00e8tre frontal infrarouge sans contact - Akuku\",\"isPartOf\":{\"@id\":\"https:\/\/akuku.com.pl\/fr\/#website\"},\"primaryImageOfPage\":{\"@id\":\"https:\/\/akuku.com.pl\/fr\/catalogue-de-produits\/soins\/thermometre-frontal-infrarouge-sans-contact\/#primaryimage\"},\"image\":{\"@id\":\"https:\/\/akuku.com.pl\/fr\/catalogue-de-produits\/soins\/thermometre-frontal-infrarouge-sans-contact\/#primaryimage\"},\"thumbnailUrl\":\"https:\/\/akuku.com.pl\/wp-content\/uploads\/2025\/04\/A0693WYRMED.jpg\",\"datePublished\":\"2025-04-29T12:01:39+00:00\",\"dateModified\":\"2025-08-21T09:28:33+00:00\",\"description\":\"Sprawd\u017a nasz produkt: Thermom\u00e8tre frontal infrarouge sans contact. Produkty Akuku - odpowiednie dla mam i niemowl\u0105t!\",\"breadcrumb\":{\"@id\":\"https:\/\/akuku.com.pl\/fr\/catalogue-de-produits\/soins\/thermometre-frontal-infrarouge-sans-contact\/#breadcrumb\"},\"inLanguage\":\"fr-FR\",\"potentialAction\":[{\"@type\":\"ReadAction\",\"target\":[\"https:\/\/akuku.com.pl\/fr\/catalogue-de-produits\/soins\/thermometre-frontal-infrarouge-sans-contact\/\"]}]},{\"@type\":\"ImageObject\",\"inLanguage\":\"fr-FR\",\"@id\":\"https:\/\/akuku.com.pl\/fr\/catalogue-de-produits\/soins\/thermometre-frontal-infrarouge-sans-contact\/#primaryimage\",\"url\":\"https:\/\/akuku.com.pl\/wp-content\/uploads\/2025\/04\/A0693WYRMED.jpg\",\"contentUrl\":\"https:\/\/akuku.com.pl\/wp-content\/uploads\/2025\/04\/A0693WYRMED.jpg\",\"width\":1000,\"height\":1000},{\"@type\":\"BreadcrumbList\",\"@id\":\"https:\/\/akuku.com.pl\/fr\/catalogue-de-produits\/soins\/thermometre-frontal-infrarouge-sans-contact\/#breadcrumb\",\"itemListElement\":[{\"@type\":\"ListItem\",\"position\":1,\"name\":\"Strona g\u0142\u00f3wna\",\"item\":\"https:\/\/akuku.com.pl\/fr\/\"},{\"@type\":\"ListItem\",\"position\":2,\"name\":\"Boutique\",\"item\":\"https:\/\/akuku.com.pl\/wszystkie-produkty\/\"},{\"@type\":\"ListItem\",\"position\":3,\"name\":\"Thermom\u00e8tre frontal infrarouge sans contact\"}]},{\"@type\":\"WebSite\",\"@id\":\"https:\/\/akuku.com.pl\/fr\/#website\",\"url\":\"https:\/\/akuku.com.pl\/fr\/\",\"name\":\"Akuku.com.pl\",\"description\":\"\",\"publisher\":{\"@id\":\"https:\/\/akuku.com.pl\/fr\/#organization\"},\"potentialAction\":[{\"@type\":\"SearchAction\",\"target\":{\"@type\":\"EntryPoint\",\"urlTemplate\":\"https:\/\/akuku.com.pl\/fr\/?s={search_term_string}\"},\"query-input\":{\"@type\":\"PropertyValueSpecification\",\"valueRequired\":true,\"valueName\":\"search_term_string\"}}],\"inLanguage\":\"fr-FR\"},{\"@type\":\"Organization\",\"@id\":\"https:\/\/akuku.com.pl\/fr\/#organization\",\"name\":\"Akuku.com.pl\",\"url\":\"https:\/\/akuku.com.pl\/fr\/\",\"logo\":{\"@type\":\"ImageObject\",\"inLanguage\":\"fr-FR\",\"@id\":\"https:\/\/akuku.com.pl\/fr\/#\/schema\/logo\/image\/\",\"url\":\"https:\/\/akuku.com.pl\/wp-content\/uploads\/2024\/04\/akuku-logo.svg\",\"contentUrl\":\"https:\/\/akuku.com.pl\/wp-content\/uploads\/2024\/04\/akuku-logo.svg\",\"width\":114,\"height\":50,\"caption\":\"Akuku.com.pl\"},\"image\":{\"@id\":\"https:\/\/akuku.com.pl\/fr\/#\/schema\/logo\/image\/\"},\"sameAs\":[\"https:\/\/www.facebook.com\/markaAKUKU\"]}]}<\/script>\n<!-- \/ Yoast SEO plugin. -->","yoast_head_json":{"title":"Thermom\u00e8tre frontal infrarouge sans contact - Akuku","description":"Sprawd\u017a nasz produkt: Thermom\u00e8tre frontal infrarouge sans contact. Produkty Akuku - odpowiednie dla mam i niemowl\u0105t!","robots":{"index":"index","follow":"follow","max-snippet":"max-snippet:-1","max-image-preview":"max-image-preview:large","max-video-preview":"max-video-preview:-1"},"canonical":"https:\/\/akuku.com.pl\/fr\/catalogue-de-produits\/soins\/thermometre-frontal-infrarouge-sans-contact\/","og_locale":"fr_FR","og_type":"article","og_title":"Thermom\u00e8tre frontal infrarouge sans contact - Akuku","og_description":"Sprawd\u017a nasz produkt: Thermom\u00e8tre frontal infrarouge sans contact. Produkty Akuku - odpowiednie dla mam i niemowl\u0105t!","og_url":"https:\/\/akuku.com.pl\/fr\/catalogue-de-produits\/soins\/thermometre-frontal-infrarouge-sans-contact\/","og_site_name":"Akuku","article_publisher":"https:\/\/www.facebook.com\/markaAKUKU","article_modified_time":"2025-08-21T09:28:33+00:00","og_image":[{"width":1000,"height":1000,"url":"https:\/\/akuku.com.pl\/wp-content\/uploads\/2025\/04\/A0693WYRMED.jpg","type":"image\/jpeg"}],"twitter_card":"summary_large_image","twitter_misc":{"Dur\u00e9e de lecture estim\u00e9e":"3 minutes"},"schema":{"@context":"https:\/\/schema.org","@graph":[{"@type":"WebPage","@id":"https:\/\/akuku.com.pl\/fr\/catalogue-de-produits\/soins\/thermometre-frontal-infrarouge-sans-contact\/","url":"https:\/\/akuku.com.pl\/fr\/catalogue-de-produits\/soins\/thermometre-frontal-infrarouge-sans-contact\/","name":"Thermom\u00e8tre frontal infrarouge sans contact - Akuku","isPartOf":{"@id":"https:\/\/akuku.com.pl\/fr\/#website"},"primaryImageOfPage":{"@id":"https:\/\/akuku.com.pl\/fr\/catalogue-de-produits\/soins\/thermometre-frontal-infrarouge-sans-contact\/#primaryimage"},"image":{"@id":"https:\/\/akuku.com.pl\/fr\/catalogue-de-produits\/soins\/thermometre-frontal-infrarouge-sans-contact\/#primaryimage"},"thumbnailUrl":"https:\/\/akuku.com.pl\/wp-content\/uploads\/2025\/04\/A0693WYRMED.jpg","datePublished":"2025-04-29T12:01:39+00:00","dateModified":"2025-08-21T09:28:33+00:00","description":"Sprawd\u017a nasz produkt: Thermom\u00e8tre frontal infrarouge sans contact. Produkty Akuku - odpowiednie dla mam i niemowl\u0105t!","breadcrumb":{"@id":"https:\/\/akuku.com.pl\/fr\/catalogue-de-produits\/soins\/thermometre-frontal-infrarouge-sans-contact\/#breadcrumb"},"inLanguage":"fr-FR","potentialAction":[{"@type":"ReadAction","target":["https:\/\/akuku.com.pl\/fr\/catalogue-de-produits\/soins\/thermometre-frontal-infrarouge-sans-contact\/"]}]},{"@type":"ImageObject","inLanguage":"fr-FR","@id":"https:\/\/akuku.com.pl\/fr\/catalogue-de-produits\/soins\/thermometre-frontal-infrarouge-sans-contact\/#primaryimage","url":"https:\/\/akuku.com.pl\/wp-content\/uploads\/2025\/04\/A0693WYRMED.jpg","contentUrl":"https:\/\/akuku.com.pl\/wp-content\/uploads\/2025\/04\/A0693WYRMED.jpg","width":1000,"height":1000},{"@type":"BreadcrumbList","@id":"https:\/\/akuku.com.pl\/fr\/catalogue-de-produits\/soins\/thermometre-frontal-infrarouge-sans-contact\/#breadcrumb","itemListElement":[{"@type":"ListItem","position":1,"name":"Strona g\u0142\u00f3wna","item":"https:\/\/akuku.com.pl\/fr\/"},{"@type":"ListItem","position":2,"name":"Boutique","item":"https:\/\/akuku.com.pl\/wszystkie-produkty\/"},{"@type":"ListItem","position":3,"name":"Thermom\u00e8tre frontal infrarouge sans contact"}]},{"@type":"WebSite","@id":"https:\/\/akuku.com.pl\/fr\/#website","url":"https:\/\/akuku.com.pl\/fr\/","name":"Akuku.com.pl","description":"","publisher":{"@id":"https:\/\/akuku.com.pl\/fr\/#organization"},"potentialAction":[{"@type":"SearchAction","target":{"@type":"EntryPoint","urlTemplate":"https:\/\/akuku.com.pl\/fr\/?s={search_term_string}"},"query-input":{"@type":"PropertyValueSpecification","valueRequired":true,"valueName":"search_term_string"}}],"inLanguage":"fr-FR"},{"@type":"Organization","@id":"https:\/\/akuku.com.pl\/fr\/#organization","name":"Akuku.com.pl","url":"https:\/\/akuku.com.pl\/fr\/","logo":{"@type":"ImageObject","inLanguage":"fr-FR","@id":"https:\/\/akuku.com.pl\/fr\/#\/schema\/logo\/image\/","url":"https:\/\/akuku.com.pl\/wp-content\/uploads\/2024\/04\/akuku-logo.svg","contentUrl":"https:\/\/akuku.com.pl\/wp-content\/uploads\/2024\/04\/akuku-logo.svg","width":114,"height":50,"caption":"Akuku.com.pl"},"image":{"@id":"https:\/\/akuku.com.pl\/fr\/#\/schema\/logo\/image\/"},"sameAs":["https:\/\/www.facebook.com\/markaAKUKU"]}]}},"_links":{"self":[{"href":"https:\/\/akuku.com.pl\/fr\/wp-json\/wp\/v2\/product\/16500","targetHints":{"allow":["GET"]}}],"collection":[{"href":"https:\/\/akuku.com.pl\/fr\/wp-json\/wp\/v2\/product"}],"about":[{"href":"https:\/\/akuku.com.pl\/fr\/wp-json\/wp\/v2\/types\/product"}],"wp:featuredmedia":[{"embeddable":true,"href":"https:\/\/akuku.com.pl\/fr\/wp-json\/wp\/v2\/media\/16509"}],"wp:attachment":[{"href":"https:\/\/akuku.com.pl\/fr\/wp-json\/wp\/v2\/media?parent=16500"}],"wp:term":[{"taxonomy":"product_cat","embeddable":true,"href":"https:\/\/akuku.com.pl\/fr\/wp-json\/wp\/v2\/product_cat?post=16500"},{"taxonomy":"product_tag","embeddable":true,"href":"https:\/\/akuku.com.pl\/fr\/wp-json\/wp\/v2\/product_tag?post=16500"}],"curies":[{"name":"wp","href":"https:\/\/api.w.org\/{rel}","templated":true}]}}