{"id":16443,"date":"2025-04-15T09:30:34","date_gmt":"2025-04-15T07:30:34","guid":{"rendered":"https:\/\/akuku.com.pl\/?post_type=product&#038;p=16443"},"modified":"2025-04-22T09:31:34","modified_gmt":"2025-04-22T07:31:34","slug":"la-premiere-cuillere-de-votre-enfant-2","status":"publish","type":"product","link":"https:\/\/akuku.com.pl\/fr\/catalogue-de-produits\/nutrition\/nourriture-et-boissons\/couverts-pour-enfants\/la-premiere-cuillere-de-votre-enfant-2\/","title":{"rendered":"La premi\u00e8re cuill\u00e8re de votre enfant"},"content":{"rendered":"<div class=\"textWrap\">\n<p>&nbsp;<\/p>\n<p><strong>La premi\u00e8re cuill\u00e8re de votre enfant : un petit produit, un grand pas !<\/strong><\/p>\n<p><strong>La diversification alimentaire est un moment unique. Faites-en une exp\u00e9rience pleine de joie !<\/strong><\/p>\n<p>Notre cuill\u00e8re est le compagnon id\u00e9al pour les premi\u00e8res compotes et mousses.<br \/>\nSon long manche permet d\u2019atteindre facilement le fond des pots les plus profonds.<br \/>\nL\u00e9g\u00e8re, pratique et sp\u00e9cialement con\u00e7ue pour les petites bouches.<br \/>\nSans BPA ni autres substances nocives, elle est douce pour les gencives sensibles des tout-petits.<\/p>\n<p>Une forme qui accompagne le d\u00e9veloppement de l\u2019enfant : son manche ergonomique et sa t\u00eate peu profonde facilitent l\u2019apprentissage de l\u2019alimentation autonome.<br \/>\nFacile \u00e0 nettoyer.<\/p>\n<p><strong>Disponible dans des couleurs que les enfants comme les parents vont adorer.<\/strong><br \/>\nParce que chaque repas est un pas vers l\u2019autonomie !<\/p>\n<p><strong>Instructions d\u2019utilisation :<\/strong><\/p>\n<p>Gardez le produit propre. Avant la premi\u00e8re utilisation, ainsi qu\u2019avant chaque utilisation suivante, lavez-le \u00e0 l\u2019eau ti\u00e8de avec un d\u00e9tergent doux. Rincez soigneusement. Nettoyez-le avec soin avant chaque utilisation pour garantir une hygi\u00e8ne optimale.<br \/>\n\u00c9vitez les objets rugueux ou abrasifs pouvant rayer la surface.<br \/>\nNe versez pas d\u2019eau bouillante sur la cuill\u00e8re. Ne pas faire bouillir, ne pas st\u00e9riliser, ne pas utiliser au micro-ondes. Ce produit ne passe pas au lave-vaisselle.<br \/>\nNe pas placer le produit dans un four pr\u00e9chauff\u00e9 ni le chauffer sur une cuisini\u00e8re \u00e0 gaz ou \u00e9lectrique. Ne laissez pas le produit expos\u00e9 \u00e0 la lumi\u00e8re directe du soleil ou \u00e0 une source de chaleur, cela pourrait entra\u00eener sa d\u00e9formation.<\/p>\n<p><strong>Pour la s\u00e9curit\u00e9 et la sant\u00e9 de votre enfant \u2013 Avertissement !<\/strong><\/p>\n<p>Ce produit n\u2019est pas un jouet. \u00c0 utiliser uniquement sous la surveillance d\u2019un adulte.<br \/>\nToujours v\u00e9rifier l\u2019\u00e9tat du produit avant l\u2019utilisation. En cas de premiers signes d\u2019usure ou de d\u00e9t\u00e9rioration jetez-le.<br \/>\nToujours v\u00e9rifier la temp\u00e9rature des aliments avant de nourrir l\u2019enfant.<\/p>\n<p><strong>Produit garanti sans bisph\u00e9nol A (0 % BPA).<\/strong><\/p>\n<p>Lot de 2 pi\u00e8ces.<\/p>\n<div class=\"textWrap\" style=\"text-align: justify;\">\n<p><img decoding=\"async\" src=\"https:\/\/akuku.com.pl\/wp-content\/uploads\/2024\/09\/BPA-Free-logo-png_1.png\" alt=\"\" \/>\u00a0 \u00a0<img decoding=\"async\" src=\"https:\/\/akuku.com.pl\/wp-content\/uploads\/2024\/07\/4m.jpg\" \/>\u00a0 \u00a0 \u00a0<img decoding=\"async\" src=\"https:\/\/ect.h2g.pl\/akuku\/images\/004.png\" alt=\"\" \/>\u00a0 \u00a0 \u00a0<img decoding=\"async\" src=\"https:\/\/ect.h2g.pl\/akuku\/images\/05.png\" alt=\"\" \/><\/p>\n<\/div>\n<\/div>\n<p>&nbsp;<\/p>\n<p>&nbsp;<\/p>\n<p>CODE EAN: 5907644006922<\/p>\n","protected":false},"excerpt":{"rendered":"<p>&nbsp; La premi\u00e8re cuill\u00e8re de votre enfant : un petit produit, un grand pas ! La diversification alimentaire est un moment unique. Faites-en une exp\u00e9rience pleine de joie ! Notre cuill\u00e8re est le compagnon id\u00e9al pour les premi\u00e8res compotes et mousses. Son long manche permet d\u2019atteindre facilement le fond des pots les plus profonds. L\u00e9g\u00e8re, [&hellip;]<\/p>\n","protected":false},"featured_media":16422,"template":"","meta":[],"product_cat":[3333,3375],"product_tag":[],"class_list":{"0":"post-16443","1":"product","2":"type-product","3":"status-publish","4":"has-post-thumbnail","6":"product_cat-nutrition","7":"product_cat-couverts-pour-enfants","9":"first","10":"instock","11":"shipping-taxable","12":"product-type-simple"},"yoast_head":"<!-- This site is optimized with the Yoast SEO plugin v26.2 - https:\/\/yoast.com\/wordpress\/plugins\/seo\/ -->\n<title>La premi\u00e8re cuill\u00e8re de votre enfant - Akuku<\/title>\n<meta name=\"description\" content=\"Sprawd\u017a nasz produkt: La premi\u00e8re cuill\u00e8re de votre enfant. Produkty Akuku - odpowiednie dla mam i niemowl\u0105t!\" \/>\n<meta name=\"robots\" content=\"index, follow, max-snippet:-1, max-image-preview:large, max-video-preview:-1\" \/>\n<link rel=\"canonical\" href=\"https:\/\/akuku.com.pl\/fr\/catalogue-de-produits\/nutrition\/nourriture-et-boissons\/couverts-pour-enfants\/la-premiere-cuillere-de-votre-enfant-2\/\" \/>\n<meta property=\"og:locale\" content=\"fr_FR\" \/>\n<meta property=\"og:type\" content=\"article\" \/>\n<meta property=\"og:title\" content=\"La premi\u00e8re cuill\u00e8re de votre enfant - Akuku\" \/>\n<meta property=\"og:description\" content=\"Sprawd\u017a nasz produkt: La premi\u00e8re cuill\u00e8re de votre enfant. Produkty Akuku - odpowiednie dla mam i niemowl\u0105t!\" \/>\n<meta property=\"og:url\" content=\"https:\/\/akuku.com.pl\/fr\/catalogue-de-produits\/nutrition\/nourriture-et-boissons\/couverts-pour-enfants\/la-premiere-cuillere-de-votre-enfant-2\/\" \/>\n<meta property=\"og:site_name\" content=\"Akuku\" \/>\n<meta property=\"article:publisher\" content=\"https:\/\/www.facebook.com\/markaAKUKU\" \/>\n<meta property=\"article:modified_time\" content=\"2025-04-22T07:31:34+00:00\" \/>\n<meta property=\"og:image\" content=\"https:\/\/akuku.com.pl\/wp-content\/uploads\/2025\/04\/A0692_1-rotated.jpg\" \/>\n\t<meta property=\"og:image:width\" content=\"1000\" \/>\n\t<meta property=\"og:image:height\" content=\"1000\" \/>\n\t<meta property=\"og:image:type\" content=\"image\/jpeg\" \/>\n<meta name=\"twitter:card\" content=\"summary_large_image\" \/>\n<meta name=\"twitter:label1\" content=\"Dur\u00e9e de lecture estim\u00e9e\" \/>\n\t<meta name=\"twitter:data1\" content=\"2 minutes\" \/>\n<script type=\"application\/ld+json\" class=\"yoast-schema-graph\">{\"@context\":\"https:\/\/schema.org\",\"@graph\":[{\"@type\":\"WebPage\",\"@id\":\"https:\/\/akuku.com.pl\/fr\/catalogue-de-produits\/nutrition\/nourriture-et-boissons\/couverts-pour-enfants\/la-premiere-cuillere-de-votre-enfant-2\/\",\"url\":\"https:\/\/akuku.com.pl\/fr\/catalogue-de-produits\/nutrition\/nourriture-et-boissons\/couverts-pour-enfants\/la-premiere-cuillere-de-votre-enfant-2\/\",\"name\":\"La premi\u00e8re cuill\u00e8re de votre enfant - Akuku\",\"isPartOf\":{\"@id\":\"https:\/\/akuku.com.pl\/fr\/#website\"},\"primaryImageOfPage\":{\"@id\":\"https:\/\/akuku.com.pl\/fr\/catalogue-de-produits\/nutrition\/nourriture-et-boissons\/couverts-pour-enfants\/la-premiere-cuillere-de-votre-enfant-2\/#primaryimage\"},\"image\":{\"@id\":\"https:\/\/akuku.com.pl\/fr\/catalogue-de-produits\/nutrition\/nourriture-et-boissons\/couverts-pour-enfants\/la-premiere-cuillere-de-votre-enfant-2\/#primaryimage\"},\"thumbnailUrl\":\"https:\/\/akuku.com.pl\/wp-content\/uploads\/2025\/04\/A0692_1-rotated.jpg\",\"datePublished\":\"2025-04-15T07:30:34+00:00\",\"dateModified\":\"2025-04-22T07:31:34+00:00\",\"description\":\"Sprawd\u017a nasz produkt: La premi\u00e8re cuill\u00e8re de votre enfant. Produkty Akuku - odpowiednie dla mam i niemowl\u0105t!\",\"breadcrumb\":{\"@id\":\"https:\/\/akuku.com.pl\/fr\/catalogue-de-produits\/nutrition\/nourriture-et-boissons\/couverts-pour-enfants\/la-premiere-cuillere-de-votre-enfant-2\/#breadcrumb\"},\"inLanguage\":\"fr-FR\",\"potentialAction\":[{\"@type\":\"ReadAction\",\"target\":[\"https:\/\/akuku.com.pl\/fr\/catalogue-de-produits\/nutrition\/nourriture-et-boissons\/couverts-pour-enfants\/la-premiere-cuillere-de-votre-enfant-2\/\"]}]},{\"@type\":\"ImageObject\",\"inLanguage\":\"fr-FR\",\"@id\":\"https:\/\/akuku.com.pl\/fr\/catalogue-de-produits\/nutrition\/nourriture-et-boissons\/couverts-pour-enfants\/la-premiere-cuillere-de-votre-enfant-2\/#primaryimage\",\"url\":\"https:\/\/akuku.com.pl\/wp-content\/uploads\/2025\/04\/A0692_1-rotated.jpg\",\"contentUrl\":\"https:\/\/akuku.com.pl\/wp-content\/uploads\/2025\/04\/A0692_1-rotated.jpg\",\"width\":1000,\"height\":1000},{\"@type\":\"BreadcrumbList\",\"@id\":\"https:\/\/akuku.com.pl\/fr\/catalogue-de-produits\/nutrition\/nourriture-et-boissons\/couverts-pour-enfants\/la-premiere-cuillere-de-votre-enfant-2\/#breadcrumb\",\"itemListElement\":[{\"@type\":\"ListItem\",\"position\":1,\"name\":\"Strona g\u0142\u00f3wna\",\"item\":\"https:\/\/akuku.com.pl\/fr\/\"},{\"@type\":\"ListItem\",\"position\":2,\"name\":\"Boutique\",\"item\":\"https:\/\/akuku.com.pl\/wszystkie-produkty\/\"},{\"@type\":\"ListItem\",\"position\":3,\"name\":\"La premi\u00e8re cuill\u00e8re de votre enfant\"}]},{\"@type\":\"WebSite\",\"@id\":\"https:\/\/akuku.com.pl\/fr\/#website\",\"url\":\"https:\/\/akuku.com.pl\/fr\/\",\"name\":\"Akuku.com.pl\",\"description\":\"\",\"publisher\":{\"@id\":\"https:\/\/akuku.com.pl\/fr\/#organization\"},\"potentialAction\":[{\"@type\":\"SearchAction\",\"target\":{\"@type\":\"EntryPoint\",\"urlTemplate\":\"https:\/\/akuku.com.pl\/fr\/?s={search_term_string}\"},\"query-input\":{\"@type\":\"PropertyValueSpecification\",\"valueRequired\":true,\"valueName\":\"search_term_string\"}}],\"inLanguage\":\"fr-FR\"},{\"@type\":\"Organization\",\"@id\":\"https:\/\/akuku.com.pl\/fr\/#organization\",\"name\":\"Akuku.com.pl\",\"url\":\"https:\/\/akuku.com.pl\/fr\/\",\"logo\":{\"@type\":\"ImageObject\",\"inLanguage\":\"fr-FR\",\"@id\":\"https:\/\/akuku.com.pl\/fr\/#\/schema\/logo\/image\/\",\"url\":\"https:\/\/akuku.com.pl\/wp-content\/uploads\/2024\/04\/akuku-logo.svg\",\"contentUrl\":\"https:\/\/akuku.com.pl\/wp-content\/uploads\/2024\/04\/akuku-logo.svg\",\"width\":114,\"height\":50,\"caption\":\"Akuku.com.pl\"},\"image\":{\"@id\":\"https:\/\/akuku.com.pl\/fr\/#\/schema\/logo\/image\/\"},\"sameAs\":[\"https:\/\/www.facebook.com\/markaAKUKU\"]}]}<\/script>\n<!-- \/ Yoast SEO plugin. -->","yoast_head_json":{"title":"La premi\u00e8re cuill\u00e8re de votre enfant - Akuku","description":"Sprawd\u017a nasz produkt: La premi\u00e8re cuill\u00e8re de votre enfant. Produkty Akuku - odpowiednie dla mam i niemowl\u0105t!","robots":{"index":"index","follow":"follow","max-snippet":"max-snippet:-1","max-image-preview":"max-image-preview:large","max-video-preview":"max-video-preview:-1"},"canonical":"https:\/\/akuku.com.pl\/fr\/catalogue-de-produits\/nutrition\/nourriture-et-boissons\/couverts-pour-enfants\/la-premiere-cuillere-de-votre-enfant-2\/","og_locale":"fr_FR","og_type":"article","og_title":"La premi\u00e8re cuill\u00e8re de votre enfant - Akuku","og_description":"Sprawd\u017a nasz produkt: La premi\u00e8re cuill\u00e8re de votre enfant. Produkty Akuku - odpowiednie dla mam i niemowl\u0105t!","og_url":"https:\/\/akuku.com.pl\/fr\/catalogue-de-produits\/nutrition\/nourriture-et-boissons\/couverts-pour-enfants\/la-premiere-cuillere-de-votre-enfant-2\/","og_site_name":"Akuku","article_publisher":"https:\/\/www.facebook.com\/markaAKUKU","article_modified_time":"2025-04-22T07:31:34+00:00","og_image":[{"width":1000,"height":1000,"url":"https:\/\/akuku.com.pl\/wp-content\/uploads\/2025\/04\/A0692_1-rotated.jpg","type":"image\/jpeg"}],"twitter_card":"summary_large_image","twitter_misc":{"Dur\u00e9e de lecture estim\u00e9e":"2 minutes"},"schema":{"@context":"https:\/\/schema.org","@graph":[{"@type":"WebPage","@id":"https:\/\/akuku.com.pl\/fr\/catalogue-de-produits\/nutrition\/nourriture-et-boissons\/couverts-pour-enfants\/la-premiere-cuillere-de-votre-enfant-2\/","url":"https:\/\/akuku.com.pl\/fr\/catalogue-de-produits\/nutrition\/nourriture-et-boissons\/couverts-pour-enfants\/la-premiere-cuillere-de-votre-enfant-2\/","name":"La premi\u00e8re cuill\u00e8re de votre enfant - Akuku","isPartOf":{"@id":"https:\/\/akuku.com.pl\/fr\/#website"},"primaryImageOfPage":{"@id":"https:\/\/akuku.com.pl\/fr\/catalogue-de-produits\/nutrition\/nourriture-et-boissons\/couverts-pour-enfants\/la-premiere-cuillere-de-votre-enfant-2\/#primaryimage"},"image":{"@id":"https:\/\/akuku.com.pl\/fr\/catalogue-de-produits\/nutrition\/nourriture-et-boissons\/couverts-pour-enfants\/la-premiere-cuillere-de-votre-enfant-2\/#primaryimage"},"thumbnailUrl":"https:\/\/akuku.com.pl\/wp-content\/uploads\/2025\/04\/A0692_1-rotated.jpg","datePublished":"2025-04-15T07:30:34+00:00","dateModified":"2025-04-22T07:31:34+00:00","description":"Sprawd\u017a nasz produkt: La premi\u00e8re cuill\u00e8re de votre enfant. Produkty Akuku - odpowiednie dla mam i niemowl\u0105t!","breadcrumb":{"@id":"https:\/\/akuku.com.pl\/fr\/catalogue-de-produits\/nutrition\/nourriture-et-boissons\/couverts-pour-enfants\/la-premiere-cuillere-de-votre-enfant-2\/#breadcrumb"},"inLanguage":"fr-FR","potentialAction":[{"@type":"ReadAction","target":["https:\/\/akuku.com.pl\/fr\/catalogue-de-produits\/nutrition\/nourriture-et-boissons\/couverts-pour-enfants\/la-premiere-cuillere-de-votre-enfant-2\/"]}]},{"@type":"ImageObject","inLanguage":"fr-FR","@id":"https:\/\/akuku.com.pl\/fr\/catalogue-de-produits\/nutrition\/nourriture-et-boissons\/couverts-pour-enfants\/la-premiere-cuillere-de-votre-enfant-2\/#primaryimage","url":"https:\/\/akuku.com.pl\/wp-content\/uploads\/2025\/04\/A0692_1-rotated.jpg","contentUrl":"https:\/\/akuku.com.pl\/wp-content\/uploads\/2025\/04\/A0692_1-rotated.jpg","width":1000,"height":1000},{"@type":"BreadcrumbList","@id":"https:\/\/akuku.com.pl\/fr\/catalogue-de-produits\/nutrition\/nourriture-et-boissons\/couverts-pour-enfants\/la-premiere-cuillere-de-votre-enfant-2\/#breadcrumb","itemListElement":[{"@type":"ListItem","position":1,"name":"Strona g\u0142\u00f3wna","item":"https:\/\/akuku.com.pl\/fr\/"},{"@type":"ListItem","position":2,"name":"Boutique","item":"https:\/\/akuku.com.pl\/wszystkie-produkty\/"},{"@type":"ListItem","position":3,"name":"La premi\u00e8re cuill\u00e8re de votre enfant"}]},{"@type":"WebSite","@id":"https:\/\/akuku.com.pl\/fr\/#website","url":"https:\/\/akuku.com.pl\/fr\/","name":"Akuku.com.pl","description":"","publisher":{"@id":"https:\/\/akuku.com.pl\/fr\/#organization"},"potentialAction":[{"@type":"SearchAction","target":{"@type":"EntryPoint","urlTemplate":"https:\/\/akuku.com.pl\/fr\/?s={search_term_string}"},"query-input":{"@type":"PropertyValueSpecification","valueRequired":true,"valueName":"search_term_string"}}],"inLanguage":"fr-FR"},{"@type":"Organization","@id":"https:\/\/akuku.com.pl\/fr\/#organization","name":"Akuku.com.pl","url":"https:\/\/akuku.com.pl\/fr\/","logo":{"@type":"ImageObject","inLanguage":"fr-FR","@id":"https:\/\/akuku.com.pl\/fr\/#\/schema\/logo\/image\/","url":"https:\/\/akuku.com.pl\/wp-content\/uploads\/2024\/04\/akuku-logo.svg","contentUrl":"https:\/\/akuku.com.pl\/wp-content\/uploads\/2024\/04\/akuku-logo.svg","width":114,"height":50,"caption":"Akuku.com.pl"},"image":{"@id":"https:\/\/akuku.com.pl\/fr\/#\/schema\/logo\/image\/"},"sameAs":["https:\/\/www.facebook.com\/markaAKUKU"]}]}},"_links":{"self":[{"href":"https:\/\/akuku.com.pl\/fr\/wp-json\/wp\/v2\/product\/16443","targetHints":{"allow":["GET"]}}],"collection":[{"href":"https:\/\/akuku.com.pl\/fr\/wp-json\/wp\/v2\/product"}],"about":[{"href":"https:\/\/akuku.com.pl\/fr\/wp-json\/wp\/v2\/types\/product"}],"wp:featuredmedia":[{"embeddable":true,"href":"https:\/\/akuku.com.pl\/fr\/wp-json\/wp\/v2\/media\/16422"}],"wp:attachment":[{"href":"https:\/\/akuku.com.pl\/fr\/wp-json\/wp\/v2\/media?parent=16443"}],"wp:term":[{"taxonomy":"product_cat","embeddable":true,"href":"https:\/\/akuku.com.pl\/fr\/wp-json\/wp\/v2\/product_cat?post=16443"},{"taxonomy":"product_tag","embeddable":true,"href":"https:\/\/akuku.com.pl\/fr\/wp-json\/wp\/v2\/product_tag?post=16443"}],"curies":[{"name":"wp","href":"https:\/\/api.w.org\/{rel}","templated":true}]}}