{"id":16391,"date":"2025-04-11T12:26:17","date_gmt":"2025-04-11T10:26:17","guid":{"rendered":"https:\/\/akuku.com.pl\/?post_type=product&#038;p=16391"},"modified":"2025-04-30T15:27:16","modified_gmt":"2025-04-30T13:27:16","slug":"coussin-bouillotte-aux-noyaux-de-cerise","status":"publish","type":"product","link":"https:\/\/akuku.com.pl\/fr\/catalogue-de-produits\/soins\/accessoires-de-peuriculture\/coussin-bouillotte-aux-noyaux-de-cerise\/coussin-bouillotte-aux-noyaux-de-cerise\/","title":{"rendered":"Coussin-Bouillotte aux noyaux de cerise"},"content":{"rendered":"<div class=\"textWrap\">\n<div class=\"textWrap\">\n<p>&nbsp;<\/p>\n<p>Notre coussin-bouillotte est compos\u00e9 de noyaux de cerises soigneusement s\u00e9lectionn\u00e9es et s\u00e9ch\u00e9es. C&rsquo;est un produit sans danger pour la sant\u00e9 humaine, adapt\u00e9 100% aux enfants. Il ne contient aucun liquide susceptible \u00e0 se renverser. Une fois chauff\u00e9, il maintient la temp\u00e9rature jusqu&rsquo;\u00e0 1 heure. La chaleur est liber\u00e9e d\u2019une fa\u00e7on naturelle, ce qui \u00e9limine les risques de br\u00fblures et de l\u00e9sions cutan\u00e9es. La forme et dimensions sont parfaites pour des petits ventres.<\/p>\n<p><strong>IMPORTANT:<\/strong> Housse amovible et lavable.<\/p>\n<p><strong>Utilisation d&rsquo;un coussin-bouillotte:<\/strong><br \/>\n&#8211; coliques n\u00e9onatales, flatulences<br \/>\n&#8211; sciatique<br \/>\n&#8211; douleurs musculaires<br \/>\n&#8211; crampes menstruelles<\/p>\n<p><strong>Utilisation d\u2019une bouillotte froide :<\/strong><br \/>\n&#8211; piq\u00fbres d&rsquo;insectes<br \/>\n&#8211; fi\u00e8vre<br \/>\n&#8211; contusions, des tumeurs,<br \/>\n&#8211; migraine<\/p>\n<p><strong>Utilisation \u00e0 chaud:<\/strong><br \/>\nPlacez le coussin-bouillotte au four \u00e0 micro-ondes (600 W \/ environ 90 secondes), au four (130\u00b0 \/ environ 10 minutes)<br \/>\nou sur une autre source de chaleur, par exemple un radiateur.<br \/>\nNE JAMAIS CHAUFFER L&rsquo;INSERT AVEC SA HOUSSE. ATTENTION: ne jamais utiliser le coussin-bouillotte chauff\u00e9e en cas de maladie cardiaque, de maladie veineuse ou d&rsquo;inflammation aigu\u00eb.<br \/>\nUne fois la bouillotte chauff\u00e9e, m\u00e9langez les noyaux et v\u00e9rifiez la temp\u00e9rature sur votre poignet.<\/p>\n<p><strong>Utilisation \u00e0 froid:<\/strong><br \/>\nPlacez le coussin-bouillotte avec housse au cong\u00e9lateur pendant environ 60 minutes ou au r\u00e9frig\u00e9rateur pendant environ 2 heures.<br \/>\nPensez \u00e0 le prot\u00e9ger du contact avec la nourriture.<br \/>\nLa housse peut \u00eatre lav\u00e9e \u00e0 la main ou en machine \u00e0 30\u00b0.<br \/>\nNE JAMAIS LAVER L&rsquo;INSERT AVEC DES NOYAUX.<\/p>\n<p>Ce produit n&rsquo;est pas un jouet : il contient de petites pi\u00e8ces qu&rsquo;un enfant risque d\u2019avaler. Avant chaque utilisation, v\u00e9rifiez si le produit n&rsquo;est pas endommag\u00e9. Si l\u2019insert est us\u00e9e\/sale, remplacez-la avec un neuf.<\/p>\n<\/div>\n<p>&nbsp;<\/p>\n<p><img decoding=\"async\" class=\"alignnone size-full wp-image-15997\" src=\"https:\/\/akuku.com.pl\/wp-content\/uploads\/2024\/07\/0m.jpg\" alt=\"\" width=\"60\" height=\"60\" \/> \u00a0<img decoding=\"async\" class=\"alignnone wp-image-16504\" src=\"https:\/\/akuku.com.pl\/wp-content\/uploads\/2025\/04\/ce-mark-300x211.jpg\" alt=\"\" width=\"88\" height=\"62\" srcset=\"https:\/\/akuku.com.pl\/wp-content\/uploads\/2025\/04\/ce-mark-300x211.jpg 300w, https:\/\/akuku.com.pl\/wp-content\/uploads\/2025\/04\/ce-mark-1024x722.jpg 1024w, https:\/\/akuku.com.pl\/wp-content\/uploads\/2025\/04\/ce-mark-768x541.jpg 768w, https:\/\/akuku.com.pl\/wp-content\/uploads\/2025\/04\/ce-mark-600x423.jpg 600w, https:\/\/akuku.com.pl\/wp-content\/uploads\/2025\/04\/ce-mark.jpg 1192w\" sizes=\"(max-width: 88px) 100vw, 88px\" \/><\/p>\n<\/div>\n<p>&nbsp;<\/p>\n<p>&nbsp;<\/p>\n<p>CODE EAN: 5905317670500<\/p>\n","protected":false},"excerpt":{"rendered":"<p>&nbsp; Notre coussin-bouillotte est compos\u00e9 de noyaux de cerises soigneusement s\u00e9lectionn\u00e9es et s\u00e9ch\u00e9es. C&rsquo;est un produit sans danger pour la sant\u00e9 humaine, adapt\u00e9 100% aux enfants. Il ne contient aucun liquide susceptible \u00e0 se renverser. Une fois chauff\u00e9, il maintient la temp\u00e9rature jusqu&rsquo;\u00e0 1 heure. La chaleur est liber\u00e9e d\u2019une fa\u00e7on naturelle, ce qui \u00e9limine [&hellip;]<\/p>\n","protected":false},"featured_media":16658,"template":"","meta":[],"product_cat":[3414,3462,3525],"product_tag":[],"class_list":{"0":"post-16391","1":"product","2":"type-product","3":"status-publish","4":"has-post-thumbnail","6":"product_cat-soins","7":"product_cat-coussin-bouillotte-aux-noyaux-de-cerise","8":"product_cat-produits-medicaux","10":"first","11":"instock","12":"shipping-taxable","13":"product-type-simple"},"yoast_head":"<!-- This site is optimized with the Yoast SEO plugin v26.2 - https:\/\/yoast.com\/wordpress\/plugins\/seo\/ -->\n<title>Coussin-Bouillotte aux noyaux de cerise - Akuku<\/title>\n<meta name=\"description\" content=\"Sprawd\u017a nasz produkt: Coussin-Bouillotte aux noyaux de cerise. Produkty Akuku - odpowiednie dla mam i niemowl\u0105t!\" \/>\n<meta name=\"robots\" content=\"index, follow, max-snippet:-1, max-image-preview:large, max-video-preview:-1\" \/>\n<link rel=\"canonical\" href=\"https:\/\/akuku.com.pl\/fr\/catalogue-de-produits\/soins\/accessoires-de-peuriculture\/coussin-bouillotte-aux-noyaux-de-cerise\/coussin-bouillotte-aux-noyaux-de-cerise\/\" \/>\n<meta property=\"og:locale\" content=\"fr_FR\" \/>\n<meta property=\"og:type\" content=\"article\" \/>\n<meta property=\"og:title\" content=\"Coussin-Bouillotte aux noyaux de cerise - Akuku\" \/>\n<meta property=\"og:description\" content=\"Sprawd\u017a nasz produkt: Coussin-Bouillotte aux noyaux de cerise. Produkty Akuku - odpowiednie dla mam i niemowl\u0105t!\" \/>\n<meta property=\"og:url\" content=\"https:\/\/akuku.com.pl\/fr\/catalogue-de-produits\/soins\/accessoires-de-peuriculture\/coussin-bouillotte-aux-noyaux-de-cerise\/coussin-bouillotte-aux-noyaux-de-cerise\/\" \/>\n<meta property=\"og:site_name\" content=\"Akuku\" \/>\n<meta property=\"article:publisher\" content=\"https:\/\/www.facebook.com\/markaAKUKU\" \/>\n<meta property=\"article:modified_time\" content=\"2025-04-30T13:27:16+00:00\" \/>\n<meta property=\"og:image\" content=\"https:\/\/akuku.com.pl\/wp-content\/uploads\/2025\/04\/A0633_5.jpg\" \/>\n\t<meta property=\"og:image:width\" content=\"1000\" \/>\n\t<meta property=\"og:image:height\" content=\"1000\" \/>\n\t<meta property=\"og:image:type\" content=\"image\/jpeg\" \/>\n<meta name=\"twitter:card\" content=\"summary_large_image\" \/>\n<meta name=\"twitter:label1\" content=\"Dur\u00e9e de lecture estim\u00e9e\" \/>\n\t<meta name=\"twitter:data1\" content=\"1 minute\" \/>\n<script type=\"application\/ld+json\" class=\"yoast-schema-graph\">{\"@context\":\"https:\/\/schema.org\",\"@graph\":[{\"@type\":\"WebPage\",\"@id\":\"https:\/\/akuku.com.pl\/fr\/catalogue-de-produits\/soins\/accessoires-de-peuriculture\/coussin-bouillotte-aux-noyaux-de-cerise\/coussin-bouillotte-aux-noyaux-de-cerise\/\",\"url\":\"https:\/\/akuku.com.pl\/fr\/catalogue-de-produits\/soins\/accessoires-de-peuriculture\/coussin-bouillotte-aux-noyaux-de-cerise\/coussin-bouillotte-aux-noyaux-de-cerise\/\",\"name\":\"Coussin-Bouillotte aux noyaux de cerise - Akuku\",\"isPartOf\":{\"@id\":\"https:\/\/akuku.com.pl\/fr\/#website\"},\"primaryImageOfPage\":{\"@id\":\"https:\/\/akuku.com.pl\/fr\/catalogue-de-produits\/soins\/accessoires-de-peuriculture\/coussin-bouillotte-aux-noyaux-de-cerise\/coussin-bouillotte-aux-noyaux-de-cerise\/#primaryimage\"},\"image\":{\"@id\":\"https:\/\/akuku.com.pl\/fr\/catalogue-de-produits\/soins\/accessoires-de-peuriculture\/coussin-bouillotte-aux-noyaux-de-cerise\/coussin-bouillotte-aux-noyaux-de-cerise\/#primaryimage\"},\"thumbnailUrl\":\"https:\/\/akuku.com.pl\/wp-content\/uploads\/2025\/04\/termofor-z-pestkami-wisni.webp\",\"datePublished\":\"2025-04-11T10:26:17+00:00\",\"dateModified\":\"2025-04-30T13:27:16+00:00\",\"description\":\"Sprawd\u017a nasz produkt: Coussin-Bouillotte aux noyaux de cerise. Produkty Akuku - odpowiednie dla mam i niemowl\u0105t!\",\"breadcrumb\":{\"@id\":\"https:\/\/akuku.com.pl\/fr\/catalogue-de-produits\/soins\/accessoires-de-peuriculture\/coussin-bouillotte-aux-noyaux-de-cerise\/coussin-bouillotte-aux-noyaux-de-cerise\/#breadcrumb\"},\"inLanguage\":\"fr-FR\",\"potentialAction\":[{\"@type\":\"ReadAction\",\"target\":[\"https:\/\/akuku.com.pl\/fr\/catalogue-de-produits\/soins\/accessoires-de-peuriculture\/coussin-bouillotte-aux-noyaux-de-cerise\/coussin-bouillotte-aux-noyaux-de-cerise\/\"]}]},{\"@type\":\"ImageObject\",\"inLanguage\":\"fr-FR\",\"@id\":\"https:\/\/akuku.com.pl\/fr\/catalogue-de-produits\/soins\/accessoires-de-peuriculture\/coussin-bouillotte-aux-noyaux-de-cerise\/coussin-bouillotte-aux-noyaux-de-cerise\/#primaryimage\",\"url\":\"https:\/\/akuku.com.pl\/wp-content\/uploads\/2025\/04\/termofor-z-pestkami-wisni.webp\",\"contentUrl\":\"https:\/\/akuku.com.pl\/wp-content\/uploads\/2025\/04\/termofor-z-pestkami-wisni.webp\",\"width\":1000,\"height\":1000,\"caption\":\"Termofor z pestkami wi\u015bni\"},{\"@type\":\"BreadcrumbList\",\"@id\":\"https:\/\/akuku.com.pl\/fr\/catalogue-de-produits\/soins\/accessoires-de-peuriculture\/coussin-bouillotte-aux-noyaux-de-cerise\/coussin-bouillotte-aux-noyaux-de-cerise\/#breadcrumb\",\"itemListElement\":[{\"@type\":\"ListItem\",\"position\":1,\"name\":\"Strona g\u0142\u00f3wna\",\"item\":\"https:\/\/akuku.com.pl\/fr\/\"},{\"@type\":\"ListItem\",\"position\":2,\"name\":\"Boutique\",\"item\":\"https:\/\/akuku.com.pl\/wszystkie-produkty\/\"},{\"@type\":\"ListItem\",\"position\":3,\"name\":\"Coussin-Bouillotte aux noyaux de cerise\"}]},{\"@type\":\"WebSite\",\"@id\":\"https:\/\/akuku.com.pl\/fr\/#website\",\"url\":\"https:\/\/akuku.com.pl\/fr\/\",\"name\":\"Akuku.com.pl\",\"description\":\"\",\"publisher\":{\"@id\":\"https:\/\/akuku.com.pl\/fr\/#organization\"},\"potentialAction\":[{\"@type\":\"SearchAction\",\"target\":{\"@type\":\"EntryPoint\",\"urlTemplate\":\"https:\/\/akuku.com.pl\/fr\/?s={search_term_string}\"},\"query-input\":{\"@type\":\"PropertyValueSpecification\",\"valueRequired\":true,\"valueName\":\"search_term_string\"}}],\"inLanguage\":\"fr-FR\"},{\"@type\":\"Organization\",\"@id\":\"https:\/\/akuku.com.pl\/fr\/#organization\",\"name\":\"Akuku.com.pl\",\"url\":\"https:\/\/akuku.com.pl\/fr\/\",\"logo\":{\"@type\":\"ImageObject\",\"inLanguage\":\"fr-FR\",\"@id\":\"https:\/\/akuku.com.pl\/fr\/#\/schema\/logo\/image\/\",\"url\":\"https:\/\/akuku.com.pl\/wp-content\/uploads\/2024\/04\/akuku-logo.svg\",\"contentUrl\":\"https:\/\/akuku.com.pl\/wp-content\/uploads\/2024\/04\/akuku-logo.svg\",\"width\":114,\"height\":50,\"caption\":\"Akuku.com.pl\"},\"image\":{\"@id\":\"https:\/\/akuku.com.pl\/fr\/#\/schema\/logo\/image\/\"},\"sameAs\":[\"https:\/\/www.facebook.com\/markaAKUKU\"]}]}<\/script>\n<!-- \/ Yoast SEO plugin. -->","yoast_head_json":{"title":"Coussin-Bouillotte aux noyaux de cerise - Akuku","description":"Sprawd\u017a nasz produkt: Coussin-Bouillotte aux noyaux de cerise. Produkty Akuku - odpowiednie dla mam i niemowl\u0105t!","robots":{"index":"index","follow":"follow","max-snippet":"max-snippet:-1","max-image-preview":"max-image-preview:large","max-video-preview":"max-video-preview:-1"},"canonical":"https:\/\/akuku.com.pl\/fr\/catalogue-de-produits\/soins\/accessoires-de-peuriculture\/coussin-bouillotte-aux-noyaux-de-cerise\/coussin-bouillotte-aux-noyaux-de-cerise\/","og_locale":"fr_FR","og_type":"article","og_title":"Coussin-Bouillotte aux noyaux de cerise - Akuku","og_description":"Sprawd\u017a nasz produkt: Coussin-Bouillotte aux noyaux de cerise. Produkty Akuku - odpowiednie dla mam i niemowl\u0105t!","og_url":"https:\/\/akuku.com.pl\/fr\/catalogue-de-produits\/soins\/accessoires-de-peuriculture\/coussin-bouillotte-aux-noyaux-de-cerise\/coussin-bouillotte-aux-noyaux-de-cerise\/","og_site_name":"Akuku","article_publisher":"https:\/\/www.facebook.com\/markaAKUKU","article_modified_time":"2025-04-30T13:27:16+00:00","og_image":[{"width":1000,"height":1000,"url":"https:\/\/akuku.com.pl\/wp-content\/uploads\/2025\/04\/A0633_5.jpg","type":"image\/jpeg"}],"twitter_card":"summary_large_image","twitter_misc":{"Dur\u00e9e de lecture estim\u00e9e":"1 minute"},"schema":{"@context":"https:\/\/schema.org","@graph":[{"@type":"WebPage","@id":"https:\/\/akuku.com.pl\/fr\/catalogue-de-produits\/soins\/accessoires-de-peuriculture\/coussin-bouillotte-aux-noyaux-de-cerise\/coussin-bouillotte-aux-noyaux-de-cerise\/","url":"https:\/\/akuku.com.pl\/fr\/catalogue-de-produits\/soins\/accessoires-de-peuriculture\/coussin-bouillotte-aux-noyaux-de-cerise\/coussin-bouillotte-aux-noyaux-de-cerise\/","name":"Coussin-Bouillotte aux noyaux de cerise - Akuku","isPartOf":{"@id":"https:\/\/akuku.com.pl\/fr\/#website"},"primaryImageOfPage":{"@id":"https:\/\/akuku.com.pl\/fr\/catalogue-de-produits\/soins\/accessoires-de-peuriculture\/coussin-bouillotte-aux-noyaux-de-cerise\/coussin-bouillotte-aux-noyaux-de-cerise\/#primaryimage"},"image":{"@id":"https:\/\/akuku.com.pl\/fr\/catalogue-de-produits\/soins\/accessoires-de-peuriculture\/coussin-bouillotte-aux-noyaux-de-cerise\/coussin-bouillotte-aux-noyaux-de-cerise\/#primaryimage"},"thumbnailUrl":"https:\/\/akuku.com.pl\/wp-content\/uploads\/2025\/04\/termofor-z-pestkami-wisni.webp","datePublished":"2025-04-11T10:26:17+00:00","dateModified":"2025-04-30T13:27:16+00:00","description":"Sprawd\u017a nasz produkt: Coussin-Bouillotte aux noyaux de cerise. Produkty Akuku - odpowiednie dla mam i niemowl\u0105t!","breadcrumb":{"@id":"https:\/\/akuku.com.pl\/fr\/catalogue-de-produits\/soins\/accessoires-de-peuriculture\/coussin-bouillotte-aux-noyaux-de-cerise\/coussin-bouillotte-aux-noyaux-de-cerise\/#breadcrumb"},"inLanguage":"fr-FR","potentialAction":[{"@type":"ReadAction","target":["https:\/\/akuku.com.pl\/fr\/catalogue-de-produits\/soins\/accessoires-de-peuriculture\/coussin-bouillotte-aux-noyaux-de-cerise\/coussin-bouillotte-aux-noyaux-de-cerise\/"]}]},{"@type":"ImageObject","inLanguage":"fr-FR","@id":"https:\/\/akuku.com.pl\/fr\/catalogue-de-produits\/soins\/accessoires-de-peuriculture\/coussin-bouillotte-aux-noyaux-de-cerise\/coussin-bouillotte-aux-noyaux-de-cerise\/#primaryimage","url":"https:\/\/akuku.com.pl\/wp-content\/uploads\/2025\/04\/termofor-z-pestkami-wisni.webp","contentUrl":"https:\/\/akuku.com.pl\/wp-content\/uploads\/2025\/04\/termofor-z-pestkami-wisni.webp","width":1000,"height":1000,"caption":"Termofor z pestkami wi\u015bni"},{"@type":"BreadcrumbList","@id":"https:\/\/akuku.com.pl\/fr\/catalogue-de-produits\/soins\/accessoires-de-peuriculture\/coussin-bouillotte-aux-noyaux-de-cerise\/coussin-bouillotte-aux-noyaux-de-cerise\/#breadcrumb","itemListElement":[{"@type":"ListItem","position":1,"name":"Strona g\u0142\u00f3wna","item":"https:\/\/akuku.com.pl\/fr\/"},{"@type":"ListItem","position":2,"name":"Boutique","item":"https:\/\/akuku.com.pl\/wszystkie-produkty\/"},{"@type":"ListItem","position":3,"name":"Coussin-Bouillotte aux noyaux de cerise"}]},{"@type":"WebSite","@id":"https:\/\/akuku.com.pl\/fr\/#website","url":"https:\/\/akuku.com.pl\/fr\/","name":"Akuku.com.pl","description":"","publisher":{"@id":"https:\/\/akuku.com.pl\/fr\/#organization"},"potentialAction":[{"@type":"SearchAction","target":{"@type":"EntryPoint","urlTemplate":"https:\/\/akuku.com.pl\/fr\/?s={search_term_string}"},"query-input":{"@type":"PropertyValueSpecification","valueRequired":true,"valueName":"search_term_string"}}],"inLanguage":"fr-FR"},{"@type":"Organization","@id":"https:\/\/akuku.com.pl\/fr\/#organization","name":"Akuku.com.pl","url":"https:\/\/akuku.com.pl\/fr\/","logo":{"@type":"ImageObject","inLanguage":"fr-FR","@id":"https:\/\/akuku.com.pl\/fr\/#\/schema\/logo\/image\/","url":"https:\/\/akuku.com.pl\/wp-content\/uploads\/2024\/04\/akuku-logo.svg","contentUrl":"https:\/\/akuku.com.pl\/wp-content\/uploads\/2024\/04\/akuku-logo.svg","width":114,"height":50,"caption":"Akuku.com.pl"},"image":{"@id":"https:\/\/akuku.com.pl\/fr\/#\/schema\/logo\/image\/"},"sameAs":["https:\/\/www.facebook.com\/markaAKUKU"]}]}},"_links":{"self":[{"href":"https:\/\/akuku.com.pl\/fr\/wp-json\/wp\/v2\/product\/16391","targetHints":{"allow":["GET"]}}],"collection":[{"href":"https:\/\/akuku.com.pl\/fr\/wp-json\/wp\/v2\/product"}],"about":[{"href":"https:\/\/akuku.com.pl\/fr\/wp-json\/wp\/v2\/types\/product"}],"wp:featuredmedia":[{"embeddable":true,"href":"https:\/\/akuku.com.pl\/fr\/wp-json\/wp\/v2\/media\/16658"}],"wp:attachment":[{"href":"https:\/\/akuku.com.pl\/fr\/wp-json\/wp\/v2\/media?parent=16391"}],"wp:term":[{"taxonomy":"product_cat","embeddable":true,"href":"https:\/\/akuku.com.pl\/fr\/wp-json\/wp\/v2\/product_cat?post=16391"},{"taxonomy":"product_tag","embeddable":true,"href":"https:\/\/akuku.com.pl\/fr\/wp-json\/wp\/v2\/product_tag?post=16391"}],"curies":[{"name":"wp","href":"https:\/\/api.w.org\/{rel}","templated":true}]}}