{"id":16281,"date":"2024-07-04T22:32:17","date_gmt":"2024-07-04T20:32:17","guid":{"rendered":"https:\/\/akuku.com.pl\/katalog-produktow\/non class\u00e9\/tire-lait-manuel-easy\/"},"modified":"2024-07-04T22:32:17","modified_gmt":"2024-07-04T20:32:17","slug":"tire-lait-manuel-easy","status":"publish","type":"product","link":"https:\/\/akuku.com.pl\/fr\/catalogue-de-produits\/pour-maman\/allaitement\/accessoires-dallaitement\/tire-lait-manuel-easy\/","title":{"rendered":"Tire-Lait Manuel EASY"},"content":{"rendered":"<p>&nbsp;<\/p>\n<p>Tire-Lait Manuel EASY est <strong>pratique<\/strong>, <strong>confortable<\/strong> et <strong>efficace<\/strong>. Id\u00e9al pour une utilisation occasionnelle en ext\u00e9rieur, ou pour tirer votre lait pendant que vous allaitez votre b\u00e9b\u00e9 de l&rsquo;autre c\u00f4t\u00e9, ce tire-lait est \u00e9quip\u00e9 de t\u00e9terelles avec des p\u00e9tales massants qui stimulent la lactation. Le tire-lait manuel est livr\u00e9 avec un biberon de 150 ml gradu\u00e9 qui vous permet de voir la quantit\u00e9 de lait tir\u00e9.<\/p>\n<p><strong>Sans fil ni tube, et assez compact<\/strong> pour trouver sa place dans votre sac \u00e0 main ou \u00e0 langer, ce tire-lait manuel Akuku est le compagnon de voyage id\u00e9al. Extr\u00eamement l\u00e9ger et au design discret, il vous permet de tirer votre lait sans bruit au travail, dans un caf\u00e9 ou \u00e0 la maison pendant que b\u00e9b\u00e9 dort.<\/p>\n<p>La corne a \u00e9t\u00e9 con\u00e7ue en une seule pi\u00e8ce, avec un design hygi\u00e9nique et facile \u00e0 assembler et \u00e0 d\u00e9monter, pour vous permettre de tirer votre lait rapidement et facilement. Ce design simplifie le nettoyage du tire-lait, que ce soit \u00e0 l&rsquo;eau savonneuse, au lave-vaisselle ou au st\u00e9rilisateur. Le syst\u00e8me ferm\u00e9 int\u00e9gr\u00e9 innovant conduit tout votre pr\u00e9cieux lait vers le biberon, vous n&rsquo;en perdez aucune goutte. Les mat\u00e9riaux utilis\u00e9s sont sans BPA ni BPS, votre b\u00e9b\u00e9 peut t\u00e9ter en toute s\u00e9curit\u00e9.<\/p>\n<p>&nbsp;<\/p>\n<p>Produit sans bisph\u00e9nol A (0 % BPA).<\/p>\n<p>&nbsp;<\/p>\n<p>Capacit\u00e9 du biberon\u00a0: 150 ml<\/p>\n<p>&nbsp;<\/p>\n<p><strong>Attention\u00a0! <\/strong>Ce produit n\u2019est pas un jouet. Tenir hors de port\u00e9e des enfants.<\/p>\n<p>&nbsp;<\/p>\n<p><img decoding=\"async\" src=\"https:\/\/akuku.com.pl\/wp-content\/uploads\/2024\/09\/BPA-Free-logo-png_1.png\" alt=\"\" \/>\u00a0 \u00a0 \u00a0<img decoding=\"async\" src=\"https:\/\/ect.h2g.pl\/akuku\/images\/002.png\" \/><\/p>\n<p>&nbsp;<\/p>\n<p>&nbsp;<\/p>\n<p>CODE EAN: \u00a05907644003068<\/p>\n<p>&nbsp;<\/p>\n","protected":false},"excerpt":{"rendered":"<p>&nbsp; Tire-Lait Manuel EASY est pratique, confortable et efficace. Id\u00e9al pour une utilisation occasionnelle en ext\u00e9rieur, ou pour tirer votre lait pendant que vous allaitez votre b\u00e9b\u00e9 de l&rsquo;autre c\u00f4t\u00e9, ce tire-lait est \u00e9quip\u00e9 de t\u00e9terelles avec des p\u00e9tales massants qui stimulent la lactation. Le tire-lait manuel est livr\u00e9 avec un biberon de 150 ml [&hellip;]<\/p>\n","protected":false},"featured_media":5871,"template":"","meta":[],"product_cat":[3317,3319,3323],"product_tag":[],"class_list":{"0":"post-16281","1":"product","2":"type-product","3":"status-publish","4":"has-post-thumbnail","6":"product_cat-pour-maman","7":"product_cat-allaitement","8":"product_cat-accessoires-dallaitement","10":"first","11":"instock","12":"shipping-taxable","13":"product-type-simple"},"yoast_head":"<!-- This site is optimized with the Yoast SEO plugin v26.2 - https:\/\/yoast.com\/wordpress\/plugins\/seo\/ -->\n<title>Tire-Lait Manuel EASY - Akuku<\/title>\n<meta name=\"description\" content=\"Sprawd\u017a nasz produkt: Tire-Lait Manuel EASY. Produkty Akuku - odpowiednie dla mam i niemowl\u0105t!\" \/>\n<meta name=\"robots\" content=\"index, follow, max-snippet:-1, max-image-preview:large, max-video-preview:-1\" \/>\n<link rel=\"canonical\" href=\"https:\/\/akuku.com.pl\/fr\/catalogue-de-produits\/pour-maman\/allaitement\/accessoires-dallaitement\/tire-lait-manuel-easy\/\" \/>\n<meta property=\"og:locale\" content=\"fr_FR\" \/>\n<meta property=\"og:type\" content=\"article\" \/>\n<meta property=\"og:title\" content=\"Tire-Lait Manuel EASY - Akuku\" \/>\n<meta property=\"og:description\" content=\"Sprawd\u017a nasz produkt: Tire-Lait Manuel EASY. Produkty Akuku - odpowiednie dla mam i niemowl\u0105t!\" \/>\n<meta property=\"og:url\" content=\"https:\/\/akuku.com.pl\/fr\/catalogue-de-produits\/pour-maman\/allaitement\/accessoires-dallaitement\/tire-lait-manuel-easy\/\" \/>\n<meta property=\"og:site_name\" content=\"Akuku\" \/>\n<meta property=\"article:publisher\" content=\"https:\/\/www.facebook.com\/markaAKUKU\" \/>\n<meta property=\"og:image\" content=\"https:\/\/akuku.com.pl\/wp-content\/uploads\/2024\/07\/a0306-nowy.jpg\" \/>\n\t<meta property=\"og:image:width\" content=\"500\" \/>\n\t<meta property=\"og:image:height\" content=\"500\" \/>\n\t<meta property=\"og:image:type\" content=\"image\/jpeg\" \/>\n<meta name=\"twitter:card\" content=\"summary_large_image\" \/>\n<meta name=\"twitter:label1\" content=\"Dur\u00e9e de lecture estim\u00e9e\" \/>\n\t<meta name=\"twitter:data1\" content=\"1 minute\" \/>\n<script type=\"application\/ld+json\" class=\"yoast-schema-graph\">{\"@context\":\"https:\/\/schema.org\",\"@graph\":[{\"@type\":\"WebPage\",\"@id\":\"https:\/\/akuku.com.pl\/fr\/catalogue-de-produits\/pour-maman\/allaitement\/accessoires-dallaitement\/tire-lait-manuel-easy\/\",\"url\":\"https:\/\/akuku.com.pl\/fr\/catalogue-de-produits\/pour-maman\/allaitement\/accessoires-dallaitement\/tire-lait-manuel-easy\/\",\"name\":\"Tire-Lait Manuel EASY - Akuku\",\"isPartOf\":{\"@id\":\"https:\/\/akuku.com.pl\/fr\/#website\"},\"primaryImageOfPage\":{\"@id\":\"https:\/\/akuku.com.pl\/fr\/catalogue-de-produits\/pour-maman\/allaitement\/accessoires-dallaitement\/tire-lait-manuel-easy\/#primaryimage\"},\"image\":{\"@id\":\"https:\/\/akuku.com.pl\/fr\/catalogue-de-produits\/pour-maman\/allaitement\/accessoires-dallaitement\/tire-lait-manuel-easy\/#primaryimage\"},\"thumbnailUrl\":\"https:\/\/akuku.com.pl\/wp-content\/uploads\/2024\/07\/a0306-nowy.jpg\",\"datePublished\":\"2024-07-04T20:32:17+00:00\",\"description\":\"Sprawd\u017a nasz produkt: Tire-Lait Manuel EASY. Produkty Akuku - odpowiednie dla mam i niemowl\u0105t!\",\"breadcrumb\":{\"@id\":\"https:\/\/akuku.com.pl\/fr\/catalogue-de-produits\/pour-maman\/allaitement\/accessoires-dallaitement\/tire-lait-manuel-easy\/#breadcrumb\"},\"inLanguage\":\"fr-FR\",\"potentialAction\":[{\"@type\":\"ReadAction\",\"target\":[\"https:\/\/akuku.com.pl\/fr\/catalogue-de-produits\/pour-maman\/allaitement\/accessoires-dallaitement\/tire-lait-manuel-easy\/\"]}]},{\"@type\":\"ImageObject\",\"inLanguage\":\"fr-FR\",\"@id\":\"https:\/\/akuku.com.pl\/fr\/catalogue-de-produits\/pour-maman\/allaitement\/accessoires-dallaitement\/tire-lait-manuel-easy\/#primaryimage\",\"url\":\"https:\/\/akuku.com.pl\/wp-content\/uploads\/2024\/07\/a0306-nowy.jpg\",\"contentUrl\":\"https:\/\/akuku.com.pl\/wp-content\/uploads\/2024\/07\/a0306-nowy.jpg\",\"width\":500,\"height\":500},{\"@type\":\"BreadcrumbList\",\"@id\":\"https:\/\/akuku.com.pl\/fr\/catalogue-de-produits\/pour-maman\/allaitement\/accessoires-dallaitement\/tire-lait-manuel-easy\/#breadcrumb\",\"itemListElement\":[{\"@type\":\"ListItem\",\"position\":1,\"name\":\"Strona g\u0142\u00f3wna\",\"item\":\"https:\/\/akuku.com.pl\/fr\/\"},{\"@type\":\"ListItem\",\"position\":2,\"name\":\"Boutique\",\"item\":\"https:\/\/akuku.com.pl\/wszystkie-produkty\/\"},{\"@type\":\"ListItem\",\"position\":3,\"name\":\"Tire-Lait Manuel EASY\"}]},{\"@type\":\"WebSite\",\"@id\":\"https:\/\/akuku.com.pl\/fr\/#website\",\"url\":\"https:\/\/akuku.com.pl\/fr\/\",\"name\":\"Akuku.com.pl\",\"description\":\"\",\"publisher\":{\"@id\":\"https:\/\/akuku.com.pl\/fr\/#organization\"},\"potentialAction\":[{\"@type\":\"SearchAction\",\"target\":{\"@type\":\"EntryPoint\",\"urlTemplate\":\"https:\/\/akuku.com.pl\/fr\/?s={search_term_string}\"},\"query-input\":{\"@type\":\"PropertyValueSpecification\",\"valueRequired\":true,\"valueName\":\"search_term_string\"}}],\"inLanguage\":\"fr-FR\"},{\"@type\":\"Organization\",\"@id\":\"https:\/\/akuku.com.pl\/fr\/#organization\",\"name\":\"Akuku.com.pl\",\"url\":\"https:\/\/akuku.com.pl\/fr\/\",\"logo\":{\"@type\":\"ImageObject\",\"inLanguage\":\"fr-FR\",\"@id\":\"https:\/\/akuku.com.pl\/fr\/#\/schema\/logo\/image\/\",\"url\":\"https:\/\/akuku.com.pl\/wp-content\/uploads\/2024\/04\/akuku-logo.svg\",\"contentUrl\":\"https:\/\/akuku.com.pl\/wp-content\/uploads\/2024\/04\/akuku-logo.svg\",\"width\":114,\"height\":50,\"caption\":\"Akuku.com.pl\"},\"image\":{\"@id\":\"https:\/\/akuku.com.pl\/fr\/#\/schema\/logo\/image\/\"},\"sameAs\":[\"https:\/\/www.facebook.com\/markaAKUKU\"]}]}<\/script>\n<!-- \/ Yoast SEO plugin. -->","yoast_head_json":{"title":"Tire-Lait Manuel EASY - Akuku","description":"Sprawd\u017a nasz produkt: Tire-Lait Manuel EASY. Produkty Akuku - odpowiednie dla mam i niemowl\u0105t!","robots":{"index":"index","follow":"follow","max-snippet":"max-snippet:-1","max-image-preview":"max-image-preview:large","max-video-preview":"max-video-preview:-1"},"canonical":"https:\/\/akuku.com.pl\/fr\/catalogue-de-produits\/pour-maman\/allaitement\/accessoires-dallaitement\/tire-lait-manuel-easy\/","og_locale":"fr_FR","og_type":"article","og_title":"Tire-Lait Manuel EASY - Akuku","og_description":"Sprawd\u017a nasz produkt: Tire-Lait Manuel EASY. Produkty Akuku - odpowiednie dla mam i niemowl\u0105t!","og_url":"https:\/\/akuku.com.pl\/fr\/catalogue-de-produits\/pour-maman\/allaitement\/accessoires-dallaitement\/tire-lait-manuel-easy\/","og_site_name":"Akuku","article_publisher":"https:\/\/www.facebook.com\/markaAKUKU","og_image":[{"width":500,"height":500,"url":"https:\/\/akuku.com.pl\/wp-content\/uploads\/2024\/07\/a0306-nowy.jpg","type":"image\/jpeg"}],"twitter_card":"summary_large_image","twitter_misc":{"Dur\u00e9e de lecture estim\u00e9e":"1 minute"},"schema":{"@context":"https:\/\/schema.org","@graph":[{"@type":"WebPage","@id":"https:\/\/akuku.com.pl\/fr\/catalogue-de-produits\/pour-maman\/allaitement\/accessoires-dallaitement\/tire-lait-manuel-easy\/","url":"https:\/\/akuku.com.pl\/fr\/catalogue-de-produits\/pour-maman\/allaitement\/accessoires-dallaitement\/tire-lait-manuel-easy\/","name":"Tire-Lait Manuel EASY - Akuku","isPartOf":{"@id":"https:\/\/akuku.com.pl\/fr\/#website"},"primaryImageOfPage":{"@id":"https:\/\/akuku.com.pl\/fr\/catalogue-de-produits\/pour-maman\/allaitement\/accessoires-dallaitement\/tire-lait-manuel-easy\/#primaryimage"},"image":{"@id":"https:\/\/akuku.com.pl\/fr\/catalogue-de-produits\/pour-maman\/allaitement\/accessoires-dallaitement\/tire-lait-manuel-easy\/#primaryimage"},"thumbnailUrl":"https:\/\/akuku.com.pl\/wp-content\/uploads\/2024\/07\/a0306-nowy.jpg","datePublished":"2024-07-04T20:32:17+00:00","description":"Sprawd\u017a nasz produkt: Tire-Lait Manuel EASY. Produkty Akuku - odpowiednie dla mam i niemowl\u0105t!","breadcrumb":{"@id":"https:\/\/akuku.com.pl\/fr\/catalogue-de-produits\/pour-maman\/allaitement\/accessoires-dallaitement\/tire-lait-manuel-easy\/#breadcrumb"},"inLanguage":"fr-FR","potentialAction":[{"@type":"ReadAction","target":["https:\/\/akuku.com.pl\/fr\/catalogue-de-produits\/pour-maman\/allaitement\/accessoires-dallaitement\/tire-lait-manuel-easy\/"]}]},{"@type":"ImageObject","inLanguage":"fr-FR","@id":"https:\/\/akuku.com.pl\/fr\/catalogue-de-produits\/pour-maman\/allaitement\/accessoires-dallaitement\/tire-lait-manuel-easy\/#primaryimage","url":"https:\/\/akuku.com.pl\/wp-content\/uploads\/2024\/07\/a0306-nowy.jpg","contentUrl":"https:\/\/akuku.com.pl\/wp-content\/uploads\/2024\/07\/a0306-nowy.jpg","width":500,"height":500},{"@type":"BreadcrumbList","@id":"https:\/\/akuku.com.pl\/fr\/catalogue-de-produits\/pour-maman\/allaitement\/accessoires-dallaitement\/tire-lait-manuel-easy\/#breadcrumb","itemListElement":[{"@type":"ListItem","position":1,"name":"Strona g\u0142\u00f3wna","item":"https:\/\/akuku.com.pl\/fr\/"},{"@type":"ListItem","position":2,"name":"Boutique","item":"https:\/\/akuku.com.pl\/wszystkie-produkty\/"},{"@type":"ListItem","position":3,"name":"Tire-Lait Manuel EASY"}]},{"@type":"WebSite","@id":"https:\/\/akuku.com.pl\/fr\/#website","url":"https:\/\/akuku.com.pl\/fr\/","name":"Akuku.com.pl","description":"","publisher":{"@id":"https:\/\/akuku.com.pl\/fr\/#organization"},"potentialAction":[{"@type":"SearchAction","target":{"@type":"EntryPoint","urlTemplate":"https:\/\/akuku.com.pl\/fr\/?s={search_term_string}"},"query-input":{"@type":"PropertyValueSpecification","valueRequired":true,"valueName":"search_term_string"}}],"inLanguage":"fr-FR"},{"@type":"Organization","@id":"https:\/\/akuku.com.pl\/fr\/#organization","name":"Akuku.com.pl","url":"https:\/\/akuku.com.pl\/fr\/","logo":{"@type":"ImageObject","inLanguage":"fr-FR","@id":"https:\/\/akuku.com.pl\/fr\/#\/schema\/logo\/image\/","url":"https:\/\/akuku.com.pl\/wp-content\/uploads\/2024\/04\/akuku-logo.svg","contentUrl":"https:\/\/akuku.com.pl\/wp-content\/uploads\/2024\/04\/akuku-logo.svg","width":114,"height":50,"caption":"Akuku.com.pl"},"image":{"@id":"https:\/\/akuku.com.pl\/fr\/#\/schema\/logo\/image\/"},"sameAs":["https:\/\/www.facebook.com\/markaAKUKU"]}]}},"_links":{"self":[{"href":"https:\/\/akuku.com.pl\/fr\/wp-json\/wp\/v2\/product\/16281","targetHints":{"allow":["GET"]}}],"collection":[{"href":"https:\/\/akuku.com.pl\/fr\/wp-json\/wp\/v2\/product"}],"about":[{"href":"https:\/\/akuku.com.pl\/fr\/wp-json\/wp\/v2\/types\/product"}],"wp:featuredmedia":[{"embeddable":true,"href":"https:\/\/akuku.com.pl\/fr\/wp-json\/wp\/v2\/media\/5871"}],"wp:attachment":[{"href":"https:\/\/akuku.com.pl\/fr\/wp-json\/wp\/v2\/media?parent=16281"}],"wp:term":[{"taxonomy":"product_cat","embeddable":true,"href":"https:\/\/akuku.com.pl\/fr\/wp-json\/wp\/v2\/product_cat?post=16281"},{"taxonomy":"product_tag","embeddable":true,"href":"https:\/\/akuku.com.pl\/fr\/wp-json\/wp\/v2\/product_tag?post=16281"}],"curies":[{"name":"wp","href":"https:\/\/api.w.org\/{rel}","templated":true}]}}