{"id":16216,"date":"2024-07-04T22:42:34","date_gmt":"2024-07-04T20:42:34","guid":{"rendered":"https:\/\/akuku.com.pl\/katalog-produktow\/non%20class\u00e9\/tasse-anti-fuite-avec-paille-lestee-2\/"},"modified":"2025-02-12T13:15:57","modified_gmt":"2025-02-12T12:15:57","slug":"tasse-anti-fuite-avec-paille-lestee-2","status":"publish","type":"product","link":"https:\/\/akuku.com.pl\/fr\/catalogue-de-produits\/nutrition\/nourriture-et-boissons\/gobelets-pour-enfant\/tasse-anti-fuite-avec-paille-lestee-2\/","title":{"rendered":"Tasse anti-fuite avec paille lest\u00e9e"},"content":{"rendered":"<div class=\"textWrap\">\n<p>&nbsp;<\/p>\n<p>Le gobelet d&rsquo;apprentissage de la marque Akuku est pratique, ing\u00e9nieux et de taille id\u00e9ale. Il est \u00e9quip\u00e9 d&rsquo;un <strong>syst\u00e8me de paille pond\u00e9r\u00e9e innovant qui se d\u00e9place avec le liquide<\/strong>, quel que soit l&rsquo;angle d&rsquo;inclinaison du gobelet. Gr\u00e2ce au gobelet pour enfant, les petits gourmands pourront boire jusqu&rsquo;\u00e0 la derni\u00e8re goutte dans toutes les positions, m\u00eame couch\u00e9s.<\/p>\n<p>La tasse est gradu\u00e9e et se nettoie au lave-vaisselle. Avec un couvercle rabattable anti-fuite et deux poign\u00e9es faciles \u00e0 saisir, la tasse encourage l&rsquo;autonomie d\u00e8s le d\u00e9but!<\/p>\n<p>Elle est id\u00e9ale pour commencer la diversification alimentaire des enfants et peut \u00eatre utilis\u00e9e \u00e0 partir de 6 mois.<\/p>\n<p><strong>Conseils d&rsquo;entretien de la tasse :<\/strong><\/p>\n<p>Passe au lave-vaisselle<br \/>\nNe doit pas \u00eatre mise au micro-ondes.<\/p>\n<p>&nbsp;<\/p>\n<p><img decoding=\"async\" src=\"https:\/\/akuku.com.pl\/wp-content\/uploads\/2024\/09\/BPA-Free-logo-png_1.png\" alt=\"\" \/>\u00a0 <img decoding=\"async\" src=\"https:\/\/akuku.com.pl\/wp-content\/uploads\/2024\/09\/niekapek.jpg\" \/> \u00a0<img decoding=\"async\" src=\"https:\/\/akuku.com.pl\/wp-content\/uploads\/2024\/07\/9-wiek.jpg\" \/>\u00a0 \u00a0 \u00a0<img decoding=\"async\" src=\"https:\/\/ect.h2g.pl\/akuku\/images\/004.png\" alt=\"\" \/> \u00a0\u00a0 <img decoding=\"async\" src=\"https:\/\/ect.h2g.pl\/akuku\/images\/002.png\" \/><\/p>\n<\/div>\n<p>&nbsp;<\/p>\n<p>&nbsp;<\/p>\n<p>&nbsp;<\/p>\n<p>CODE EAN: 5907644001651<\/p>\n","protected":false},"excerpt":{"rendered":"<p>&nbsp; Le gobelet d&rsquo;apprentissage de la marque Akuku est pratique, ing\u00e9nieux et de taille id\u00e9ale. Il est \u00e9quip\u00e9 d&rsquo;un syst\u00e8me de paille pond\u00e9r\u00e9e innovant qui se d\u00e9place avec le liquide, quel que soit l&rsquo;angle d&rsquo;inclinaison du gobelet. Gr\u00e2ce au gobelet pour enfant, les petits gourmands pourront boire jusqu&rsquo;\u00e0 la derni\u00e8re goutte dans toutes les positions, [&hellip;]<\/p>\n","protected":false},"featured_media":7320,"template":"","meta":[],"product_cat":[3333,3369],"product_tag":[],"class_list":{"0":"post-16216","1":"product","2":"type-product","3":"status-publish","4":"has-post-thumbnail","6":"product_cat-nutrition","7":"product_cat-gobelets-pour-enfant","9":"first","10":"instock","11":"shipping-taxable","12":"product-type-simple"},"yoast_head":"<!-- This site is optimized with the Yoast SEO plugin v26.2 - https:\/\/yoast.com\/wordpress\/plugins\/seo\/ -->\n<title>Tasse anti-fuite avec paille lest\u00e9e - Akuku<\/title>\n<meta name=\"description\" content=\"Sprawd\u017a nasz produkt: Tasse anti-fuite avec paille lest\u00e9e. Produkty Akuku - odpowiednie dla mam i niemowl\u0105t!\" \/>\n<meta name=\"robots\" content=\"index, follow, max-snippet:-1, max-image-preview:large, max-video-preview:-1\" \/>\n<link rel=\"canonical\" href=\"https:\/\/akuku.com.pl\/fr\/catalogue-de-produits\/nutrition\/nourriture-et-boissons\/gobelets-pour-enfant\/tasse-anti-fuite-avec-paille-lestee-2\/\" \/>\n<meta property=\"og:locale\" content=\"fr_FR\" \/>\n<meta property=\"og:type\" content=\"article\" \/>\n<meta property=\"og:title\" content=\"Tasse anti-fuite avec paille lest\u00e9e - Akuku\" \/>\n<meta property=\"og:description\" content=\"Sprawd\u017a nasz produkt: Tasse anti-fuite avec paille lest\u00e9e. Produkty Akuku - odpowiednie dla mam i niemowl\u0105t!\" \/>\n<meta property=\"og:url\" content=\"https:\/\/akuku.com.pl\/fr\/catalogue-de-produits\/nutrition\/nourriture-et-boissons\/gobelets-pour-enfant\/tasse-anti-fuite-avec-paille-lestee-2\/\" \/>\n<meta property=\"og:site_name\" content=\"Akuku\" \/>\n<meta property=\"article:publisher\" content=\"https:\/\/www.facebook.com\/markaAKUKU\" \/>\n<meta property=\"article:modified_time\" content=\"2025-02-12T12:15:57+00:00\" \/>\n<meta property=\"og:image\" content=\"https:\/\/akuku.com.pl\/wp-content\/uploads\/2024\/07\/a0165-1.jpeg\" \/>\n\t<meta property=\"og:image:width\" content=\"720\" \/>\n\t<meta property=\"og:image:height\" content=\"720\" \/>\n\t<meta property=\"og:image:type\" content=\"image\/jpeg\" \/>\n<meta name=\"twitter:card\" content=\"summary_large_image\" \/>\n<meta name=\"twitter:label1\" content=\"Dur\u00e9e de lecture estim\u00e9e\" \/>\n\t<meta name=\"twitter:data1\" content=\"1 minute\" \/>\n<script type=\"application\/ld+json\" class=\"yoast-schema-graph\">{\"@context\":\"https:\/\/schema.org\",\"@graph\":[{\"@type\":\"WebPage\",\"@id\":\"https:\/\/akuku.com.pl\/fr\/catalogue-de-produits\/nutrition\/nourriture-et-boissons\/gobelets-pour-enfant\/tasse-anti-fuite-avec-paille-lestee-2\/\",\"url\":\"https:\/\/akuku.com.pl\/fr\/catalogue-de-produits\/nutrition\/nourriture-et-boissons\/gobelets-pour-enfant\/tasse-anti-fuite-avec-paille-lestee-2\/\",\"name\":\"Tasse anti-fuite avec paille lest\u00e9e - Akuku\",\"isPartOf\":{\"@id\":\"https:\/\/akuku.com.pl\/fr\/#website\"},\"primaryImageOfPage\":{\"@id\":\"https:\/\/akuku.com.pl\/fr\/catalogue-de-produits\/nutrition\/nourriture-et-boissons\/gobelets-pour-enfant\/tasse-anti-fuite-avec-paille-lestee-2\/#primaryimage\"},\"image\":{\"@id\":\"https:\/\/akuku.com.pl\/fr\/catalogue-de-produits\/nutrition\/nourriture-et-boissons\/gobelets-pour-enfant\/tasse-anti-fuite-avec-paille-lestee-2\/#primaryimage\"},\"thumbnailUrl\":\"https:\/\/akuku.com.pl\/wp-content\/uploads\/2024\/07\/a0165-1.jpeg\",\"datePublished\":\"2024-07-04T20:42:34+00:00\",\"dateModified\":\"2025-02-12T12:15:57+00:00\",\"description\":\"Sprawd\u017a nasz produkt: Tasse anti-fuite avec paille lest\u00e9e. Produkty Akuku - odpowiednie dla mam i niemowl\u0105t!\",\"breadcrumb\":{\"@id\":\"https:\/\/akuku.com.pl\/fr\/catalogue-de-produits\/nutrition\/nourriture-et-boissons\/gobelets-pour-enfant\/tasse-anti-fuite-avec-paille-lestee-2\/#breadcrumb\"},\"inLanguage\":\"fr-FR\",\"potentialAction\":[{\"@type\":\"ReadAction\",\"target\":[\"https:\/\/akuku.com.pl\/fr\/catalogue-de-produits\/nutrition\/nourriture-et-boissons\/gobelets-pour-enfant\/tasse-anti-fuite-avec-paille-lestee-2\/\"]}]},{\"@type\":\"ImageObject\",\"inLanguage\":\"fr-FR\",\"@id\":\"https:\/\/akuku.com.pl\/fr\/catalogue-de-produits\/nutrition\/nourriture-et-boissons\/gobelets-pour-enfant\/tasse-anti-fuite-avec-paille-lestee-2\/#primaryimage\",\"url\":\"https:\/\/akuku.com.pl\/wp-content\/uploads\/2024\/07\/a0165-1.jpeg\",\"contentUrl\":\"https:\/\/akuku.com.pl\/wp-content\/uploads\/2024\/07\/a0165-1.jpeg\",\"width\":720,\"height\":720},{\"@type\":\"BreadcrumbList\",\"@id\":\"https:\/\/akuku.com.pl\/fr\/catalogue-de-produits\/nutrition\/nourriture-et-boissons\/gobelets-pour-enfant\/tasse-anti-fuite-avec-paille-lestee-2\/#breadcrumb\",\"itemListElement\":[{\"@type\":\"ListItem\",\"position\":1,\"name\":\"Strona g\u0142\u00f3wna\",\"item\":\"https:\/\/akuku.com.pl\/fr\/\"},{\"@type\":\"ListItem\",\"position\":2,\"name\":\"Boutique\",\"item\":\"https:\/\/akuku.com.pl\/wszystkie-produkty\/\"},{\"@type\":\"ListItem\",\"position\":3,\"name\":\"Tasse anti-fuite avec paille lest\u00e9e\"}]},{\"@type\":\"WebSite\",\"@id\":\"https:\/\/akuku.com.pl\/fr\/#website\",\"url\":\"https:\/\/akuku.com.pl\/fr\/\",\"name\":\"Akuku.com.pl\",\"description\":\"\",\"publisher\":{\"@id\":\"https:\/\/akuku.com.pl\/fr\/#organization\"},\"potentialAction\":[{\"@type\":\"SearchAction\",\"target\":{\"@type\":\"EntryPoint\",\"urlTemplate\":\"https:\/\/akuku.com.pl\/fr\/?s={search_term_string}\"},\"query-input\":{\"@type\":\"PropertyValueSpecification\",\"valueRequired\":true,\"valueName\":\"search_term_string\"}}],\"inLanguage\":\"fr-FR\"},{\"@type\":\"Organization\",\"@id\":\"https:\/\/akuku.com.pl\/fr\/#organization\",\"name\":\"Akuku.com.pl\",\"url\":\"https:\/\/akuku.com.pl\/fr\/\",\"logo\":{\"@type\":\"ImageObject\",\"inLanguage\":\"fr-FR\",\"@id\":\"https:\/\/akuku.com.pl\/fr\/#\/schema\/logo\/image\/\",\"url\":\"https:\/\/akuku.com.pl\/wp-content\/uploads\/2024\/04\/akuku-logo.svg\",\"contentUrl\":\"https:\/\/akuku.com.pl\/wp-content\/uploads\/2024\/04\/akuku-logo.svg\",\"width\":114,\"height\":50,\"caption\":\"Akuku.com.pl\"},\"image\":{\"@id\":\"https:\/\/akuku.com.pl\/fr\/#\/schema\/logo\/image\/\"},\"sameAs\":[\"https:\/\/www.facebook.com\/markaAKUKU\"]}]}<\/script>\n<!-- \/ Yoast SEO plugin. -->","yoast_head_json":{"title":"Tasse anti-fuite avec paille lest\u00e9e - Akuku","description":"Sprawd\u017a nasz produkt: Tasse anti-fuite avec paille lest\u00e9e. Produkty Akuku - odpowiednie dla mam i niemowl\u0105t!","robots":{"index":"index","follow":"follow","max-snippet":"max-snippet:-1","max-image-preview":"max-image-preview:large","max-video-preview":"max-video-preview:-1"},"canonical":"https:\/\/akuku.com.pl\/fr\/catalogue-de-produits\/nutrition\/nourriture-et-boissons\/gobelets-pour-enfant\/tasse-anti-fuite-avec-paille-lestee-2\/","og_locale":"fr_FR","og_type":"article","og_title":"Tasse anti-fuite avec paille lest\u00e9e - Akuku","og_description":"Sprawd\u017a nasz produkt: Tasse anti-fuite avec paille lest\u00e9e. Produkty Akuku - odpowiednie dla mam i niemowl\u0105t!","og_url":"https:\/\/akuku.com.pl\/fr\/catalogue-de-produits\/nutrition\/nourriture-et-boissons\/gobelets-pour-enfant\/tasse-anti-fuite-avec-paille-lestee-2\/","og_site_name":"Akuku","article_publisher":"https:\/\/www.facebook.com\/markaAKUKU","article_modified_time":"2025-02-12T12:15:57+00:00","og_image":[{"width":720,"height":720,"url":"https:\/\/akuku.com.pl\/wp-content\/uploads\/2024\/07\/a0165-1.jpeg","type":"image\/jpeg"}],"twitter_card":"summary_large_image","twitter_misc":{"Dur\u00e9e de lecture estim\u00e9e":"1 minute"},"schema":{"@context":"https:\/\/schema.org","@graph":[{"@type":"WebPage","@id":"https:\/\/akuku.com.pl\/fr\/catalogue-de-produits\/nutrition\/nourriture-et-boissons\/gobelets-pour-enfant\/tasse-anti-fuite-avec-paille-lestee-2\/","url":"https:\/\/akuku.com.pl\/fr\/catalogue-de-produits\/nutrition\/nourriture-et-boissons\/gobelets-pour-enfant\/tasse-anti-fuite-avec-paille-lestee-2\/","name":"Tasse anti-fuite avec paille lest\u00e9e - Akuku","isPartOf":{"@id":"https:\/\/akuku.com.pl\/fr\/#website"},"primaryImageOfPage":{"@id":"https:\/\/akuku.com.pl\/fr\/catalogue-de-produits\/nutrition\/nourriture-et-boissons\/gobelets-pour-enfant\/tasse-anti-fuite-avec-paille-lestee-2\/#primaryimage"},"image":{"@id":"https:\/\/akuku.com.pl\/fr\/catalogue-de-produits\/nutrition\/nourriture-et-boissons\/gobelets-pour-enfant\/tasse-anti-fuite-avec-paille-lestee-2\/#primaryimage"},"thumbnailUrl":"https:\/\/akuku.com.pl\/wp-content\/uploads\/2024\/07\/a0165-1.jpeg","datePublished":"2024-07-04T20:42:34+00:00","dateModified":"2025-02-12T12:15:57+00:00","description":"Sprawd\u017a nasz produkt: Tasse anti-fuite avec paille lest\u00e9e. Produkty Akuku - odpowiednie dla mam i niemowl\u0105t!","breadcrumb":{"@id":"https:\/\/akuku.com.pl\/fr\/catalogue-de-produits\/nutrition\/nourriture-et-boissons\/gobelets-pour-enfant\/tasse-anti-fuite-avec-paille-lestee-2\/#breadcrumb"},"inLanguage":"fr-FR","potentialAction":[{"@type":"ReadAction","target":["https:\/\/akuku.com.pl\/fr\/catalogue-de-produits\/nutrition\/nourriture-et-boissons\/gobelets-pour-enfant\/tasse-anti-fuite-avec-paille-lestee-2\/"]}]},{"@type":"ImageObject","inLanguage":"fr-FR","@id":"https:\/\/akuku.com.pl\/fr\/catalogue-de-produits\/nutrition\/nourriture-et-boissons\/gobelets-pour-enfant\/tasse-anti-fuite-avec-paille-lestee-2\/#primaryimage","url":"https:\/\/akuku.com.pl\/wp-content\/uploads\/2024\/07\/a0165-1.jpeg","contentUrl":"https:\/\/akuku.com.pl\/wp-content\/uploads\/2024\/07\/a0165-1.jpeg","width":720,"height":720},{"@type":"BreadcrumbList","@id":"https:\/\/akuku.com.pl\/fr\/catalogue-de-produits\/nutrition\/nourriture-et-boissons\/gobelets-pour-enfant\/tasse-anti-fuite-avec-paille-lestee-2\/#breadcrumb","itemListElement":[{"@type":"ListItem","position":1,"name":"Strona g\u0142\u00f3wna","item":"https:\/\/akuku.com.pl\/fr\/"},{"@type":"ListItem","position":2,"name":"Boutique","item":"https:\/\/akuku.com.pl\/wszystkie-produkty\/"},{"@type":"ListItem","position":3,"name":"Tasse anti-fuite avec paille lest\u00e9e"}]},{"@type":"WebSite","@id":"https:\/\/akuku.com.pl\/fr\/#website","url":"https:\/\/akuku.com.pl\/fr\/","name":"Akuku.com.pl","description":"","publisher":{"@id":"https:\/\/akuku.com.pl\/fr\/#organization"},"potentialAction":[{"@type":"SearchAction","target":{"@type":"EntryPoint","urlTemplate":"https:\/\/akuku.com.pl\/fr\/?s={search_term_string}"},"query-input":{"@type":"PropertyValueSpecification","valueRequired":true,"valueName":"search_term_string"}}],"inLanguage":"fr-FR"},{"@type":"Organization","@id":"https:\/\/akuku.com.pl\/fr\/#organization","name":"Akuku.com.pl","url":"https:\/\/akuku.com.pl\/fr\/","logo":{"@type":"ImageObject","inLanguage":"fr-FR","@id":"https:\/\/akuku.com.pl\/fr\/#\/schema\/logo\/image\/","url":"https:\/\/akuku.com.pl\/wp-content\/uploads\/2024\/04\/akuku-logo.svg","contentUrl":"https:\/\/akuku.com.pl\/wp-content\/uploads\/2024\/04\/akuku-logo.svg","width":114,"height":50,"caption":"Akuku.com.pl"},"image":{"@id":"https:\/\/akuku.com.pl\/fr\/#\/schema\/logo\/image\/"},"sameAs":["https:\/\/www.facebook.com\/markaAKUKU"]}]}},"_links":{"self":[{"href":"https:\/\/akuku.com.pl\/fr\/wp-json\/wp\/v2\/product\/16216","targetHints":{"allow":["GET"]}}],"collection":[{"href":"https:\/\/akuku.com.pl\/fr\/wp-json\/wp\/v2\/product"}],"about":[{"href":"https:\/\/akuku.com.pl\/fr\/wp-json\/wp\/v2\/types\/product"}],"wp:featuredmedia":[{"embeddable":true,"href":"https:\/\/akuku.com.pl\/fr\/wp-json\/wp\/v2\/media\/7320"}],"wp:attachment":[{"href":"https:\/\/akuku.com.pl\/fr\/wp-json\/wp\/v2\/media?parent=16216"}],"wp:term":[{"taxonomy":"product_cat","embeddable":true,"href":"https:\/\/akuku.com.pl\/fr\/wp-json\/wp\/v2\/product_cat?post=16216"},{"taxonomy":"product_tag","embeddable":true,"href":"https:\/\/akuku.com.pl\/fr\/wp-json\/wp\/v2\/product_tag?post=16216"}],"curies":[{"name":"wp","href":"https:\/\/api.w.org\/{rel}","templated":true}]}}