{"id":16205,"date":"2025-02-06T20:31:30","date_gmt":"2025-02-06T19:31:30","guid":{"rendered":"https:\/\/akuku.com.pl\/?post_type=product&#038;p=16205"},"modified":"2025-02-17T12:36:50","modified_gmt":"2025-02-17T11:36:50","slug":"lingettes-humides-a-99-deau-kopia","status":"publish","type":"product","link":"https:\/\/akuku.com.pl\/fr\/catalogue-de-produits\/soins\/accessoires-de-peuriculture\/lingettes-humides-a-99-deau-kopia\/","title":{"rendered":"Lingettes s\u00e8ches \u2013 rouleau de 100 unit\u00e9s"},"content":{"rendered":"<div class=\"textWrap\">\n<div><\/div>\n<div>\n<p><strong>Les mouchoirs secs en BAMBOU<\/strong> pour b\u00e9b\u00e9s et enfants sont <strong>exceptionnellement doux et d\u00e9licats<\/strong> pour la peau de votre b\u00e9b\u00e9. Fabriqu\u00e9s en bambou doux, ils sont antibact\u00e9riens. <strong>Sans produits chimiques<\/strong>, conservateurs et parfums susceptibles de provoquer des r\u00e9actions allergiques chez votre b\u00e9b\u00e9. <strong>Non blanchis au chlore.<\/strong><\/p>\n<p>La fibre de bambou utilis\u00e9e pour fabriquer nos mouchoirs est tr\u00e8s r\u00e9sistante : elle ne se d\u00e9chirera pas durant l&rsquo;utilisation. Les mouchoirs peuvent donc \u00e9galement \u00eatre utilis\u00e9s pour \u00ab fabriquer \u00bb des lingettes humides maison en les trempant simplement dans l&rsquo;eau.<\/p>\n<p><strong>Avantages de nos mouchoirs :<\/strong><\/p>\n<p>&#8211; ils sont tr\u00e8s <strong>pratiques et multifonctionnels<\/strong>. Tr\u00e8s pratiques pour un usage quotidien, restent indispensables lors des voyages et des sorties.<\/p>\n<p>&#8211; utiles <strong>pour les soins du b\u00e9b\u00e9 et le changement des couches<\/strong>. La fibre de bambou tr\u00e8s durable et douce absorbe parfaitement l&rsquo;humidit\u00e9, ce qui rend les mouchoirs parfaits aussi en tant que l\u2019insert dans une couche de type r\u00e9utilisable.<\/p>\n<p>&#8211; nos mouchoirs en bambou 18&#215;25 cm sont \u00e9galement <strong>utiles pour essuyer le visage, les mains et le corps de votre b\u00e9b\u00e9<\/strong>, ou encore son nez lorsqu&rsquo;il a le nez qui coule, sans irriter la peau d\u00e9licate du contour du nez.<\/p>\n<p>&#8211; les mamans peuvent \u00e9galement les utiliser pour se d\u00e9maquiller, ass\u00e9cher le visage lors des soins quotidiens ou encore pour leur hygi\u00e8ne intime.<\/p>\n<p>&#8211; 2 en 1 : <strong>cr\u00e9ez vous-m\u00eame des lingettes humides faites maison<\/strong> : versez simplement un peu d&rsquo;eau dessus.<\/p>\n<p>&#8211; ils ont \u00e9t\u00e9 d\u00e9velopp\u00e9s en tenant compte de la peau sensible des b\u00e9b\u00e9s et de l&rsquo;environnement. La fibre de bambou est enti\u00e8rement biod\u00e9gradable, ce qui la rend respectueuse de l&rsquo;environnement et adapt\u00e9e aux v\u00e9g\u00e9taliens.<\/p>\n<p>&#8211; emballage <strong>pratique en rouleau<\/strong>.<\/p>\n<p><strong>Avertissement!<\/strong> Le produit n&rsquo;est pas un jouet. Tenir hors de port\u00e9e des enfants.<\/p>\n<p>La taille d&rsquo;un mouchoir : 18&#215;25 cm<\/p>\n<p>Le rouleau contient 100 mouchoirs.<\/p>\n<p>&nbsp;<\/p>\n<\/div>\n<p><img decoding=\"async\" src=\"https:\/\/ect.h2g.pl\/akuku\/images\/0m.png\" alt=\"\" \/><\/p>\n<p>&nbsp;<\/p>\n<p>&nbsp;<\/p>\n<p>CODE \u00a0EAN: 5907644006878<\/p>\n<\/div>\n<p>&nbsp;<\/p>\n","protected":false},"excerpt":{"rendered":"<p>Les mouchoirs secs en BAMBOU pour b\u00e9b\u00e9s et enfants sont exceptionnellement doux et d\u00e9licats pour la peau de votre b\u00e9b\u00e9. Fabriqu\u00e9s en bambou doux, ils sont antibact\u00e9riens. Sans produits chimiques, conservateurs et parfums susceptibles de provoquer des r\u00e9actions allergiques chez votre b\u00e9b\u00e9. Non blanchis au chlore. La fibre de bambou utilis\u00e9e pour fabriquer nos mouchoirs [&hellip;]<\/p>\n","protected":false},"featured_media":16154,"template":"","meta":[],"product_cat":[3414,3444],"product_tag":[],"class_list":{"0":"post-16205","1":"product","2":"type-product","3":"status-publish","4":"has-post-thumbnail","6":"product_cat-soins","7":"product_cat-accessoires-de-peuriculture","9":"first","10":"instock","11":"shipping-taxable","12":"product-type-simple"},"yoast_head":"<!-- This site is optimized with the Yoast SEO plugin v26.2 - https:\/\/yoast.com\/wordpress\/plugins\/seo\/ -->\n<title>Lingettes s\u00e8ches \u2013 rouleau de 100 unit\u00e9s - Akuku<\/title>\n<meta name=\"description\" content=\"Sprawd\u017a nasz produkt: Lingettes s\u00e8ches \u2013 rouleau de 100 unit\u00e9s. Produkty Akuku - odpowiednie dla mam i niemowl\u0105t!\" \/>\n<meta name=\"robots\" content=\"index, follow, max-snippet:-1, max-image-preview:large, max-video-preview:-1\" \/>\n<link rel=\"canonical\" href=\"https:\/\/akuku.com.pl\/fr\/catalogue-de-produits\/soins\/accessoires-de-peuriculture\/lingettes-humides-a-99-deau-kopia\/\" \/>\n<meta property=\"og:locale\" content=\"fr_FR\" \/>\n<meta property=\"og:type\" content=\"article\" \/>\n<meta property=\"og:title\" content=\"Lingettes s\u00e8ches \u2013 rouleau de 100 unit\u00e9s - Akuku\" \/>\n<meta property=\"og:description\" content=\"Sprawd\u017a nasz produkt: Lingettes s\u00e8ches \u2013 rouleau de 100 unit\u00e9s. Produkty Akuku - odpowiednie dla mam i niemowl\u0105t!\" \/>\n<meta property=\"og:url\" content=\"https:\/\/akuku.com.pl\/fr\/catalogue-de-produits\/soins\/accessoires-de-peuriculture\/lingettes-humides-a-99-deau-kopia\/\" \/>\n<meta property=\"og:site_name\" content=\"Akuku\" \/>\n<meta property=\"article:publisher\" content=\"https:\/\/www.facebook.com\/markaAKUKU\" \/>\n<meta property=\"article:modified_time\" content=\"2025-02-17T11:36:50+00:00\" \/>\n<meta property=\"og:image\" content=\"https:\/\/akuku.com.pl\/wp-content\/uploads\/2025\/02\/A0687_1.jpg\" \/>\n\t<meta property=\"og:image:width\" content=\"1000\" \/>\n\t<meta property=\"og:image:height\" content=\"1000\" \/>\n\t<meta property=\"og:image:type\" content=\"image\/jpeg\" \/>\n<meta name=\"twitter:card\" content=\"summary_large_image\" \/>\n<meta name=\"twitter:label1\" content=\"Dur\u00e9e de lecture estim\u00e9e\" \/>\n\t<meta name=\"twitter:data1\" content=\"2 minutes\" \/>\n<script type=\"application\/ld+json\" class=\"yoast-schema-graph\">{\"@context\":\"https:\/\/schema.org\",\"@graph\":[{\"@type\":\"WebPage\",\"@id\":\"https:\/\/akuku.com.pl\/fr\/catalogue-de-produits\/soins\/accessoires-de-peuriculture\/lingettes-humides-a-99-deau-kopia\/\",\"url\":\"https:\/\/akuku.com.pl\/fr\/catalogue-de-produits\/soins\/accessoires-de-peuriculture\/lingettes-humides-a-99-deau-kopia\/\",\"name\":\"Lingettes s\u00e8ches \u2013 rouleau de 100 unit\u00e9s - Akuku\",\"isPartOf\":{\"@id\":\"https:\/\/akuku.com.pl\/fr\/#website\"},\"primaryImageOfPage\":{\"@id\":\"https:\/\/akuku.com.pl\/fr\/catalogue-de-produits\/soins\/accessoires-de-peuriculture\/lingettes-humides-a-99-deau-kopia\/#primaryimage\"},\"image\":{\"@id\":\"https:\/\/akuku.com.pl\/fr\/catalogue-de-produits\/soins\/accessoires-de-peuriculture\/lingettes-humides-a-99-deau-kopia\/#primaryimage\"},\"thumbnailUrl\":\"https:\/\/akuku.com.pl\/wp-content\/uploads\/2025\/02\/A0687_1.jpg\",\"datePublished\":\"2025-02-06T19:31:30+00:00\",\"dateModified\":\"2025-02-17T11:36:50+00:00\",\"description\":\"Sprawd\u017a nasz produkt: Lingettes s\u00e8ches \u2013 rouleau de 100 unit\u00e9s. Produkty Akuku - odpowiednie dla mam i niemowl\u0105t!\",\"breadcrumb\":{\"@id\":\"https:\/\/akuku.com.pl\/fr\/catalogue-de-produits\/soins\/accessoires-de-peuriculture\/lingettes-humides-a-99-deau-kopia\/#breadcrumb\"},\"inLanguage\":\"fr-FR\",\"potentialAction\":[{\"@type\":\"ReadAction\",\"target\":[\"https:\/\/akuku.com.pl\/fr\/catalogue-de-produits\/soins\/accessoires-de-peuriculture\/lingettes-humides-a-99-deau-kopia\/\"]}]},{\"@type\":\"ImageObject\",\"inLanguage\":\"fr-FR\",\"@id\":\"https:\/\/akuku.com.pl\/fr\/catalogue-de-produits\/soins\/accessoires-de-peuriculture\/lingettes-humides-a-99-deau-kopia\/#primaryimage\",\"url\":\"https:\/\/akuku.com.pl\/wp-content\/uploads\/2025\/02\/A0687_1.jpg\",\"contentUrl\":\"https:\/\/akuku.com.pl\/wp-content\/uploads\/2025\/02\/A0687_1.jpg\",\"width\":1000,\"height\":1000},{\"@type\":\"BreadcrumbList\",\"@id\":\"https:\/\/akuku.com.pl\/fr\/catalogue-de-produits\/soins\/accessoires-de-peuriculture\/lingettes-humides-a-99-deau-kopia\/#breadcrumb\",\"itemListElement\":[{\"@type\":\"ListItem\",\"position\":1,\"name\":\"Strona g\u0142\u00f3wna\",\"item\":\"https:\/\/akuku.com.pl\/fr\/\"},{\"@type\":\"ListItem\",\"position\":2,\"name\":\"Boutique\",\"item\":\"https:\/\/akuku.com.pl\/wszystkie-produkty\/\"},{\"@type\":\"ListItem\",\"position\":3,\"name\":\"Lingettes s\u00e8ches \u2013 rouleau de 100 unit\u00e9s\"}]},{\"@type\":\"WebSite\",\"@id\":\"https:\/\/akuku.com.pl\/fr\/#website\",\"url\":\"https:\/\/akuku.com.pl\/fr\/\",\"name\":\"Akuku.com.pl\",\"description\":\"\",\"publisher\":{\"@id\":\"https:\/\/akuku.com.pl\/fr\/#organization\"},\"potentialAction\":[{\"@type\":\"SearchAction\",\"target\":{\"@type\":\"EntryPoint\",\"urlTemplate\":\"https:\/\/akuku.com.pl\/fr\/?s={search_term_string}\"},\"query-input\":{\"@type\":\"PropertyValueSpecification\",\"valueRequired\":true,\"valueName\":\"search_term_string\"}}],\"inLanguage\":\"fr-FR\"},{\"@type\":\"Organization\",\"@id\":\"https:\/\/akuku.com.pl\/fr\/#organization\",\"name\":\"Akuku.com.pl\",\"url\":\"https:\/\/akuku.com.pl\/fr\/\",\"logo\":{\"@type\":\"ImageObject\",\"inLanguage\":\"fr-FR\",\"@id\":\"https:\/\/akuku.com.pl\/fr\/#\/schema\/logo\/image\/\",\"url\":\"https:\/\/akuku.com.pl\/wp-content\/uploads\/2024\/04\/akuku-logo.svg\",\"contentUrl\":\"https:\/\/akuku.com.pl\/wp-content\/uploads\/2024\/04\/akuku-logo.svg\",\"width\":114,\"height\":50,\"caption\":\"Akuku.com.pl\"},\"image\":{\"@id\":\"https:\/\/akuku.com.pl\/fr\/#\/schema\/logo\/image\/\"},\"sameAs\":[\"https:\/\/www.facebook.com\/markaAKUKU\"]}]}<\/script>\n<!-- \/ Yoast SEO plugin. -->","yoast_head_json":{"title":"Lingettes s\u00e8ches \u2013 rouleau de 100 unit\u00e9s - Akuku","description":"Sprawd\u017a nasz produkt: Lingettes s\u00e8ches \u2013 rouleau de 100 unit\u00e9s. Produkty Akuku - odpowiednie dla mam i niemowl\u0105t!","robots":{"index":"index","follow":"follow","max-snippet":"max-snippet:-1","max-image-preview":"max-image-preview:large","max-video-preview":"max-video-preview:-1"},"canonical":"https:\/\/akuku.com.pl\/fr\/catalogue-de-produits\/soins\/accessoires-de-peuriculture\/lingettes-humides-a-99-deau-kopia\/","og_locale":"fr_FR","og_type":"article","og_title":"Lingettes s\u00e8ches \u2013 rouleau de 100 unit\u00e9s - Akuku","og_description":"Sprawd\u017a nasz produkt: Lingettes s\u00e8ches \u2013 rouleau de 100 unit\u00e9s. Produkty Akuku - odpowiednie dla mam i niemowl\u0105t!","og_url":"https:\/\/akuku.com.pl\/fr\/catalogue-de-produits\/soins\/accessoires-de-peuriculture\/lingettes-humides-a-99-deau-kopia\/","og_site_name":"Akuku","article_publisher":"https:\/\/www.facebook.com\/markaAKUKU","article_modified_time":"2025-02-17T11:36:50+00:00","og_image":[{"width":1000,"height":1000,"url":"https:\/\/akuku.com.pl\/wp-content\/uploads\/2025\/02\/A0687_1.jpg","type":"image\/jpeg"}],"twitter_card":"summary_large_image","twitter_misc":{"Dur\u00e9e de lecture estim\u00e9e":"2 minutes"},"schema":{"@context":"https:\/\/schema.org","@graph":[{"@type":"WebPage","@id":"https:\/\/akuku.com.pl\/fr\/catalogue-de-produits\/soins\/accessoires-de-peuriculture\/lingettes-humides-a-99-deau-kopia\/","url":"https:\/\/akuku.com.pl\/fr\/catalogue-de-produits\/soins\/accessoires-de-peuriculture\/lingettes-humides-a-99-deau-kopia\/","name":"Lingettes s\u00e8ches \u2013 rouleau de 100 unit\u00e9s - Akuku","isPartOf":{"@id":"https:\/\/akuku.com.pl\/fr\/#website"},"primaryImageOfPage":{"@id":"https:\/\/akuku.com.pl\/fr\/catalogue-de-produits\/soins\/accessoires-de-peuriculture\/lingettes-humides-a-99-deau-kopia\/#primaryimage"},"image":{"@id":"https:\/\/akuku.com.pl\/fr\/catalogue-de-produits\/soins\/accessoires-de-peuriculture\/lingettes-humides-a-99-deau-kopia\/#primaryimage"},"thumbnailUrl":"https:\/\/akuku.com.pl\/wp-content\/uploads\/2025\/02\/A0687_1.jpg","datePublished":"2025-02-06T19:31:30+00:00","dateModified":"2025-02-17T11:36:50+00:00","description":"Sprawd\u017a nasz produkt: Lingettes s\u00e8ches \u2013 rouleau de 100 unit\u00e9s. Produkty Akuku - odpowiednie dla mam i niemowl\u0105t!","breadcrumb":{"@id":"https:\/\/akuku.com.pl\/fr\/catalogue-de-produits\/soins\/accessoires-de-peuriculture\/lingettes-humides-a-99-deau-kopia\/#breadcrumb"},"inLanguage":"fr-FR","potentialAction":[{"@type":"ReadAction","target":["https:\/\/akuku.com.pl\/fr\/catalogue-de-produits\/soins\/accessoires-de-peuriculture\/lingettes-humides-a-99-deau-kopia\/"]}]},{"@type":"ImageObject","inLanguage":"fr-FR","@id":"https:\/\/akuku.com.pl\/fr\/catalogue-de-produits\/soins\/accessoires-de-peuriculture\/lingettes-humides-a-99-deau-kopia\/#primaryimage","url":"https:\/\/akuku.com.pl\/wp-content\/uploads\/2025\/02\/A0687_1.jpg","contentUrl":"https:\/\/akuku.com.pl\/wp-content\/uploads\/2025\/02\/A0687_1.jpg","width":1000,"height":1000},{"@type":"BreadcrumbList","@id":"https:\/\/akuku.com.pl\/fr\/catalogue-de-produits\/soins\/accessoires-de-peuriculture\/lingettes-humides-a-99-deau-kopia\/#breadcrumb","itemListElement":[{"@type":"ListItem","position":1,"name":"Strona g\u0142\u00f3wna","item":"https:\/\/akuku.com.pl\/fr\/"},{"@type":"ListItem","position":2,"name":"Boutique","item":"https:\/\/akuku.com.pl\/wszystkie-produkty\/"},{"@type":"ListItem","position":3,"name":"Lingettes s\u00e8ches \u2013 rouleau de 100 unit\u00e9s"}]},{"@type":"WebSite","@id":"https:\/\/akuku.com.pl\/fr\/#website","url":"https:\/\/akuku.com.pl\/fr\/","name":"Akuku.com.pl","description":"","publisher":{"@id":"https:\/\/akuku.com.pl\/fr\/#organization"},"potentialAction":[{"@type":"SearchAction","target":{"@type":"EntryPoint","urlTemplate":"https:\/\/akuku.com.pl\/fr\/?s={search_term_string}"},"query-input":{"@type":"PropertyValueSpecification","valueRequired":true,"valueName":"search_term_string"}}],"inLanguage":"fr-FR"},{"@type":"Organization","@id":"https:\/\/akuku.com.pl\/fr\/#organization","name":"Akuku.com.pl","url":"https:\/\/akuku.com.pl\/fr\/","logo":{"@type":"ImageObject","inLanguage":"fr-FR","@id":"https:\/\/akuku.com.pl\/fr\/#\/schema\/logo\/image\/","url":"https:\/\/akuku.com.pl\/wp-content\/uploads\/2024\/04\/akuku-logo.svg","contentUrl":"https:\/\/akuku.com.pl\/wp-content\/uploads\/2024\/04\/akuku-logo.svg","width":114,"height":50,"caption":"Akuku.com.pl"},"image":{"@id":"https:\/\/akuku.com.pl\/fr\/#\/schema\/logo\/image\/"},"sameAs":["https:\/\/www.facebook.com\/markaAKUKU"]}]}},"_links":{"self":[{"href":"https:\/\/akuku.com.pl\/fr\/wp-json\/wp\/v2\/product\/16205","targetHints":{"allow":["GET"]}}],"collection":[{"href":"https:\/\/akuku.com.pl\/fr\/wp-json\/wp\/v2\/product"}],"about":[{"href":"https:\/\/akuku.com.pl\/fr\/wp-json\/wp\/v2\/types\/product"}],"wp:featuredmedia":[{"embeddable":true,"href":"https:\/\/akuku.com.pl\/fr\/wp-json\/wp\/v2\/media\/16154"}],"wp:attachment":[{"href":"https:\/\/akuku.com.pl\/fr\/wp-json\/wp\/v2\/media?parent=16205"}],"wp:term":[{"taxonomy":"product_cat","embeddable":true,"href":"https:\/\/akuku.com.pl\/fr\/wp-json\/wp\/v2\/product_cat?post=16205"},{"taxonomy":"product_tag","embeddable":true,"href":"https:\/\/akuku.com.pl\/fr\/wp-json\/wp\/v2\/product_tag?post=16205"}],"curies":[{"name":"wp","href":"https:\/\/api.w.org\/{rel}","templated":true}]}}