{"id":16061,"date":"2025-01-28T13:33:38","date_gmt":"2025-01-28T12:33:38","guid":{"rendered":"https:\/\/akuku.com.pl\/?post_type=product&#038;p=16061"},"modified":"2025-01-28T13:59:15","modified_gmt":"2025-01-28T12:59:15","slug":"attache-tetine-en-silicone-kopia","status":"publish","type":"product","link":"https:\/\/akuku.com.pl\/fr\/catalogue-de-produits\/sucettes-calmates-et-accessoires\/accessories-fr-2\/attache-tetine-en-silicone-kopia\/","title":{"rendered":"Attache-t\u00e9tine"},"content":{"rendered":"<div class=\"textWrap\">\n<p>&nbsp;<\/p>\n<p>Notre attache-t\u00e9tine est tr\u00e8s pratique <strong>pendant le voyage ou en promenade<\/strong>.<br \/>\nElle prot\u00e8ge la sucette de la salet\u00e9 et des endommagements. Tr\u00e8s simple dans l\u2019utilisation <strong>et facile \u00e0 attacher \u00e0 une poussette, \u00e0 un si\u00e8ge auto, \u00e0 un sac ou \u00e0 une barri\u00e8re de lit<\/strong>. Contient <strong>facilement 2 t\u00e9tines<\/strong>. Sa couleur neutre reste agr\u00e9able et s&rsquo;adapte \u00e0 toutes formes des poussette ou sac.<\/p>\n<p>Le produit <strong>reste sans danger pour la sant\u00e9 humaine<\/strong>, il ne contient pas de bisph\u00e9nol A (0 % BPA).<\/p>\n<p><strong>Avantages :<\/strong><\/p>\n<p>&#8211; un rangement pratique et hygi\u00e9nique de la t\u00eatine,<\/p>\n<p>&#8211; application pratique,<\/p>\n<p>&#8211; montage facile,<\/p>\n<p>&#8211; universel, s&rsquo;adapte \u00e0 tous types de t\u00eatines.<\/p>\n<p><strong>Avertissement!<\/strong> Le produit n&rsquo;est pas un jouet. V\u00e9rifiez-le avant chaque utilisation.<br \/>\nD\u00e8s les premiers signes de dommage ou d\u2019usure, jetez-le. Gardez le propre, lavez-le \u00e0 l&rsquo;eau ti\u00e8de avec un produit doux et versez de temps en temps de l&rsquo;eau bouillante dessus. Ne pas faire bouillir, ne pas st\u00e9riliser. Gardez-le hors de port\u00e9e de l&rsquo;enfant.<\/p>\n<p>Dimensions : 13 x 8,5 x 5,5 cm<\/p>\n<p>Une pi\u00e8ce dans l\u2019emballage.<\/p>\n<\/div>\n<p><img decoding=\"async\" src=\"https:\/\/akuku.com.pl\/wp-content\/uploads\/2024\/07\/BPA-Free.jpg\" \/>\u00a0 \u00a0\u00a0<img decoding=\"async\" src=\"https:\/\/akuku.com.pl\/wp-content\/uploads\/2024\/07\/0m.jpg\" \/><\/p>\n<p>&nbsp;<\/p>\n<p>CODE EAN: 5907644006885<\/p>\n","protected":false},"excerpt":{"rendered":"<p>&nbsp; Notre attache-t\u00e9tine est tr\u00e8s pratique pendant le voyage ou en promenade. Elle prot\u00e8ge la sucette de la salet\u00e9 et des endommagements. Tr\u00e8s simple dans l\u2019utilisation et facile \u00e0 attacher \u00e0 une poussette, \u00e0 un si\u00e8ge auto, \u00e0 un sac ou \u00e0 une barri\u00e8re de lit. Contient facilement 2 t\u00e9tines. Sa couleur neutre reste agr\u00e9able [&hellip;]<\/p>\n","protected":false},"featured_media":16022,"template":"","meta":[],"product_cat":[3405,3411],"product_tag":[],"class_list":{"0":"post-16061","1":"product","2":"type-product","3":"status-publish","4":"has-post-thumbnail","6":"product_cat-sucettes-calmates-et-accessoires","7":"product_cat-accessories-fr-2","9":"first","10":"instock","11":"shipping-taxable","12":"product-type-simple"},"yoast_head":"<!-- This site is optimized with the Yoast SEO plugin v26.2 - https:\/\/yoast.com\/wordpress\/plugins\/seo\/ -->\n<title>Attache-t\u00e9tine - Akuku<\/title>\n<meta name=\"description\" content=\"Sprawd\u017a nasz produkt: Attache-t\u00e9tine. Produkty Akuku - odpowiednie dla mam i niemowl\u0105t!\" \/>\n<meta name=\"robots\" content=\"index, follow, max-snippet:-1, max-image-preview:large, max-video-preview:-1\" \/>\n<link rel=\"canonical\" href=\"https:\/\/akuku.com.pl\/fr\/catalogue-de-produits\/sucettes-calmates-et-accessoires\/accessories-fr-2\/attache-tetine-en-silicone-kopia\/\" \/>\n<meta property=\"og:locale\" content=\"fr_FR\" \/>\n<meta property=\"og:type\" content=\"article\" \/>\n<meta property=\"og:title\" content=\"Attache-t\u00e9tine - Akuku\" \/>\n<meta property=\"og:description\" content=\"Sprawd\u017a nasz produkt: Attache-t\u00e9tine. Produkty Akuku - odpowiednie dla mam i niemowl\u0105t!\" \/>\n<meta property=\"og:url\" content=\"https:\/\/akuku.com.pl\/fr\/catalogue-de-produits\/sucettes-calmates-et-accessoires\/accessories-fr-2\/attache-tetine-en-silicone-kopia\/\" \/>\n<meta property=\"og:site_name\" content=\"Akuku\" \/>\n<meta property=\"article:publisher\" content=\"https:\/\/www.facebook.com\/markaAKUKU\" \/>\n<meta property=\"article:modified_time\" content=\"2025-01-28T12:59:15+00:00\" \/>\n<meta property=\"og:image\" content=\"https:\/\/akuku.com.pl\/wp-content\/uploads\/2025\/01\/A0688.jpg\" \/>\n\t<meta property=\"og:image:width\" content=\"1000\" \/>\n\t<meta property=\"og:image:height\" content=\"1000\" \/>\n\t<meta property=\"og:image:type\" content=\"image\/jpeg\" \/>\n<meta name=\"twitter:card\" content=\"summary_large_image\" \/>\n<meta name=\"twitter:label1\" content=\"Dur\u00e9e de lecture estim\u00e9e\" \/>\n\t<meta name=\"twitter:data1\" content=\"1 minute\" \/>\n<script type=\"application\/ld+json\" class=\"yoast-schema-graph\">{\"@context\":\"https:\/\/schema.org\",\"@graph\":[{\"@type\":\"WebPage\",\"@id\":\"https:\/\/akuku.com.pl\/fr\/catalogue-de-produits\/sucettes-calmates-et-accessoires\/accessories-fr-2\/attache-tetine-en-silicone-kopia\/\",\"url\":\"https:\/\/akuku.com.pl\/fr\/catalogue-de-produits\/sucettes-calmates-et-accessoires\/accessories-fr-2\/attache-tetine-en-silicone-kopia\/\",\"name\":\"Attache-t\u00e9tine - Akuku\",\"isPartOf\":{\"@id\":\"https:\/\/akuku.com.pl\/fr\/#website\"},\"primaryImageOfPage\":{\"@id\":\"https:\/\/akuku.com.pl\/fr\/catalogue-de-produits\/sucettes-calmates-et-accessoires\/accessories-fr-2\/attache-tetine-en-silicone-kopia\/#primaryimage\"},\"image\":{\"@id\":\"https:\/\/akuku.com.pl\/fr\/catalogue-de-produits\/sucettes-calmates-et-accessoires\/accessories-fr-2\/attache-tetine-en-silicone-kopia\/#primaryimage\"},\"thumbnailUrl\":\"https:\/\/akuku.com.pl\/wp-content\/uploads\/2025\/01\/A0688.jpg\",\"datePublished\":\"2025-01-28T12:33:38+00:00\",\"dateModified\":\"2025-01-28T12:59:15+00:00\",\"description\":\"Sprawd\u017a nasz produkt: Attache-t\u00e9tine. Produkty Akuku - odpowiednie dla mam i niemowl\u0105t!\",\"breadcrumb\":{\"@id\":\"https:\/\/akuku.com.pl\/fr\/catalogue-de-produits\/sucettes-calmates-et-accessoires\/accessories-fr-2\/attache-tetine-en-silicone-kopia\/#breadcrumb\"},\"inLanguage\":\"fr-FR\",\"potentialAction\":[{\"@type\":\"ReadAction\",\"target\":[\"https:\/\/akuku.com.pl\/fr\/catalogue-de-produits\/sucettes-calmates-et-accessoires\/accessories-fr-2\/attache-tetine-en-silicone-kopia\/\"]}]},{\"@type\":\"ImageObject\",\"inLanguage\":\"fr-FR\",\"@id\":\"https:\/\/akuku.com.pl\/fr\/catalogue-de-produits\/sucettes-calmates-et-accessoires\/accessories-fr-2\/attache-tetine-en-silicone-kopia\/#primaryimage\",\"url\":\"https:\/\/akuku.com.pl\/wp-content\/uploads\/2025\/01\/A0688.jpg\",\"contentUrl\":\"https:\/\/akuku.com.pl\/wp-content\/uploads\/2025\/01\/A0688.jpg\",\"width\":1000,\"height\":1000},{\"@type\":\"BreadcrumbList\",\"@id\":\"https:\/\/akuku.com.pl\/fr\/catalogue-de-produits\/sucettes-calmates-et-accessoires\/accessories-fr-2\/attache-tetine-en-silicone-kopia\/#breadcrumb\",\"itemListElement\":[{\"@type\":\"ListItem\",\"position\":1,\"name\":\"Strona g\u0142\u00f3wna\",\"item\":\"https:\/\/akuku.com.pl\/fr\/\"},{\"@type\":\"ListItem\",\"position\":2,\"name\":\"Boutique\",\"item\":\"https:\/\/akuku.com.pl\/wszystkie-produkty\/\"},{\"@type\":\"ListItem\",\"position\":3,\"name\":\"Attache-t\u00e9tine\"}]},{\"@type\":\"WebSite\",\"@id\":\"https:\/\/akuku.com.pl\/fr\/#website\",\"url\":\"https:\/\/akuku.com.pl\/fr\/\",\"name\":\"Akuku.com.pl\",\"description\":\"\",\"publisher\":{\"@id\":\"https:\/\/akuku.com.pl\/fr\/#organization\"},\"potentialAction\":[{\"@type\":\"SearchAction\",\"target\":{\"@type\":\"EntryPoint\",\"urlTemplate\":\"https:\/\/akuku.com.pl\/fr\/?s={search_term_string}\"},\"query-input\":{\"@type\":\"PropertyValueSpecification\",\"valueRequired\":true,\"valueName\":\"search_term_string\"}}],\"inLanguage\":\"fr-FR\"},{\"@type\":\"Organization\",\"@id\":\"https:\/\/akuku.com.pl\/fr\/#organization\",\"name\":\"Akuku.com.pl\",\"url\":\"https:\/\/akuku.com.pl\/fr\/\",\"logo\":{\"@type\":\"ImageObject\",\"inLanguage\":\"fr-FR\",\"@id\":\"https:\/\/akuku.com.pl\/fr\/#\/schema\/logo\/image\/\",\"url\":\"https:\/\/akuku.com.pl\/wp-content\/uploads\/2024\/04\/akuku-logo.svg\",\"contentUrl\":\"https:\/\/akuku.com.pl\/wp-content\/uploads\/2024\/04\/akuku-logo.svg\",\"width\":114,\"height\":50,\"caption\":\"Akuku.com.pl\"},\"image\":{\"@id\":\"https:\/\/akuku.com.pl\/fr\/#\/schema\/logo\/image\/\"},\"sameAs\":[\"https:\/\/www.facebook.com\/markaAKUKU\"]}]}<\/script>\n<!-- \/ Yoast SEO plugin. -->","yoast_head_json":{"title":"Attache-t\u00e9tine - Akuku","description":"Sprawd\u017a nasz produkt: Attache-t\u00e9tine. Produkty Akuku - odpowiednie dla mam i niemowl\u0105t!","robots":{"index":"index","follow":"follow","max-snippet":"max-snippet:-1","max-image-preview":"max-image-preview:large","max-video-preview":"max-video-preview:-1"},"canonical":"https:\/\/akuku.com.pl\/fr\/catalogue-de-produits\/sucettes-calmates-et-accessoires\/accessories-fr-2\/attache-tetine-en-silicone-kopia\/","og_locale":"fr_FR","og_type":"article","og_title":"Attache-t\u00e9tine - Akuku","og_description":"Sprawd\u017a nasz produkt: Attache-t\u00e9tine. Produkty Akuku - odpowiednie dla mam i niemowl\u0105t!","og_url":"https:\/\/akuku.com.pl\/fr\/catalogue-de-produits\/sucettes-calmates-et-accessoires\/accessories-fr-2\/attache-tetine-en-silicone-kopia\/","og_site_name":"Akuku","article_publisher":"https:\/\/www.facebook.com\/markaAKUKU","article_modified_time":"2025-01-28T12:59:15+00:00","og_image":[{"width":1000,"height":1000,"url":"https:\/\/akuku.com.pl\/wp-content\/uploads\/2025\/01\/A0688.jpg","type":"image\/jpeg"}],"twitter_card":"summary_large_image","twitter_misc":{"Dur\u00e9e de lecture estim\u00e9e":"1 minute"},"schema":{"@context":"https:\/\/schema.org","@graph":[{"@type":"WebPage","@id":"https:\/\/akuku.com.pl\/fr\/catalogue-de-produits\/sucettes-calmates-et-accessoires\/accessories-fr-2\/attache-tetine-en-silicone-kopia\/","url":"https:\/\/akuku.com.pl\/fr\/catalogue-de-produits\/sucettes-calmates-et-accessoires\/accessories-fr-2\/attache-tetine-en-silicone-kopia\/","name":"Attache-t\u00e9tine - Akuku","isPartOf":{"@id":"https:\/\/akuku.com.pl\/fr\/#website"},"primaryImageOfPage":{"@id":"https:\/\/akuku.com.pl\/fr\/catalogue-de-produits\/sucettes-calmates-et-accessoires\/accessories-fr-2\/attache-tetine-en-silicone-kopia\/#primaryimage"},"image":{"@id":"https:\/\/akuku.com.pl\/fr\/catalogue-de-produits\/sucettes-calmates-et-accessoires\/accessories-fr-2\/attache-tetine-en-silicone-kopia\/#primaryimage"},"thumbnailUrl":"https:\/\/akuku.com.pl\/wp-content\/uploads\/2025\/01\/A0688.jpg","datePublished":"2025-01-28T12:33:38+00:00","dateModified":"2025-01-28T12:59:15+00:00","description":"Sprawd\u017a nasz produkt: Attache-t\u00e9tine. Produkty Akuku - odpowiednie dla mam i niemowl\u0105t!","breadcrumb":{"@id":"https:\/\/akuku.com.pl\/fr\/catalogue-de-produits\/sucettes-calmates-et-accessoires\/accessories-fr-2\/attache-tetine-en-silicone-kopia\/#breadcrumb"},"inLanguage":"fr-FR","potentialAction":[{"@type":"ReadAction","target":["https:\/\/akuku.com.pl\/fr\/catalogue-de-produits\/sucettes-calmates-et-accessoires\/accessories-fr-2\/attache-tetine-en-silicone-kopia\/"]}]},{"@type":"ImageObject","inLanguage":"fr-FR","@id":"https:\/\/akuku.com.pl\/fr\/catalogue-de-produits\/sucettes-calmates-et-accessoires\/accessories-fr-2\/attache-tetine-en-silicone-kopia\/#primaryimage","url":"https:\/\/akuku.com.pl\/wp-content\/uploads\/2025\/01\/A0688.jpg","contentUrl":"https:\/\/akuku.com.pl\/wp-content\/uploads\/2025\/01\/A0688.jpg","width":1000,"height":1000},{"@type":"BreadcrumbList","@id":"https:\/\/akuku.com.pl\/fr\/catalogue-de-produits\/sucettes-calmates-et-accessoires\/accessories-fr-2\/attache-tetine-en-silicone-kopia\/#breadcrumb","itemListElement":[{"@type":"ListItem","position":1,"name":"Strona g\u0142\u00f3wna","item":"https:\/\/akuku.com.pl\/fr\/"},{"@type":"ListItem","position":2,"name":"Boutique","item":"https:\/\/akuku.com.pl\/wszystkie-produkty\/"},{"@type":"ListItem","position":3,"name":"Attache-t\u00e9tine"}]},{"@type":"WebSite","@id":"https:\/\/akuku.com.pl\/fr\/#website","url":"https:\/\/akuku.com.pl\/fr\/","name":"Akuku.com.pl","description":"","publisher":{"@id":"https:\/\/akuku.com.pl\/fr\/#organization"},"potentialAction":[{"@type":"SearchAction","target":{"@type":"EntryPoint","urlTemplate":"https:\/\/akuku.com.pl\/fr\/?s={search_term_string}"},"query-input":{"@type":"PropertyValueSpecification","valueRequired":true,"valueName":"search_term_string"}}],"inLanguage":"fr-FR"},{"@type":"Organization","@id":"https:\/\/akuku.com.pl\/fr\/#organization","name":"Akuku.com.pl","url":"https:\/\/akuku.com.pl\/fr\/","logo":{"@type":"ImageObject","inLanguage":"fr-FR","@id":"https:\/\/akuku.com.pl\/fr\/#\/schema\/logo\/image\/","url":"https:\/\/akuku.com.pl\/wp-content\/uploads\/2024\/04\/akuku-logo.svg","contentUrl":"https:\/\/akuku.com.pl\/wp-content\/uploads\/2024\/04\/akuku-logo.svg","width":114,"height":50,"caption":"Akuku.com.pl"},"image":{"@id":"https:\/\/akuku.com.pl\/fr\/#\/schema\/logo\/image\/"},"sameAs":["https:\/\/www.facebook.com\/markaAKUKU"]}]}},"_links":{"self":[{"href":"https:\/\/akuku.com.pl\/fr\/wp-json\/wp\/v2\/product\/16061","targetHints":{"allow":["GET"]}}],"collection":[{"href":"https:\/\/akuku.com.pl\/fr\/wp-json\/wp\/v2\/product"}],"about":[{"href":"https:\/\/akuku.com.pl\/fr\/wp-json\/wp\/v2\/types\/product"}],"wp:featuredmedia":[{"embeddable":true,"href":"https:\/\/akuku.com.pl\/fr\/wp-json\/wp\/v2\/media\/16022"}],"wp:attachment":[{"href":"https:\/\/akuku.com.pl\/fr\/wp-json\/wp\/v2\/media?parent=16061"}],"wp:term":[{"taxonomy":"product_cat","embeddable":true,"href":"https:\/\/akuku.com.pl\/fr\/wp-json\/wp\/v2\/product_cat?post=16061"},{"taxonomy":"product_tag","embeddable":true,"href":"https:\/\/akuku.com.pl\/fr\/wp-json\/wp\/v2\/product_tag?post=16061"}],"curies":[{"name":"wp","href":"https:\/\/api.w.org\/{rel}","templated":true}]}}