{"id":15971,"date":"2025-01-22T15:31:11","date_gmt":"2025-01-22T14:31:11","guid":{"rendered":"https:\/\/akuku.com.pl\/?post_type=product&#038;p=15971"},"modified":"2025-01-22T15:34:18","modified_gmt":"2025-01-22T14:34:18","slug":"couverts-pour-enfants-en-acier-inoxydable-kopia","status":"publish","type":"product","link":"https:\/\/akuku.com.pl\/fr\/catalogue-de-produits\/nutrition\/nourriture-et-boissons\/couverts-pour-enfants\/couverts-pour-enfants-en-acier-inoxydable-kopia\/","title":{"rendered":"Couverts pour enfants en acier inoxydable (Kopia)"},"content":{"rendered":"<div class=\"textWrap\">\n<div class=\"textWrap\">\n<div class=\"textWrap\">\n<div class=\"textWrap\" style=\"text-align: justify\">\u00a0<\/div>\n<div class=\"textWrap\" style=\"text-align: justify\">\u00a0<\/div>\n<div class=\"textWrap\" style=\"text-align: justify\">\n<p>Couverts pour enfants en acier inoxydable<br \/>Pratiques et confortables. Parfaits pour apprendre \u00e0 manger de mani\u00e8re autonome. <br \/>Formes adapt\u00e9es aux petites mains des enfants. <br \/>Fabriqu\u00e9s en acier inoxydable de haute qualit\u00e9, avec de la mati\u00e8re premi\u00e8re sans danger pour la sant\u00e9 et acceptable au contact alimentaire.<\/p>\n<p>Contient:<br \/>&#8211; cuill\u00e8re \u00e0 caf\u00e9<br \/>&#8211; fourchette<\/p>\n<p>Sans bisph\u00e9nol A<\/p>\n<p>\u00a0<\/p>\n<\/div>\n<div class=\"textWrap\" style=\"text-align: justify\">\u00a0<\/div>\n<div class=\"textWrap\" style=\"text-align: justify\"><img decoding=\"async\" alt=\"\" src=\"https:\/\/ect.h2g.pl\/akuku\/images\/004.png\" \/>\u00a0\u00a0<img decoding=\"async\" alt=\"\" src=\"https:\/\/ect.h2g.pl\/akuku\/images\/002.png\" \/>\u00a0\u00a0<img decoding=\"async\" alt=\"\" src=\"https:\/\/akuku.com.pl\/wp-content\/uploads\/2024\/09\/BPA-Free-logo-png_1.png\" \/><\/p>\n","protected":false},"excerpt":{"rendered":"<p>\u00a0 \u00a0 Couverts pour enfants en acier inoxydablePratiques et confortables. Parfaits pour apprendre \u00e0 manger de mani\u00e8re autonome. Formes adapt\u00e9es aux petites mains des enfants. Fabriqu\u00e9s en acier inoxydable de haute qualit\u00e9, avec de la mati\u00e8re premi\u00e8re sans danger pour la sant\u00e9 et acceptable au contact alimentaire. Contient:&#8211; cuill\u00e8re \u00e0 caf\u00e9&#8211; fourchette Sans bisph\u00e9nol A [&hellip;]<\/p>\n","protected":false},"featured_media":15974,"template":"","meta":[],"product_cat":[3333,3375],"product_tag":[],"class_list":{"0":"post-15971","1":"product","2":"type-product","3":"status-publish","4":"has-post-thumbnail","6":"product_cat-nutrition","7":"product_cat-couverts-pour-enfants","9":"first","10":"instock","11":"shipping-taxable","12":"product-type-simple"},"yoast_head":"<!-- This site is optimized with the Yoast SEO plugin v26.2 - https:\/\/yoast.com\/wordpress\/plugins\/seo\/ -->\n<title>Couverts pour enfants en acier inoxydable (Kopia) - Akuku<\/title>\n<meta name=\"description\" content=\"Sprawd\u017a nasz produkt: Couverts pour enfants en acier inoxydable (Kopia). Produkty Akuku - odpowiednie dla mam i niemowl\u0105t!\" \/>\n<meta name=\"robots\" content=\"index, follow, max-snippet:-1, max-image-preview:large, max-video-preview:-1\" \/>\n<link rel=\"canonical\" href=\"https:\/\/akuku.com.pl\/fr\/catalogue-de-produits\/nutrition\/nourriture-et-boissons\/couverts-pour-enfants\/couverts-pour-enfants-en-acier-inoxydable-kopia\/\" \/>\n<meta property=\"og:locale\" content=\"fr_FR\" \/>\n<meta property=\"og:type\" content=\"article\" \/>\n<meta property=\"og:title\" content=\"Couverts pour enfants en acier inoxydable (Kopia) - Akuku\" \/>\n<meta property=\"og:description\" content=\"Sprawd\u017a nasz produkt: Couverts pour enfants en acier inoxydable (Kopia). Produkty Akuku - odpowiednie dla mam i niemowl\u0105t!\" \/>\n<meta property=\"og:url\" content=\"https:\/\/akuku.com.pl\/fr\/catalogue-de-produits\/nutrition\/nourriture-et-boissons\/couverts-pour-enfants\/couverts-pour-enfants-en-acier-inoxydable-kopia\/\" \/>\n<meta property=\"og:site_name\" content=\"Akuku\" \/>\n<meta property=\"article:publisher\" content=\"https:\/\/www.facebook.com\/markaAKUKU\" \/>\n<meta property=\"article:modified_time\" content=\"2025-01-22T14:34:18+00:00\" \/>\n<meta property=\"og:image\" content=\"https:\/\/akuku.com.pl\/wp-content\/uploads\/2025\/01\/A0103.jpg\" \/>\n\t<meta property=\"og:image:width\" content=\"1000\" \/>\n\t<meta property=\"og:image:height\" content=\"1000\" \/>\n\t<meta property=\"og:image:type\" content=\"image\/jpeg\" \/>\n<meta name=\"twitter:card\" content=\"summary_large_image\" \/>\n<script type=\"application\/ld+json\" class=\"yoast-schema-graph\">{\"@context\":\"https:\/\/schema.org\",\"@graph\":[{\"@type\":\"WebPage\",\"@id\":\"https:\/\/akuku.com.pl\/fr\/catalogue-de-produits\/nutrition\/nourriture-et-boissons\/couverts-pour-enfants\/couverts-pour-enfants-en-acier-inoxydable-kopia\/\",\"url\":\"https:\/\/akuku.com.pl\/fr\/catalogue-de-produits\/nutrition\/nourriture-et-boissons\/couverts-pour-enfants\/couverts-pour-enfants-en-acier-inoxydable-kopia\/\",\"name\":\"Couverts pour enfants en acier inoxydable (Kopia) - Akuku\",\"isPartOf\":{\"@id\":\"https:\/\/akuku.com.pl\/fr\/#website\"},\"primaryImageOfPage\":{\"@id\":\"https:\/\/akuku.com.pl\/fr\/catalogue-de-produits\/nutrition\/nourriture-et-boissons\/couverts-pour-enfants\/couverts-pour-enfants-en-acier-inoxydable-kopia\/#primaryimage\"},\"image\":{\"@id\":\"https:\/\/akuku.com.pl\/fr\/catalogue-de-produits\/nutrition\/nourriture-et-boissons\/couverts-pour-enfants\/couverts-pour-enfants-en-acier-inoxydable-kopia\/#primaryimage\"},\"thumbnailUrl\":\"https:\/\/akuku.com.pl\/wp-content\/uploads\/2025\/01\/A0103.jpg\",\"datePublished\":\"2025-01-22T14:31:11+00:00\",\"dateModified\":\"2025-01-22T14:34:18+00:00\",\"description\":\"Sprawd\u017a nasz produkt: Couverts pour enfants en acier inoxydable (Kopia). Produkty Akuku - odpowiednie dla mam i niemowl\u0105t!\",\"breadcrumb\":{\"@id\":\"https:\/\/akuku.com.pl\/fr\/catalogue-de-produits\/nutrition\/nourriture-et-boissons\/couverts-pour-enfants\/couverts-pour-enfants-en-acier-inoxydable-kopia\/#breadcrumb\"},\"inLanguage\":\"fr-FR\",\"potentialAction\":[{\"@type\":\"ReadAction\",\"target\":[\"https:\/\/akuku.com.pl\/fr\/catalogue-de-produits\/nutrition\/nourriture-et-boissons\/couverts-pour-enfants\/couverts-pour-enfants-en-acier-inoxydable-kopia\/\"]}]},{\"@type\":\"ImageObject\",\"inLanguage\":\"fr-FR\",\"@id\":\"https:\/\/akuku.com.pl\/fr\/catalogue-de-produits\/nutrition\/nourriture-et-boissons\/couverts-pour-enfants\/couverts-pour-enfants-en-acier-inoxydable-kopia\/#primaryimage\",\"url\":\"https:\/\/akuku.com.pl\/wp-content\/uploads\/2025\/01\/A0103.jpg\",\"contentUrl\":\"https:\/\/akuku.com.pl\/wp-content\/uploads\/2025\/01\/A0103.jpg\",\"width\":1000,\"height\":1000},{\"@type\":\"BreadcrumbList\",\"@id\":\"https:\/\/akuku.com.pl\/fr\/catalogue-de-produits\/nutrition\/nourriture-et-boissons\/couverts-pour-enfants\/couverts-pour-enfants-en-acier-inoxydable-kopia\/#breadcrumb\",\"itemListElement\":[{\"@type\":\"ListItem\",\"position\":1,\"name\":\"Strona g\u0142\u00f3wna\",\"item\":\"https:\/\/akuku.com.pl\/fr\/\"},{\"@type\":\"ListItem\",\"position\":2,\"name\":\"Boutique\",\"item\":\"https:\/\/akuku.com.pl\/wszystkie-produkty\/\"},{\"@type\":\"ListItem\",\"position\":3,\"name\":\"Couverts pour enfants en acier inoxydable (Kopia)\"}]},{\"@type\":\"WebSite\",\"@id\":\"https:\/\/akuku.com.pl\/fr\/#website\",\"url\":\"https:\/\/akuku.com.pl\/fr\/\",\"name\":\"Akuku.com.pl\",\"description\":\"\",\"publisher\":{\"@id\":\"https:\/\/akuku.com.pl\/fr\/#organization\"},\"potentialAction\":[{\"@type\":\"SearchAction\",\"target\":{\"@type\":\"EntryPoint\",\"urlTemplate\":\"https:\/\/akuku.com.pl\/fr\/?s={search_term_string}\"},\"query-input\":{\"@type\":\"PropertyValueSpecification\",\"valueRequired\":true,\"valueName\":\"search_term_string\"}}],\"inLanguage\":\"fr-FR\"},{\"@type\":\"Organization\",\"@id\":\"https:\/\/akuku.com.pl\/fr\/#organization\",\"name\":\"Akuku.com.pl\",\"url\":\"https:\/\/akuku.com.pl\/fr\/\",\"logo\":{\"@type\":\"ImageObject\",\"inLanguage\":\"fr-FR\",\"@id\":\"https:\/\/akuku.com.pl\/fr\/#\/schema\/logo\/image\/\",\"url\":\"https:\/\/akuku.com.pl\/wp-content\/uploads\/2024\/04\/akuku-logo.svg\",\"contentUrl\":\"https:\/\/akuku.com.pl\/wp-content\/uploads\/2024\/04\/akuku-logo.svg\",\"width\":114,\"height\":50,\"caption\":\"Akuku.com.pl\"},\"image\":{\"@id\":\"https:\/\/akuku.com.pl\/fr\/#\/schema\/logo\/image\/\"},\"sameAs\":[\"https:\/\/www.facebook.com\/markaAKUKU\"]}]}<\/script>\n<!-- \/ Yoast SEO plugin. -->","yoast_head_json":{"title":"Couverts pour enfants en acier inoxydable (Kopia) - Akuku","description":"Sprawd\u017a nasz produkt: Couverts pour enfants en acier inoxydable (Kopia). Produkty Akuku - odpowiednie dla mam i niemowl\u0105t!","robots":{"index":"index","follow":"follow","max-snippet":"max-snippet:-1","max-image-preview":"max-image-preview:large","max-video-preview":"max-video-preview:-1"},"canonical":"https:\/\/akuku.com.pl\/fr\/catalogue-de-produits\/nutrition\/nourriture-et-boissons\/couverts-pour-enfants\/couverts-pour-enfants-en-acier-inoxydable-kopia\/","og_locale":"fr_FR","og_type":"article","og_title":"Couverts pour enfants en acier inoxydable (Kopia) - Akuku","og_description":"Sprawd\u017a nasz produkt: Couverts pour enfants en acier inoxydable (Kopia). Produkty Akuku - odpowiednie dla mam i niemowl\u0105t!","og_url":"https:\/\/akuku.com.pl\/fr\/catalogue-de-produits\/nutrition\/nourriture-et-boissons\/couverts-pour-enfants\/couverts-pour-enfants-en-acier-inoxydable-kopia\/","og_site_name":"Akuku","article_publisher":"https:\/\/www.facebook.com\/markaAKUKU","article_modified_time":"2025-01-22T14:34:18+00:00","og_image":[{"width":1000,"height":1000,"url":"https:\/\/akuku.com.pl\/wp-content\/uploads\/2025\/01\/A0103.jpg","type":"image\/jpeg"}],"twitter_card":"summary_large_image","schema":{"@context":"https:\/\/schema.org","@graph":[{"@type":"WebPage","@id":"https:\/\/akuku.com.pl\/fr\/catalogue-de-produits\/nutrition\/nourriture-et-boissons\/couverts-pour-enfants\/couverts-pour-enfants-en-acier-inoxydable-kopia\/","url":"https:\/\/akuku.com.pl\/fr\/catalogue-de-produits\/nutrition\/nourriture-et-boissons\/couverts-pour-enfants\/couverts-pour-enfants-en-acier-inoxydable-kopia\/","name":"Couverts pour enfants en acier inoxydable (Kopia) - Akuku","isPartOf":{"@id":"https:\/\/akuku.com.pl\/fr\/#website"},"primaryImageOfPage":{"@id":"https:\/\/akuku.com.pl\/fr\/catalogue-de-produits\/nutrition\/nourriture-et-boissons\/couverts-pour-enfants\/couverts-pour-enfants-en-acier-inoxydable-kopia\/#primaryimage"},"image":{"@id":"https:\/\/akuku.com.pl\/fr\/catalogue-de-produits\/nutrition\/nourriture-et-boissons\/couverts-pour-enfants\/couverts-pour-enfants-en-acier-inoxydable-kopia\/#primaryimage"},"thumbnailUrl":"https:\/\/akuku.com.pl\/wp-content\/uploads\/2025\/01\/A0103.jpg","datePublished":"2025-01-22T14:31:11+00:00","dateModified":"2025-01-22T14:34:18+00:00","description":"Sprawd\u017a nasz produkt: Couverts pour enfants en acier inoxydable (Kopia). Produkty Akuku - odpowiednie dla mam i niemowl\u0105t!","breadcrumb":{"@id":"https:\/\/akuku.com.pl\/fr\/catalogue-de-produits\/nutrition\/nourriture-et-boissons\/couverts-pour-enfants\/couverts-pour-enfants-en-acier-inoxydable-kopia\/#breadcrumb"},"inLanguage":"fr-FR","potentialAction":[{"@type":"ReadAction","target":["https:\/\/akuku.com.pl\/fr\/catalogue-de-produits\/nutrition\/nourriture-et-boissons\/couverts-pour-enfants\/couverts-pour-enfants-en-acier-inoxydable-kopia\/"]}]},{"@type":"ImageObject","inLanguage":"fr-FR","@id":"https:\/\/akuku.com.pl\/fr\/catalogue-de-produits\/nutrition\/nourriture-et-boissons\/couverts-pour-enfants\/couverts-pour-enfants-en-acier-inoxydable-kopia\/#primaryimage","url":"https:\/\/akuku.com.pl\/wp-content\/uploads\/2025\/01\/A0103.jpg","contentUrl":"https:\/\/akuku.com.pl\/wp-content\/uploads\/2025\/01\/A0103.jpg","width":1000,"height":1000},{"@type":"BreadcrumbList","@id":"https:\/\/akuku.com.pl\/fr\/catalogue-de-produits\/nutrition\/nourriture-et-boissons\/couverts-pour-enfants\/couverts-pour-enfants-en-acier-inoxydable-kopia\/#breadcrumb","itemListElement":[{"@type":"ListItem","position":1,"name":"Strona g\u0142\u00f3wna","item":"https:\/\/akuku.com.pl\/fr\/"},{"@type":"ListItem","position":2,"name":"Boutique","item":"https:\/\/akuku.com.pl\/wszystkie-produkty\/"},{"@type":"ListItem","position":3,"name":"Couverts pour enfants en acier inoxydable (Kopia)"}]},{"@type":"WebSite","@id":"https:\/\/akuku.com.pl\/fr\/#website","url":"https:\/\/akuku.com.pl\/fr\/","name":"Akuku.com.pl","description":"","publisher":{"@id":"https:\/\/akuku.com.pl\/fr\/#organization"},"potentialAction":[{"@type":"SearchAction","target":{"@type":"EntryPoint","urlTemplate":"https:\/\/akuku.com.pl\/fr\/?s={search_term_string}"},"query-input":{"@type":"PropertyValueSpecification","valueRequired":true,"valueName":"search_term_string"}}],"inLanguage":"fr-FR"},{"@type":"Organization","@id":"https:\/\/akuku.com.pl\/fr\/#organization","name":"Akuku.com.pl","url":"https:\/\/akuku.com.pl\/fr\/","logo":{"@type":"ImageObject","inLanguage":"fr-FR","@id":"https:\/\/akuku.com.pl\/fr\/#\/schema\/logo\/image\/","url":"https:\/\/akuku.com.pl\/wp-content\/uploads\/2024\/04\/akuku-logo.svg","contentUrl":"https:\/\/akuku.com.pl\/wp-content\/uploads\/2024\/04\/akuku-logo.svg","width":114,"height":50,"caption":"Akuku.com.pl"},"image":{"@id":"https:\/\/akuku.com.pl\/fr\/#\/schema\/logo\/image\/"},"sameAs":["https:\/\/www.facebook.com\/markaAKUKU"]}]}},"_links":{"self":[{"href":"https:\/\/akuku.com.pl\/fr\/wp-json\/wp\/v2\/product\/15971","targetHints":{"allow":["GET"]}}],"collection":[{"href":"https:\/\/akuku.com.pl\/fr\/wp-json\/wp\/v2\/product"}],"about":[{"href":"https:\/\/akuku.com.pl\/fr\/wp-json\/wp\/v2\/types\/product"}],"wp:featuredmedia":[{"embeddable":true,"href":"https:\/\/akuku.com.pl\/fr\/wp-json\/wp\/v2\/media\/15974"}],"wp:attachment":[{"href":"https:\/\/akuku.com.pl\/fr\/wp-json\/wp\/v2\/media?parent=15971"}],"wp:term":[{"taxonomy":"product_cat","embeddable":true,"href":"https:\/\/akuku.com.pl\/fr\/wp-json\/wp\/v2\/product_cat?post=15971"},{"taxonomy":"product_tag","embeddable":true,"href":"https:\/\/akuku.com.pl\/fr\/wp-json\/wp\/v2\/product_tag?post=15971"}],"curies":[{"name":"wp","href":"https:\/\/api.w.org\/{rel}","templated":true}]}}