{"id":15812,"date":"2024-07-04T22:30:53","date_gmt":"2024-07-04T20:30:53","guid":{"rendered":"https:\/\/akuku.com.pl\/katalog-produktow\/non%20class\u00e9\/coussinets-dallaitement-premium\/"},"modified":"2024-12-16T08:56:09","modified_gmt":"2024-12-16T07:56:09","slug":"coussinets-dallaitement-premium","status":"publish","type":"product","link":"https:\/\/akuku.com.pl\/fr\/catalogue-de-produits\/pour-maman\/allaitement\/coussinets-dallaitement\/coussinets-dallaitement-premium\/","title":{"rendered":"Coussinets d&rsquo;allaitement PREMIUM"},"content":{"rendered":"<p>&nbsp;<\/p>\n<p>Coussinets d&rsquo;allaitement de marque \u00ab\u00a0akuku\u00a0\u00bb sont <strong>ultra fins et ultra absorbants<\/strong>, confortables, discrets et profil\u00e9s. Leur pouvoir d\u2019absorber est d\u00fb \u00e0 deux couches absorbantes suppl\u00e9mentaires. La technologie unique nous a permis de cr\u00e9er des inserts extr\u00eamement fins, d\u2019un milim\u00e8tre d&rsquo;\u00e9paisseur seulement, qui assurent une sensation de s\u00e9cheresse et de fra\u00eecheur \u00e0 long terme. Les inserts <strong>Ultraslim<\/strong> ont un insert g\u00e9lifiant qui \u00e9loigne l&rsquo;humidit\u00e9 de votre sous-v\u00eatement. La structure a\u00e9r\u00e9e du coussinet est respectueuse par rapport \u00e0 votre corps. Des bandes autocollantes le maintiennent en place. <strong>Chaque pi\u00e8ce est emball\u00e9e dans un sachet s\u00e9par\u00e9<\/strong>, ce qui garantit l&rsquo;hygi\u00e8ne et le confort.<\/p>\n<p>&nbsp;<\/p>\n<p><strong>Attention!<\/strong> Changez r\u00e9guli\u00e8rement les coussinets d&rsquo;allaitement et jetez-les \u00e0 la poubelle apr\u00e8s utilisation. Si le produit est endommag\u00e9, remplacez-le par un neuf.<\/p>\n<p>&nbsp;<\/p>\n<p><strong>Avertissement!<\/strong> Le produit n&rsquo;est pas un jouet. Gardez-le hors de port\u00e9e de l&rsquo;enfant.<\/p>\n<p>&nbsp;<\/p>\n<p>Le paquet contient 30 coussinets d&rsquo;allaitement.<\/p>\n<p>&nbsp;<\/p>\n<p>&nbsp;<\/p>\n<p>CODE EAN: 5907644003549<\/p>\n","protected":false},"excerpt":{"rendered":"<p>&nbsp; Coussinets d&rsquo;allaitement de marque \u00ab\u00a0akuku\u00a0\u00bb sont ultra fins et ultra absorbants, confortables, discrets et profil\u00e9s. Leur pouvoir d\u2019absorber est d\u00fb \u00e0 deux couches absorbantes suppl\u00e9mentaires. La technologie unique nous a permis de cr\u00e9er des inserts extr\u00eamement fins, d\u2019un milim\u00e8tre d&rsquo;\u00e9paisseur seulement, qui assurent une sensation de s\u00e9cheresse et de fra\u00eecheur \u00e0 long terme. Les [&hellip;]<\/p>\n","protected":false},"featured_media":5839,"template":"","meta":[],"product_cat":[3317,3319,3321],"product_tag":[],"class_list":{"0":"post-15812","1":"product","2":"type-product","3":"status-publish","4":"has-post-thumbnail","6":"product_cat-pour-maman","7":"product_cat-allaitement","8":"product_cat-coussinets-dallaitement","10":"first","11":"instock","12":"shipping-taxable","13":"product-type-simple"},"yoast_head":"<!-- This site is optimized with the Yoast SEO plugin v26.2 - https:\/\/yoast.com\/wordpress\/plugins\/seo\/ -->\n<title>Coussinets d&#039;allaitement PREMIUM - Akuku<\/title>\n<meta name=\"description\" content=\"Sprawd\u017a nasz produkt: Coussinets d&#039;allaitement PREMIUM. Produkty Akuku - odpowiednie dla mam i niemowl\u0105t!\" \/>\n<meta name=\"robots\" content=\"index, follow, max-snippet:-1, max-image-preview:large, max-video-preview:-1\" \/>\n<link rel=\"canonical\" href=\"https:\/\/akuku.com.pl\/fr\/catalogue-de-produits\/pour-maman\/allaitement\/coussinets-dallaitement\/coussinets-dallaitement-premium\/\" \/>\n<meta property=\"og:locale\" content=\"fr_FR\" \/>\n<meta property=\"og:type\" content=\"article\" \/>\n<meta property=\"og:title\" content=\"Coussinets d&#039;allaitement PREMIUM - Akuku\" \/>\n<meta property=\"og:description\" content=\"Sprawd\u017a nasz produkt: Coussinets d&#039;allaitement PREMIUM. Produkty Akuku - odpowiednie dla mam i niemowl\u0105t!\" \/>\n<meta property=\"og:url\" content=\"https:\/\/akuku.com.pl\/fr\/catalogue-de-produits\/pour-maman\/allaitement\/coussinets-dallaitement\/coussinets-dallaitement-premium\/\" \/>\n<meta property=\"og:site_name\" content=\"Akuku\" \/>\n<meta property=\"article:publisher\" content=\"https:\/\/www.facebook.com\/markaAKUKU\" \/>\n<meta property=\"article:modified_time\" content=\"2024-12-16T07:56:09+00:00\" \/>\n<meta property=\"og:image\" content=\"https:\/\/akuku.com.pl\/wp-content\/uploads\/2024\/07\/a0354-wkadki-laktacyjne-premium.jpg\" \/>\n\t<meta property=\"og:image:width\" content=\"500\" \/>\n\t<meta property=\"og:image:height\" content=\"500\" \/>\n\t<meta property=\"og:image:type\" content=\"image\/jpeg\" \/>\n<meta name=\"twitter:card\" content=\"summary_large_image\" \/>\n<meta name=\"twitter:label1\" content=\"Dur\u00e9e de lecture estim\u00e9e\" \/>\n\t<meta name=\"twitter:data1\" content=\"1 minute\" \/>\n<script type=\"application\/ld+json\" class=\"yoast-schema-graph\">{\"@context\":\"https:\/\/schema.org\",\"@graph\":[{\"@type\":\"WebPage\",\"@id\":\"https:\/\/akuku.com.pl\/fr\/catalogue-de-produits\/pour-maman\/allaitement\/coussinets-dallaitement\/coussinets-dallaitement-premium\/\",\"url\":\"https:\/\/akuku.com.pl\/fr\/catalogue-de-produits\/pour-maman\/allaitement\/coussinets-dallaitement\/coussinets-dallaitement-premium\/\",\"name\":\"Coussinets d'allaitement PREMIUM - Akuku\",\"isPartOf\":{\"@id\":\"https:\/\/akuku.com.pl\/fr\/#website\"},\"primaryImageOfPage\":{\"@id\":\"https:\/\/akuku.com.pl\/fr\/catalogue-de-produits\/pour-maman\/allaitement\/coussinets-dallaitement\/coussinets-dallaitement-premium\/#primaryimage\"},\"image\":{\"@id\":\"https:\/\/akuku.com.pl\/fr\/catalogue-de-produits\/pour-maman\/allaitement\/coussinets-dallaitement\/coussinets-dallaitement-premium\/#primaryimage\"},\"thumbnailUrl\":\"https:\/\/akuku.com.pl\/wp-content\/uploads\/2024\/07\/a0354-wkadki-laktacyjne-premium.jpg\",\"datePublished\":\"2024-07-04T20:30:53+00:00\",\"dateModified\":\"2024-12-16T07:56:09+00:00\",\"description\":\"Sprawd\u017a nasz produkt: Coussinets d'allaitement PREMIUM. Produkty Akuku - odpowiednie dla mam i niemowl\u0105t!\",\"breadcrumb\":{\"@id\":\"https:\/\/akuku.com.pl\/fr\/catalogue-de-produits\/pour-maman\/allaitement\/coussinets-dallaitement\/coussinets-dallaitement-premium\/#breadcrumb\"},\"inLanguage\":\"fr-FR\",\"potentialAction\":[{\"@type\":\"ReadAction\",\"target\":[\"https:\/\/akuku.com.pl\/fr\/catalogue-de-produits\/pour-maman\/allaitement\/coussinets-dallaitement\/coussinets-dallaitement-premium\/\"]}]},{\"@type\":\"ImageObject\",\"inLanguage\":\"fr-FR\",\"@id\":\"https:\/\/akuku.com.pl\/fr\/catalogue-de-produits\/pour-maman\/allaitement\/coussinets-dallaitement\/coussinets-dallaitement-premium\/#primaryimage\",\"url\":\"https:\/\/akuku.com.pl\/wp-content\/uploads\/2024\/07\/a0354-wkadki-laktacyjne-premium.jpg\",\"contentUrl\":\"https:\/\/akuku.com.pl\/wp-content\/uploads\/2024\/07\/a0354-wkadki-laktacyjne-premium.jpg\",\"width\":500,\"height\":500},{\"@type\":\"BreadcrumbList\",\"@id\":\"https:\/\/akuku.com.pl\/fr\/catalogue-de-produits\/pour-maman\/allaitement\/coussinets-dallaitement\/coussinets-dallaitement-premium\/#breadcrumb\",\"itemListElement\":[{\"@type\":\"ListItem\",\"position\":1,\"name\":\"Strona g\u0142\u00f3wna\",\"item\":\"https:\/\/akuku.com.pl\/fr\/\"},{\"@type\":\"ListItem\",\"position\":2,\"name\":\"Boutique\",\"item\":\"https:\/\/akuku.com.pl\/wszystkie-produkty\/\"},{\"@type\":\"ListItem\",\"position\":3,\"name\":\"Coussinets d&#8217;allaitement PREMIUM\"}]},{\"@type\":\"WebSite\",\"@id\":\"https:\/\/akuku.com.pl\/fr\/#website\",\"url\":\"https:\/\/akuku.com.pl\/fr\/\",\"name\":\"Akuku.com.pl\",\"description\":\"\",\"publisher\":{\"@id\":\"https:\/\/akuku.com.pl\/fr\/#organization\"},\"potentialAction\":[{\"@type\":\"SearchAction\",\"target\":{\"@type\":\"EntryPoint\",\"urlTemplate\":\"https:\/\/akuku.com.pl\/fr\/?s={search_term_string}\"},\"query-input\":{\"@type\":\"PropertyValueSpecification\",\"valueRequired\":true,\"valueName\":\"search_term_string\"}}],\"inLanguage\":\"fr-FR\"},{\"@type\":\"Organization\",\"@id\":\"https:\/\/akuku.com.pl\/fr\/#organization\",\"name\":\"Akuku.com.pl\",\"url\":\"https:\/\/akuku.com.pl\/fr\/\",\"logo\":{\"@type\":\"ImageObject\",\"inLanguage\":\"fr-FR\",\"@id\":\"https:\/\/akuku.com.pl\/fr\/#\/schema\/logo\/image\/\",\"url\":\"https:\/\/akuku.com.pl\/wp-content\/uploads\/2024\/04\/akuku-logo.svg\",\"contentUrl\":\"https:\/\/akuku.com.pl\/wp-content\/uploads\/2024\/04\/akuku-logo.svg\",\"width\":114,\"height\":50,\"caption\":\"Akuku.com.pl\"},\"image\":{\"@id\":\"https:\/\/akuku.com.pl\/fr\/#\/schema\/logo\/image\/\"},\"sameAs\":[\"https:\/\/www.facebook.com\/markaAKUKU\"]}]}<\/script>\n<!-- \/ Yoast SEO plugin. -->","yoast_head_json":{"title":"Coussinets d'allaitement PREMIUM - Akuku","description":"Sprawd\u017a nasz produkt: Coussinets d'allaitement PREMIUM. Produkty Akuku - odpowiednie dla mam i niemowl\u0105t!","robots":{"index":"index","follow":"follow","max-snippet":"max-snippet:-1","max-image-preview":"max-image-preview:large","max-video-preview":"max-video-preview:-1"},"canonical":"https:\/\/akuku.com.pl\/fr\/catalogue-de-produits\/pour-maman\/allaitement\/coussinets-dallaitement\/coussinets-dallaitement-premium\/","og_locale":"fr_FR","og_type":"article","og_title":"Coussinets d'allaitement PREMIUM - Akuku","og_description":"Sprawd\u017a nasz produkt: Coussinets d'allaitement PREMIUM. Produkty Akuku - odpowiednie dla mam i niemowl\u0105t!","og_url":"https:\/\/akuku.com.pl\/fr\/catalogue-de-produits\/pour-maman\/allaitement\/coussinets-dallaitement\/coussinets-dallaitement-premium\/","og_site_name":"Akuku","article_publisher":"https:\/\/www.facebook.com\/markaAKUKU","article_modified_time":"2024-12-16T07:56:09+00:00","og_image":[{"width":500,"height":500,"url":"https:\/\/akuku.com.pl\/wp-content\/uploads\/2024\/07\/a0354-wkadki-laktacyjne-premium.jpg","type":"image\/jpeg"}],"twitter_card":"summary_large_image","twitter_misc":{"Dur\u00e9e de lecture estim\u00e9e":"1 minute"},"schema":{"@context":"https:\/\/schema.org","@graph":[{"@type":"WebPage","@id":"https:\/\/akuku.com.pl\/fr\/catalogue-de-produits\/pour-maman\/allaitement\/coussinets-dallaitement\/coussinets-dallaitement-premium\/","url":"https:\/\/akuku.com.pl\/fr\/catalogue-de-produits\/pour-maman\/allaitement\/coussinets-dallaitement\/coussinets-dallaitement-premium\/","name":"Coussinets d'allaitement PREMIUM - Akuku","isPartOf":{"@id":"https:\/\/akuku.com.pl\/fr\/#website"},"primaryImageOfPage":{"@id":"https:\/\/akuku.com.pl\/fr\/catalogue-de-produits\/pour-maman\/allaitement\/coussinets-dallaitement\/coussinets-dallaitement-premium\/#primaryimage"},"image":{"@id":"https:\/\/akuku.com.pl\/fr\/catalogue-de-produits\/pour-maman\/allaitement\/coussinets-dallaitement\/coussinets-dallaitement-premium\/#primaryimage"},"thumbnailUrl":"https:\/\/akuku.com.pl\/wp-content\/uploads\/2024\/07\/a0354-wkadki-laktacyjne-premium.jpg","datePublished":"2024-07-04T20:30:53+00:00","dateModified":"2024-12-16T07:56:09+00:00","description":"Sprawd\u017a nasz produkt: Coussinets d'allaitement PREMIUM. Produkty Akuku - odpowiednie dla mam i niemowl\u0105t!","breadcrumb":{"@id":"https:\/\/akuku.com.pl\/fr\/catalogue-de-produits\/pour-maman\/allaitement\/coussinets-dallaitement\/coussinets-dallaitement-premium\/#breadcrumb"},"inLanguage":"fr-FR","potentialAction":[{"@type":"ReadAction","target":["https:\/\/akuku.com.pl\/fr\/catalogue-de-produits\/pour-maman\/allaitement\/coussinets-dallaitement\/coussinets-dallaitement-premium\/"]}]},{"@type":"ImageObject","inLanguage":"fr-FR","@id":"https:\/\/akuku.com.pl\/fr\/catalogue-de-produits\/pour-maman\/allaitement\/coussinets-dallaitement\/coussinets-dallaitement-premium\/#primaryimage","url":"https:\/\/akuku.com.pl\/wp-content\/uploads\/2024\/07\/a0354-wkadki-laktacyjne-premium.jpg","contentUrl":"https:\/\/akuku.com.pl\/wp-content\/uploads\/2024\/07\/a0354-wkadki-laktacyjne-premium.jpg","width":500,"height":500},{"@type":"BreadcrumbList","@id":"https:\/\/akuku.com.pl\/fr\/catalogue-de-produits\/pour-maman\/allaitement\/coussinets-dallaitement\/coussinets-dallaitement-premium\/#breadcrumb","itemListElement":[{"@type":"ListItem","position":1,"name":"Strona g\u0142\u00f3wna","item":"https:\/\/akuku.com.pl\/fr\/"},{"@type":"ListItem","position":2,"name":"Boutique","item":"https:\/\/akuku.com.pl\/wszystkie-produkty\/"},{"@type":"ListItem","position":3,"name":"Coussinets d&#8217;allaitement PREMIUM"}]},{"@type":"WebSite","@id":"https:\/\/akuku.com.pl\/fr\/#website","url":"https:\/\/akuku.com.pl\/fr\/","name":"Akuku.com.pl","description":"","publisher":{"@id":"https:\/\/akuku.com.pl\/fr\/#organization"},"potentialAction":[{"@type":"SearchAction","target":{"@type":"EntryPoint","urlTemplate":"https:\/\/akuku.com.pl\/fr\/?s={search_term_string}"},"query-input":{"@type":"PropertyValueSpecification","valueRequired":true,"valueName":"search_term_string"}}],"inLanguage":"fr-FR"},{"@type":"Organization","@id":"https:\/\/akuku.com.pl\/fr\/#organization","name":"Akuku.com.pl","url":"https:\/\/akuku.com.pl\/fr\/","logo":{"@type":"ImageObject","inLanguage":"fr-FR","@id":"https:\/\/akuku.com.pl\/fr\/#\/schema\/logo\/image\/","url":"https:\/\/akuku.com.pl\/wp-content\/uploads\/2024\/04\/akuku-logo.svg","contentUrl":"https:\/\/akuku.com.pl\/wp-content\/uploads\/2024\/04\/akuku-logo.svg","width":114,"height":50,"caption":"Akuku.com.pl"},"image":{"@id":"https:\/\/akuku.com.pl\/fr\/#\/schema\/logo\/image\/"},"sameAs":["https:\/\/www.facebook.com\/markaAKUKU"]}]}},"_links":{"self":[{"href":"https:\/\/akuku.com.pl\/fr\/wp-json\/wp\/v2\/product\/15812","targetHints":{"allow":["GET"]}}],"collection":[{"href":"https:\/\/akuku.com.pl\/fr\/wp-json\/wp\/v2\/product"}],"about":[{"href":"https:\/\/akuku.com.pl\/fr\/wp-json\/wp\/v2\/types\/product"}],"wp:featuredmedia":[{"embeddable":true,"href":"https:\/\/akuku.com.pl\/fr\/wp-json\/wp\/v2\/media\/5839"}],"wp:attachment":[{"href":"https:\/\/akuku.com.pl\/fr\/wp-json\/wp\/v2\/media?parent=15812"}],"wp:term":[{"taxonomy":"product_cat","embeddable":true,"href":"https:\/\/akuku.com.pl\/fr\/wp-json\/wp\/v2\/product_cat?post=15812"},{"taxonomy":"product_tag","embeddable":true,"href":"https:\/\/akuku.com.pl\/fr\/wp-json\/wp\/v2\/product_tag?post=15812"}],"curies":[{"name":"wp","href":"https:\/\/api.w.org\/{rel}","templated":true}]}}