{"id":15569,"date":"2024-12-03T12:15:01","date_gmt":"2024-12-03T11:15:01","guid":{"rendered":"https:\/\/akuku.com.pl\/?post_type=product&#038;p=15569"},"modified":"2024-12-03T12:21:35","modified_gmt":"2024-12-03T11:21:35","slug":"brosse-a-dents","status":"publish","type":"product","link":"https:\/\/akuku.com.pl\/fr\/catalogue-de-produits\/soins\/accessoires-de-peuriculture\/brosses-pour-lhygiene-bucco-dentaire\/brosse-a-dents\/","title":{"rendered":"Brosse \u00e0 dents"},"content":{"rendered":"<div class=\"textWrap\">\n<p>&nbsp;<\/p>\n<p>Cette brosse \u00e0 dents de marque Akuku est destin\u00e9e aux enfants de 0 \u00e0 2 ans.<br \/>\nAvec une utilisation r\u00e9guli\u00e8re, nous d\u00e9veloppons une bonne habitude de se brosser les dents m\u00eame chez les plus jeunes enfants, afin qu&rsquo;ils s&rsquo;habituent le plus t\u00f4t possible \u00e0 l&rsquo;hygi\u00e8ne bucco-dentaire.<\/p>\n<p>Le manche de la brosse est faite de fa\u00e7on \u00e0 \u00e9viter de la placer trop loin dans la bouche de l&rsquo;enfant.<br \/>\nVu l\u2019\u00e2ge de l\u2019enfant, une brosse \u00e0 dents doit toujours \u00eatre utilis\u00e9e sous la surveillance des parents.<\/p>\n<p>Les caract\u00e9ristiques les plus importantes de notre brosse \u00e0 dents :<br \/>\n&#8211; la t\u00eate courte prot\u00e8ge contre des coupures et des irritations,<br \/>\n&#8211; les poils d\u00e9licats massent doucement les gencives,<br \/>\n&#8211; poign\u00e9e confortable \u00e0 tenir pour le parent et l&rsquo;enfant.<\/p>\n<\/div>\n<p>&nbsp;<\/p>\n<p>CODE EAN:\u00a0 5907644006779<\/p>\n","protected":false},"excerpt":{"rendered":"<p>&nbsp; Cette brosse \u00e0 dents de marque Akuku est destin\u00e9e aux enfants de 0 \u00e0 2 ans. Avec une utilisation r\u00e9guli\u00e8re, nous d\u00e9veloppons une bonne habitude de se brosser les dents m\u00eame chez les plus jeunes enfants, afin qu&rsquo;ils s&rsquo;habituent le plus t\u00f4t possible \u00e0 l&rsquo;hygi\u00e8ne bucco-dentaire. Le manche de la brosse est faite de [&hellip;]<\/p>\n","protected":false},"featured_media":15606,"template":"","meta":[],"product_cat":[3414,3456],"product_tag":[],"class_list":{"0":"post-15569","1":"product","2":"type-product","3":"status-publish","4":"has-post-thumbnail","6":"product_cat-soins","7":"product_cat-brosses-pour-lhygiene-bucco-dentaire","9":"first","10":"instock","11":"shipping-taxable","12":"product-type-simple"},"yoast_head":"<!-- This site is optimized with the Yoast SEO plugin v26.2 - https:\/\/yoast.com\/wordpress\/plugins\/seo\/ -->\n<title>Brosse \u00e0 dents - Akuku<\/title>\n<meta name=\"description\" content=\"Sprawd\u017a nasz produkt: Brosse \u00e0 dents. Produkty Akuku - odpowiednie dla mam i niemowl\u0105t!\" \/>\n<meta name=\"robots\" content=\"index, follow, max-snippet:-1, max-image-preview:large, max-video-preview:-1\" \/>\n<link rel=\"canonical\" href=\"https:\/\/akuku.com.pl\/fr\/catalogue-de-produits\/soins\/accessoires-de-peuriculture\/brosses-pour-lhygiene-bucco-dentaire\/brosse-a-dents\/\" \/>\n<meta property=\"og:locale\" content=\"fr_FR\" \/>\n<meta property=\"og:type\" content=\"article\" \/>\n<meta property=\"og:title\" content=\"Brosse \u00e0 dents - Akuku\" \/>\n<meta property=\"og:description\" content=\"Sprawd\u017a nasz produkt: Brosse \u00e0 dents. Produkty Akuku - odpowiednie dla mam i niemowl\u0105t!\" \/>\n<meta property=\"og:url\" content=\"https:\/\/akuku.com.pl\/fr\/catalogue-de-produits\/soins\/accessoires-de-peuriculture\/brosses-pour-lhygiene-bucco-dentaire\/brosse-a-dents\/\" \/>\n<meta property=\"og:site_name\" content=\"Akuku\" \/>\n<meta property=\"article:publisher\" content=\"https:\/\/www.facebook.com\/markaAKUKU\" \/>\n<meta property=\"article:modified_time\" content=\"2024-12-03T11:21:35+00:00\" \/>\n<meta property=\"og:image\" content=\"https:\/\/akuku.com.pl\/wp-content\/uploads\/2024\/12\/A0677_20.jpg\" \/>\n\t<meta property=\"og:image:width\" content=\"1300\" \/>\n\t<meta property=\"og:image:height\" content=\"1300\" \/>\n\t<meta property=\"og:image:type\" content=\"image\/jpeg\" \/>\n<meta name=\"twitter:card\" content=\"summary_large_image\" \/>\n<meta name=\"twitter:label1\" content=\"Dur\u00e9e de lecture estim\u00e9e\" \/>\n\t<meta name=\"twitter:data1\" content=\"1 minute\" \/>\n<script type=\"application\/ld+json\" class=\"yoast-schema-graph\">{\"@context\":\"https:\/\/schema.org\",\"@graph\":[{\"@type\":\"WebPage\",\"@id\":\"https:\/\/akuku.com.pl\/fr\/catalogue-de-produits\/soins\/accessoires-de-peuriculture\/brosses-pour-lhygiene-bucco-dentaire\/brosse-a-dents\/\",\"url\":\"https:\/\/akuku.com.pl\/fr\/catalogue-de-produits\/soins\/accessoires-de-peuriculture\/brosses-pour-lhygiene-bucco-dentaire\/brosse-a-dents\/\",\"name\":\"Brosse \u00e0 dents - Akuku\",\"isPartOf\":{\"@id\":\"https:\/\/akuku.com.pl\/fr\/#website\"},\"primaryImageOfPage\":{\"@id\":\"https:\/\/akuku.com.pl\/fr\/catalogue-de-produits\/soins\/accessoires-de-peuriculture\/brosses-pour-lhygiene-bucco-dentaire\/brosse-a-dents\/#primaryimage\"},\"image\":{\"@id\":\"https:\/\/akuku.com.pl\/fr\/catalogue-de-produits\/soins\/accessoires-de-peuriculture\/brosses-pour-lhygiene-bucco-dentaire\/brosse-a-dents\/#primaryimage\"},\"thumbnailUrl\":\"https:\/\/akuku.com.pl\/wp-content\/uploads\/2024\/12\/A0677_20.jpg\",\"datePublished\":\"2024-12-03T11:15:01+00:00\",\"dateModified\":\"2024-12-03T11:21:35+00:00\",\"description\":\"Sprawd\u017a nasz produkt: Brosse \u00e0 dents. Produkty Akuku - odpowiednie dla mam i niemowl\u0105t!\",\"breadcrumb\":{\"@id\":\"https:\/\/akuku.com.pl\/fr\/catalogue-de-produits\/soins\/accessoires-de-peuriculture\/brosses-pour-lhygiene-bucco-dentaire\/brosse-a-dents\/#breadcrumb\"},\"inLanguage\":\"fr-FR\",\"potentialAction\":[{\"@type\":\"ReadAction\",\"target\":[\"https:\/\/akuku.com.pl\/fr\/catalogue-de-produits\/soins\/accessoires-de-peuriculture\/brosses-pour-lhygiene-bucco-dentaire\/brosse-a-dents\/\"]}]},{\"@type\":\"ImageObject\",\"inLanguage\":\"fr-FR\",\"@id\":\"https:\/\/akuku.com.pl\/fr\/catalogue-de-produits\/soins\/accessoires-de-peuriculture\/brosses-pour-lhygiene-bucco-dentaire\/brosse-a-dents\/#primaryimage\",\"url\":\"https:\/\/akuku.com.pl\/wp-content\/uploads\/2024\/12\/A0677_20.jpg\",\"contentUrl\":\"https:\/\/akuku.com.pl\/wp-content\/uploads\/2024\/12\/A0677_20.jpg\",\"width\":1300,\"height\":1300,\"caption\":\"Szczoteczka do z\u0119b\u00f3w 0-2 lata\"},{\"@type\":\"BreadcrumbList\",\"@id\":\"https:\/\/akuku.com.pl\/fr\/catalogue-de-produits\/soins\/accessoires-de-peuriculture\/brosses-pour-lhygiene-bucco-dentaire\/brosse-a-dents\/#breadcrumb\",\"itemListElement\":[{\"@type\":\"ListItem\",\"position\":1,\"name\":\"Strona g\u0142\u00f3wna\",\"item\":\"https:\/\/akuku.com.pl\/fr\/\"},{\"@type\":\"ListItem\",\"position\":2,\"name\":\"Boutique\",\"item\":\"https:\/\/akuku.com.pl\/wszystkie-produkty\/\"},{\"@type\":\"ListItem\",\"position\":3,\"name\":\"Brosse \u00e0 dents\"}]},{\"@type\":\"WebSite\",\"@id\":\"https:\/\/akuku.com.pl\/fr\/#website\",\"url\":\"https:\/\/akuku.com.pl\/fr\/\",\"name\":\"Akuku.com.pl\",\"description\":\"\",\"publisher\":{\"@id\":\"https:\/\/akuku.com.pl\/fr\/#organization\"},\"potentialAction\":[{\"@type\":\"SearchAction\",\"target\":{\"@type\":\"EntryPoint\",\"urlTemplate\":\"https:\/\/akuku.com.pl\/fr\/?s={search_term_string}\"},\"query-input\":{\"@type\":\"PropertyValueSpecification\",\"valueRequired\":true,\"valueName\":\"search_term_string\"}}],\"inLanguage\":\"fr-FR\"},{\"@type\":\"Organization\",\"@id\":\"https:\/\/akuku.com.pl\/fr\/#organization\",\"name\":\"Akuku.com.pl\",\"url\":\"https:\/\/akuku.com.pl\/fr\/\",\"logo\":{\"@type\":\"ImageObject\",\"inLanguage\":\"fr-FR\",\"@id\":\"https:\/\/akuku.com.pl\/fr\/#\/schema\/logo\/image\/\",\"url\":\"https:\/\/akuku.com.pl\/wp-content\/uploads\/2024\/04\/akuku-logo.svg\",\"contentUrl\":\"https:\/\/akuku.com.pl\/wp-content\/uploads\/2024\/04\/akuku-logo.svg\",\"width\":114,\"height\":50,\"caption\":\"Akuku.com.pl\"},\"image\":{\"@id\":\"https:\/\/akuku.com.pl\/fr\/#\/schema\/logo\/image\/\"},\"sameAs\":[\"https:\/\/www.facebook.com\/markaAKUKU\"]}]}<\/script>\n<!-- \/ Yoast SEO plugin. -->","yoast_head_json":{"title":"Brosse \u00e0 dents - Akuku","description":"Sprawd\u017a nasz produkt: Brosse \u00e0 dents. Produkty Akuku - odpowiednie dla mam i niemowl\u0105t!","robots":{"index":"index","follow":"follow","max-snippet":"max-snippet:-1","max-image-preview":"max-image-preview:large","max-video-preview":"max-video-preview:-1"},"canonical":"https:\/\/akuku.com.pl\/fr\/catalogue-de-produits\/soins\/accessoires-de-peuriculture\/brosses-pour-lhygiene-bucco-dentaire\/brosse-a-dents\/","og_locale":"fr_FR","og_type":"article","og_title":"Brosse \u00e0 dents - Akuku","og_description":"Sprawd\u017a nasz produkt: Brosse \u00e0 dents. Produkty Akuku - odpowiednie dla mam i niemowl\u0105t!","og_url":"https:\/\/akuku.com.pl\/fr\/catalogue-de-produits\/soins\/accessoires-de-peuriculture\/brosses-pour-lhygiene-bucco-dentaire\/brosse-a-dents\/","og_site_name":"Akuku","article_publisher":"https:\/\/www.facebook.com\/markaAKUKU","article_modified_time":"2024-12-03T11:21:35+00:00","og_image":[{"width":1300,"height":1300,"url":"https:\/\/akuku.com.pl\/wp-content\/uploads\/2024\/12\/A0677_20.jpg","type":"image\/jpeg"}],"twitter_card":"summary_large_image","twitter_misc":{"Dur\u00e9e de lecture estim\u00e9e":"1 minute"},"schema":{"@context":"https:\/\/schema.org","@graph":[{"@type":"WebPage","@id":"https:\/\/akuku.com.pl\/fr\/catalogue-de-produits\/soins\/accessoires-de-peuriculture\/brosses-pour-lhygiene-bucco-dentaire\/brosse-a-dents\/","url":"https:\/\/akuku.com.pl\/fr\/catalogue-de-produits\/soins\/accessoires-de-peuriculture\/brosses-pour-lhygiene-bucco-dentaire\/brosse-a-dents\/","name":"Brosse \u00e0 dents - Akuku","isPartOf":{"@id":"https:\/\/akuku.com.pl\/fr\/#website"},"primaryImageOfPage":{"@id":"https:\/\/akuku.com.pl\/fr\/catalogue-de-produits\/soins\/accessoires-de-peuriculture\/brosses-pour-lhygiene-bucco-dentaire\/brosse-a-dents\/#primaryimage"},"image":{"@id":"https:\/\/akuku.com.pl\/fr\/catalogue-de-produits\/soins\/accessoires-de-peuriculture\/brosses-pour-lhygiene-bucco-dentaire\/brosse-a-dents\/#primaryimage"},"thumbnailUrl":"https:\/\/akuku.com.pl\/wp-content\/uploads\/2024\/12\/A0677_20.jpg","datePublished":"2024-12-03T11:15:01+00:00","dateModified":"2024-12-03T11:21:35+00:00","description":"Sprawd\u017a nasz produkt: Brosse \u00e0 dents. Produkty Akuku - odpowiednie dla mam i niemowl\u0105t!","breadcrumb":{"@id":"https:\/\/akuku.com.pl\/fr\/catalogue-de-produits\/soins\/accessoires-de-peuriculture\/brosses-pour-lhygiene-bucco-dentaire\/brosse-a-dents\/#breadcrumb"},"inLanguage":"fr-FR","potentialAction":[{"@type":"ReadAction","target":["https:\/\/akuku.com.pl\/fr\/catalogue-de-produits\/soins\/accessoires-de-peuriculture\/brosses-pour-lhygiene-bucco-dentaire\/brosse-a-dents\/"]}]},{"@type":"ImageObject","inLanguage":"fr-FR","@id":"https:\/\/akuku.com.pl\/fr\/catalogue-de-produits\/soins\/accessoires-de-peuriculture\/brosses-pour-lhygiene-bucco-dentaire\/brosse-a-dents\/#primaryimage","url":"https:\/\/akuku.com.pl\/wp-content\/uploads\/2024\/12\/A0677_20.jpg","contentUrl":"https:\/\/akuku.com.pl\/wp-content\/uploads\/2024\/12\/A0677_20.jpg","width":1300,"height":1300,"caption":"Szczoteczka do z\u0119b\u00f3w 0-2 lata"},{"@type":"BreadcrumbList","@id":"https:\/\/akuku.com.pl\/fr\/catalogue-de-produits\/soins\/accessoires-de-peuriculture\/brosses-pour-lhygiene-bucco-dentaire\/brosse-a-dents\/#breadcrumb","itemListElement":[{"@type":"ListItem","position":1,"name":"Strona g\u0142\u00f3wna","item":"https:\/\/akuku.com.pl\/fr\/"},{"@type":"ListItem","position":2,"name":"Boutique","item":"https:\/\/akuku.com.pl\/wszystkie-produkty\/"},{"@type":"ListItem","position":3,"name":"Brosse \u00e0 dents"}]},{"@type":"WebSite","@id":"https:\/\/akuku.com.pl\/fr\/#website","url":"https:\/\/akuku.com.pl\/fr\/","name":"Akuku.com.pl","description":"","publisher":{"@id":"https:\/\/akuku.com.pl\/fr\/#organization"},"potentialAction":[{"@type":"SearchAction","target":{"@type":"EntryPoint","urlTemplate":"https:\/\/akuku.com.pl\/fr\/?s={search_term_string}"},"query-input":{"@type":"PropertyValueSpecification","valueRequired":true,"valueName":"search_term_string"}}],"inLanguage":"fr-FR"},{"@type":"Organization","@id":"https:\/\/akuku.com.pl\/fr\/#organization","name":"Akuku.com.pl","url":"https:\/\/akuku.com.pl\/fr\/","logo":{"@type":"ImageObject","inLanguage":"fr-FR","@id":"https:\/\/akuku.com.pl\/fr\/#\/schema\/logo\/image\/","url":"https:\/\/akuku.com.pl\/wp-content\/uploads\/2024\/04\/akuku-logo.svg","contentUrl":"https:\/\/akuku.com.pl\/wp-content\/uploads\/2024\/04\/akuku-logo.svg","width":114,"height":50,"caption":"Akuku.com.pl"},"image":{"@id":"https:\/\/akuku.com.pl\/fr\/#\/schema\/logo\/image\/"},"sameAs":["https:\/\/www.facebook.com\/markaAKUKU"]}]}},"_links":{"self":[{"href":"https:\/\/akuku.com.pl\/fr\/wp-json\/wp\/v2\/product\/15569","targetHints":{"allow":["GET"]}}],"collection":[{"href":"https:\/\/akuku.com.pl\/fr\/wp-json\/wp\/v2\/product"}],"about":[{"href":"https:\/\/akuku.com.pl\/fr\/wp-json\/wp\/v2\/types\/product"}],"wp:featuredmedia":[{"embeddable":true,"href":"https:\/\/akuku.com.pl\/fr\/wp-json\/wp\/v2\/media\/15606"}],"wp:attachment":[{"href":"https:\/\/akuku.com.pl\/fr\/wp-json\/wp\/v2\/media?parent=15569"}],"wp:term":[{"taxonomy":"product_cat","embeddable":true,"href":"https:\/\/akuku.com.pl\/fr\/wp-json\/wp\/v2\/product_cat?post=15569"},{"taxonomy":"product_tag","embeddable":true,"href":"https:\/\/akuku.com.pl\/fr\/wp-json\/wp\/v2\/product_tag?post=15569"}],"curies":[{"name":"wp","href":"https:\/\/api.w.org\/{rel}","templated":true}]}}