{"id":15473,"date":"2024-10-22T13:20:47","date_gmt":"2024-10-22T11:20:47","guid":{"rendered":"https:\/\/akuku.com.pl\/?post_type=product&#038;p=15473"},"modified":"2024-10-23T12:45:40","modified_gmt":"2024-10-23T10:45:40","slug":"housse-de-protection-du-siege-de-voiture","status":"publish","type":"product","link":"https:\/\/akuku.com.pl\/fr\/catalogue-de-produits\/promenade-et-voyage\/accessoires-de-voiture\/housse-de-protection-du-siege-de-voiture\/","title":{"rendered":"Housse de protection du si\u00e8ge de voiture"},"content":{"rendered":"<p>&nbsp;<\/p>\n<p>Housse pour prot\u00e9ger l&rsquo;assise et le dossier de votre si\u00e8ge de voiture, seriva \u00e0 prot\u00e9ger son revetement int\u00e9rieur contre les endomagements ou l&rsquo;humidit\u00e9. Tr\u00e8s resistant, fabriqu\u00e9 avec du tissu imperm\u00e9able et antid\u00e9rapant. Tr\u00e8s facile \u00e0 utiliser, il suffit de le d\u00e9plier et de le poser sur le si\u00e8ge. Equip\u00e9 des poches pratiques en bas. Notre housse prot\u00e8ge le siege de votre voiture et emp\u00eache votre enfant de salir le rembourrage avec ses chaussures. Le petit \u00e9l\u00e9ment derri\u00e8re doit \u00eatre plac\u00e9 entre le dossier et l&rsquo;assise du canap\u00e9 pour emp\u00eacher la housse de bouger.<\/p>\n<p>&nbsp;<\/p>\n<p><strong>Avantages de notre housse :<\/strong><\/p>\n<p>&#8211; prot\u00e8ge le rembourrage de la voiture contre les endomagements, les bosses et les abrasions,<\/p>\n<p>&#8211; prot\u00e8ge l&rsquo;assise, le dossier et le bas du si\u00e8ge,<\/p>\n<p>&#8211; s&rsquo;adapte aussi bien au si\u00e8ge d\u2019avant qu&rsquo;au si\u00e8ge d\u2019arri\u00e8re,<\/p>\n<p>&#8211; protection universelle\u00a0: notre housse s&rsquo;adapte \u00e0 toutes les voitures,<\/p>\n<p>&#8211; adapt\u00e9 aux ceintures de s\u00e9curit\u00e9,<\/p>\n<p>&#8211; s&rsquo;adapte aux si\u00e8ges avec le syst\u00e8me ISOFIX,<\/p>\n<p>&#8211; montage simple et rapide,<\/p>\n<p>&#8211; facilit\u00e9 de nettoyage,<\/p>\n<p>&#8211; tissu doux remplissage mousse,<\/p>\n<p>&#8211; ne bouge pas et ne glisse pas,<\/p>\n<p>&#8211; adapt\u00e9 \u00e0 AIR BAG.<\/p>\n<p>&nbsp;<\/p>\n<p><strong>Dimensions :<\/strong><\/p>\n<p>dossier : 47,5 x 18 cm<\/p>\n<p>assise : 47,5 x 45 cm<\/p>\n<p>pochette : 40 x 23,5 cm<\/p>\n<p>&nbsp;<\/p>\n<p>CODE EAN: 5907644006748<\/p>\n","protected":false},"excerpt":{"rendered":"<p>&nbsp; Housse pour prot\u00e9ger l&rsquo;assise et le dossier de votre si\u00e8ge de voiture, seriva \u00e0 prot\u00e9ger son revetement int\u00e9rieur contre les endomagements ou l&rsquo;humidit\u00e9. Tr\u00e8s resistant, fabriqu\u00e9 avec du tissu imperm\u00e9able et antid\u00e9rapant. Tr\u00e8s facile \u00e0 utiliser, il suffit de le d\u00e9plier et de le poser sur le si\u00e8ge. Equip\u00e9 des poches pratiques en bas. [&hellip;]<\/p>\n","protected":false},"featured_media":15476,"template":"","meta":[],"product_cat":[3507,3519],"product_tag":[],"class_list":{"0":"post-15473","1":"product","2":"type-product","3":"status-publish","4":"has-post-thumbnail","6":"product_cat-promenade-et-voyage","7":"product_cat-accessoires-de-voiture","9":"first","10":"instock","11":"shipping-taxable","12":"product-type-simple"},"yoast_head":"<!-- This site is optimized with the Yoast SEO plugin v26.2 - https:\/\/yoast.com\/wordpress\/plugins\/seo\/ -->\n<title>Housse de protection du si\u00e8ge de voiture - Akuku<\/title>\n<meta name=\"description\" content=\"Sprawd\u017a nasz produkt: Housse de protection du si\u00e8ge de voiture. Produkty Akuku - odpowiednie dla mam i niemowl\u0105t!\" \/>\n<meta name=\"robots\" content=\"index, follow, max-snippet:-1, max-image-preview:large, max-video-preview:-1\" \/>\n<link rel=\"canonical\" href=\"https:\/\/akuku.com.pl\/fr\/catalogue-de-produits\/promenade-et-voyage\/accessoires-de-voiture\/housse-de-protection-du-siege-de-voiture\/\" \/>\n<meta property=\"og:locale\" content=\"fr_FR\" \/>\n<meta property=\"og:type\" content=\"article\" \/>\n<meta property=\"og:title\" content=\"Housse de protection du si\u00e8ge de voiture - Akuku\" \/>\n<meta property=\"og:description\" content=\"Sprawd\u017a nasz produkt: Housse de protection du si\u00e8ge de voiture. Produkty Akuku - odpowiednie dla mam i niemowl\u0105t!\" \/>\n<meta property=\"og:url\" content=\"https:\/\/akuku.com.pl\/fr\/catalogue-de-produits\/promenade-et-voyage\/accessoires-de-voiture\/housse-de-protection-du-siege-de-voiture\/\" \/>\n<meta property=\"og:site_name\" content=\"Akuku\" \/>\n<meta property=\"article:publisher\" content=\"https:\/\/www.facebook.com\/markaAKUKU\" \/>\n<meta property=\"article:modified_time\" content=\"2024-10-23T10:45:40+00:00\" \/>\n<meta property=\"og:image\" content=\"https:\/\/akuku.com.pl\/wp-content\/uploads\/2024\/10\/A0674.jpg\" \/>\n\t<meta property=\"og:image:width\" content=\"1000\" \/>\n\t<meta property=\"og:image:height\" content=\"1000\" \/>\n\t<meta property=\"og:image:type\" content=\"image\/jpeg\" \/>\n<meta name=\"twitter:card\" content=\"summary_large_image\" \/>\n<meta name=\"twitter:label1\" content=\"Dur\u00e9e de lecture estim\u00e9e\" \/>\n\t<meta name=\"twitter:data1\" content=\"1 minute\" \/>\n<script type=\"application\/ld+json\" class=\"yoast-schema-graph\">{\"@context\":\"https:\/\/schema.org\",\"@graph\":[{\"@type\":\"WebPage\",\"@id\":\"https:\/\/akuku.com.pl\/fr\/catalogue-de-produits\/promenade-et-voyage\/accessoires-de-voiture\/housse-de-protection-du-siege-de-voiture\/\",\"url\":\"https:\/\/akuku.com.pl\/fr\/catalogue-de-produits\/promenade-et-voyage\/accessoires-de-voiture\/housse-de-protection-du-siege-de-voiture\/\",\"name\":\"Housse de protection du si\u00e8ge de voiture - Akuku\",\"isPartOf\":{\"@id\":\"https:\/\/akuku.com.pl\/fr\/#website\"},\"primaryImageOfPage\":{\"@id\":\"https:\/\/akuku.com.pl\/fr\/catalogue-de-produits\/promenade-et-voyage\/accessoires-de-voiture\/housse-de-protection-du-siege-de-voiture\/#primaryimage\"},\"image\":{\"@id\":\"https:\/\/akuku.com.pl\/fr\/catalogue-de-produits\/promenade-et-voyage\/accessoires-de-voiture\/housse-de-protection-du-siege-de-voiture\/#primaryimage\"},\"thumbnailUrl\":\"https:\/\/akuku.com.pl\/wp-content\/uploads\/2024\/10\/A0674.jpg\",\"datePublished\":\"2024-10-22T11:20:47+00:00\",\"dateModified\":\"2024-10-23T10:45:40+00:00\",\"description\":\"Sprawd\u017a nasz produkt: Housse de protection du si\u00e8ge de voiture. Produkty Akuku - odpowiednie dla mam i niemowl\u0105t!\",\"breadcrumb\":{\"@id\":\"https:\/\/akuku.com.pl\/fr\/catalogue-de-produits\/promenade-et-voyage\/accessoires-de-voiture\/housse-de-protection-du-siege-de-voiture\/#breadcrumb\"},\"inLanguage\":\"fr-FR\",\"potentialAction\":[{\"@type\":\"ReadAction\",\"target\":[\"https:\/\/akuku.com.pl\/fr\/catalogue-de-produits\/promenade-et-voyage\/accessoires-de-voiture\/housse-de-protection-du-siege-de-voiture\/\"]}]},{\"@type\":\"ImageObject\",\"inLanguage\":\"fr-FR\",\"@id\":\"https:\/\/akuku.com.pl\/fr\/catalogue-de-produits\/promenade-et-voyage\/accessoires-de-voiture\/housse-de-protection-du-siege-de-voiture\/#primaryimage\",\"url\":\"https:\/\/akuku.com.pl\/wp-content\/uploads\/2024\/10\/A0674.jpg\",\"contentUrl\":\"https:\/\/akuku.com.pl\/wp-content\/uploads\/2024\/10\/A0674.jpg\",\"width\":1000,\"height\":1000,\"caption\":\"Mata ochronna pod fotelik samochodowy\"},{\"@type\":\"BreadcrumbList\",\"@id\":\"https:\/\/akuku.com.pl\/fr\/catalogue-de-produits\/promenade-et-voyage\/accessoires-de-voiture\/housse-de-protection-du-siege-de-voiture\/#breadcrumb\",\"itemListElement\":[{\"@type\":\"ListItem\",\"position\":1,\"name\":\"Strona g\u0142\u00f3wna\",\"item\":\"https:\/\/akuku.com.pl\/fr\/\"},{\"@type\":\"ListItem\",\"position\":2,\"name\":\"Boutique\",\"item\":\"https:\/\/akuku.com.pl\/wszystkie-produkty\/\"},{\"@type\":\"ListItem\",\"position\":3,\"name\":\"Housse de protection du si\u00e8ge de voiture\"}]},{\"@type\":\"WebSite\",\"@id\":\"https:\/\/akuku.com.pl\/fr\/#website\",\"url\":\"https:\/\/akuku.com.pl\/fr\/\",\"name\":\"Akuku.com.pl\",\"description\":\"\",\"publisher\":{\"@id\":\"https:\/\/akuku.com.pl\/fr\/#organization\"},\"potentialAction\":[{\"@type\":\"SearchAction\",\"target\":{\"@type\":\"EntryPoint\",\"urlTemplate\":\"https:\/\/akuku.com.pl\/fr\/?s={search_term_string}\"},\"query-input\":{\"@type\":\"PropertyValueSpecification\",\"valueRequired\":true,\"valueName\":\"search_term_string\"}}],\"inLanguage\":\"fr-FR\"},{\"@type\":\"Organization\",\"@id\":\"https:\/\/akuku.com.pl\/fr\/#organization\",\"name\":\"Akuku.com.pl\",\"url\":\"https:\/\/akuku.com.pl\/fr\/\",\"logo\":{\"@type\":\"ImageObject\",\"inLanguage\":\"fr-FR\",\"@id\":\"https:\/\/akuku.com.pl\/fr\/#\/schema\/logo\/image\/\",\"url\":\"https:\/\/akuku.com.pl\/wp-content\/uploads\/2024\/04\/akuku-logo.svg\",\"contentUrl\":\"https:\/\/akuku.com.pl\/wp-content\/uploads\/2024\/04\/akuku-logo.svg\",\"width\":114,\"height\":50,\"caption\":\"Akuku.com.pl\"},\"image\":{\"@id\":\"https:\/\/akuku.com.pl\/fr\/#\/schema\/logo\/image\/\"},\"sameAs\":[\"https:\/\/www.facebook.com\/markaAKUKU\"]}]}<\/script>\n<!-- \/ Yoast SEO plugin. -->","yoast_head_json":{"title":"Housse de protection du si\u00e8ge de voiture - Akuku","description":"Sprawd\u017a nasz produkt: Housse de protection du si\u00e8ge de voiture. Produkty Akuku - odpowiednie dla mam i niemowl\u0105t!","robots":{"index":"index","follow":"follow","max-snippet":"max-snippet:-1","max-image-preview":"max-image-preview:large","max-video-preview":"max-video-preview:-1"},"canonical":"https:\/\/akuku.com.pl\/fr\/catalogue-de-produits\/promenade-et-voyage\/accessoires-de-voiture\/housse-de-protection-du-siege-de-voiture\/","og_locale":"fr_FR","og_type":"article","og_title":"Housse de protection du si\u00e8ge de voiture - Akuku","og_description":"Sprawd\u017a nasz produkt: Housse de protection du si\u00e8ge de voiture. Produkty Akuku - odpowiednie dla mam i niemowl\u0105t!","og_url":"https:\/\/akuku.com.pl\/fr\/catalogue-de-produits\/promenade-et-voyage\/accessoires-de-voiture\/housse-de-protection-du-siege-de-voiture\/","og_site_name":"Akuku","article_publisher":"https:\/\/www.facebook.com\/markaAKUKU","article_modified_time":"2024-10-23T10:45:40+00:00","og_image":[{"width":1000,"height":1000,"url":"https:\/\/akuku.com.pl\/wp-content\/uploads\/2024\/10\/A0674.jpg","type":"image\/jpeg"}],"twitter_card":"summary_large_image","twitter_misc":{"Dur\u00e9e de lecture estim\u00e9e":"1 minute"},"schema":{"@context":"https:\/\/schema.org","@graph":[{"@type":"WebPage","@id":"https:\/\/akuku.com.pl\/fr\/catalogue-de-produits\/promenade-et-voyage\/accessoires-de-voiture\/housse-de-protection-du-siege-de-voiture\/","url":"https:\/\/akuku.com.pl\/fr\/catalogue-de-produits\/promenade-et-voyage\/accessoires-de-voiture\/housse-de-protection-du-siege-de-voiture\/","name":"Housse de protection du si\u00e8ge de voiture - Akuku","isPartOf":{"@id":"https:\/\/akuku.com.pl\/fr\/#website"},"primaryImageOfPage":{"@id":"https:\/\/akuku.com.pl\/fr\/catalogue-de-produits\/promenade-et-voyage\/accessoires-de-voiture\/housse-de-protection-du-siege-de-voiture\/#primaryimage"},"image":{"@id":"https:\/\/akuku.com.pl\/fr\/catalogue-de-produits\/promenade-et-voyage\/accessoires-de-voiture\/housse-de-protection-du-siege-de-voiture\/#primaryimage"},"thumbnailUrl":"https:\/\/akuku.com.pl\/wp-content\/uploads\/2024\/10\/A0674.jpg","datePublished":"2024-10-22T11:20:47+00:00","dateModified":"2024-10-23T10:45:40+00:00","description":"Sprawd\u017a nasz produkt: Housse de protection du si\u00e8ge de voiture. Produkty Akuku - odpowiednie dla mam i niemowl\u0105t!","breadcrumb":{"@id":"https:\/\/akuku.com.pl\/fr\/catalogue-de-produits\/promenade-et-voyage\/accessoires-de-voiture\/housse-de-protection-du-siege-de-voiture\/#breadcrumb"},"inLanguage":"fr-FR","potentialAction":[{"@type":"ReadAction","target":["https:\/\/akuku.com.pl\/fr\/catalogue-de-produits\/promenade-et-voyage\/accessoires-de-voiture\/housse-de-protection-du-siege-de-voiture\/"]}]},{"@type":"ImageObject","inLanguage":"fr-FR","@id":"https:\/\/akuku.com.pl\/fr\/catalogue-de-produits\/promenade-et-voyage\/accessoires-de-voiture\/housse-de-protection-du-siege-de-voiture\/#primaryimage","url":"https:\/\/akuku.com.pl\/wp-content\/uploads\/2024\/10\/A0674.jpg","contentUrl":"https:\/\/akuku.com.pl\/wp-content\/uploads\/2024\/10\/A0674.jpg","width":1000,"height":1000,"caption":"Mata ochronna pod fotelik samochodowy"},{"@type":"BreadcrumbList","@id":"https:\/\/akuku.com.pl\/fr\/catalogue-de-produits\/promenade-et-voyage\/accessoires-de-voiture\/housse-de-protection-du-siege-de-voiture\/#breadcrumb","itemListElement":[{"@type":"ListItem","position":1,"name":"Strona g\u0142\u00f3wna","item":"https:\/\/akuku.com.pl\/fr\/"},{"@type":"ListItem","position":2,"name":"Boutique","item":"https:\/\/akuku.com.pl\/wszystkie-produkty\/"},{"@type":"ListItem","position":3,"name":"Housse de protection du si\u00e8ge de voiture"}]},{"@type":"WebSite","@id":"https:\/\/akuku.com.pl\/fr\/#website","url":"https:\/\/akuku.com.pl\/fr\/","name":"Akuku.com.pl","description":"","publisher":{"@id":"https:\/\/akuku.com.pl\/fr\/#organization"},"potentialAction":[{"@type":"SearchAction","target":{"@type":"EntryPoint","urlTemplate":"https:\/\/akuku.com.pl\/fr\/?s={search_term_string}"},"query-input":{"@type":"PropertyValueSpecification","valueRequired":true,"valueName":"search_term_string"}}],"inLanguage":"fr-FR"},{"@type":"Organization","@id":"https:\/\/akuku.com.pl\/fr\/#organization","name":"Akuku.com.pl","url":"https:\/\/akuku.com.pl\/fr\/","logo":{"@type":"ImageObject","inLanguage":"fr-FR","@id":"https:\/\/akuku.com.pl\/fr\/#\/schema\/logo\/image\/","url":"https:\/\/akuku.com.pl\/wp-content\/uploads\/2024\/04\/akuku-logo.svg","contentUrl":"https:\/\/akuku.com.pl\/wp-content\/uploads\/2024\/04\/akuku-logo.svg","width":114,"height":50,"caption":"Akuku.com.pl"},"image":{"@id":"https:\/\/akuku.com.pl\/fr\/#\/schema\/logo\/image\/"},"sameAs":["https:\/\/www.facebook.com\/markaAKUKU"]}]}},"_links":{"self":[{"href":"https:\/\/akuku.com.pl\/fr\/wp-json\/wp\/v2\/product\/15473","targetHints":{"allow":["GET"]}}],"collection":[{"href":"https:\/\/akuku.com.pl\/fr\/wp-json\/wp\/v2\/product"}],"about":[{"href":"https:\/\/akuku.com.pl\/fr\/wp-json\/wp\/v2\/types\/product"}],"wp:featuredmedia":[{"embeddable":true,"href":"https:\/\/akuku.com.pl\/fr\/wp-json\/wp\/v2\/media\/15476"}],"wp:attachment":[{"href":"https:\/\/akuku.com.pl\/fr\/wp-json\/wp\/v2\/media?parent=15473"}],"wp:term":[{"taxonomy":"product_cat","embeddable":true,"href":"https:\/\/akuku.com.pl\/fr\/wp-json\/wp\/v2\/product_cat?post=15473"},{"taxonomy":"product_tag","embeddable":true,"href":"https:\/\/akuku.com.pl\/fr\/wp-json\/wp\/v2\/product_tag?post=15473"}],"curies":[{"name":"wp","href":"https:\/\/api.w.org\/{rel}","templated":true}]}}