{"id":15391,"date":"2024-09-20T15:54:28","date_gmt":"2024-09-20T13:54:28","guid":{"rendered":"https:\/\/akuku.com.pl\/?post_type=product&#038;p=15391"},"modified":"2025-04-23T13:33:31","modified_gmt":"2025-04-23T11:33:31","slug":"cape-de-bain-bleu","status":"publish","type":"product","link":"https:\/\/akuku.com.pl\/fr\/catalogue-de-produits\/soins\/accessoires-de-bain-bebe\/capes-de-bain\/cape-de-bain-bleu\/","title":{"rendered":"Cape de bain bleu"},"content":{"rendered":"<div class=\"textWrap\">\n<p>&nbsp;<\/p>\n<p>Cape de bain b\u00e9b\u00e9 etoiles<\/p>\n<p>Cape de bain est un objet irrempla\u00e7able d\u00e8s le premier bain. Fabriqu\u00e9e en coton doux de haute qualit\u00e9, elle absorbe parfaitement l&rsquo;humidit\u00e9 pour prot\u00e9ger efficacement votre b\u00e9b\u00e9 du froid. Tr\u00e8s d\u00e9licate, elle n&rsquo;irrite pas la peau. Une ample coupe ne restreint pas les mouvements de l&rsquo;enfant. La capuche prot\u00e8ge la t\u00eate mouill\u00e9e.<\/p>\n<p>La cape est assez grande, votre enfant va l&rsquo;utiliser longtemps. Vous pouvez facilement envelopper votre enfant dedans apr\u00e8s son bain.<\/p>\n<p><strong>Attention !<\/strong> Le produit n&rsquo;est pas un jouet. \u00c0 utiliser uniquement sous la surveillance d&rsquo;un adulte. Pour \u00e9viter tout risque d&rsquo;\u00e9touffement, gardez les v\u00eatements non utilis\u00e9s hors de port\u00e9e des enfants. Lavez la cape de bain selon les instructions figurant sur l&rsquo;\u00e9tiquette.<\/p>\n<p>Dimensions : 100x100cm<\/p>\n<p>Composition : 100% coton<\/p>\n<p>Ce produit peut \u00eatre utilis\u00e9 d\u00e8s la naissance.<\/p>\n<p style=\"text-align: justify;\"><img decoding=\"async\" src=\"https:\/\/ect.h2g.pl\/akuku\/images\/03.png\" alt=\"\" \/><\/p>\n<\/div>\n<p>&nbsp;<\/p>\n<p>CODE EAN: 5907644006632<\/p>\n","protected":false},"excerpt":{"rendered":"<p>&nbsp; Cape de bain b\u00e9b\u00e9 etoiles Cape de bain est un objet irrempla\u00e7able d\u00e8s le premier bain. Fabriqu\u00e9e en coton doux de haute qualit\u00e9, elle absorbe parfaitement l&rsquo;humidit\u00e9 pour prot\u00e9ger efficacement votre b\u00e9b\u00e9 du froid. Tr\u00e8s d\u00e9licate, elle n&rsquo;irrite pas la peau. Une ample coupe ne restreint pas les mouvements de l&rsquo;enfant. La capuche prot\u00e8ge [&hellip;]<\/p>\n","protected":false},"featured_media":15379,"template":"","meta":[],"product_cat":[3414,3432],"product_tag":[],"class_list":{"0":"post-15391","1":"product","2":"type-product","3":"status-publish","4":"has-post-thumbnail","6":"product_cat-soins","7":"product_cat-capes-de-bain","9":"first","10":"instock","11":"shipping-taxable","12":"product-type-simple"},"yoast_head":"<!-- This site is optimized with the Yoast SEO plugin v26.2 - https:\/\/yoast.com\/wordpress\/plugins\/seo\/ -->\n<title>Cape de bain bleu - Akuku<\/title>\n<meta name=\"description\" content=\"Sprawd\u017a nasz produkt: Cape de bain bleu. Produkty Akuku - odpowiednie dla mam i niemowl\u0105t!\" \/>\n<meta name=\"robots\" content=\"index, follow, max-snippet:-1, max-image-preview:large, max-video-preview:-1\" \/>\n<link rel=\"canonical\" href=\"https:\/\/akuku.com.pl\/fr\/catalogue-de-produits\/soins\/accessoires-de-bain-bebe\/capes-de-bain\/cape-de-bain-bleu\/\" \/>\n<meta property=\"og:locale\" content=\"fr_FR\" \/>\n<meta property=\"og:type\" content=\"article\" \/>\n<meta property=\"og:title\" content=\"Cape de bain bleu - Akuku\" \/>\n<meta property=\"og:description\" content=\"Sprawd\u017a nasz produkt: Cape de bain bleu. Produkty Akuku - odpowiednie dla mam i niemowl\u0105t!\" \/>\n<meta property=\"og:url\" content=\"https:\/\/akuku.com.pl\/fr\/catalogue-de-produits\/soins\/accessoires-de-bain-bebe\/capes-de-bain\/cape-de-bain-bleu\/\" \/>\n<meta property=\"og:site_name\" content=\"Akuku\" \/>\n<meta property=\"article:publisher\" content=\"https:\/\/www.facebook.com\/markaAKUKU\" \/>\n<meta property=\"article:modified_time\" content=\"2025-04-23T11:33:31+00:00\" \/>\n<meta property=\"og:image\" content=\"https:\/\/akuku.com.pl\/wp-content\/uploads\/2024\/09\/C9A3281-kopia.jpg\" \/>\n\t<meta property=\"og:image:width\" content=\"800\" \/>\n\t<meta property=\"og:image:height\" content=\"800\" \/>\n\t<meta property=\"og:image:type\" content=\"image\/jpeg\" \/>\n<meta name=\"twitter:card\" content=\"summary_large_image\" \/>\n<meta name=\"twitter:label1\" content=\"Dur\u00e9e de lecture estim\u00e9e\" \/>\n\t<meta name=\"twitter:data1\" content=\"2 minutes\" \/>\n<script type=\"application\/ld+json\" class=\"yoast-schema-graph\">{\"@context\":\"https:\/\/schema.org\",\"@graph\":[{\"@type\":\"WebPage\",\"@id\":\"https:\/\/akuku.com.pl\/fr\/catalogue-de-produits\/soins\/accessoires-de-bain-bebe\/capes-de-bain\/cape-de-bain-bleu\/\",\"url\":\"https:\/\/akuku.com.pl\/fr\/catalogue-de-produits\/soins\/accessoires-de-bain-bebe\/capes-de-bain\/cape-de-bain-bleu\/\",\"name\":\"Cape de bain bleu - Akuku\",\"isPartOf\":{\"@id\":\"https:\/\/akuku.com.pl\/fr\/#website\"},\"primaryImageOfPage\":{\"@id\":\"https:\/\/akuku.com.pl\/fr\/catalogue-de-produits\/soins\/accessoires-de-bain-bebe\/capes-de-bain\/cape-de-bain-bleu\/#primaryimage\"},\"image\":{\"@id\":\"https:\/\/akuku.com.pl\/fr\/catalogue-de-produits\/soins\/accessoires-de-bain-bebe\/capes-de-bain\/cape-de-bain-bleu\/#primaryimage\"},\"thumbnailUrl\":\"https:\/\/akuku.com.pl\/wp-content\/uploads\/2024\/09\/C9A3281-kopia.jpg\",\"datePublished\":\"2024-09-20T13:54:28+00:00\",\"dateModified\":\"2025-04-23T11:33:31+00:00\",\"description\":\"Sprawd\u017a nasz produkt: Cape de bain bleu. Produkty Akuku - odpowiednie dla mam i niemowl\u0105t!\",\"breadcrumb\":{\"@id\":\"https:\/\/akuku.com.pl\/fr\/catalogue-de-produits\/soins\/accessoires-de-bain-bebe\/capes-de-bain\/cape-de-bain-bleu\/#breadcrumb\"},\"inLanguage\":\"fr-FR\",\"potentialAction\":[{\"@type\":\"ReadAction\",\"target\":[\"https:\/\/akuku.com.pl\/fr\/catalogue-de-produits\/soins\/accessoires-de-bain-bebe\/capes-de-bain\/cape-de-bain-bleu\/\"]}]},{\"@type\":\"ImageObject\",\"inLanguage\":\"fr-FR\",\"@id\":\"https:\/\/akuku.com.pl\/fr\/catalogue-de-produits\/soins\/accessoires-de-bain-bebe\/capes-de-bain\/cape-de-bain-bleu\/#primaryimage\",\"url\":\"https:\/\/akuku.com.pl\/wp-content\/uploads\/2024\/09\/C9A3281-kopia.jpg\",\"contentUrl\":\"https:\/\/akuku.com.pl\/wp-content\/uploads\/2024\/09\/C9A3281-kopia.jpg\",\"width\":800,\"height\":800},{\"@type\":\"BreadcrumbList\",\"@id\":\"https:\/\/akuku.com.pl\/fr\/catalogue-de-produits\/soins\/accessoires-de-bain-bebe\/capes-de-bain\/cape-de-bain-bleu\/#breadcrumb\",\"itemListElement\":[{\"@type\":\"ListItem\",\"position\":1,\"name\":\"Strona g\u0142\u00f3wna\",\"item\":\"https:\/\/akuku.com.pl\/fr\/\"},{\"@type\":\"ListItem\",\"position\":2,\"name\":\"Boutique\",\"item\":\"https:\/\/akuku.com.pl\/wszystkie-produkty\/\"},{\"@type\":\"ListItem\",\"position\":3,\"name\":\"Cape de bain bleu\"}]},{\"@type\":\"WebSite\",\"@id\":\"https:\/\/akuku.com.pl\/fr\/#website\",\"url\":\"https:\/\/akuku.com.pl\/fr\/\",\"name\":\"Akuku.com.pl\",\"description\":\"\",\"publisher\":{\"@id\":\"https:\/\/akuku.com.pl\/fr\/#organization\"},\"potentialAction\":[{\"@type\":\"SearchAction\",\"target\":{\"@type\":\"EntryPoint\",\"urlTemplate\":\"https:\/\/akuku.com.pl\/fr\/?s={search_term_string}\"},\"query-input\":{\"@type\":\"PropertyValueSpecification\",\"valueRequired\":true,\"valueName\":\"search_term_string\"}}],\"inLanguage\":\"fr-FR\"},{\"@type\":\"Organization\",\"@id\":\"https:\/\/akuku.com.pl\/fr\/#organization\",\"name\":\"Akuku.com.pl\",\"url\":\"https:\/\/akuku.com.pl\/fr\/\",\"logo\":{\"@type\":\"ImageObject\",\"inLanguage\":\"fr-FR\",\"@id\":\"https:\/\/akuku.com.pl\/fr\/#\/schema\/logo\/image\/\",\"url\":\"https:\/\/akuku.com.pl\/wp-content\/uploads\/2024\/04\/akuku-logo.svg\",\"contentUrl\":\"https:\/\/akuku.com.pl\/wp-content\/uploads\/2024\/04\/akuku-logo.svg\",\"width\":114,\"height\":50,\"caption\":\"Akuku.com.pl\"},\"image\":{\"@id\":\"https:\/\/akuku.com.pl\/fr\/#\/schema\/logo\/image\/\"},\"sameAs\":[\"https:\/\/www.facebook.com\/markaAKUKU\"]}]}<\/script>\n<!-- \/ Yoast SEO plugin. -->","yoast_head_json":{"title":"Cape de bain bleu - Akuku","description":"Sprawd\u017a nasz produkt: Cape de bain bleu. Produkty Akuku - odpowiednie dla mam i niemowl\u0105t!","robots":{"index":"index","follow":"follow","max-snippet":"max-snippet:-1","max-image-preview":"max-image-preview:large","max-video-preview":"max-video-preview:-1"},"canonical":"https:\/\/akuku.com.pl\/fr\/catalogue-de-produits\/soins\/accessoires-de-bain-bebe\/capes-de-bain\/cape-de-bain-bleu\/","og_locale":"fr_FR","og_type":"article","og_title":"Cape de bain bleu - Akuku","og_description":"Sprawd\u017a nasz produkt: Cape de bain bleu. Produkty Akuku - odpowiednie dla mam i niemowl\u0105t!","og_url":"https:\/\/akuku.com.pl\/fr\/catalogue-de-produits\/soins\/accessoires-de-bain-bebe\/capes-de-bain\/cape-de-bain-bleu\/","og_site_name":"Akuku","article_publisher":"https:\/\/www.facebook.com\/markaAKUKU","article_modified_time":"2025-04-23T11:33:31+00:00","og_image":[{"width":800,"height":800,"url":"https:\/\/akuku.com.pl\/wp-content\/uploads\/2024\/09\/C9A3281-kopia.jpg","type":"image\/jpeg"}],"twitter_card":"summary_large_image","twitter_misc":{"Dur\u00e9e de lecture estim\u00e9e":"2 minutes"},"schema":{"@context":"https:\/\/schema.org","@graph":[{"@type":"WebPage","@id":"https:\/\/akuku.com.pl\/fr\/catalogue-de-produits\/soins\/accessoires-de-bain-bebe\/capes-de-bain\/cape-de-bain-bleu\/","url":"https:\/\/akuku.com.pl\/fr\/catalogue-de-produits\/soins\/accessoires-de-bain-bebe\/capes-de-bain\/cape-de-bain-bleu\/","name":"Cape de bain bleu - Akuku","isPartOf":{"@id":"https:\/\/akuku.com.pl\/fr\/#website"},"primaryImageOfPage":{"@id":"https:\/\/akuku.com.pl\/fr\/catalogue-de-produits\/soins\/accessoires-de-bain-bebe\/capes-de-bain\/cape-de-bain-bleu\/#primaryimage"},"image":{"@id":"https:\/\/akuku.com.pl\/fr\/catalogue-de-produits\/soins\/accessoires-de-bain-bebe\/capes-de-bain\/cape-de-bain-bleu\/#primaryimage"},"thumbnailUrl":"https:\/\/akuku.com.pl\/wp-content\/uploads\/2024\/09\/C9A3281-kopia.jpg","datePublished":"2024-09-20T13:54:28+00:00","dateModified":"2025-04-23T11:33:31+00:00","description":"Sprawd\u017a nasz produkt: Cape de bain bleu. Produkty Akuku - odpowiednie dla mam i niemowl\u0105t!","breadcrumb":{"@id":"https:\/\/akuku.com.pl\/fr\/catalogue-de-produits\/soins\/accessoires-de-bain-bebe\/capes-de-bain\/cape-de-bain-bleu\/#breadcrumb"},"inLanguage":"fr-FR","potentialAction":[{"@type":"ReadAction","target":["https:\/\/akuku.com.pl\/fr\/catalogue-de-produits\/soins\/accessoires-de-bain-bebe\/capes-de-bain\/cape-de-bain-bleu\/"]}]},{"@type":"ImageObject","inLanguage":"fr-FR","@id":"https:\/\/akuku.com.pl\/fr\/catalogue-de-produits\/soins\/accessoires-de-bain-bebe\/capes-de-bain\/cape-de-bain-bleu\/#primaryimage","url":"https:\/\/akuku.com.pl\/wp-content\/uploads\/2024\/09\/C9A3281-kopia.jpg","contentUrl":"https:\/\/akuku.com.pl\/wp-content\/uploads\/2024\/09\/C9A3281-kopia.jpg","width":800,"height":800},{"@type":"BreadcrumbList","@id":"https:\/\/akuku.com.pl\/fr\/catalogue-de-produits\/soins\/accessoires-de-bain-bebe\/capes-de-bain\/cape-de-bain-bleu\/#breadcrumb","itemListElement":[{"@type":"ListItem","position":1,"name":"Strona g\u0142\u00f3wna","item":"https:\/\/akuku.com.pl\/fr\/"},{"@type":"ListItem","position":2,"name":"Boutique","item":"https:\/\/akuku.com.pl\/wszystkie-produkty\/"},{"@type":"ListItem","position":3,"name":"Cape de bain bleu"}]},{"@type":"WebSite","@id":"https:\/\/akuku.com.pl\/fr\/#website","url":"https:\/\/akuku.com.pl\/fr\/","name":"Akuku.com.pl","description":"","publisher":{"@id":"https:\/\/akuku.com.pl\/fr\/#organization"},"potentialAction":[{"@type":"SearchAction","target":{"@type":"EntryPoint","urlTemplate":"https:\/\/akuku.com.pl\/fr\/?s={search_term_string}"},"query-input":{"@type":"PropertyValueSpecification","valueRequired":true,"valueName":"search_term_string"}}],"inLanguage":"fr-FR"},{"@type":"Organization","@id":"https:\/\/akuku.com.pl\/fr\/#organization","name":"Akuku.com.pl","url":"https:\/\/akuku.com.pl\/fr\/","logo":{"@type":"ImageObject","inLanguage":"fr-FR","@id":"https:\/\/akuku.com.pl\/fr\/#\/schema\/logo\/image\/","url":"https:\/\/akuku.com.pl\/wp-content\/uploads\/2024\/04\/akuku-logo.svg","contentUrl":"https:\/\/akuku.com.pl\/wp-content\/uploads\/2024\/04\/akuku-logo.svg","width":114,"height":50,"caption":"Akuku.com.pl"},"image":{"@id":"https:\/\/akuku.com.pl\/fr\/#\/schema\/logo\/image\/"},"sameAs":["https:\/\/www.facebook.com\/markaAKUKU"]}]}},"_links":{"self":[{"href":"https:\/\/akuku.com.pl\/fr\/wp-json\/wp\/v2\/product\/15391","targetHints":{"allow":["GET"]}}],"collection":[{"href":"https:\/\/akuku.com.pl\/fr\/wp-json\/wp\/v2\/product"}],"about":[{"href":"https:\/\/akuku.com.pl\/fr\/wp-json\/wp\/v2\/types\/product"}],"wp:featuredmedia":[{"embeddable":true,"href":"https:\/\/akuku.com.pl\/fr\/wp-json\/wp\/v2\/media\/15379"}],"wp:attachment":[{"href":"https:\/\/akuku.com.pl\/fr\/wp-json\/wp\/v2\/media?parent=15391"}],"wp:term":[{"taxonomy":"product_cat","embeddable":true,"href":"https:\/\/akuku.com.pl\/fr\/wp-json\/wp\/v2\/product_cat?post=15391"},{"taxonomy":"product_tag","embeddable":true,"href":"https:\/\/akuku.com.pl\/fr\/wp-json\/wp\/v2\/product_tag?post=15391"}],"curies":[{"name":"wp","href":"https:\/\/api.w.org\/{rel}","templated":true}]}}