{"id":15300,"date":"2024-09-20T12:20:38","date_gmt":"2024-09-20T10:20:38","guid":{"rendered":"https:\/\/akuku.com.pl\/?post_type=product&#038;p=15300"},"modified":"2024-09-24T10:15:04","modified_gmt":"2024-09-24T08:15:04","slug":"gobelet-360-jaune","status":"publish","type":"product","link":"https:\/\/akuku.com.pl\/fr\/catalogue-de-produits\/nutrition\/nourriture-et-boissons\/gobelets-pour-enfant\/gobelet-360-jaune\/","title":{"rendered":"Gobelet 360\u00b0 jaune"},"content":{"rendered":"<div class=\"textWrap\">\n<p>&nbsp;<\/p>\n<p>Tr\u00e8s pratique gobelet pour que les enfants de plus de 9 mois puissent boire en toute autonomie. Utile \u00e0 la maison, en voyage ou en promenade. Un capuchon mobile permet de cacher facilement la paille \u00e9vitant ainsi tout d\u00e9versement incontr\u00f4l\u00e9. Les poign\u00e9es confortables permettent \u00e0 l\u2019enfant de tenir facilement le gobelet et d&rsquo;apprendre \u00e0 \u00eatre ind\u00e9pendant. \u00a0Puisque le gobelet est transparent, il est facile de contr\u00f4ler son contenu. Ce produit passe au lave-vaisselle.<\/p>\n<p>Instructions : gardez le produit propre. Avant la premi\u00e8re utilisation et chaque utilisation ult\u00e9rieure, lavez le gobelet et ses \u00e9l\u00e9ments \u00e0 l&rsquo;eau ti\u00e8de avec un produit doux et rincez abondamment \u00e0 l&rsquo;eau ti\u00e8de. Versez de l&rsquo;eau bouillante dessus. Ne faites pas cuire. \u00c9vitez les outils rugueux qui risquent de rayer la surface. Apr\u00e8s utilisation, le gobelet doit \u00eatre nettoy\u00e9, rinc\u00e9 puis lav\u00e9 soigneusement. Il passe au lave-vaisselle. Le produit ne doit pas \u00eatre utilis\u00e9 dans les fours \u00e0 micro-ondes. Le produit n&rsquo;est pas destin\u00e9 \u00e0 servir des liquides chauds ou gazeux. Il ne doit pas \u00eatre st\u00e9rilis\u00e9 dans des st\u00e9rilisateurs \u00e0 vapeur. V\u00e9rifiez le produit avant chaque utilisation. D\u00e8s les premiers signes de dommage ou d\u2019usure, jetez-le. Le gobelet ne doit pas \u00eatre plac\u00e9 dans un four pr\u00e9chauff\u00e9 ni chauff\u00e9 sur une cuisini\u00e8re \u00e0 gaz ou \u00e9lectrique.<\/p>\n<p>Pour la s\u00e9curit\u00e9 et la sant\u00e9 de votre enfant. Avertissement! Utilisez toujours le produit sous la surveillance d&rsquo;un adulte. L&rsquo;aspiration continue et prolong\u00e9e de liquides peut provoquer des caries dentaires. V\u00e9rifiez toujours la temp\u00e9rature des aliments avant de les passer aux enfants. Attention! Le produit n&rsquo;est pas un jouet. Gardez toutes les pi\u00e8ces du gobelet hors de port\u00e9e des enfants.<\/p>\n<p>Le produit est totalement exempt de bisph\u00e9nol A (0% BPA).<\/p>\n<p>Capacit\u00e9: 240 ml<\/p>\n<p>Con\u00e7u pour les enfants de 9 mois minimum.<\/p>\n<p>&nbsp;<\/p>\n<p><img decoding=\"async\" src=\"https:\/\/akuku.com.pl\/wp-content\/uploads\/2024\/09\/BPA-Free-logo-png_1.png\" alt=\"\" \/>\u00a0\u00a0 <img decoding=\"async\" src=\"https:\/\/ect.h2g.pl\/akuku\/images\/002.png\" alt=\"\" \/>\u00a0 <img decoding=\"async\" src=\"https:\/\/ect.h2g.pl\/akuku\/images\/004.png\" alt=\"\" \/><img decoding=\"async\" src=\"https:\/\/akuku.com.pl\/wp-content\/uploads\/2024\/09\/niekapek.jpg\" alt=\"\" \/><\/p>\n<\/div>\n<p>&nbsp;<\/p>\n<p>CODE EAN: 5907644006700<\/p>\n","protected":false},"excerpt":{"rendered":"<p>&nbsp; Tr\u00e8s pratique gobelet pour que les enfants de plus de 9 mois puissent boire en toute autonomie. Utile \u00e0 la maison, en voyage ou en promenade. Un capuchon mobile permet de cacher facilement la paille \u00e9vitant ainsi tout d\u00e9versement incontr\u00f4l\u00e9. Les poign\u00e9es confortables permettent \u00e0 l\u2019enfant de tenir facilement le gobelet et d&rsquo;apprendre \u00e0 [&hellip;]<\/p>\n","protected":false},"featured_media":15309,"template":"","meta":[],"product_cat":[3333,3369],"product_tag":[],"class_list":{"0":"post-15300","1":"product","2":"type-product","3":"status-publish","4":"has-post-thumbnail","6":"product_cat-nutrition","7":"product_cat-gobelets-pour-enfant","9":"first","10":"instock","11":"shipping-taxable","12":"product-type-simple"},"yoast_head":"<!-- This site is optimized with the Yoast SEO plugin v26.2 - https:\/\/yoast.com\/wordpress\/plugins\/seo\/ -->\n<title>Gobelet 360\u00b0 jaune - Akuku<\/title>\n<meta name=\"description\" content=\"Sprawd\u017a nasz produkt: Gobelet 360\u00b0 jaune. Produkty Akuku - odpowiednie dla mam i niemowl\u0105t!\" \/>\n<meta name=\"robots\" content=\"index, follow, max-snippet:-1, max-image-preview:large, max-video-preview:-1\" \/>\n<link rel=\"canonical\" href=\"https:\/\/akuku.com.pl\/fr\/catalogue-de-produits\/nutrition\/nourriture-et-boissons\/gobelets-pour-enfant\/gobelet-360-jaune\/\" \/>\n<meta property=\"og:locale\" content=\"fr_FR\" \/>\n<meta property=\"og:type\" content=\"article\" \/>\n<meta property=\"og:title\" content=\"Gobelet 360\u00b0 jaune - Akuku\" \/>\n<meta property=\"og:description\" content=\"Sprawd\u017a nasz produkt: Gobelet 360\u00b0 jaune. Produkty Akuku - odpowiednie dla mam i niemowl\u0105t!\" \/>\n<meta property=\"og:url\" content=\"https:\/\/akuku.com.pl\/fr\/catalogue-de-produits\/nutrition\/nourriture-et-boissons\/gobelets-pour-enfant\/gobelet-360-jaune\/\" \/>\n<meta property=\"og:site_name\" content=\"Akuku\" \/>\n<meta property=\"article:publisher\" content=\"https:\/\/www.facebook.com\/markaAKUKU\" \/>\n<meta property=\"article:modified_time\" content=\"2024-09-24T08:15:04+00:00\" \/>\n<meta property=\"og:image\" content=\"https:\/\/akuku.com.pl\/wp-content\/uploads\/2024\/09\/A0670_2-scaled.jpg\" \/>\n\t<meta property=\"og:image:width\" content=\"2560\" \/>\n\t<meta property=\"og:image:height\" content=\"2560\" \/>\n\t<meta property=\"og:image:type\" content=\"image\/jpeg\" \/>\n<meta name=\"twitter:card\" content=\"summary_large_image\" \/>\n<meta name=\"twitter:label1\" content=\"Dur\u00e9e de lecture estim\u00e9e\" \/>\n\t<meta name=\"twitter:data1\" content=\"2 minutes\" \/>\n<script type=\"application\/ld+json\" class=\"yoast-schema-graph\">{\"@context\":\"https:\/\/schema.org\",\"@graph\":[{\"@type\":\"WebPage\",\"@id\":\"https:\/\/akuku.com.pl\/fr\/catalogue-de-produits\/nutrition\/nourriture-et-boissons\/gobelets-pour-enfant\/gobelet-360-jaune\/\",\"url\":\"https:\/\/akuku.com.pl\/fr\/catalogue-de-produits\/nutrition\/nourriture-et-boissons\/gobelets-pour-enfant\/gobelet-360-jaune\/\",\"name\":\"Gobelet 360\u00b0 jaune - Akuku\",\"isPartOf\":{\"@id\":\"https:\/\/akuku.com.pl\/fr\/#website\"},\"primaryImageOfPage\":{\"@id\":\"https:\/\/akuku.com.pl\/fr\/catalogue-de-produits\/nutrition\/nourriture-et-boissons\/gobelets-pour-enfant\/gobelet-360-jaune\/#primaryimage\"},\"image\":{\"@id\":\"https:\/\/akuku.com.pl\/fr\/catalogue-de-produits\/nutrition\/nourriture-et-boissons\/gobelets-pour-enfant\/gobelet-360-jaune\/#primaryimage\"},\"thumbnailUrl\":\"https:\/\/akuku.com.pl\/wp-content\/uploads\/2024\/09\/A0670_2-scaled.jpg\",\"datePublished\":\"2024-09-20T10:20:38+00:00\",\"dateModified\":\"2024-09-24T08:15:04+00:00\",\"description\":\"Sprawd\u017a nasz produkt: Gobelet 360\u00b0 jaune. Produkty Akuku - odpowiednie dla mam i niemowl\u0105t!\",\"breadcrumb\":{\"@id\":\"https:\/\/akuku.com.pl\/fr\/catalogue-de-produits\/nutrition\/nourriture-et-boissons\/gobelets-pour-enfant\/gobelet-360-jaune\/#breadcrumb\"},\"inLanguage\":\"fr-FR\",\"potentialAction\":[{\"@type\":\"ReadAction\",\"target\":[\"https:\/\/akuku.com.pl\/fr\/catalogue-de-produits\/nutrition\/nourriture-et-boissons\/gobelets-pour-enfant\/gobelet-360-jaune\/\"]}]},{\"@type\":\"ImageObject\",\"inLanguage\":\"fr-FR\",\"@id\":\"https:\/\/akuku.com.pl\/fr\/catalogue-de-produits\/nutrition\/nourriture-et-boissons\/gobelets-pour-enfant\/gobelet-360-jaune\/#primaryimage\",\"url\":\"https:\/\/akuku.com.pl\/wp-content\/uploads\/2024\/09\/A0670_2-scaled.jpg\",\"contentUrl\":\"https:\/\/akuku.com.pl\/wp-content\/uploads\/2024\/09\/A0670_2-scaled.jpg\",\"width\":2560,\"height\":2560},{\"@type\":\"BreadcrumbList\",\"@id\":\"https:\/\/akuku.com.pl\/fr\/catalogue-de-produits\/nutrition\/nourriture-et-boissons\/gobelets-pour-enfant\/gobelet-360-jaune\/#breadcrumb\",\"itemListElement\":[{\"@type\":\"ListItem\",\"position\":1,\"name\":\"Strona g\u0142\u00f3wna\",\"item\":\"https:\/\/akuku.com.pl\/fr\/\"},{\"@type\":\"ListItem\",\"position\":2,\"name\":\"Boutique\",\"item\":\"https:\/\/akuku.com.pl\/wszystkie-produkty\/\"},{\"@type\":\"ListItem\",\"position\":3,\"name\":\"Gobelet 360\u00b0 jaune\"}]},{\"@type\":\"WebSite\",\"@id\":\"https:\/\/akuku.com.pl\/fr\/#website\",\"url\":\"https:\/\/akuku.com.pl\/fr\/\",\"name\":\"Akuku.com.pl\",\"description\":\"\",\"publisher\":{\"@id\":\"https:\/\/akuku.com.pl\/fr\/#organization\"},\"potentialAction\":[{\"@type\":\"SearchAction\",\"target\":{\"@type\":\"EntryPoint\",\"urlTemplate\":\"https:\/\/akuku.com.pl\/fr\/?s={search_term_string}\"},\"query-input\":{\"@type\":\"PropertyValueSpecification\",\"valueRequired\":true,\"valueName\":\"search_term_string\"}}],\"inLanguage\":\"fr-FR\"},{\"@type\":\"Organization\",\"@id\":\"https:\/\/akuku.com.pl\/fr\/#organization\",\"name\":\"Akuku.com.pl\",\"url\":\"https:\/\/akuku.com.pl\/fr\/\",\"logo\":{\"@type\":\"ImageObject\",\"inLanguage\":\"fr-FR\",\"@id\":\"https:\/\/akuku.com.pl\/fr\/#\/schema\/logo\/image\/\",\"url\":\"https:\/\/akuku.com.pl\/wp-content\/uploads\/2024\/04\/akuku-logo.svg\",\"contentUrl\":\"https:\/\/akuku.com.pl\/wp-content\/uploads\/2024\/04\/akuku-logo.svg\",\"width\":114,\"height\":50,\"caption\":\"Akuku.com.pl\"},\"image\":{\"@id\":\"https:\/\/akuku.com.pl\/fr\/#\/schema\/logo\/image\/\"},\"sameAs\":[\"https:\/\/www.facebook.com\/markaAKUKU\"]}]}<\/script>\n<!-- \/ Yoast SEO plugin. -->","yoast_head_json":{"title":"Gobelet 360\u00b0 jaune - Akuku","description":"Sprawd\u017a nasz produkt: Gobelet 360\u00b0 jaune. Produkty Akuku - odpowiednie dla mam i niemowl\u0105t!","robots":{"index":"index","follow":"follow","max-snippet":"max-snippet:-1","max-image-preview":"max-image-preview:large","max-video-preview":"max-video-preview:-1"},"canonical":"https:\/\/akuku.com.pl\/fr\/catalogue-de-produits\/nutrition\/nourriture-et-boissons\/gobelets-pour-enfant\/gobelet-360-jaune\/","og_locale":"fr_FR","og_type":"article","og_title":"Gobelet 360\u00b0 jaune - Akuku","og_description":"Sprawd\u017a nasz produkt: Gobelet 360\u00b0 jaune. Produkty Akuku - odpowiednie dla mam i niemowl\u0105t!","og_url":"https:\/\/akuku.com.pl\/fr\/catalogue-de-produits\/nutrition\/nourriture-et-boissons\/gobelets-pour-enfant\/gobelet-360-jaune\/","og_site_name":"Akuku","article_publisher":"https:\/\/www.facebook.com\/markaAKUKU","article_modified_time":"2024-09-24T08:15:04+00:00","og_image":[{"width":2560,"height":2560,"url":"https:\/\/akuku.com.pl\/wp-content\/uploads\/2024\/09\/A0670_2-scaled.jpg","type":"image\/jpeg"}],"twitter_card":"summary_large_image","twitter_misc":{"Dur\u00e9e de lecture estim\u00e9e":"2 minutes"},"schema":{"@context":"https:\/\/schema.org","@graph":[{"@type":"WebPage","@id":"https:\/\/akuku.com.pl\/fr\/catalogue-de-produits\/nutrition\/nourriture-et-boissons\/gobelets-pour-enfant\/gobelet-360-jaune\/","url":"https:\/\/akuku.com.pl\/fr\/catalogue-de-produits\/nutrition\/nourriture-et-boissons\/gobelets-pour-enfant\/gobelet-360-jaune\/","name":"Gobelet 360\u00b0 jaune - Akuku","isPartOf":{"@id":"https:\/\/akuku.com.pl\/fr\/#website"},"primaryImageOfPage":{"@id":"https:\/\/akuku.com.pl\/fr\/catalogue-de-produits\/nutrition\/nourriture-et-boissons\/gobelets-pour-enfant\/gobelet-360-jaune\/#primaryimage"},"image":{"@id":"https:\/\/akuku.com.pl\/fr\/catalogue-de-produits\/nutrition\/nourriture-et-boissons\/gobelets-pour-enfant\/gobelet-360-jaune\/#primaryimage"},"thumbnailUrl":"https:\/\/akuku.com.pl\/wp-content\/uploads\/2024\/09\/A0670_2-scaled.jpg","datePublished":"2024-09-20T10:20:38+00:00","dateModified":"2024-09-24T08:15:04+00:00","description":"Sprawd\u017a nasz produkt: Gobelet 360\u00b0 jaune. Produkty Akuku - odpowiednie dla mam i niemowl\u0105t!","breadcrumb":{"@id":"https:\/\/akuku.com.pl\/fr\/catalogue-de-produits\/nutrition\/nourriture-et-boissons\/gobelets-pour-enfant\/gobelet-360-jaune\/#breadcrumb"},"inLanguage":"fr-FR","potentialAction":[{"@type":"ReadAction","target":["https:\/\/akuku.com.pl\/fr\/catalogue-de-produits\/nutrition\/nourriture-et-boissons\/gobelets-pour-enfant\/gobelet-360-jaune\/"]}]},{"@type":"ImageObject","inLanguage":"fr-FR","@id":"https:\/\/akuku.com.pl\/fr\/catalogue-de-produits\/nutrition\/nourriture-et-boissons\/gobelets-pour-enfant\/gobelet-360-jaune\/#primaryimage","url":"https:\/\/akuku.com.pl\/wp-content\/uploads\/2024\/09\/A0670_2-scaled.jpg","contentUrl":"https:\/\/akuku.com.pl\/wp-content\/uploads\/2024\/09\/A0670_2-scaled.jpg","width":2560,"height":2560},{"@type":"BreadcrumbList","@id":"https:\/\/akuku.com.pl\/fr\/catalogue-de-produits\/nutrition\/nourriture-et-boissons\/gobelets-pour-enfant\/gobelet-360-jaune\/#breadcrumb","itemListElement":[{"@type":"ListItem","position":1,"name":"Strona g\u0142\u00f3wna","item":"https:\/\/akuku.com.pl\/fr\/"},{"@type":"ListItem","position":2,"name":"Boutique","item":"https:\/\/akuku.com.pl\/wszystkie-produkty\/"},{"@type":"ListItem","position":3,"name":"Gobelet 360\u00b0 jaune"}]},{"@type":"WebSite","@id":"https:\/\/akuku.com.pl\/fr\/#website","url":"https:\/\/akuku.com.pl\/fr\/","name":"Akuku.com.pl","description":"","publisher":{"@id":"https:\/\/akuku.com.pl\/fr\/#organization"},"potentialAction":[{"@type":"SearchAction","target":{"@type":"EntryPoint","urlTemplate":"https:\/\/akuku.com.pl\/fr\/?s={search_term_string}"},"query-input":{"@type":"PropertyValueSpecification","valueRequired":true,"valueName":"search_term_string"}}],"inLanguage":"fr-FR"},{"@type":"Organization","@id":"https:\/\/akuku.com.pl\/fr\/#organization","name":"Akuku.com.pl","url":"https:\/\/akuku.com.pl\/fr\/","logo":{"@type":"ImageObject","inLanguage":"fr-FR","@id":"https:\/\/akuku.com.pl\/fr\/#\/schema\/logo\/image\/","url":"https:\/\/akuku.com.pl\/wp-content\/uploads\/2024\/04\/akuku-logo.svg","contentUrl":"https:\/\/akuku.com.pl\/wp-content\/uploads\/2024\/04\/akuku-logo.svg","width":114,"height":50,"caption":"Akuku.com.pl"},"image":{"@id":"https:\/\/akuku.com.pl\/fr\/#\/schema\/logo\/image\/"},"sameAs":["https:\/\/www.facebook.com\/markaAKUKU"]}]}},"_links":{"self":[{"href":"https:\/\/akuku.com.pl\/fr\/wp-json\/wp\/v2\/product\/15300","targetHints":{"allow":["GET"]}}],"collection":[{"href":"https:\/\/akuku.com.pl\/fr\/wp-json\/wp\/v2\/product"}],"about":[{"href":"https:\/\/akuku.com.pl\/fr\/wp-json\/wp\/v2\/types\/product"}],"wp:featuredmedia":[{"embeddable":true,"href":"https:\/\/akuku.com.pl\/fr\/wp-json\/wp\/v2\/media\/15309"}],"wp:attachment":[{"href":"https:\/\/akuku.com.pl\/fr\/wp-json\/wp\/v2\/media?parent=15300"}],"wp:term":[{"taxonomy":"product_cat","embeddable":true,"href":"https:\/\/akuku.com.pl\/fr\/wp-json\/wp\/v2\/product_cat?post=15300"},{"taxonomy":"product_tag","embeddable":true,"href":"https:\/\/akuku.com.pl\/fr\/wp-json\/wp\/v2\/product_tag?post=15300"}],"curies":[{"name":"wp","href":"https:\/\/api.w.org\/{rel}","templated":true}]}}