{"id":15285,"date":"2024-09-20T12:09:41","date_gmt":"2024-09-20T10:09:41","guid":{"rendered":"https:\/\/akuku.com.pl\/?post_type=product&#038;p=15285"},"modified":"2024-09-20T14:11:12","modified_gmt":"2024-09-20T12:11:12","slug":"brosse-nature","status":"publish","type":"product","link":"https:\/\/akuku.com.pl\/fr\/catalogue-de-produits\/soins\/accessoires-de-peuriculture\/brosses-et-peignes-pour-bebes\/brosse-nature\/","title":{"rendered":"Brosse NATURE"},"content":{"rendered":"<div class=\"textWrap\">\n<p>&nbsp;<\/p>\n<p>Brosse aux poils naturels et bois de h\u00eatre pour enlever la croute laiteuse chez l\u2019enfant.<\/p>\n<p>Brosse \u00e0 poils est un produit pour des t\u00e2ches sp\u00e9ciales. Il fera parfaitement face \u00e0 la cro\u00fbte laiteuse, qui apara\u00eet dans les premiers mois de la vie de la plupart des<br \/>\nnouveau-n\u00e9s. La brosse est prevue pour masser le cuir chevelu du b\u00e9b\u00e9, le nettoyer et lui enl\u00e8ver la cro\u00fbte de lait.<\/p>\n<p>Pour obtenir de meilleurs r\u00e9sultats, il est recommand\u00e9 d\u2019utiliser notre brosse avec de l\u2019huile de b\u00e9b\u00e9. Il suffit de brosser sa t\u00eate avec l\u2019huile de b\u00e9b\u00e9 avant le bain, puis de brosser les \u00e9cailles (\u00e0 contre-sens). En cas d&rsquo;\u00e9chec, nous recommandons de couvrir la t\u00eate du b\u00e9b\u00e9 avec de l\u2019huile ou de la cr\u00e8me grasse pendant quelques heures avant le bain.<\/p>\n<p>Avant la premi\u00e8re utilisation, lavez la brosse \u00e0 l&rsquo;eau ti\u00e8de avec un produit doux de b\u00e9b\u00e9 et rincez abondamment. Les poils de la brosse peuvent \u00eatre s\u00e9ch\u00e9s au<br \/>\ns\u00e8che-cheveux. Gardez le produit propre. Lavez r\u00e9guli\u00e8rement \u00e0 l&rsquo;eau ti\u00e8de avec un produit doux et rincez. Ne pas \u00e9bouillanter ni verser de l&rsquo;eau bouillante.<\/p>\n<p>Attention ! Le produit n&rsquo;est pas un jouet. Gardez-le hors de port\u00e9e des enfants. V\u00e9rifiez le produit avant chaque utilisation. Jetez-le d\u00e8s les premiers signes de endommagements.<\/p>\n<p>Ce produit peut \u00eatre utilis\u00e9 d\u00e8s la naissance.<\/p>\n<\/div>\n<p>&nbsp;<\/p>\n<p>CODE EAN: 5907644006694<\/p>\n","protected":false},"excerpt":{"rendered":"<p>&nbsp; Brosse aux poils naturels et bois de h\u00eatre pour enlever la croute laiteuse chez l\u2019enfant. Brosse \u00e0 poils est un produit pour des t\u00e2ches sp\u00e9ciales. Il fera parfaitement face \u00e0 la cro\u00fbte laiteuse, qui apara\u00eet dans les premiers mois de la vie de la plupart des nouveau-n\u00e9s. La brosse est prevue pour masser le [&hellip;]<\/p>\n","protected":false},"featured_media":15339,"template":"","meta":[],"product_cat":[3414,3444,3450],"product_tag":[],"class_list":{"0":"post-15285","1":"product","2":"type-product","3":"status-publish","4":"has-post-thumbnail","6":"product_cat-soins","7":"product_cat-accessoires-de-peuriculture","8":"product_cat-brosses-et-peignes-pour-bebes","10":"first","11":"instock","12":"shipping-taxable","13":"product-type-simple"},"yoast_head":"<!-- This site is optimized with the Yoast SEO plugin v26.2 - https:\/\/yoast.com\/wordpress\/plugins\/seo\/ -->\n<title>Brosse NATURE - Akuku<\/title>\n<meta name=\"description\" content=\"Sprawd\u017a nasz produkt: Brosse NATURE. Produkty Akuku - odpowiednie dla mam i niemowl\u0105t!\" \/>\n<meta name=\"robots\" content=\"index, follow, max-snippet:-1, max-image-preview:large, max-video-preview:-1\" \/>\n<link rel=\"canonical\" href=\"https:\/\/akuku.com.pl\/fr\/catalogue-de-produits\/soins\/accessoires-de-peuriculture\/brosses-et-peignes-pour-bebes\/brosse-nature\/\" \/>\n<meta property=\"og:locale\" content=\"fr_FR\" \/>\n<meta property=\"og:type\" content=\"article\" \/>\n<meta property=\"og:title\" content=\"Brosse NATURE - Akuku\" \/>\n<meta property=\"og:description\" content=\"Sprawd\u017a nasz produkt: Brosse NATURE. Produkty Akuku - odpowiednie dla mam i niemowl\u0105t!\" \/>\n<meta property=\"og:url\" content=\"https:\/\/akuku.com.pl\/fr\/catalogue-de-produits\/soins\/accessoires-de-peuriculture\/brosses-et-peignes-pour-bebes\/brosse-nature\/\" \/>\n<meta property=\"og:site_name\" content=\"Akuku\" \/>\n<meta property=\"article:publisher\" content=\"https:\/\/www.facebook.com\/markaAKUKU\" \/>\n<meta property=\"article:modified_time\" content=\"2024-09-20T12:11:12+00:00\" \/>\n<meta property=\"og:image\" content=\"https:\/\/akuku.com.pl\/wp-content\/uploads\/2024\/09\/C9A6426-kopia.jpg\" \/>\n\t<meta property=\"og:image:width\" content=\"800\" \/>\n\t<meta property=\"og:image:height\" content=\"800\" \/>\n\t<meta property=\"og:image:type\" content=\"image\/jpeg\" \/>\n<meta name=\"twitter:card\" content=\"summary_large_image\" \/>\n<meta name=\"twitter:label1\" content=\"Dur\u00e9e de lecture estim\u00e9e\" \/>\n\t<meta name=\"twitter:data1\" content=\"1 minute\" \/>\n<script type=\"application\/ld+json\" class=\"yoast-schema-graph\">{\"@context\":\"https:\/\/schema.org\",\"@graph\":[{\"@type\":\"WebPage\",\"@id\":\"https:\/\/akuku.com.pl\/fr\/catalogue-de-produits\/soins\/accessoires-de-peuriculture\/brosses-et-peignes-pour-bebes\/brosse-nature\/\",\"url\":\"https:\/\/akuku.com.pl\/fr\/catalogue-de-produits\/soins\/accessoires-de-peuriculture\/brosses-et-peignes-pour-bebes\/brosse-nature\/\",\"name\":\"Brosse NATURE - Akuku\",\"isPartOf\":{\"@id\":\"https:\/\/akuku.com.pl\/fr\/#website\"},\"primaryImageOfPage\":{\"@id\":\"https:\/\/akuku.com.pl\/fr\/catalogue-de-produits\/soins\/accessoires-de-peuriculture\/brosses-et-peignes-pour-bebes\/brosse-nature\/#primaryimage\"},\"image\":{\"@id\":\"https:\/\/akuku.com.pl\/fr\/catalogue-de-produits\/soins\/accessoires-de-peuriculture\/brosses-et-peignes-pour-bebes\/brosse-nature\/#primaryimage\"},\"thumbnailUrl\":\"https:\/\/akuku.com.pl\/wp-content\/uploads\/2024\/09\/C9A6426-kopia.jpg\",\"datePublished\":\"2024-09-20T10:09:41+00:00\",\"dateModified\":\"2024-09-20T12:11:12+00:00\",\"description\":\"Sprawd\u017a nasz produkt: Brosse NATURE. Produkty Akuku - odpowiednie dla mam i niemowl\u0105t!\",\"breadcrumb\":{\"@id\":\"https:\/\/akuku.com.pl\/fr\/catalogue-de-produits\/soins\/accessoires-de-peuriculture\/brosses-et-peignes-pour-bebes\/brosse-nature\/#breadcrumb\"},\"inLanguage\":\"fr-FR\",\"potentialAction\":[{\"@type\":\"ReadAction\",\"target\":[\"https:\/\/akuku.com.pl\/fr\/catalogue-de-produits\/soins\/accessoires-de-peuriculture\/brosses-et-peignes-pour-bebes\/brosse-nature\/\"]}]},{\"@type\":\"ImageObject\",\"inLanguage\":\"fr-FR\",\"@id\":\"https:\/\/akuku.com.pl\/fr\/catalogue-de-produits\/soins\/accessoires-de-peuriculture\/brosses-et-peignes-pour-bebes\/brosse-nature\/#primaryimage\",\"url\":\"https:\/\/akuku.com.pl\/wp-content\/uploads\/2024\/09\/C9A6426-kopia.jpg\",\"contentUrl\":\"https:\/\/akuku.com.pl\/wp-content\/uploads\/2024\/09\/C9A6426-kopia.jpg\",\"width\":800,\"height\":800},{\"@type\":\"BreadcrumbList\",\"@id\":\"https:\/\/akuku.com.pl\/fr\/catalogue-de-produits\/soins\/accessoires-de-peuriculture\/brosses-et-peignes-pour-bebes\/brosse-nature\/#breadcrumb\",\"itemListElement\":[{\"@type\":\"ListItem\",\"position\":1,\"name\":\"Strona g\u0142\u00f3wna\",\"item\":\"https:\/\/akuku.com.pl\/fr\/\"},{\"@type\":\"ListItem\",\"position\":2,\"name\":\"Boutique\",\"item\":\"https:\/\/akuku.com.pl\/wszystkie-produkty\/\"},{\"@type\":\"ListItem\",\"position\":3,\"name\":\"Brosse NATURE\"}]},{\"@type\":\"WebSite\",\"@id\":\"https:\/\/akuku.com.pl\/fr\/#website\",\"url\":\"https:\/\/akuku.com.pl\/fr\/\",\"name\":\"Akuku.com.pl\",\"description\":\"\",\"publisher\":{\"@id\":\"https:\/\/akuku.com.pl\/fr\/#organization\"},\"potentialAction\":[{\"@type\":\"SearchAction\",\"target\":{\"@type\":\"EntryPoint\",\"urlTemplate\":\"https:\/\/akuku.com.pl\/fr\/?s={search_term_string}\"},\"query-input\":{\"@type\":\"PropertyValueSpecification\",\"valueRequired\":true,\"valueName\":\"search_term_string\"}}],\"inLanguage\":\"fr-FR\"},{\"@type\":\"Organization\",\"@id\":\"https:\/\/akuku.com.pl\/fr\/#organization\",\"name\":\"Akuku.com.pl\",\"url\":\"https:\/\/akuku.com.pl\/fr\/\",\"logo\":{\"@type\":\"ImageObject\",\"inLanguage\":\"fr-FR\",\"@id\":\"https:\/\/akuku.com.pl\/fr\/#\/schema\/logo\/image\/\",\"url\":\"https:\/\/akuku.com.pl\/wp-content\/uploads\/2024\/04\/akuku-logo.svg\",\"contentUrl\":\"https:\/\/akuku.com.pl\/wp-content\/uploads\/2024\/04\/akuku-logo.svg\",\"width\":114,\"height\":50,\"caption\":\"Akuku.com.pl\"},\"image\":{\"@id\":\"https:\/\/akuku.com.pl\/fr\/#\/schema\/logo\/image\/\"},\"sameAs\":[\"https:\/\/www.facebook.com\/markaAKUKU\"]}]}<\/script>\n<!-- \/ Yoast SEO plugin. -->","yoast_head_json":{"title":"Brosse NATURE - Akuku","description":"Sprawd\u017a nasz produkt: Brosse NATURE. Produkty Akuku - odpowiednie dla mam i niemowl\u0105t!","robots":{"index":"index","follow":"follow","max-snippet":"max-snippet:-1","max-image-preview":"max-image-preview:large","max-video-preview":"max-video-preview:-1"},"canonical":"https:\/\/akuku.com.pl\/fr\/catalogue-de-produits\/soins\/accessoires-de-peuriculture\/brosses-et-peignes-pour-bebes\/brosse-nature\/","og_locale":"fr_FR","og_type":"article","og_title":"Brosse NATURE - Akuku","og_description":"Sprawd\u017a nasz produkt: Brosse NATURE. Produkty Akuku - odpowiednie dla mam i niemowl\u0105t!","og_url":"https:\/\/akuku.com.pl\/fr\/catalogue-de-produits\/soins\/accessoires-de-peuriculture\/brosses-et-peignes-pour-bebes\/brosse-nature\/","og_site_name":"Akuku","article_publisher":"https:\/\/www.facebook.com\/markaAKUKU","article_modified_time":"2024-09-20T12:11:12+00:00","og_image":[{"width":800,"height":800,"url":"https:\/\/akuku.com.pl\/wp-content\/uploads\/2024\/09\/C9A6426-kopia.jpg","type":"image\/jpeg"}],"twitter_card":"summary_large_image","twitter_misc":{"Dur\u00e9e de lecture estim\u00e9e":"1 minute"},"schema":{"@context":"https:\/\/schema.org","@graph":[{"@type":"WebPage","@id":"https:\/\/akuku.com.pl\/fr\/catalogue-de-produits\/soins\/accessoires-de-peuriculture\/brosses-et-peignes-pour-bebes\/brosse-nature\/","url":"https:\/\/akuku.com.pl\/fr\/catalogue-de-produits\/soins\/accessoires-de-peuriculture\/brosses-et-peignes-pour-bebes\/brosse-nature\/","name":"Brosse NATURE - Akuku","isPartOf":{"@id":"https:\/\/akuku.com.pl\/fr\/#website"},"primaryImageOfPage":{"@id":"https:\/\/akuku.com.pl\/fr\/catalogue-de-produits\/soins\/accessoires-de-peuriculture\/brosses-et-peignes-pour-bebes\/brosse-nature\/#primaryimage"},"image":{"@id":"https:\/\/akuku.com.pl\/fr\/catalogue-de-produits\/soins\/accessoires-de-peuriculture\/brosses-et-peignes-pour-bebes\/brosse-nature\/#primaryimage"},"thumbnailUrl":"https:\/\/akuku.com.pl\/wp-content\/uploads\/2024\/09\/C9A6426-kopia.jpg","datePublished":"2024-09-20T10:09:41+00:00","dateModified":"2024-09-20T12:11:12+00:00","description":"Sprawd\u017a nasz produkt: Brosse NATURE. Produkty Akuku - odpowiednie dla mam i niemowl\u0105t!","breadcrumb":{"@id":"https:\/\/akuku.com.pl\/fr\/catalogue-de-produits\/soins\/accessoires-de-peuriculture\/brosses-et-peignes-pour-bebes\/brosse-nature\/#breadcrumb"},"inLanguage":"fr-FR","potentialAction":[{"@type":"ReadAction","target":["https:\/\/akuku.com.pl\/fr\/catalogue-de-produits\/soins\/accessoires-de-peuriculture\/brosses-et-peignes-pour-bebes\/brosse-nature\/"]}]},{"@type":"ImageObject","inLanguage":"fr-FR","@id":"https:\/\/akuku.com.pl\/fr\/catalogue-de-produits\/soins\/accessoires-de-peuriculture\/brosses-et-peignes-pour-bebes\/brosse-nature\/#primaryimage","url":"https:\/\/akuku.com.pl\/wp-content\/uploads\/2024\/09\/C9A6426-kopia.jpg","contentUrl":"https:\/\/akuku.com.pl\/wp-content\/uploads\/2024\/09\/C9A6426-kopia.jpg","width":800,"height":800},{"@type":"BreadcrumbList","@id":"https:\/\/akuku.com.pl\/fr\/catalogue-de-produits\/soins\/accessoires-de-peuriculture\/brosses-et-peignes-pour-bebes\/brosse-nature\/#breadcrumb","itemListElement":[{"@type":"ListItem","position":1,"name":"Strona g\u0142\u00f3wna","item":"https:\/\/akuku.com.pl\/fr\/"},{"@type":"ListItem","position":2,"name":"Boutique","item":"https:\/\/akuku.com.pl\/wszystkie-produkty\/"},{"@type":"ListItem","position":3,"name":"Brosse NATURE"}]},{"@type":"WebSite","@id":"https:\/\/akuku.com.pl\/fr\/#website","url":"https:\/\/akuku.com.pl\/fr\/","name":"Akuku.com.pl","description":"","publisher":{"@id":"https:\/\/akuku.com.pl\/fr\/#organization"},"potentialAction":[{"@type":"SearchAction","target":{"@type":"EntryPoint","urlTemplate":"https:\/\/akuku.com.pl\/fr\/?s={search_term_string}"},"query-input":{"@type":"PropertyValueSpecification","valueRequired":true,"valueName":"search_term_string"}}],"inLanguage":"fr-FR"},{"@type":"Organization","@id":"https:\/\/akuku.com.pl\/fr\/#organization","name":"Akuku.com.pl","url":"https:\/\/akuku.com.pl\/fr\/","logo":{"@type":"ImageObject","inLanguage":"fr-FR","@id":"https:\/\/akuku.com.pl\/fr\/#\/schema\/logo\/image\/","url":"https:\/\/akuku.com.pl\/wp-content\/uploads\/2024\/04\/akuku-logo.svg","contentUrl":"https:\/\/akuku.com.pl\/wp-content\/uploads\/2024\/04\/akuku-logo.svg","width":114,"height":50,"caption":"Akuku.com.pl"},"image":{"@id":"https:\/\/akuku.com.pl\/fr\/#\/schema\/logo\/image\/"},"sameAs":["https:\/\/www.facebook.com\/markaAKUKU"]}]}},"_links":{"self":[{"href":"https:\/\/akuku.com.pl\/fr\/wp-json\/wp\/v2\/product\/15285","targetHints":{"allow":["GET"]}}],"collection":[{"href":"https:\/\/akuku.com.pl\/fr\/wp-json\/wp\/v2\/product"}],"about":[{"href":"https:\/\/akuku.com.pl\/fr\/wp-json\/wp\/v2\/types\/product"}],"wp:featuredmedia":[{"embeddable":true,"href":"https:\/\/akuku.com.pl\/fr\/wp-json\/wp\/v2\/media\/15339"}],"wp:attachment":[{"href":"https:\/\/akuku.com.pl\/fr\/wp-json\/wp\/v2\/media?parent=15285"}],"wp:term":[{"taxonomy":"product_cat","embeddable":true,"href":"https:\/\/akuku.com.pl\/fr\/wp-json\/wp\/v2\/product_cat?post=15285"},{"taxonomy":"product_tag","embeddable":true,"href":"https:\/\/akuku.com.pl\/fr\/wp-json\/wp\/v2\/product_tag?post=15285"}],"curies":[{"name":"wp","href":"https:\/\/api.w.org\/{rel}","templated":true}]}}