{"id":11729,"date":"2024-07-05T00:01:37","date_gmt":"2024-07-04T22:01:37","guid":{"rendered":"https:\/\/wp.akuku.com.pl\/sklep\/non%20class\u00e9\/caches-prises-electriques-a0651\/"},"modified":"2024-07-29T21:51:06","modified_gmt":"2024-07-29T19:51:06","slug":"caches-prises-electriques-a0651","status":"publish","type":"product","link":"https:\/\/akuku.com.pl\/fr\/catalogue-de-produits\/securisez-votre-maison\/cache-prise\/caches-prises-electriques-a0651\/","title":{"rendered":"Caches prises \u00e9lectriques"},"content":{"rendered":"<div class=\"textWrap\">\n<div class=\"textWrap\">\n<div class=\"textWrap\">\n<div class=\"textWrap\" style=\"text-align: justify\"><\/div>\n<div class=\"textWrap\" style=\"text-align: justify\">\u00a0<\/div>\n<div class=\"textWrap\" style=\"text-align: justify\">Caches prises \u00e9lectriques A0651<\/div>\n<div class=\"textWrap\" style=\"text-align: justify\">Caches prises \u00e9lectriques constituent un \u00e9l\u00e9ment important de s\u00e9curit\u00e9 \u00e0 la maison, si vous avez des enfants. C\u2019est un moyen simple et efficace d&rsquo;\u00e9viter de toucher ou d&rsquo;ins\u00e9rer accidentellement des objets dans les prises \u00e9lectriques, ce qui pourrait entra\u00eener un choc \u00e9lectrique. Nos caches sont fabriqu\u00e9s d&rsquo;une mati\u00e8re premi\u00e8re solide qui respecte l&rsquo;environnement. Elles s&rsquo;adaptent bien \u00e0 des prises \u00e9lectriques standard (avec et sans terre). Son installation et retrait sont faciles \u00e0 l&rsquo;aide de la cl\u00e9 incluse au lot. Prot\u00e8ge votre b\u00e9b\u00e9 du danger. Nos caches prises servent \u00e0 rendre l\u2019\u00e9lectricit\u00e9 \u00e0 la maison non dangereuse. <\/p>\n<p>Mode d\u2019utilisation:<br \/>&#8211; retirer les caches de l&#8217;emballage,<br \/>&#8211; placer \u00e0 l&rsquo;int\u00e9rieur de la prise, le plus profondement possible <br \/>&#8211; retirer avec la cl\u00e9<br \/>Avantages :<br \/>&#8211; la s\u00e9curit\u00e9 de votre b\u00e9b\u00e9 !<br \/>&#8211; l&rsquo;enfant n\u2019est pas capable de retirer la cache tout seul,<br \/>&#8211; montage et d\u00e9montage simples qui ne n\u00e9cessite pas d&rsquo;outils,<br \/>&#8211; produit r\u00e9sistant.<br \/>Le lot de 6 caches et 1 cl\u00e9 pour les retirer.<\/div>\n<div class=\"textWrap\" style=\"text-align: justify\">\u00a0<\/p>\n<div class=\"textWrap\">\n<div class=\"textWrap\" style=\"text-align: justify\"><img decoding=\"async\" alt=\"\" src=\"https:\/\/akuku.com.pl\/wp-content\/uploads\/2024\/09\/BPA-Free-logo-png_1.png\" \/><\/p>\n","protected":false},"excerpt":{"rendered":"<p>\u00a0 Caches prises \u00e9lectriques A0651 Caches prises \u00e9lectriques constituent un \u00e9l\u00e9ment important de s\u00e9curit\u00e9 \u00e0 la maison, si vous avez des enfants. C\u2019est un moyen simple et efficace d&rsquo;\u00e9viter de toucher ou d&rsquo;ins\u00e9rer accidentellement des objets dans les prises \u00e9lectriques, ce qui pourrait entra\u00eener un choc \u00e9lectrique. Nos caches sont fabriqu\u00e9s d&rsquo;une mati\u00e8re premi\u00e8re solide [&hellip;]<\/p>\n","protected":false},"featured_media":12632,"template":"","meta":[],"product_cat":[3528,3537],"product_tag":[],"class_list":{"0":"post-11729","1":"product","2":"type-product","3":"status-publish","4":"has-post-thumbnail","6":"product_cat-securisez-votre-maison","7":"product_cat-cache-prise","9":"first","10":"instock","11":"shipping-taxable","12":"product-type-simple"},"yoast_head":"<!-- This site is optimized with the Yoast SEO plugin v26.2 - https:\/\/yoast.com\/wordpress\/plugins\/seo\/ -->\n<title>Caches prises \u00e9lectriques - Akuku<\/title>\n<meta name=\"description\" content=\"Sprawd\u017a nasz produkt: Caches prises \u00e9lectriques. Produkty Akuku - odpowiednie dla mam i niemowl\u0105t!\" \/>\n<meta name=\"robots\" content=\"index, follow, max-snippet:-1, max-image-preview:large, max-video-preview:-1\" \/>\n<link rel=\"canonical\" href=\"https:\/\/akuku.com.pl\/fr\/catalogue-de-produits\/securisez-votre-maison\/cache-prise\/caches-prises-electriques-a0651\/\" \/>\n<meta property=\"og:locale\" content=\"fr_FR\" \/>\n<meta property=\"og:type\" content=\"article\" \/>\n<meta property=\"og:title\" content=\"Caches prises \u00e9lectriques - Akuku\" \/>\n<meta property=\"og:description\" content=\"Sprawd\u017a nasz produkt: Caches prises \u00e9lectriques. Produkty Akuku - odpowiednie dla mam i niemowl\u0105t!\" \/>\n<meta property=\"og:url\" content=\"https:\/\/akuku.com.pl\/fr\/catalogue-de-produits\/securisez-votre-maison\/cache-prise\/caches-prises-electriques-a0651\/\" \/>\n<meta property=\"og:site_name\" content=\"Akuku\" \/>\n<meta property=\"article:publisher\" content=\"https:\/\/www.facebook.com\/markaAKUKU\" \/>\n<meta property=\"article:modified_time\" content=\"2024-07-29T19:51:06+00:00\" \/>\n<meta property=\"og:image\" content=\"https:\/\/akuku.com.pl\/wp-content\/uploads\/2024\/07\/a0651-6.jpg\" \/>\n\t<meta property=\"og:image:width\" content=\"800\" \/>\n\t<meta property=\"og:image:height\" content=\"800\" \/>\n\t<meta property=\"og:image:type\" content=\"image\/jpeg\" \/>\n<meta name=\"twitter:card\" content=\"summary_large_image\" \/>\n<meta name=\"twitter:label1\" content=\"Dur\u00e9e de lecture estim\u00e9e\" \/>\n\t<meta name=\"twitter:data1\" content=\"1 minute\" \/>\n<script type=\"application\/ld+json\" class=\"yoast-schema-graph\">{\"@context\":\"https:\/\/schema.org\",\"@graph\":[{\"@type\":\"WebPage\",\"@id\":\"https:\/\/akuku.com.pl\/fr\/catalogue-de-produits\/securisez-votre-maison\/cache-prise\/caches-prises-electriques-a0651\/\",\"url\":\"https:\/\/akuku.com.pl\/fr\/catalogue-de-produits\/securisez-votre-maison\/cache-prise\/caches-prises-electriques-a0651\/\",\"name\":\"Caches prises \u00e9lectriques - Akuku\",\"isPartOf\":{\"@id\":\"https:\/\/akuku.com.pl\/fr\/#website\"},\"primaryImageOfPage\":{\"@id\":\"https:\/\/akuku.com.pl\/fr\/catalogue-de-produits\/securisez-votre-maison\/cache-prise\/caches-prises-electriques-a0651\/#primaryimage\"},\"image\":{\"@id\":\"https:\/\/akuku.com.pl\/fr\/catalogue-de-produits\/securisez-votre-maison\/cache-prise\/caches-prises-electriques-a0651\/#primaryimage\"},\"thumbnailUrl\":\"https:\/\/akuku.com.pl\/wp-content\/uploads\/2024\/07\/a0651-6.jpg\",\"datePublished\":\"2024-07-04T22:01:37+00:00\",\"dateModified\":\"2024-07-29T19:51:06+00:00\",\"description\":\"Sprawd\u017a nasz produkt: Caches prises \u00e9lectriques. Produkty Akuku - odpowiednie dla mam i niemowl\u0105t!\",\"breadcrumb\":{\"@id\":\"https:\/\/akuku.com.pl\/fr\/catalogue-de-produits\/securisez-votre-maison\/cache-prise\/caches-prises-electriques-a0651\/#breadcrumb\"},\"inLanguage\":\"fr-FR\",\"potentialAction\":[{\"@type\":\"ReadAction\",\"target\":[\"https:\/\/akuku.com.pl\/fr\/catalogue-de-produits\/securisez-votre-maison\/cache-prise\/caches-prises-electriques-a0651\/\"]}]},{\"@type\":\"ImageObject\",\"inLanguage\":\"fr-FR\",\"@id\":\"https:\/\/akuku.com.pl\/fr\/catalogue-de-produits\/securisez-votre-maison\/cache-prise\/caches-prises-electriques-a0651\/#primaryimage\",\"url\":\"https:\/\/akuku.com.pl\/wp-content\/uploads\/2024\/07\/a0651-6.jpg\",\"contentUrl\":\"https:\/\/akuku.com.pl\/wp-content\/uploads\/2024\/07\/a0651-6.jpg\",\"width\":800,\"height\":800},{\"@type\":\"BreadcrumbList\",\"@id\":\"https:\/\/akuku.com.pl\/fr\/catalogue-de-produits\/securisez-votre-maison\/cache-prise\/caches-prises-electriques-a0651\/#breadcrumb\",\"itemListElement\":[{\"@type\":\"ListItem\",\"position\":1,\"name\":\"Strona g\u0142\u00f3wna\",\"item\":\"https:\/\/akuku.com.pl\/fr\/\"},{\"@type\":\"ListItem\",\"position\":2,\"name\":\"Boutique\",\"item\":\"https:\/\/akuku.com.pl\/wszystkie-produkty\/\"},{\"@type\":\"ListItem\",\"position\":3,\"name\":\"Caches prises \u00e9lectriques\"}]},{\"@type\":\"WebSite\",\"@id\":\"https:\/\/akuku.com.pl\/fr\/#website\",\"url\":\"https:\/\/akuku.com.pl\/fr\/\",\"name\":\"Akuku.com.pl\",\"description\":\"\",\"publisher\":{\"@id\":\"https:\/\/akuku.com.pl\/fr\/#organization\"},\"potentialAction\":[{\"@type\":\"SearchAction\",\"target\":{\"@type\":\"EntryPoint\",\"urlTemplate\":\"https:\/\/akuku.com.pl\/fr\/?s={search_term_string}\"},\"query-input\":{\"@type\":\"PropertyValueSpecification\",\"valueRequired\":true,\"valueName\":\"search_term_string\"}}],\"inLanguage\":\"fr-FR\"},{\"@type\":\"Organization\",\"@id\":\"https:\/\/akuku.com.pl\/fr\/#organization\",\"name\":\"Akuku.com.pl\",\"url\":\"https:\/\/akuku.com.pl\/fr\/\",\"logo\":{\"@type\":\"ImageObject\",\"inLanguage\":\"fr-FR\",\"@id\":\"https:\/\/akuku.com.pl\/fr\/#\/schema\/logo\/image\/\",\"url\":\"https:\/\/akuku.com.pl\/wp-content\/uploads\/2024\/04\/akuku-logo.svg\",\"contentUrl\":\"https:\/\/akuku.com.pl\/wp-content\/uploads\/2024\/04\/akuku-logo.svg\",\"width\":114,\"height\":50,\"caption\":\"Akuku.com.pl\"},\"image\":{\"@id\":\"https:\/\/akuku.com.pl\/fr\/#\/schema\/logo\/image\/\"},\"sameAs\":[\"https:\/\/www.facebook.com\/markaAKUKU\"]}]}<\/script>\n<!-- \/ Yoast SEO plugin. -->","yoast_head_json":{"title":"Caches prises \u00e9lectriques - Akuku","description":"Sprawd\u017a nasz produkt: Caches prises \u00e9lectriques. Produkty Akuku - odpowiednie dla mam i niemowl\u0105t!","robots":{"index":"index","follow":"follow","max-snippet":"max-snippet:-1","max-image-preview":"max-image-preview:large","max-video-preview":"max-video-preview:-1"},"canonical":"https:\/\/akuku.com.pl\/fr\/catalogue-de-produits\/securisez-votre-maison\/cache-prise\/caches-prises-electriques-a0651\/","og_locale":"fr_FR","og_type":"article","og_title":"Caches prises \u00e9lectriques - Akuku","og_description":"Sprawd\u017a nasz produkt: Caches prises \u00e9lectriques. Produkty Akuku - odpowiednie dla mam i niemowl\u0105t!","og_url":"https:\/\/akuku.com.pl\/fr\/catalogue-de-produits\/securisez-votre-maison\/cache-prise\/caches-prises-electriques-a0651\/","og_site_name":"Akuku","article_publisher":"https:\/\/www.facebook.com\/markaAKUKU","article_modified_time":"2024-07-29T19:51:06+00:00","og_image":[{"width":800,"height":800,"url":"https:\/\/akuku.com.pl\/wp-content\/uploads\/2024\/07\/a0651-6.jpg","type":"image\/jpeg"}],"twitter_card":"summary_large_image","twitter_misc":{"Dur\u00e9e de lecture estim\u00e9e":"1 minute"},"schema":{"@context":"https:\/\/schema.org","@graph":[{"@type":"WebPage","@id":"https:\/\/akuku.com.pl\/fr\/catalogue-de-produits\/securisez-votre-maison\/cache-prise\/caches-prises-electriques-a0651\/","url":"https:\/\/akuku.com.pl\/fr\/catalogue-de-produits\/securisez-votre-maison\/cache-prise\/caches-prises-electriques-a0651\/","name":"Caches prises \u00e9lectriques - Akuku","isPartOf":{"@id":"https:\/\/akuku.com.pl\/fr\/#website"},"primaryImageOfPage":{"@id":"https:\/\/akuku.com.pl\/fr\/catalogue-de-produits\/securisez-votre-maison\/cache-prise\/caches-prises-electriques-a0651\/#primaryimage"},"image":{"@id":"https:\/\/akuku.com.pl\/fr\/catalogue-de-produits\/securisez-votre-maison\/cache-prise\/caches-prises-electriques-a0651\/#primaryimage"},"thumbnailUrl":"https:\/\/akuku.com.pl\/wp-content\/uploads\/2024\/07\/a0651-6.jpg","datePublished":"2024-07-04T22:01:37+00:00","dateModified":"2024-07-29T19:51:06+00:00","description":"Sprawd\u017a nasz produkt: Caches prises \u00e9lectriques. Produkty Akuku - odpowiednie dla mam i niemowl\u0105t!","breadcrumb":{"@id":"https:\/\/akuku.com.pl\/fr\/catalogue-de-produits\/securisez-votre-maison\/cache-prise\/caches-prises-electriques-a0651\/#breadcrumb"},"inLanguage":"fr-FR","potentialAction":[{"@type":"ReadAction","target":["https:\/\/akuku.com.pl\/fr\/catalogue-de-produits\/securisez-votre-maison\/cache-prise\/caches-prises-electriques-a0651\/"]}]},{"@type":"ImageObject","inLanguage":"fr-FR","@id":"https:\/\/akuku.com.pl\/fr\/catalogue-de-produits\/securisez-votre-maison\/cache-prise\/caches-prises-electriques-a0651\/#primaryimage","url":"https:\/\/akuku.com.pl\/wp-content\/uploads\/2024\/07\/a0651-6.jpg","contentUrl":"https:\/\/akuku.com.pl\/wp-content\/uploads\/2024\/07\/a0651-6.jpg","width":800,"height":800},{"@type":"BreadcrumbList","@id":"https:\/\/akuku.com.pl\/fr\/catalogue-de-produits\/securisez-votre-maison\/cache-prise\/caches-prises-electriques-a0651\/#breadcrumb","itemListElement":[{"@type":"ListItem","position":1,"name":"Strona g\u0142\u00f3wna","item":"https:\/\/akuku.com.pl\/fr\/"},{"@type":"ListItem","position":2,"name":"Boutique","item":"https:\/\/akuku.com.pl\/wszystkie-produkty\/"},{"@type":"ListItem","position":3,"name":"Caches prises \u00e9lectriques"}]},{"@type":"WebSite","@id":"https:\/\/akuku.com.pl\/fr\/#website","url":"https:\/\/akuku.com.pl\/fr\/","name":"Akuku.com.pl","description":"","publisher":{"@id":"https:\/\/akuku.com.pl\/fr\/#organization"},"potentialAction":[{"@type":"SearchAction","target":{"@type":"EntryPoint","urlTemplate":"https:\/\/akuku.com.pl\/fr\/?s={search_term_string}"},"query-input":{"@type":"PropertyValueSpecification","valueRequired":true,"valueName":"search_term_string"}}],"inLanguage":"fr-FR"},{"@type":"Organization","@id":"https:\/\/akuku.com.pl\/fr\/#organization","name":"Akuku.com.pl","url":"https:\/\/akuku.com.pl\/fr\/","logo":{"@type":"ImageObject","inLanguage":"fr-FR","@id":"https:\/\/akuku.com.pl\/fr\/#\/schema\/logo\/image\/","url":"https:\/\/akuku.com.pl\/wp-content\/uploads\/2024\/04\/akuku-logo.svg","contentUrl":"https:\/\/akuku.com.pl\/wp-content\/uploads\/2024\/04\/akuku-logo.svg","width":114,"height":50,"caption":"Akuku.com.pl"},"image":{"@id":"https:\/\/akuku.com.pl\/fr\/#\/schema\/logo\/image\/"},"sameAs":["https:\/\/www.facebook.com\/markaAKUKU"]}]}},"_links":{"self":[{"href":"https:\/\/akuku.com.pl\/fr\/wp-json\/wp\/v2\/product\/11729","targetHints":{"allow":["GET"]}}],"collection":[{"href":"https:\/\/akuku.com.pl\/fr\/wp-json\/wp\/v2\/product"}],"about":[{"href":"https:\/\/akuku.com.pl\/fr\/wp-json\/wp\/v2\/types\/product"}],"wp:featuredmedia":[{"embeddable":true,"href":"https:\/\/akuku.com.pl\/fr\/wp-json\/wp\/v2\/media\/12632"}],"wp:attachment":[{"href":"https:\/\/akuku.com.pl\/fr\/wp-json\/wp\/v2\/media?parent=11729"}],"wp:term":[{"taxonomy":"product_cat","embeddable":true,"href":"https:\/\/akuku.com.pl\/fr\/wp-json\/wp\/v2\/product_cat?post=11729"},{"taxonomy":"product_tag","embeddable":true,"href":"https:\/\/akuku.com.pl\/fr\/wp-json\/wp\/v2\/product_tag?post=11729"}],"curies":[{"name":"wp","href":"https:\/\/api.w.org\/{rel}","templated":true}]}}