{"id":11675,"date":"2024-07-05T00:01:01","date_gmt":"2024-07-04T22:01:01","guid":{"rendered":"https:\/\/wp.akuku.com.pl\/sklep\/non%20class\u00e9\/protection-dangles-de-meubles-pour-bebe-4-pieces-a0653\/"},"modified":"2024-07-29T21:51:10","modified_gmt":"2024-07-29T19:51:10","slug":"protection-dangles-de-meubles-pour-bebe-4-pieces-a0653","status":"publish","type":"product","link":"https:\/\/akuku.com.pl\/fr\/catalogue-de-produits\/securisez-votre-maison\/protecteurs-dangles\/protection-dangles-de-meubles-pour-bebe-4-pieces-a0653\/","title":{"rendered":"Protection d\u2019angles de meubles pour b\u00e9b\u00e9, 4 pi\u00e8ces"},"content":{"rendered":"<div class=\"textWrap\">\n<div class=\"textWrap\">\n<div class=\"textWrap\">\n<div class=\"textWrap\" style=\"text-align: justify\">\n<\/div>\n<div class=\"textWrap\" style=\"text-align: justify\">\u00a0<\/div>\n<div class=\"textWrap\">Protection d\u2019angles de meubles pour b\u00e9b\u00e9, 4 pi\u00e8ces A0653<\/div>\n<div class=\"textWrap\">\u00a0<\/div>\n<div class=\"textWrap\">Pour tous les parents la s\u00e9curit\u00e9 des enfants \u00e0 la maison est une question prioritaire. Nos protections d&rsquo;angles en silicone sont pr\u00e9vues \u00e0 prot\u00e9ger les enfants contre les blessures, lorsqu&rsquo;ils apprennent \u00e0 marcher et \u00e0 explorer leur environnement.<br \/>Les protections sont fabriqu\u00e9s en silicone transparent. Ils peuvent \u00eatre facilement pos\u00e9s sur les \u00e9lements pointus des meubles tels que des tables ou des chaises.<br \/>Gr\u00e2ce \u00e0 l&rsquo;\u00e9lasticit\u00e9 du silicone, la protection d\u2019angle adh\u00e8re bien aux coins sans provoquer de d\u00e9formation du produit qui est r\u00e9sistant \u00e0 l\u2019usure et facile \u00e0 nettoyer.<br \/>Chaque lot est livr\u00e9 avec du ruban adh\u00e9sif double face, ce qui garantit un montage facile.<br \/>Mode d\u2019utilisation :<br \/>&#8211; nettoyer et d\u00e9graisser la surface,<br \/>&#8211; coller le scotch double face inclus,<br \/>&#8211; d\u00e9coller le film protecteur du ruban adh\u00e9sif,<br \/>&#8211; coller \u00e0 l&rsquo;endroit appropri\u00e9 et maintenir pendant 10 secondes.<br \/>Le lot comprend 4 protecteurs en silicone.<br \/>Avantages :<br \/>&#8211; la s\u00e9curit\u00e9 de votre b\u00e9b\u00e9 !<br \/>&#8211; couleur transparente, notre produit s\u2019ajuste \u00e0 touts les meubles et couleurs,<br \/>&#8211; un montage simple qui ne n\u00e9cessite pas d&rsquo;outils suppl\u00e9mentaires,<br \/>&#8211; n\u2019endommage pas vos meubles.<\/div>\n<div class=\"textWrap\">L&rsquo;ensemble comprend 4 pi\u00e8ces.<\/div>\n<div class=\"textWrap\" style=\"text-align: justify\">\u00a0<\/p>\n<div class=\"textWrap\">\n<div class=\"textWrap\" style=\"text-align: justify\"><img decoding=\"async\" alt=\"\" src=\"https:\/\/akuku.com.pl\/wp-content\/uploads\/2024\/09\/BPA-Free-logo-png_1.png\" \/><\/p>\n","protected":false},"excerpt":{"rendered":"<p>\u00a0 Protection d\u2019angles de meubles pour b\u00e9b\u00e9, 4 pi\u00e8ces A0653 \u00a0 Pour tous les parents la s\u00e9curit\u00e9 des enfants \u00e0 la maison est une question prioritaire. Nos protections d&rsquo;angles en silicone sont pr\u00e9vues \u00e0 prot\u00e9ger les enfants contre les blessures, lorsqu&rsquo;ils apprennent \u00e0 marcher et \u00e0 explorer leur environnement.Les protections sont fabriqu\u00e9s en silicone transparent. [&hellip;]<\/p>\n","protected":false},"featured_media":11672,"template":"","meta":[],"product_cat":[3528,3534],"product_tag":[],"class_list":{"0":"post-11675","1":"product","2":"type-product","3":"status-publish","4":"has-post-thumbnail","6":"product_cat-securisez-votre-maison","7":"product_cat-protecteurs-dangles","9":"first","10":"instock","11":"shipping-taxable","12":"product-type-simple"},"yoast_head":"<!-- This site is optimized with the Yoast SEO plugin v26.2 - https:\/\/yoast.com\/wordpress\/plugins\/seo\/ -->\n<title>Protection d\u2019angles de meubles pour b\u00e9b\u00e9, 4 pi\u00e8ces - Akuku<\/title>\n<meta name=\"description\" content=\"Sprawd\u017a nasz produkt: Protection d\u2019angles de meubles pour b\u00e9b\u00e9, 4 pi\u00e8ces. Produkty Akuku - odpowiednie dla mam i niemowl\u0105t!\" \/>\n<meta name=\"robots\" content=\"index, follow, max-snippet:-1, max-image-preview:large, max-video-preview:-1\" \/>\n<link rel=\"canonical\" href=\"https:\/\/akuku.com.pl\/fr\/catalogue-de-produits\/securisez-votre-maison\/protecteurs-dangles\/protection-dangles-de-meubles-pour-bebe-4-pieces-a0653\/\" \/>\n<meta property=\"og:locale\" content=\"fr_FR\" \/>\n<meta property=\"og:type\" content=\"article\" \/>\n<meta property=\"og:title\" content=\"Protection d\u2019angles de meubles pour b\u00e9b\u00e9, 4 pi\u00e8ces - Akuku\" \/>\n<meta property=\"og:description\" content=\"Sprawd\u017a nasz produkt: Protection d\u2019angles de meubles pour b\u00e9b\u00e9, 4 pi\u00e8ces. Produkty Akuku - odpowiednie dla mam i niemowl\u0105t!\" \/>\n<meta property=\"og:url\" content=\"https:\/\/akuku.com.pl\/fr\/catalogue-de-produits\/securisez-votre-maison\/protecteurs-dangles\/protection-dangles-de-meubles-pour-bebe-4-pieces-a0653\/\" \/>\n<meta property=\"og:site_name\" content=\"Akuku\" \/>\n<meta property=\"article:publisher\" content=\"https:\/\/www.facebook.com\/markaAKUKU\" \/>\n<meta property=\"article:modified_time\" content=\"2024-07-29T19:51:10+00:00\" \/>\n<meta property=\"og:image\" content=\"https:\/\/akuku.com.pl\/wp-content\/uploads\/2024\/07\/A0653-2.jpeg\" \/>\n\t<meta property=\"og:image:width\" content=\"1000\" \/>\n\t<meta property=\"og:image:height\" content=\"1000\" \/>\n\t<meta property=\"og:image:type\" content=\"image\/jpeg\" \/>\n<meta name=\"twitter:card\" content=\"summary_large_image\" \/>\n<meta name=\"twitter:label1\" content=\"Dur\u00e9e de lecture estim\u00e9e\" \/>\n\t<meta name=\"twitter:data1\" content=\"1 minute\" \/>\n<script type=\"application\/ld+json\" class=\"yoast-schema-graph\">{\"@context\":\"https:\/\/schema.org\",\"@graph\":[{\"@type\":\"WebPage\",\"@id\":\"https:\/\/akuku.com.pl\/fr\/catalogue-de-produits\/securisez-votre-maison\/protecteurs-dangles\/protection-dangles-de-meubles-pour-bebe-4-pieces-a0653\/\",\"url\":\"https:\/\/akuku.com.pl\/fr\/catalogue-de-produits\/securisez-votre-maison\/protecteurs-dangles\/protection-dangles-de-meubles-pour-bebe-4-pieces-a0653\/\",\"name\":\"Protection d\u2019angles de meubles pour b\u00e9b\u00e9, 4 pi\u00e8ces - Akuku\",\"isPartOf\":{\"@id\":\"https:\/\/akuku.com.pl\/fr\/#website\"},\"primaryImageOfPage\":{\"@id\":\"https:\/\/akuku.com.pl\/fr\/catalogue-de-produits\/securisez-votre-maison\/protecteurs-dangles\/protection-dangles-de-meubles-pour-bebe-4-pieces-a0653\/#primaryimage\"},\"image\":{\"@id\":\"https:\/\/akuku.com.pl\/fr\/catalogue-de-produits\/securisez-votre-maison\/protecteurs-dangles\/protection-dangles-de-meubles-pour-bebe-4-pieces-a0653\/#primaryimage\"},\"thumbnailUrl\":\"https:\/\/akuku.com.pl\/wp-content\/uploads\/2024\/07\/A0653-2.jpeg\",\"datePublished\":\"2024-07-04T22:01:01+00:00\",\"dateModified\":\"2024-07-29T19:51:10+00:00\",\"description\":\"Sprawd\u017a nasz produkt: Protection d\u2019angles de meubles pour b\u00e9b\u00e9, 4 pi\u00e8ces. Produkty Akuku - odpowiednie dla mam i niemowl\u0105t!\",\"breadcrumb\":{\"@id\":\"https:\/\/akuku.com.pl\/fr\/catalogue-de-produits\/securisez-votre-maison\/protecteurs-dangles\/protection-dangles-de-meubles-pour-bebe-4-pieces-a0653\/#breadcrumb\"},\"inLanguage\":\"fr-FR\",\"potentialAction\":[{\"@type\":\"ReadAction\",\"target\":[\"https:\/\/akuku.com.pl\/fr\/catalogue-de-produits\/securisez-votre-maison\/protecteurs-dangles\/protection-dangles-de-meubles-pour-bebe-4-pieces-a0653\/\"]}]},{\"@type\":\"ImageObject\",\"inLanguage\":\"fr-FR\",\"@id\":\"https:\/\/akuku.com.pl\/fr\/catalogue-de-produits\/securisez-votre-maison\/protecteurs-dangles\/protection-dangles-de-meubles-pour-bebe-4-pieces-a0653\/#primaryimage\",\"url\":\"https:\/\/akuku.com.pl\/wp-content\/uploads\/2024\/07\/A0653-2.jpeg\",\"contentUrl\":\"https:\/\/akuku.com.pl\/wp-content\/uploads\/2024\/07\/A0653-2.jpeg\",\"width\":1000,\"height\":1000,\"caption\":\"Protection d\u2019angles de meubles pour b\u00e9b\u00e9, 4 pi\u00e8ces A0653\"},{\"@type\":\"BreadcrumbList\",\"@id\":\"https:\/\/akuku.com.pl\/fr\/catalogue-de-produits\/securisez-votre-maison\/protecteurs-dangles\/protection-dangles-de-meubles-pour-bebe-4-pieces-a0653\/#breadcrumb\",\"itemListElement\":[{\"@type\":\"ListItem\",\"position\":1,\"name\":\"Strona g\u0142\u00f3wna\",\"item\":\"https:\/\/akuku.com.pl\/fr\/\"},{\"@type\":\"ListItem\",\"position\":2,\"name\":\"Boutique\",\"item\":\"https:\/\/akuku.com.pl\/wszystkie-produkty\/\"},{\"@type\":\"ListItem\",\"position\":3,\"name\":\"Protection d\u2019angles de meubles pour b\u00e9b\u00e9, 4 pi\u00e8ces\"}]},{\"@type\":\"WebSite\",\"@id\":\"https:\/\/akuku.com.pl\/fr\/#website\",\"url\":\"https:\/\/akuku.com.pl\/fr\/\",\"name\":\"Akuku.com.pl\",\"description\":\"\",\"publisher\":{\"@id\":\"https:\/\/akuku.com.pl\/fr\/#organization\"},\"potentialAction\":[{\"@type\":\"SearchAction\",\"target\":{\"@type\":\"EntryPoint\",\"urlTemplate\":\"https:\/\/akuku.com.pl\/fr\/?s={search_term_string}\"},\"query-input\":{\"@type\":\"PropertyValueSpecification\",\"valueRequired\":true,\"valueName\":\"search_term_string\"}}],\"inLanguage\":\"fr-FR\"},{\"@type\":\"Organization\",\"@id\":\"https:\/\/akuku.com.pl\/fr\/#organization\",\"name\":\"Akuku.com.pl\",\"url\":\"https:\/\/akuku.com.pl\/fr\/\",\"logo\":{\"@type\":\"ImageObject\",\"inLanguage\":\"fr-FR\",\"@id\":\"https:\/\/akuku.com.pl\/fr\/#\/schema\/logo\/image\/\",\"url\":\"https:\/\/akuku.com.pl\/wp-content\/uploads\/2024\/04\/akuku-logo.svg\",\"contentUrl\":\"https:\/\/akuku.com.pl\/wp-content\/uploads\/2024\/04\/akuku-logo.svg\",\"width\":114,\"height\":50,\"caption\":\"Akuku.com.pl\"},\"image\":{\"@id\":\"https:\/\/akuku.com.pl\/fr\/#\/schema\/logo\/image\/\"},\"sameAs\":[\"https:\/\/www.facebook.com\/markaAKUKU\"]}]}<\/script>\n<!-- \/ Yoast SEO plugin. -->","yoast_head_json":{"title":"Protection d\u2019angles de meubles pour b\u00e9b\u00e9, 4 pi\u00e8ces - Akuku","description":"Sprawd\u017a nasz produkt: Protection d\u2019angles de meubles pour b\u00e9b\u00e9, 4 pi\u00e8ces. Produkty Akuku - odpowiednie dla mam i niemowl\u0105t!","robots":{"index":"index","follow":"follow","max-snippet":"max-snippet:-1","max-image-preview":"max-image-preview:large","max-video-preview":"max-video-preview:-1"},"canonical":"https:\/\/akuku.com.pl\/fr\/catalogue-de-produits\/securisez-votre-maison\/protecteurs-dangles\/protection-dangles-de-meubles-pour-bebe-4-pieces-a0653\/","og_locale":"fr_FR","og_type":"article","og_title":"Protection d\u2019angles de meubles pour b\u00e9b\u00e9, 4 pi\u00e8ces - Akuku","og_description":"Sprawd\u017a nasz produkt: Protection d\u2019angles de meubles pour b\u00e9b\u00e9, 4 pi\u00e8ces. Produkty Akuku - odpowiednie dla mam i niemowl\u0105t!","og_url":"https:\/\/akuku.com.pl\/fr\/catalogue-de-produits\/securisez-votre-maison\/protecteurs-dangles\/protection-dangles-de-meubles-pour-bebe-4-pieces-a0653\/","og_site_name":"Akuku","article_publisher":"https:\/\/www.facebook.com\/markaAKUKU","article_modified_time":"2024-07-29T19:51:10+00:00","og_image":[{"width":1000,"height":1000,"url":"https:\/\/akuku.com.pl\/wp-content\/uploads\/2024\/07\/A0653-2.jpeg","type":"image\/jpeg"}],"twitter_card":"summary_large_image","twitter_misc":{"Dur\u00e9e de lecture estim\u00e9e":"1 minute"},"schema":{"@context":"https:\/\/schema.org","@graph":[{"@type":"WebPage","@id":"https:\/\/akuku.com.pl\/fr\/catalogue-de-produits\/securisez-votre-maison\/protecteurs-dangles\/protection-dangles-de-meubles-pour-bebe-4-pieces-a0653\/","url":"https:\/\/akuku.com.pl\/fr\/catalogue-de-produits\/securisez-votre-maison\/protecteurs-dangles\/protection-dangles-de-meubles-pour-bebe-4-pieces-a0653\/","name":"Protection d\u2019angles de meubles pour b\u00e9b\u00e9, 4 pi\u00e8ces - Akuku","isPartOf":{"@id":"https:\/\/akuku.com.pl\/fr\/#website"},"primaryImageOfPage":{"@id":"https:\/\/akuku.com.pl\/fr\/catalogue-de-produits\/securisez-votre-maison\/protecteurs-dangles\/protection-dangles-de-meubles-pour-bebe-4-pieces-a0653\/#primaryimage"},"image":{"@id":"https:\/\/akuku.com.pl\/fr\/catalogue-de-produits\/securisez-votre-maison\/protecteurs-dangles\/protection-dangles-de-meubles-pour-bebe-4-pieces-a0653\/#primaryimage"},"thumbnailUrl":"https:\/\/akuku.com.pl\/wp-content\/uploads\/2024\/07\/A0653-2.jpeg","datePublished":"2024-07-04T22:01:01+00:00","dateModified":"2024-07-29T19:51:10+00:00","description":"Sprawd\u017a nasz produkt: Protection d\u2019angles de meubles pour b\u00e9b\u00e9, 4 pi\u00e8ces. Produkty Akuku - odpowiednie dla mam i niemowl\u0105t!","breadcrumb":{"@id":"https:\/\/akuku.com.pl\/fr\/catalogue-de-produits\/securisez-votre-maison\/protecteurs-dangles\/protection-dangles-de-meubles-pour-bebe-4-pieces-a0653\/#breadcrumb"},"inLanguage":"fr-FR","potentialAction":[{"@type":"ReadAction","target":["https:\/\/akuku.com.pl\/fr\/catalogue-de-produits\/securisez-votre-maison\/protecteurs-dangles\/protection-dangles-de-meubles-pour-bebe-4-pieces-a0653\/"]}]},{"@type":"ImageObject","inLanguage":"fr-FR","@id":"https:\/\/akuku.com.pl\/fr\/catalogue-de-produits\/securisez-votre-maison\/protecteurs-dangles\/protection-dangles-de-meubles-pour-bebe-4-pieces-a0653\/#primaryimage","url":"https:\/\/akuku.com.pl\/wp-content\/uploads\/2024\/07\/A0653-2.jpeg","contentUrl":"https:\/\/akuku.com.pl\/wp-content\/uploads\/2024\/07\/A0653-2.jpeg","width":1000,"height":1000,"caption":"Protection d\u2019angles de meubles pour b\u00e9b\u00e9, 4 pi\u00e8ces A0653"},{"@type":"BreadcrumbList","@id":"https:\/\/akuku.com.pl\/fr\/catalogue-de-produits\/securisez-votre-maison\/protecteurs-dangles\/protection-dangles-de-meubles-pour-bebe-4-pieces-a0653\/#breadcrumb","itemListElement":[{"@type":"ListItem","position":1,"name":"Strona g\u0142\u00f3wna","item":"https:\/\/akuku.com.pl\/fr\/"},{"@type":"ListItem","position":2,"name":"Boutique","item":"https:\/\/akuku.com.pl\/wszystkie-produkty\/"},{"@type":"ListItem","position":3,"name":"Protection d\u2019angles de meubles pour b\u00e9b\u00e9, 4 pi\u00e8ces"}]},{"@type":"WebSite","@id":"https:\/\/akuku.com.pl\/fr\/#website","url":"https:\/\/akuku.com.pl\/fr\/","name":"Akuku.com.pl","description":"","publisher":{"@id":"https:\/\/akuku.com.pl\/fr\/#organization"},"potentialAction":[{"@type":"SearchAction","target":{"@type":"EntryPoint","urlTemplate":"https:\/\/akuku.com.pl\/fr\/?s={search_term_string}"},"query-input":{"@type":"PropertyValueSpecification","valueRequired":true,"valueName":"search_term_string"}}],"inLanguage":"fr-FR"},{"@type":"Organization","@id":"https:\/\/akuku.com.pl\/fr\/#organization","name":"Akuku.com.pl","url":"https:\/\/akuku.com.pl\/fr\/","logo":{"@type":"ImageObject","inLanguage":"fr-FR","@id":"https:\/\/akuku.com.pl\/fr\/#\/schema\/logo\/image\/","url":"https:\/\/akuku.com.pl\/wp-content\/uploads\/2024\/04\/akuku-logo.svg","contentUrl":"https:\/\/akuku.com.pl\/wp-content\/uploads\/2024\/04\/akuku-logo.svg","width":114,"height":50,"caption":"Akuku.com.pl"},"image":{"@id":"https:\/\/akuku.com.pl\/fr\/#\/schema\/logo\/image\/"},"sameAs":["https:\/\/www.facebook.com\/markaAKUKU"]}]}},"_links":{"self":[{"href":"https:\/\/akuku.com.pl\/fr\/wp-json\/wp\/v2\/product\/11675","targetHints":{"allow":["GET"]}}],"collection":[{"href":"https:\/\/akuku.com.pl\/fr\/wp-json\/wp\/v2\/product"}],"about":[{"href":"https:\/\/akuku.com.pl\/fr\/wp-json\/wp\/v2\/types\/product"}],"wp:featuredmedia":[{"embeddable":true,"href":"https:\/\/akuku.com.pl\/fr\/wp-json\/wp\/v2\/media\/11672"}],"wp:attachment":[{"href":"https:\/\/akuku.com.pl\/fr\/wp-json\/wp\/v2\/media?parent=11675"}],"wp:term":[{"taxonomy":"product_cat","embeddable":true,"href":"https:\/\/akuku.com.pl\/fr\/wp-json\/wp\/v2\/product_cat?post=11675"},{"taxonomy":"product_tag","embeddable":true,"href":"https:\/\/akuku.com.pl\/fr\/wp-json\/wp\/v2\/product_tag?post=11675"}],"curies":[{"name":"wp","href":"https:\/\/api.w.org\/{rel}","templated":true}]}}