{"id":11648,"date":"2024-07-05T00:00:44","date_gmt":"2024-07-04T22:00:44","guid":{"rendered":"https:\/\/wp.akuku.com.pl\/sklep\/non%20class\u00e9\/protections-pour-placards-et-tiroirs-a0648\/"},"modified":"2024-07-29T21:51:11","modified_gmt":"2024-07-29T19:51:11","slug":"protections-pour-placards-et-tiroirs-a0648","status":"publish","type":"product","link":"https:\/\/akuku.com.pl\/fr\/catalogue-de-produits\/securisez-votre-maison\/blocages-portes-de-placard\/protections-pour-placards-et-tiroirs-a0648\/","title":{"rendered":"Protections pour placards et tiroirs"},"content":{"rendered":"<div class=\"textWrap\">\n<div class=\"textWrap\">\n<div class=\"textWrap\">\n<div class=\"textWrap\" style=\"text-align: justify\">\n<div class=\"textWrap\">\n<div class=\"textWrap\" style=\"text-align: justify\">\u00a0<\/div>\n<div class=\"textWrap\" style=\"text-align: justify\">Protections pour placards et tiroirs 10 cm A0648<\/div>\n<div class=\"textWrap\" style=\"text-align: justify\">Protection des tiroirs et des placards est un \u00e9l\u00e9ment essentiel de la s\u00e9curit\u00e9 de la maison, surtout lorsque vous avez des enfants. <br \/>Notre produit assume une protection efficace, en bloquant l&rsquo;ouverture des tiroirs et des placards, qui peut conduire \u00e0 des situations potentiellement dangereuses, comme l&rsquo;acc\u00e8s \u00e0 des objets dangereux ou le glissement du tiroir. Notre protection est facile \u00e0 poser et \u00e0 retirer. Le produit est coll\u00e9 directement sur la surface du meuble \u00e0 l&rsquo;aide d\u2019un ruban adh\u00e9sif 3M fourni avec. Il s&rsquo;agit d&rsquo;un \u00e9l\u00e9ment extr\u00eamement pratique et fonctionnel qui permet d&rsquo;utiliser le meuble en toute s\u00e9curit\u00e9 en pr\u00e9sence des enfants.<br \/>Fabriqu\u00e9 avec une mati\u00e8re premi\u00e8re solide, qui respecte l&rsquo;environnement, sans danger pour la sant\u00e9 humaine, le produit est inodore.<br \/>Mode d\u2019utilisation:<br \/>&#8211; nettoyer et d\u00e9graisser la surface,<br \/>&#8211; coller le scotch double face inclus,<br \/>&#8211; d\u00e9coller le film protecteur du ruban adh\u00e9sif,<br \/>&#8211; coller \u00e0 l&rsquo;endroit appropri\u00e9 et maintenir pendant 10 secondes,<br \/>&#8211; pour ouvrir votre placard ou un tiroir, ouvrez l&rsquo;\u00e9l\u00e9ment portant le logo \u00ab\u00a0Akuku\u00a0\u00bb sur le produit.<br \/>Avantages :<br \/>&#8211; la s\u00e9curit\u00e9 de votre b\u00e9b\u00e9 !<br \/>&#8211; montage simple,<br \/>&#8211; aucun outil demand\u00e9,<br \/>&#8211; n&rsquo;endommage pas les meubles,<br \/>&#8211; r\u00e9sistant.<br \/>Le lot comprend 2 pi\u00e8ces de protections.<\/div>\n<div class=\"textWrap\" style=\"text-align: justify\">\u00a0<\/div>\n<div class=\"textWrap\" style=\"text-align: justify\"><img decoding=\"async\" alt=\"\" src=\"https:\/\/akuku.com.pl\/wp-content\/uploads\/2024\/09\/BPA-Free-logo-png_1.png\" \/><\/p>\n","protected":false},"excerpt":{"rendered":"<p>\u00a0 Protections pour placards et tiroirs 10 cm A0648 Protection des tiroirs et des placards est un \u00e9l\u00e9ment essentiel de la s\u00e9curit\u00e9 de la maison, surtout lorsque vous avez des enfants. Notre produit assume une protection efficace, en bloquant l&rsquo;ouverture des tiroirs et des placards, qui peut conduire \u00e0 des situations potentiellement dangereuses, comme l&rsquo;acc\u00e8s [&hellip;]<\/p>\n","protected":false},"featured_media":11627,"template":"","meta":[],"product_cat":[3528,3531],"product_tag":[],"class_list":{"0":"post-11648","1":"product","2":"type-product","3":"status-publish","4":"has-post-thumbnail","6":"product_cat-securisez-votre-maison","7":"product_cat-blocages-portes-de-placard","9":"first","10":"instock","11":"shipping-taxable","12":"product-type-simple"},"yoast_head":"<!-- This site is optimized with the Yoast SEO plugin v26.2 - https:\/\/yoast.com\/wordpress\/plugins\/seo\/ -->\n<title>Protections pour placards et tiroirs - Akuku<\/title>\n<meta name=\"description\" content=\"Sprawd\u017a nasz produkt: Protections pour placards et tiroirs. Produkty Akuku - odpowiednie dla mam i niemowl\u0105t!\" \/>\n<meta name=\"robots\" content=\"index, follow, max-snippet:-1, max-image-preview:large, max-video-preview:-1\" \/>\n<link rel=\"canonical\" href=\"https:\/\/akuku.com.pl\/fr\/catalogue-de-produits\/securisez-votre-maison\/blocages-portes-de-placard\/protections-pour-placards-et-tiroirs-a0648\/\" \/>\n<meta property=\"og:locale\" content=\"fr_FR\" \/>\n<meta property=\"og:type\" content=\"article\" \/>\n<meta property=\"og:title\" content=\"Protections pour placards et tiroirs - Akuku\" \/>\n<meta property=\"og:description\" content=\"Sprawd\u017a nasz produkt: Protections pour placards et tiroirs. Produkty Akuku - odpowiednie dla mam i niemowl\u0105t!\" \/>\n<meta property=\"og:url\" content=\"https:\/\/akuku.com.pl\/fr\/catalogue-de-produits\/securisez-votre-maison\/blocages-portes-de-placard\/protections-pour-placards-et-tiroirs-a0648\/\" \/>\n<meta property=\"og:site_name\" content=\"Akuku\" \/>\n<meta property=\"article:publisher\" content=\"https:\/\/www.facebook.com\/markaAKUKU\" \/>\n<meta property=\"article:modified_time\" content=\"2024-07-29T19:51:11+00:00\" \/>\n<meta property=\"og:image\" content=\"https:\/\/akuku.com.pl\/wp-content\/uploads\/2024\/07\/A0648_41.jpeg\" \/>\n\t<meta property=\"og:image:width\" content=\"1800\" \/>\n\t<meta property=\"og:image:height\" content=\"1800\" \/>\n\t<meta property=\"og:image:type\" content=\"image\/jpeg\" \/>\n<meta name=\"twitter:card\" content=\"summary_large_image\" \/>\n<meta name=\"twitter:label1\" content=\"Dur\u00e9e de lecture estim\u00e9e\" \/>\n\t<meta name=\"twitter:data1\" content=\"1 minute\" \/>\n<script type=\"application\/ld+json\" class=\"yoast-schema-graph\">{\"@context\":\"https:\/\/schema.org\",\"@graph\":[{\"@type\":\"WebPage\",\"@id\":\"https:\/\/akuku.com.pl\/fr\/catalogue-de-produits\/securisez-votre-maison\/blocages-portes-de-placard\/protections-pour-placards-et-tiroirs-a0648\/\",\"url\":\"https:\/\/akuku.com.pl\/fr\/catalogue-de-produits\/securisez-votre-maison\/blocages-portes-de-placard\/protections-pour-placards-et-tiroirs-a0648\/\",\"name\":\"Protections pour placards et tiroirs - Akuku\",\"isPartOf\":{\"@id\":\"https:\/\/akuku.com.pl\/fr\/#website\"},\"primaryImageOfPage\":{\"@id\":\"https:\/\/akuku.com.pl\/fr\/catalogue-de-produits\/securisez-votre-maison\/blocages-portes-de-placard\/protections-pour-placards-et-tiroirs-a0648\/#primaryimage\"},\"image\":{\"@id\":\"https:\/\/akuku.com.pl\/fr\/catalogue-de-produits\/securisez-votre-maison\/blocages-portes-de-placard\/protections-pour-placards-et-tiroirs-a0648\/#primaryimage\"},\"thumbnailUrl\":\"https:\/\/akuku.com.pl\/wp-content\/uploads\/2024\/07\/a0648-41.jpeg\",\"datePublished\":\"2024-07-04T22:00:44+00:00\",\"dateModified\":\"2024-07-29T19:51:11+00:00\",\"description\":\"Sprawd\u017a nasz produkt: Protections pour placards et tiroirs. Produkty Akuku - odpowiednie dla mam i niemowl\u0105t!\",\"breadcrumb\":{\"@id\":\"https:\/\/akuku.com.pl\/fr\/catalogue-de-produits\/securisez-votre-maison\/blocages-portes-de-placard\/protections-pour-placards-et-tiroirs-a0648\/#breadcrumb\"},\"inLanguage\":\"fr-FR\",\"potentialAction\":[{\"@type\":\"ReadAction\",\"target\":[\"https:\/\/akuku.com.pl\/fr\/catalogue-de-produits\/securisez-votre-maison\/blocages-portes-de-placard\/protections-pour-placards-et-tiroirs-a0648\/\"]}]},{\"@type\":\"ImageObject\",\"inLanguage\":\"fr-FR\",\"@id\":\"https:\/\/akuku.com.pl\/fr\/catalogue-de-produits\/securisez-votre-maison\/blocages-portes-de-placard\/protections-pour-placards-et-tiroirs-a0648\/#primaryimage\",\"url\":\"https:\/\/akuku.com.pl\/wp-content\/uploads\/2024\/07\/a0648-41.jpeg\",\"contentUrl\":\"https:\/\/akuku.com.pl\/wp-content\/uploads\/2024\/07\/a0648-41.jpeg\",\"width\":720,\"height\":720},{\"@type\":\"BreadcrumbList\",\"@id\":\"https:\/\/akuku.com.pl\/fr\/catalogue-de-produits\/securisez-votre-maison\/blocages-portes-de-placard\/protections-pour-placards-et-tiroirs-a0648\/#breadcrumb\",\"itemListElement\":[{\"@type\":\"ListItem\",\"position\":1,\"name\":\"Strona g\u0142\u00f3wna\",\"item\":\"https:\/\/akuku.com.pl\/fr\/\"},{\"@type\":\"ListItem\",\"position\":2,\"name\":\"Boutique\",\"item\":\"https:\/\/akuku.com.pl\/wszystkie-produkty\/\"},{\"@type\":\"ListItem\",\"position\":3,\"name\":\"Protections pour placards et tiroirs\"}]},{\"@type\":\"WebSite\",\"@id\":\"https:\/\/akuku.com.pl\/fr\/#website\",\"url\":\"https:\/\/akuku.com.pl\/fr\/\",\"name\":\"Akuku.com.pl\",\"description\":\"\",\"publisher\":{\"@id\":\"https:\/\/akuku.com.pl\/fr\/#organization\"},\"potentialAction\":[{\"@type\":\"SearchAction\",\"target\":{\"@type\":\"EntryPoint\",\"urlTemplate\":\"https:\/\/akuku.com.pl\/fr\/?s={search_term_string}\"},\"query-input\":{\"@type\":\"PropertyValueSpecification\",\"valueRequired\":true,\"valueName\":\"search_term_string\"}}],\"inLanguage\":\"fr-FR\"},{\"@type\":\"Organization\",\"@id\":\"https:\/\/akuku.com.pl\/fr\/#organization\",\"name\":\"Akuku.com.pl\",\"url\":\"https:\/\/akuku.com.pl\/fr\/\",\"logo\":{\"@type\":\"ImageObject\",\"inLanguage\":\"fr-FR\",\"@id\":\"https:\/\/akuku.com.pl\/fr\/#\/schema\/logo\/image\/\",\"url\":\"https:\/\/akuku.com.pl\/wp-content\/uploads\/2024\/04\/akuku-logo.svg\",\"contentUrl\":\"https:\/\/akuku.com.pl\/wp-content\/uploads\/2024\/04\/akuku-logo.svg\",\"width\":114,\"height\":50,\"caption\":\"Akuku.com.pl\"},\"image\":{\"@id\":\"https:\/\/akuku.com.pl\/fr\/#\/schema\/logo\/image\/\"},\"sameAs\":[\"https:\/\/www.facebook.com\/markaAKUKU\"]}]}<\/script>\n<!-- \/ Yoast SEO plugin. -->","yoast_head_json":{"title":"Protections pour placards et tiroirs - Akuku","description":"Sprawd\u017a nasz produkt: Protections pour placards et tiroirs. Produkty Akuku - odpowiednie dla mam i niemowl\u0105t!","robots":{"index":"index","follow":"follow","max-snippet":"max-snippet:-1","max-image-preview":"max-image-preview:large","max-video-preview":"max-video-preview:-1"},"canonical":"https:\/\/akuku.com.pl\/fr\/catalogue-de-produits\/securisez-votre-maison\/blocages-portes-de-placard\/protections-pour-placards-et-tiroirs-a0648\/","og_locale":"fr_FR","og_type":"article","og_title":"Protections pour placards et tiroirs - Akuku","og_description":"Sprawd\u017a nasz produkt: Protections pour placards et tiroirs. Produkty Akuku - odpowiednie dla mam i niemowl\u0105t!","og_url":"https:\/\/akuku.com.pl\/fr\/catalogue-de-produits\/securisez-votre-maison\/blocages-portes-de-placard\/protections-pour-placards-et-tiroirs-a0648\/","og_site_name":"Akuku","article_publisher":"https:\/\/www.facebook.com\/markaAKUKU","article_modified_time":"2024-07-29T19:51:11+00:00","og_image":[{"width":1800,"height":1800,"url":"https:\/\/akuku.com.pl\/wp-content\/uploads\/2024\/07\/A0648_41.jpeg","type":"image\/jpeg"}],"twitter_card":"summary_large_image","twitter_misc":{"Dur\u00e9e de lecture estim\u00e9e":"1 minute"},"schema":{"@context":"https:\/\/schema.org","@graph":[{"@type":"WebPage","@id":"https:\/\/akuku.com.pl\/fr\/catalogue-de-produits\/securisez-votre-maison\/blocages-portes-de-placard\/protections-pour-placards-et-tiroirs-a0648\/","url":"https:\/\/akuku.com.pl\/fr\/catalogue-de-produits\/securisez-votre-maison\/blocages-portes-de-placard\/protections-pour-placards-et-tiroirs-a0648\/","name":"Protections pour placards et tiroirs - Akuku","isPartOf":{"@id":"https:\/\/akuku.com.pl\/fr\/#website"},"primaryImageOfPage":{"@id":"https:\/\/akuku.com.pl\/fr\/catalogue-de-produits\/securisez-votre-maison\/blocages-portes-de-placard\/protections-pour-placards-et-tiroirs-a0648\/#primaryimage"},"image":{"@id":"https:\/\/akuku.com.pl\/fr\/catalogue-de-produits\/securisez-votre-maison\/blocages-portes-de-placard\/protections-pour-placards-et-tiroirs-a0648\/#primaryimage"},"thumbnailUrl":"https:\/\/akuku.com.pl\/wp-content\/uploads\/2024\/07\/a0648-41.jpeg","datePublished":"2024-07-04T22:00:44+00:00","dateModified":"2024-07-29T19:51:11+00:00","description":"Sprawd\u017a nasz produkt: Protections pour placards et tiroirs. Produkty Akuku - odpowiednie dla mam i niemowl\u0105t!","breadcrumb":{"@id":"https:\/\/akuku.com.pl\/fr\/catalogue-de-produits\/securisez-votre-maison\/blocages-portes-de-placard\/protections-pour-placards-et-tiroirs-a0648\/#breadcrumb"},"inLanguage":"fr-FR","potentialAction":[{"@type":"ReadAction","target":["https:\/\/akuku.com.pl\/fr\/catalogue-de-produits\/securisez-votre-maison\/blocages-portes-de-placard\/protections-pour-placards-et-tiroirs-a0648\/"]}]},{"@type":"ImageObject","inLanguage":"fr-FR","@id":"https:\/\/akuku.com.pl\/fr\/catalogue-de-produits\/securisez-votre-maison\/blocages-portes-de-placard\/protections-pour-placards-et-tiroirs-a0648\/#primaryimage","url":"https:\/\/akuku.com.pl\/wp-content\/uploads\/2024\/07\/a0648-41.jpeg","contentUrl":"https:\/\/akuku.com.pl\/wp-content\/uploads\/2024\/07\/a0648-41.jpeg","width":720,"height":720},{"@type":"BreadcrumbList","@id":"https:\/\/akuku.com.pl\/fr\/catalogue-de-produits\/securisez-votre-maison\/blocages-portes-de-placard\/protections-pour-placards-et-tiroirs-a0648\/#breadcrumb","itemListElement":[{"@type":"ListItem","position":1,"name":"Strona g\u0142\u00f3wna","item":"https:\/\/akuku.com.pl\/fr\/"},{"@type":"ListItem","position":2,"name":"Boutique","item":"https:\/\/akuku.com.pl\/wszystkie-produkty\/"},{"@type":"ListItem","position":3,"name":"Protections pour placards et tiroirs"}]},{"@type":"WebSite","@id":"https:\/\/akuku.com.pl\/fr\/#website","url":"https:\/\/akuku.com.pl\/fr\/","name":"Akuku.com.pl","description":"","publisher":{"@id":"https:\/\/akuku.com.pl\/fr\/#organization"},"potentialAction":[{"@type":"SearchAction","target":{"@type":"EntryPoint","urlTemplate":"https:\/\/akuku.com.pl\/fr\/?s={search_term_string}"},"query-input":{"@type":"PropertyValueSpecification","valueRequired":true,"valueName":"search_term_string"}}],"inLanguage":"fr-FR"},{"@type":"Organization","@id":"https:\/\/akuku.com.pl\/fr\/#organization","name":"Akuku.com.pl","url":"https:\/\/akuku.com.pl\/fr\/","logo":{"@type":"ImageObject","inLanguage":"fr-FR","@id":"https:\/\/akuku.com.pl\/fr\/#\/schema\/logo\/image\/","url":"https:\/\/akuku.com.pl\/wp-content\/uploads\/2024\/04\/akuku-logo.svg","contentUrl":"https:\/\/akuku.com.pl\/wp-content\/uploads\/2024\/04\/akuku-logo.svg","width":114,"height":50,"caption":"Akuku.com.pl"},"image":{"@id":"https:\/\/akuku.com.pl\/fr\/#\/schema\/logo\/image\/"},"sameAs":["https:\/\/www.facebook.com\/markaAKUKU"]}]}},"_links":{"self":[{"href":"https:\/\/akuku.com.pl\/fr\/wp-json\/wp\/v2\/product\/11648","targetHints":{"allow":["GET"]}}],"collection":[{"href":"https:\/\/akuku.com.pl\/fr\/wp-json\/wp\/v2\/product"}],"about":[{"href":"https:\/\/akuku.com.pl\/fr\/wp-json\/wp\/v2\/types\/product"}],"wp:featuredmedia":[{"embeddable":true,"href":"https:\/\/akuku.com.pl\/fr\/wp-json\/wp\/v2\/media\/11627"}],"wp:attachment":[{"href":"https:\/\/akuku.com.pl\/fr\/wp-json\/wp\/v2\/media?parent=11648"}],"wp:term":[{"taxonomy":"product_cat","embeddable":true,"href":"https:\/\/akuku.com.pl\/fr\/wp-json\/wp\/v2\/product_cat?post=11648"},{"taxonomy":"product_tag","embeddable":true,"href":"https:\/\/akuku.com.pl\/fr\/wp-json\/wp\/v2\/product_tag?post=11648"}],"curies":[{"name":"wp","href":"https:\/\/api.w.org\/{rel}","templated":true}]}}