{"id":11517,"date":"2024-07-04T23:58:13","date_gmt":"2024-07-04T21:58:13","guid":{"rendered":"https:\/\/wp.akuku.com.pl\/sklep\/non%20class\u00e9\/miroir-pour-observer-votre-enfant-dans-la-voiture-360-a0646\/"},"modified":"2024-07-29T21:51:17","modified_gmt":"2024-07-29T19:51:17","slug":"miroir-pour-observer-votre-enfant-dans-la-voiture-360-a0646","status":"publish","type":"product","link":"https:\/\/akuku.com.pl\/fr\/catalogue-de-produits\/promenade-et-voyage\/accessoires-de-voiture\/miroir-pour-observer-votre-enfant-dans-la-voiture-360-a0646\/","title":{"rendered":"Miroir pour observer votre enfant dans la voiture 360\u00b0"},"content":{"rendered":"<p>Miroir pour observer votre enfant dans la voiture.<\/p>\n<p>Le miroir de marque \u00ab Akuku \u00bb a \u00e9t\u00e9 con\u00e7u pour donner la possibilit\u00e9 aux parents qui conduisent de v\u00e9rifier ce que fait leur enfant lorsqu&rsquo;ils voyagent en voiture. Le miroir permet d&rsquo;observer en toute s\u00e9curit\u00e9 l&rsquo;enfant assis dans le si\u00e8ge, sa face vers l&rsquo;arri\u00e8re. Ainsi, le parent n&rsquo;a pas besoin de tourner la t\u00eate pour contr\u00f4ler constamment la route. R\u00e9glage de l&rsquo;angle de vision \u00e0 360\u00b0 facilitera d\u2019ajuster le miroir \u00e0 tous les besoins, puisqu\u2019il tourne dans tous les sens. Fixation facile et s\u00fbre, sangles solides, r\u00e9glables et faciles \u00e0 installer assureront stabilit\u00e9 et s\u00e9curit\u00e9.<br \/>Ce miroir est un outil qui augmente votre s\u00e9curit\u00e9 et votre confort lorsque vous voyagez en voiture avec votre enfant. Profitez de la tranquillit\u00e9 d&rsquo;esprit n\u2019importe o\u00f9 vous allez!<\/p>\n<p>&#8211; Assemblage simple et rapide<br \/>&#8211; R\u00e9glage de l&rsquo;angle de vision \u00e0 360\u00b0<br \/>&#8211; Large champ de vision<br \/>&#8211; Image claire et stable<br \/>&#8211; Verre acrylique r\u00e9sistant<\/p>\n<p>Mat\u00e9riau : ABS, verre acrylique<br \/>Couleur noire<br \/>Dimensions du miroir : 24,8 x 18 cm<br \/>Poids du miroir : 330 g<br \/>Poids du miroir avec emballage : 440 g<\/p>\n<p>\u00a0<\/p>\n","protected":false},"excerpt":{"rendered":"<p>Miroir pour observer votre enfant dans la voiture. Le miroir de marque \u00ab Akuku \u00bb a \u00e9t\u00e9 con\u00e7u pour donner la possibilit\u00e9 aux parents qui conduisent de v\u00e9rifier ce que fait leur enfant lorsqu&rsquo;ils voyagent en voiture. Le miroir permet d&rsquo;observer en toute s\u00e9curit\u00e9 l&rsquo;enfant assis dans le si\u00e8ge, sa face vers l&rsquo;arri\u00e8re. Ainsi, le [&hellip;]<\/p>\n","protected":false},"featured_media":11475,"template":"","meta":[],"product_cat":[3507,3519],"product_tag":[],"class_list":{"0":"post-11517","1":"product","2":"type-product","3":"status-publish","4":"has-post-thumbnail","6":"product_cat-promenade-et-voyage","7":"product_cat-accessoires-de-voiture","9":"first","10":"instock","11":"shipping-taxable","12":"product-type-simple"},"yoast_head":"<!-- This site is optimized with the Yoast SEO plugin v26.2 - https:\/\/yoast.com\/wordpress\/plugins\/seo\/ -->\n<title>Miroir pour observer votre enfant dans la voiture 360\u00b0 - Akuku<\/title>\n<meta name=\"description\" content=\"Sprawd\u017a nasz produkt: Miroir pour observer votre enfant dans la voiture 360\u00b0. Produkty Akuku - odpowiednie dla mam i niemowl\u0105t!\" \/>\n<meta name=\"robots\" content=\"index, follow, max-snippet:-1, max-image-preview:large, max-video-preview:-1\" \/>\n<link rel=\"canonical\" href=\"https:\/\/akuku.com.pl\/fr\/catalogue-de-produits\/promenade-et-voyage\/accessoires-de-voiture\/miroir-pour-observer-votre-enfant-dans-la-voiture-360-a0646\/\" \/>\n<meta property=\"og:locale\" content=\"fr_FR\" \/>\n<meta property=\"og:type\" content=\"article\" \/>\n<meta property=\"og:title\" content=\"Miroir pour observer votre enfant dans la voiture 360\u00b0 - Akuku\" \/>\n<meta property=\"og:description\" content=\"Sprawd\u017a nasz produkt: Miroir pour observer votre enfant dans la voiture 360\u00b0. Produkty Akuku - odpowiednie dla mam i niemowl\u0105t!\" \/>\n<meta property=\"og:url\" content=\"https:\/\/akuku.com.pl\/fr\/catalogue-de-produits\/promenade-et-voyage\/accessoires-de-voiture\/miroir-pour-observer-votre-enfant-dans-la-voiture-360-a0646\/\" \/>\n<meta property=\"og:site_name\" content=\"Akuku\" \/>\n<meta property=\"article:publisher\" content=\"https:\/\/www.facebook.com\/markaAKUKU\" \/>\n<meta property=\"article:modified_time\" content=\"2024-07-29T19:51:17+00:00\" \/>\n<meta property=\"og:image\" content=\"https:\/\/akuku.com.pl\/wp-content\/uploads\/2024\/07\/a0646-1.jpeg\" \/>\n\t<meta property=\"og:image:width\" content=\"720\" \/>\n\t<meta property=\"og:image:height\" content=\"720\" \/>\n\t<meta property=\"og:image:type\" content=\"image\/jpeg\" \/>\n<meta name=\"twitter:card\" content=\"summary_large_image\" \/>\n<meta name=\"twitter:label1\" content=\"Dur\u00e9e de lecture estim\u00e9e\" \/>\n\t<meta name=\"twitter:data1\" content=\"1 minute\" \/>\n<script type=\"application\/ld+json\" class=\"yoast-schema-graph\">{\"@context\":\"https:\/\/schema.org\",\"@graph\":[{\"@type\":\"WebPage\",\"@id\":\"https:\/\/akuku.com.pl\/fr\/catalogue-de-produits\/promenade-et-voyage\/accessoires-de-voiture\/miroir-pour-observer-votre-enfant-dans-la-voiture-360-a0646\/\",\"url\":\"https:\/\/akuku.com.pl\/fr\/catalogue-de-produits\/promenade-et-voyage\/accessoires-de-voiture\/miroir-pour-observer-votre-enfant-dans-la-voiture-360-a0646\/\",\"name\":\"Miroir pour observer votre enfant dans la voiture 360\u00b0 - Akuku\",\"isPartOf\":{\"@id\":\"https:\/\/akuku.com.pl\/fr\/#website\"},\"primaryImageOfPage\":{\"@id\":\"https:\/\/akuku.com.pl\/fr\/catalogue-de-produits\/promenade-et-voyage\/accessoires-de-voiture\/miroir-pour-observer-votre-enfant-dans-la-voiture-360-a0646\/#primaryimage\"},\"image\":{\"@id\":\"https:\/\/akuku.com.pl\/fr\/catalogue-de-produits\/promenade-et-voyage\/accessoires-de-voiture\/miroir-pour-observer-votre-enfant-dans-la-voiture-360-a0646\/#primaryimage\"},\"thumbnailUrl\":\"https:\/\/akuku.com.pl\/wp-content\/uploads\/2024\/07\/a0646-1.jpeg\",\"datePublished\":\"2024-07-04T21:58:13+00:00\",\"dateModified\":\"2024-07-29T19:51:17+00:00\",\"description\":\"Sprawd\u017a nasz produkt: Miroir pour observer votre enfant dans la voiture 360\u00b0. Produkty Akuku - odpowiednie dla mam i niemowl\u0105t!\",\"breadcrumb\":{\"@id\":\"https:\/\/akuku.com.pl\/fr\/catalogue-de-produits\/promenade-et-voyage\/accessoires-de-voiture\/miroir-pour-observer-votre-enfant-dans-la-voiture-360-a0646\/#breadcrumb\"},\"inLanguage\":\"fr-FR\",\"potentialAction\":[{\"@type\":\"ReadAction\",\"target\":[\"https:\/\/akuku.com.pl\/fr\/catalogue-de-produits\/promenade-et-voyage\/accessoires-de-voiture\/miroir-pour-observer-votre-enfant-dans-la-voiture-360-a0646\/\"]}]},{\"@type\":\"ImageObject\",\"inLanguage\":\"fr-FR\",\"@id\":\"https:\/\/akuku.com.pl\/fr\/catalogue-de-produits\/promenade-et-voyage\/accessoires-de-voiture\/miroir-pour-observer-votre-enfant-dans-la-voiture-360-a0646\/#primaryimage\",\"url\":\"https:\/\/akuku.com.pl\/wp-content\/uploads\/2024\/07\/a0646-1.jpeg\",\"contentUrl\":\"https:\/\/akuku.com.pl\/wp-content\/uploads\/2024\/07\/a0646-1.jpeg\",\"width\":720,\"height\":720},{\"@type\":\"BreadcrumbList\",\"@id\":\"https:\/\/akuku.com.pl\/fr\/catalogue-de-produits\/promenade-et-voyage\/accessoires-de-voiture\/miroir-pour-observer-votre-enfant-dans-la-voiture-360-a0646\/#breadcrumb\",\"itemListElement\":[{\"@type\":\"ListItem\",\"position\":1,\"name\":\"Strona g\u0142\u00f3wna\",\"item\":\"https:\/\/akuku.com.pl\/fr\/\"},{\"@type\":\"ListItem\",\"position\":2,\"name\":\"Boutique\",\"item\":\"https:\/\/akuku.com.pl\/wszystkie-produkty\/\"},{\"@type\":\"ListItem\",\"position\":3,\"name\":\"Miroir pour observer votre enfant dans la voiture 360\u00b0\"}]},{\"@type\":\"WebSite\",\"@id\":\"https:\/\/akuku.com.pl\/fr\/#website\",\"url\":\"https:\/\/akuku.com.pl\/fr\/\",\"name\":\"Akuku.com.pl\",\"description\":\"\",\"publisher\":{\"@id\":\"https:\/\/akuku.com.pl\/fr\/#organization\"},\"potentialAction\":[{\"@type\":\"SearchAction\",\"target\":{\"@type\":\"EntryPoint\",\"urlTemplate\":\"https:\/\/akuku.com.pl\/fr\/?s={search_term_string}\"},\"query-input\":{\"@type\":\"PropertyValueSpecification\",\"valueRequired\":true,\"valueName\":\"search_term_string\"}}],\"inLanguage\":\"fr-FR\"},{\"@type\":\"Organization\",\"@id\":\"https:\/\/akuku.com.pl\/fr\/#organization\",\"name\":\"Akuku.com.pl\",\"url\":\"https:\/\/akuku.com.pl\/fr\/\",\"logo\":{\"@type\":\"ImageObject\",\"inLanguage\":\"fr-FR\",\"@id\":\"https:\/\/akuku.com.pl\/fr\/#\/schema\/logo\/image\/\",\"url\":\"https:\/\/akuku.com.pl\/wp-content\/uploads\/2024\/04\/akuku-logo.svg\",\"contentUrl\":\"https:\/\/akuku.com.pl\/wp-content\/uploads\/2024\/04\/akuku-logo.svg\",\"width\":114,\"height\":50,\"caption\":\"Akuku.com.pl\"},\"image\":{\"@id\":\"https:\/\/akuku.com.pl\/fr\/#\/schema\/logo\/image\/\"},\"sameAs\":[\"https:\/\/www.facebook.com\/markaAKUKU\"]}]}<\/script>\n<!-- \/ Yoast SEO plugin. -->","yoast_head_json":{"title":"Miroir pour observer votre enfant dans la voiture 360\u00b0 - Akuku","description":"Sprawd\u017a nasz produkt: Miroir pour observer votre enfant dans la voiture 360\u00b0. Produkty Akuku - odpowiednie dla mam i niemowl\u0105t!","robots":{"index":"index","follow":"follow","max-snippet":"max-snippet:-1","max-image-preview":"max-image-preview:large","max-video-preview":"max-video-preview:-1"},"canonical":"https:\/\/akuku.com.pl\/fr\/catalogue-de-produits\/promenade-et-voyage\/accessoires-de-voiture\/miroir-pour-observer-votre-enfant-dans-la-voiture-360-a0646\/","og_locale":"fr_FR","og_type":"article","og_title":"Miroir pour observer votre enfant dans la voiture 360\u00b0 - Akuku","og_description":"Sprawd\u017a nasz produkt: Miroir pour observer votre enfant dans la voiture 360\u00b0. Produkty Akuku - odpowiednie dla mam i niemowl\u0105t!","og_url":"https:\/\/akuku.com.pl\/fr\/catalogue-de-produits\/promenade-et-voyage\/accessoires-de-voiture\/miroir-pour-observer-votre-enfant-dans-la-voiture-360-a0646\/","og_site_name":"Akuku","article_publisher":"https:\/\/www.facebook.com\/markaAKUKU","article_modified_time":"2024-07-29T19:51:17+00:00","og_image":[{"width":720,"height":720,"url":"https:\/\/akuku.com.pl\/wp-content\/uploads\/2024\/07\/a0646-1.jpeg","type":"image\/jpeg"}],"twitter_card":"summary_large_image","twitter_misc":{"Dur\u00e9e de lecture estim\u00e9e":"1 minute"},"schema":{"@context":"https:\/\/schema.org","@graph":[{"@type":"WebPage","@id":"https:\/\/akuku.com.pl\/fr\/catalogue-de-produits\/promenade-et-voyage\/accessoires-de-voiture\/miroir-pour-observer-votre-enfant-dans-la-voiture-360-a0646\/","url":"https:\/\/akuku.com.pl\/fr\/catalogue-de-produits\/promenade-et-voyage\/accessoires-de-voiture\/miroir-pour-observer-votre-enfant-dans-la-voiture-360-a0646\/","name":"Miroir pour observer votre enfant dans la voiture 360\u00b0 - Akuku","isPartOf":{"@id":"https:\/\/akuku.com.pl\/fr\/#website"},"primaryImageOfPage":{"@id":"https:\/\/akuku.com.pl\/fr\/catalogue-de-produits\/promenade-et-voyage\/accessoires-de-voiture\/miroir-pour-observer-votre-enfant-dans-la-voiture-360-a0646\/#primaryimage"},"image":{"@id":"https:\/\/akuku.com.pl\/fr\/catalogue-de-produits\/promenade-et-voyage\/accessoires-de-voiture\/miroir-pour-observer-votre-enfant-dans-la-voiture-360-a0646\/#primaryimage"},"thumbnailUrl":"https:\/\/akuku.com.pl\/wp-content\/uploads\/2024\/07\/a0646-1.jpeg","datePublished":"2024-07-04T21:58:13+00:00","dateModified":"2024-07-29T19:51:17+00:00","description":"Sprawd\u017a nasz produkt: Miroir pour observer votre enfant dans la voiture 360\u00b0. Produkty Akuku - odpowiednie dla mam i niemowl\u0105t!","breadcrumb":{"@id":"https:\/\/akuku.com.pl\/fr\/catalogue-de-produits\/promenade-et-voyage\/accessoires-de-voiture\/miroir-pour-observer-votre-enfant-dans-la-voiture-360-a0646\/#breadcrumb"},"inLanguage":"fr-FR","potentialAction":[{"@type":"ReadAction","target":["https:\/\/akuku.com.pl\/fr\/catalogue-de-produits\/promenade-et-voyage\/accessoires-de-voiture\/miroir-pour-observer-votre-enfant-dans-la-voiture-360-a0646\/"]}]},{"@type":"ImageObject","inLanguage":"fr-FR","@id":"https:\/\/akuku.com.pl\/fr\/catalogue-de-produits\/promenade-et-voyage\/accessoires-de-voiture\/miroir-pour-observer-votre-enfant-dans-la-voiture-360-a0646\/#primaryimage","url":"https:\/\/akuku.com.pl\/wp-content\/uploads\/2024\/07\/a0646-1.jpeg","contentUrl":"https:\/\/akuku.com.pl\/wp-content\/uploads\/2024\/07\/a0646-1.jpeg","width":720,"height":720},{"@type":"BreadcrumbList","@id":"https:\/\/akuku.com.pl\/fr\/catalogue-de-produits\/promenade-et-voyage\/accessoires-de-voiture\/miroir-pour-observer-votre-enfant-dans-la-voiture-360-a0646\/#breadcrumb","itemListElement":[{"@type":"ListItem","position":1,"name":"Strona g\u0142\u00f3wna","item":"https:\/\/akuku.com.pl\/fr\/"},{"@type":"ListItem","position":2,"name":"Boutique","item":"https:\/\/akuku.com.pl\/wszystkie-produkty\/"},{"@type":"ListItem","position":3,"name":"Miroir pour observer votre enfant dans la voiture 360\u00b0"}]},{"@type":"WebSite","@id":"https:\/\/akuku.com.pl\/fr\/#website","url":"https:\/\/akuku.com.pl\/fr\/","name":"Akuku.com.pl","description":"","publisher":{"@id":"https:\/\/akuku.com.pl\/fr\/#organization"},"potentialAction":[{"@type":"SearchAction","target":{"@type":"EntryPoint","urlTemplate":"https:\/\/akuku.com.pl\/fr\/?s={search_term_string}"},"query-input":{"@type":"PropertyValueSpecification","valueRequired":true,"valueName":"search_term_string"}}],"inLanguage":"fr-FR"},{"@type":"Organization","@id":"https:\/\/akuku.com.pl\/fr\/#organization","name":"Akuku.com.pl","url":"https:\/\/akuku.com.pl\/fr\/","logo":{"@type":"ImageObject","inLanguage":"fr-FR","@id":"https:\/\/akuku.com.pl\/fr\/#\/schema\/logo\/image\/","url":"https:\/\/akuku.com.pl\/wp-content\/uploads\/2024\/04\/akuku-logo.svg","contentUrl":"https:\/\/akuku.com.pl\/wp-content\/uploads\/2024\/04\/akuku-logo.svg","width":114,"height":50,"caption":"Akuku.com.pl"},"image":{"@id":"https:\/\/akuku.com.pl\/fr\/#\/schema\/logo\/image\/"},"sameAs":["https:\/\/www.facebook.com\/markaAKUKU"]}]}},"_links":{"self":[{"href":"https:\/\/akuku.com.pl\/fr\/wp-json\/wp\/v2\/product\/11517","targetHints":{"allow":["GET"]}}],"collection":[{"href":"https:\/\/akuku.com.pl\/fr\/wp-json\/wp\/v2\/product"}],"about":[{"href":"https:\/\/akuku.com.pl\/fr\/wp-json\/wp\/v2\/types\/product"}],"wp:featuredmedia":[{"embeddable":true,"href":"https:\/\/akuku.com.pl\/fr\/wp-json\/wp\/v2\/media\/11475"}],"wp:attachment":[{"href":"https:\/\/akuku.com.pl\/fr\/wp-json\/wp\/v2\/media?parent=11517"}],"wp:term":[{"taxonomy":"product_cat","embeddable":true,"href":"https:\/\/akuku.com.pl\/fr\/wp-json\/wp\/v2\/product_cat?post=11517"},{"taxonomy":"product_tag","embeddable":true,"href":"https:\/\/akuku.com.pl\/fr\/wp-json\/wp\/v2\/product_tag?post=11517"}],"curies":[{"name":"wp","href":"https:\/\/api.w.org\/{rel}","templated":true}]}}