{"id":11432,"date":"2024-07-04T23:57:28","date_gmt":"2024-07-04T21:57:28","guid":{"rendered":"https:\/\/wp.akuku.com.pl\/sklep\/non%20class\u00e9\/couverture-en-coton-rose-a1803\/"},"modified":"2024-07-29T21:51:21","modified_gmt":"2024-07-29T19:51:21","slug":"couverture-en-coton-rose-a1803","status":"publish","type":"product","link":"https:\/\/akuku.com.pl\/fr\/catalogue-de-produits\/promenade-et-voyage\/couvertures-pour-bebe\/couverture-en-coton-rose-a1803\/","title":{"rendered":"COUVERTURE EN COTON, ROSE,"},"content":{"rendered":"<div class=\"textWrap\">\n<p>COUVERTURE EN COTON, ROSE, A1803<\/p>\n<p>Cette couverture en coton respirant 100 %, est id\u00e9ale pour prot\u00e9ger votre b\u00e9b\u00e9 du soleil, du vent et de la surchauffe, en lui offrant des confort et satisfaction. <br \/>Notre couverture est fabriqu\u00e9e en couleurs pastel avec du fil argentin\u00e9, finie avec un passepoil.<br \/>C\u2019est un produit de la plus haute qualit\u00e9 qui r\u00e9pondra aux attentes de la maman et du b\u00e9b\u00e9.<br \/>Dimensions: 80x90cm +\/- 2cm.<\/p>\n<\/div>\n","protected":false},"excerpt":{"rendered":"<p>COUVERTURE EN COTON, ROSE, A1803 Cette couverture en coton respirant 100 %, est id\u00e9ale pour prot\u00e9ger votre b\u00e9b\u00e9 du soleil, du vent et de la surchauffe, en lui offrant des confort et satisfaction. Notre couverture est fabriqu\u00e9e en couleurs pastel avec du fil argentin\u00e9, finie avec un passepoil.C\u2019est un produit de la plus haute qualit\u00e9 [&hellip;]<\/p>\n","protected":false},"featured_media":11423,"template":"","meta":[],"product_cat":[3507,3516],"product_tag":[],"class_list":{"0":"post-11432","1":"product","2":"type-product","3":"status-publish","4":"has-post-thumbnail","6":"product_cat-promenade-et-voyage","7":"product_cat-couvertures-pour-bebe","9":"first","10":"instock","11":"shipping-taxable","12":"product-type-simple"},"yoast_head":"<!-- This site is optimized with the Yoast SEO plugin v26.2 - https:\/\/yoast.com\/wordpress\/plugins\/seo\/ -->\n<title>COUVERTURE EN COTON, ROSE, - Akuku<\/title>\n<meta name=\"description\" content=\"Sprawd\u017a nasz produkt: COUVERTURE EN COTON, ROSE,. Produkty Akuku - odpowiednie dla mam i niemowl\u0105t!\" \/>\n<meta name=\"robots\" content=\"index, follow, max-snippet:-1, max-image-preview:large, max-video-preview:-1\" \/>\n<link rel=\"canonical\" href=\"https:\/\/akuku.com.pl\/fr\/catalogue-de-produits\/promenade-et-voyage\/couvertures-pour-bebe\/couverture-en-coton-rose-a1803\/\" \/>\n<meta property=\"og:locale\" content=\"fr_FR\" \/>\n<meta property=\"og:type\" content=\"article\" \/>\n<meta property=\"og:title\" content=\"COUVERTURE EN COTON, ROSE, - Akuku\" \/>\n<meta property=\"og:description\" content=\"Sprawd\u017a nasz produkt: COUVERTURE EN COTON, ROSE,. Produkty Akuku - odpowiednie dla mam i niemowl\u0105t!\" \/>\n<meta property=\"og:url\" content=\"https:\/\/akuku.com.pl\/fr\/catalogue-de-produits\/promenade-et-voyage\/couvertures-pour-bebe\/couverture-en-coton-rose-a1803\/\" \/>\n<meta property=\"og:site_name\" content=\"Akuku\" \/>\n<meta property=\"article:publisher\" content=\"https:\/\/www.facebook.com\/markaAKUKU\" \/>\n<meta property=\"article:modified_time\" content=\"2024-07-29T19:51:21+00:00\" \/>\n<meta property=\"og:image\" content=\"https:\/\/akuku.com.pl\/wp-content\/uploads\/2024\/07\/a1803-r.jpg\" \/>\n\t<meta property=\"og:image:width\" content=\"500\" \/>\n\t<meta property=\"og:image:height\" content=\"500\" \/>\n\t<meta property=\"og:image:type\" content=\"image\/jpeg\" \/>\n<meta name=\"twitter:card\" content=\"summary_large_image\" \/>\n<script type=\"application\/ld+json\" class=\"yoast-schema-graph\">{\"@context\":\"https:\/\/schema.org\",\"@graph\":[{\"@type\":\"WebPage\",\"@id\":\"https:\/\/akuku.com.pl\/fr\/catalogue-de-produits\/promenade-et-voyage\/couvertures-pour-bebe\/couverture-en-coton-rose-a1803\/\",\"url\":\"https:\/\/akuku.com.pl\/fr\/catalogue-de-produits\/promenade-et-voyage\/couvertures-pour-bebe\/couverture-en-coton-rose-a1803\/\",\"name\":\"COUVERTURE EN COTON, ROSE, - Akuku\",\"isPartOf\":{\"@id\":\"https:\/\/akuku.com.pl\/fr\/#website\"},\"primaryImageOfPage\":{\"@id\":\"https:\/\/akuku.com.pl\/fr\/catalogue-de-produits\/promenade-et-voyage\/couvertures-pour-bebe\/couverture-en-coton-rose-a1803\/#primaryimage\"},\"image\":{\"@id\":\"https:\/\/akuku.com.pl\/fr\/catalogue-de-produits\/promenade-et-voyage\/couvertures-pour-bebe\/couverture-en-coton-rose-a1803\/#primaryimage\"},\"thumbnailUrl\":\"https:\/\/akuku.com.pl\/wp-content\/uploads\/2024\/07\/a1803-r.jpg\",\"datePublished\":\"2024-07-04T21:57:28+00:00\",\"dateModified\":\"2024-07-29T19:51:21+00:00\",\"description\":\"Sprawd\u017a nasz produkt: COUVERTURE EN COTON, ROSE,. Produkty Akuku - odpowiednie dla mam i niemowl\u0105t!\",\"breadcrumb\":{\"@id\":\"https:\/\/akuku.com.pl\/fr\/catalogue-de-produits\/promenade-et-voyage\/couvertures-pour-bebe\/couverture-en-coton-rose-a1803\/#breadcrumb\"},\"inLanguage\":\"fr-FR\",\"potentialAction\":[{\"@type\":\"ReadAction\",\"target\":[\"https:\/\/akuku.com.pl\/fr\/catalogue-de-produits\/promenade-et-voyage\/couvertures-pour-bebe\/couverture-en-coton-rose-a1803\/\"]}]},{\"@type\":\"ImageObject\",\"inLanguage\":\"fr-FR\",\"@id\":\"https:\/\/akuku.com.pl\/fr\/catalogue-de-produits\/promenade-et-voyage\/couvertures-pour-bebe\/couverture-en-coton-rose-a1803\/#primaryimage\",\"url\":\"https:\/\/akuku.com.pl\/wp-content\/uploads\/2024\/07\/a1803-r.jpg\",\"contentUrl\":\"https:\/\/akuku.com.pl\/wp-content\/uploads\/2024\/07\/a1803-r.jpg\",\"width\":500,\"height\":500},{\"@type\":\"BreadcrumbList\",\"@id\":\"https:\/\/akuku.com.pl\/fr\/catalogue-de-produits\/promenade-et-voyage\/couvertures-pour-bebe\/couverture-en-coton-rose-a1803\/#breadcrumb\",\"itemListElement\":[{\"@type\":\"ListItem\",\"position\":1,\"name\":\"Strona g\u0142\u00f3wna\",\"item\":\"https:\/\/akuku.com.pl\/fr\/\"},{\"@type\":\"ListItem\",\"position\":2,\"name\":\"Boutique\",\"item\":\"https:\/\/akuku.com.pl\/wszystkie-produkty\/\"},{\"@type\":\"ListItem\",\"position\":3,\"name\":\"COUVERTURE EN COTON, ROSE,\"}]},{\"@type\":\"WebSite\",\"@id\":\"https:\/\/akuku.com.pl\/fr\/#website\",\"url\":\"https:\/\/akuku.com.pl\/fr\/\",\"name\":\"Akuku.com.pl\",\"description\":\"\",\"publisher\":{\"@id\":\"https:\/\/akuku.com.pl\/fr\/#organization\"},\"potentialAction\":[{\"@type\":\"SearchAction\",\"target\":{\"@type\":\"EntryPoint\",\"urlTemplate\":\"https:\/\/akuku.com.pl\/fr\/?s={search_term_string}\"},\"query-input\":{\"@type\":\"PropertyValueSpecification\",\"valueRequired\":true,\"valueName\":\"search_term_string\"}}],\"inLanguage\":\"fr-FR\"},{\"@type\":\"Organization\",\"@id\":\"https:\/\/akuku.com.pl\/fr\/#organization\",\"name\":\"Akuku.com.pl\",\"url\":\"https:\/\/akuku.com.pl\/fr\/\",\"logo\":{\"@type\":\"ImageObject\",\"inLanguage\":\"fr-FR\",\"@id\":\"https:\/\/akuku.com.pl\/fr\/#\/schema\/logo\/image\/\",\"url\":\"https:\/\/akuku.com.pl\/wp-content\/uploads\/2024\/04\/akuku-logo.svg\",\"contentUrl\":\"https:\/\/akuku.com.pl\/wp-content\/uploads\/2024\/04\/akuku-logo.svg\",\"width\":114,\"height\":50,\"caption\":\"Akuku.com.pl\"},\"image\":{\"@id\":\"https:\/\/akuku.com.pl\/fr\/#\/schema\/logo\/image\/\"},\"sameAs\":[\"https:\/\/www.facebook.com\/markaAKUKU\"]}]}<\/script>\n<!-- \/ Yoast SEO plugin. -->","yoast_head_json":{"title":"COUVERTURE EN COTON, ROSE, - Akuku","description":"Sprawd\u017a nasz produkt: COUVERTURE EN COTON, ROSE,. Produkty Akuku - odpowiednie dla mam i niemowl\u0105t!","robots":{"index":"index","follow":"follow","max-snippet":"max-snippet:-1","max-image-preview":"max-image-preview:large","max-video-preview":"max-video-preview:-1"},"canonical":"https:\/\/akuku.com.pl\/fr\/catalogue-de-produits\/promenade-et-voyage\/couvertures-pour-bebe\/couverture-en-coton-rose-a1803\/","og_locale":"fr_FR","og_type":"article","og_title":"COUVERTURE EN COTON, ROSE, - Akuku","og_description":"Sprawd\u017a nasz produkt: COUVERTURE EN COTON, ROSE,. Produkty Akuku - odpowiednie dla mam i niemowl\u0105t!","og_url":"https:\/\/akuku.com.pl\/fr\/catalogue-de-produits\/promenade-et-voyage\/couvertures-pour-bebe\/couverture-en-coton-rose-a1803\/","og_site_name":"Akuku","article_publisher":"https:\/\/www.facebook.com\/markaAKUKU","article_modified_time":"2024-07-29T19:51:21+00:00","og_image":[{"width":500,"height":500,"url":"https:\/\/akuku.com.pl\/wp-content\/uploads\/2024\/07\/a1803-r.jpg","type":"image\/jpeg"}],"twitter_card":"summary_large_image","schema":{"@context":"https:\/\/schema.org","@graph":[{"@type":"WebPage","@id":"https:\/\/akuku.com.pl\/fr\/catalogue-de-produits\/promenade-et-voyage\/couvertures-pour-bebe\/couverture-en-coton-rose-a1803\/","url":"https:\/\/akuku.com.pl\/fr\/catalogue-de-produits\/promenade-et-voyage\/couvertures-pour-bebe\/couverture-en-coton-rose-a1803\/","name":"COUVERTURE EN COTON, ROSE, - Akuku","isPartOf":{"@id":"https:\/\/akuku.com.pl\/fr\/#website"},"primaryImageOfPage":{"@id":"https:\/\/akuku.com.pl\/fr\/catalogue-de-produits\/promenade-et-voyage\/couvertures-pour-bebe\/couverture-en-coton-rose-a1803\/#primaryimage"},"image":{"@id":"https:\/\/akuku.com.pl\/fr\/catalogue-de-produits\/promenade-et-voyage\/couvertures-pour-bebe\/couverture-en-coton-rose-a1803\/#primaryimage"},"thumbnailUrl":"https:\/\/akuku.com.pl\/wp-content\/uploads\/2024\/07\/a1803-r.jpg","datePublished":"2024-07-04T21:57:28+00:00","dateModified":"2024-07-29T19:51:21+00:00","description":"Sprawd\u017a nasz produkt: COUVERTURE EN COTON, ROSE,. Produkty Akuku - odpowiednie dla mam i niemowl\u0105t!","breadcrumb":{"@id":"https:\/\/akuku.com.pl\/fr\/catalogue-de-produits\/promenade-et-voyage\/couvertures-pour-bebe\/couverture-en-coton-rose-a1803\/#breadcrumb"},"inLanguage":"fr-FR","potentialAction":[{"@type":"ReadAction","target":["https:\/\/akuku.com.pl\/fr\/catalogue-de-produits\/promenade-et-voyage\/couvertures-pour-bebe\/couverture-en-coton-rose-a1803\/"]}]},{"@type":"ImageObject","inLanguage":"fr-FR","@id":"https:\/\/akuku.com.pl\/fr\/catalogue-de-produits\/promenade-et-voyage\/couvertures-pour-bebe\/couverture-en-coton-rose-a1803\/#primaryimage","url":"https:\/\/akuku.com.pl\/wp-content\/uploads\/2024\/07\/a1803-r.jpg","contentUrl":"https:\/\/akuku.com.pl\/wp-content\/uploads\/2024\/07\/a1803-r.jpg","width":500,"height":500},{"@type":"BreadcrumbList","@id":"https:\/\/akuku.com.pl\/fr\/catalogue-de-produits\/promenade-et-voyage\/couvertures-pour-bebe\/couverture-en-coton-rose-a1803\/#breadcrumb","itemListElement":[{"@type":"ListItem","position":1,"name":"Strona g\u0142\u00f3wna","item":"https:\/\/akuku.com.pl\/fr\/"},{"@type":"ListItem","position":2,"name":"Boutique","item":"https:\/\/akuku.com.pl\/wszystkie-produkty\/"},{"@type":"ListItem","position":3,"name":"COUVERTURE EN COTON, ROSE,"}]},{"@type":"WebSite","@id":"https:\/\/akuku.com.pl\/fr\/#website","url":"https:\/\/akuku.com.pl\/fr\/","name":"Akuku.com.pl","description":"","publisher":{"@id":"https:\/\/akuku.com.pl\/fr\/#organization"},"potentialAction":[{"@type":"SearchAction","target":{"@type":"EntryPoint","urlTemplate":"https:\/\/akuku.com.pl\/fr\/?s={search_term_string}"},"query-input":{"@type":"PropertyValueSpecification","valueRequired":true,"valueName":"search_term_string"}}],"inLanguage":"fr-FR"},{"@type":"Organization","@id":"https:\/\/akuku.com.pl\/fr\/#organization","name":"Akuku.com.pl","url":"https:\/\/akuku.com.pl\/fr\/","logo":{"@type":"ImageObject","inLanguage":"fr-FR","@id":"https:\/\/akuku.com.pl\/fr\/#\/schema\/logo\/image\/","url":"https:\/\/akuku.com.pl\/wp-content\/uploads\/2024\/04\/akuku-logo.svg","contentUrl":"https:\/\/akuku.com.pl\/wp-content\/uploads\/2024\/04\/akuku-logo.svg","width":114,"height":50,"caption":"Akuku.com.pl"},"image":{"@id":"https:\/\/akuku.com.pl\/fr\/#\/schema\/logo\/image\/"},"sameAs":["https:\/\/www.facebook.com\/markaAKUKU"]}]}},"_links":{"self":[{"href":"https:\/\/akuku.com.pl\/fr\/wp-json\/wp\/v2\/product\/11432","targetHints":{"allow":["GET"]}}],"collection":[{"href":"https:\/\/akuku.com.pl\/fr\/wp-json\/wp\/v2\/product"}],"about":[{"href":"https:\/\/akuku.com.pl\/fr\/wp-json\/wp\/v2\/types\/product"}],"wp:featuredmedia":[{"embeddable":true,"href":"https:\/\/akuku.com.pl\/fr\/wp-json\/wp\/v2\/media\/11423"}],"wp:attachment":[{"href":"https:\/\/akuku.com.pl\/fr\/wp-json\/wp\/v2\/media?parent=11432"}],"wp:term":[{"taxonomy":"product_cat","embeddable":true,"href":"https:\/\/akuku.com.pl\/fr\/wp-json\/wp\/v2\/product_cat?post=11432"},{"taxonomy":"product_tag","embeddable":true,"href":"https:\/\/akuku.com.pl\/fr\/wp-json\/wp\/v2\/product_tag?post=11432"}],"curies":[{"name":"wp","href":"https:\/\/api.w.org\/{rel}","templated":true}]}}