{"id":11384,"date":"2024-07-04T23:56:50","date_gmt":"2024-07-04T21:56:50","guid":{"rendered":"https:\/\/wp.akuku.com.pl\/sklep\/non%20class\u00e9\/moustiquaire-universelle-pour-poussette-blanche-a0445\/"},"modified":"2024-07-29T21:51:23","modified_gmt":"2024-07-29T19:51:23","slug":"moustiquaire-universelle-pour-poussette-blanche-a0445","status":"publish","type":"product","link":"https:\/\/akuku.com.pl\/fr\/catalogue-de-produits\/promenade-et-voyage\/moustiquaires-a-poussette\/moustiquaire-universelle-pour-poussette-blanche-a0445\/","title":{"rendered":"Moustiquaire universelle pour poussette, blanche"},"content":{"rendered":"<div class=\"textWrap\">\n<p>Moustiquaire universelle pour poussette, blanche A0445<\/p>\n<p>Moustiquaire universelle pour tous les types de poussettes et landaus. <br \/>Tr\u00e8s utile lors des promenades printani\u00e8res et balades estivales avec votre enfant.<br \/>Prot\u00e8ge efficacement contre les insectes.<br \/>Dimensions: 95 x 60 x 20 cm<\/p>\n<\/div>\n","protected":false},"excerpt":{"rendered":"<p>Moustiquaire universelle pour poussette, blanche A0445 Moustiquaire universelle pour tous les types de poussettes et landaus. Tr\u00e8s utile lors des promenades printani\u00e8res et balades estivales avec votre enfant.Prot\u00e8ge efficacement contre les insectes.Dimensions: 95 x 60 x 20 cm<\/p>\n","protected":false},"featured_media":11363,"template":"","meta":[],"product_cat":[3507,3513],"product_tag":[],"class_list":{"0":"post-11384","1":"product","2":"type-product","3":"status-publish","4":"has-post-thumbnail","6":"product_cat-promenade-et-voyage","7":"product_cat-moustiquaires-a-poussette","9":"first","10":"instock","11":"shipping-taxable","12":"product-type-simple"},"yoast_head":"<!-- This site is optimized with the Yoast SEO plugin v26.2 - https:\/\/yoast.com\/wordpress\/plugins\/seo\/ -->\n<title>Moustiquaire universelle pour poussette, blanche - Akuku<\/title>\n<meta name=\"description\" content=\"Sprawd\u017a nasz produkt: Moustiquaire universelle pour poussette, blanche. Produkty Akuku - odpowiednie dla mam i niemowl\u0105t!\" \/>\n<meta name=\"robots\" content=\"index, follow, max-snippet:-1, max-image-preview:large, max-video-preview:-1\" \/>\n<link rel=\"canonical\" href=\"https:\/\/akuku.com.pl\/fr\/catalogue-de-produits\/promenade-et-voyage\/moustiquaires-a-poussette\/moustiquaire-universelle-pour-poussette-blanche-a0445\/\" \/>\n<meta property=\"og:locale\" content=\"fr_FR\" \/>\n<meta property=\"og:type\" content=\"article\" \/>\n<meta property=\"og:title\" content=\"Moustiquaire universelle pour poussette, blanche - Akuku\" \/>\n<meta property=\"og:description\" content=\"Sprawd\u017a nasz produkt: Moustiquaire universelle pour poussette, blanche. Produkty Akuku - odpowiednie dla mam i niemowl\u0105t!\" \/>\n<meta property=\"og:url\" content=\"https:\/\/akuku.com.pl\/fr\/catalogue-de-produits\/promenade-et-voyage\/moustiquaires-a-poussette\/moustiquaire-universelle-pour-poussette-blanche-a0445\/\" \/>\n<meta property=\"og:site_name\" content=\"Akuku\" \/>\n<meta property=\"article:publisher\" content=\"https:\/\/www.facebook.com\/markaAKUKU\" \/>\n<meta property=\"article:modified_time\" content=\"2024-07-29T19:51:23+00:00\" \/>\n<meta property=\"og:image\" content=\"https:\/\/akuku.com.pl\/wp-content\/uploads\/2024\/07\/moskitiera-gondola.jpg\" \/>\n\t<meta property=\"og:image:width\" content=\"500\" \/>\n\t<meta property=\"og:image:height\" content=\"500\" \/>\n\t<meta property=\"og:image:type\" content=\"image\/jpeg\" \/>\n<meta name=\"twitter:card\" content=\"summary_large_image\" \/>\n<script type=\"application\/ld+json\" class=\"yoast-schema-graph\">{\"@context\":\"https:\/\/schema.org\",\"@graph\":[{\"@type\":\"WebPage\",\"@id\":\"https:\/\/akuku.com.pl\/fr\/catalogue-de-produits\/promenade-et-voyage\/moustiquaires-a-poussette\/moustiquaire-universelle-pour-poussette-blanche-a0445\/\",\"url\":\"https:\/\/akuku.com.pl\/fr\/catalogue-de-produits\/promenade-et-voyage\/moustiquaires-a-poussette\/moustiquaire-universelle-pour-poussette-blanche-a0445\/\",\"name\":\"Moustiquaire universelle pour poussette, blanche - Akuku\",\"isPartOf\":{\"@id\":\"https:\/\/akuku.com.pl\/fr\/#website\"},\"primaryImageOfPage\":{\"@id\":\"https:\/\/akuku.com.pl\/fr\/catalogue-de-produits\/promenade-et-voyage\/moustiquaires-a-poussette\/moustiquaire-universelle-pour-poussette-blanche-a0445\/#primaryimage\"},\"image\":{\"@id\":\"https:\/\/akuku.com.pl\/fr\/catalogue-de-produits\/promenade-et-voyage\/moustiquaires-a-poussette\/moustiquaire-universelle-pour-poussette-blanche-a0445\/#primaryimage\"},\"thumbnailUrl\":\"https:\/\/akuku.com.pl\/wp-content\/uploads\/2024\/07\/moskitiera-gondola.jpg\",\"datePublished\":\"2024-07-04T21:56:50+00:00\",\"dateModified\":\"2024-07-29T19:51:23+00:00\",\"description\":\"Sprawd\u017a nasz produkt: Moustiquaire universelle pour poussette, blanche. Produkty Akuku - odpowiednie dla mam i niemowl\u0105t!\",\"breadcrumb\":{\"@id\":\"https:\/\/akuku.com.pl\/fr\/catalogue-de-produits\/promenade-et-voyage\/moustiquaires-a-poussette\/moustiquaire-universelle-pour-poussette-blanche-a0445\/#breadcrumb\"},\"inLanguage\":\"fr-FR\",\"potentialAction\":[{\"@type\":\"ReadAction\",\"target\":[\"https:\/\/akuku.com.pl\/fr\/catalogue-de-produits\/promenade-et-voyage\/moustiquaires-a-poussette\/moustiquaire-universelle-pour-poussette-blanche-a0445\/\"]}]},{\"@type\":\"ImageObject\",\"inLanguage\":\"fr-FR\",\"@id\":\"https:\/\/akuku.com.pl\/fr\/catalogue-de-produits\/promenade-et-voyage\/moustiquaires-a-poussette\/moustiquaire-universelle-pour-poussette-blanche-a0445\/#primaryimage\",\"url\":\"https:\/\/akuku.com.pl\/wp-content\/uploads\/2024\/07\/moskitiera-gondola.jpg\",\"contentUrl\":\"https:\/\/akuku.com.pl\/wp-content\/uploads\/2024\/07\/moskitiera-gondola.jpg\",\"width\":500,\"height\":500},{\"@type\":\"BreadcrumbList\",\"@id\":\"https:\/\/akuku.com.pl\/fr\/catalogue-de-produits\/promenade-et-voyage\/moustiquaires-a-poussette\/moustiquaire-universelle-pour-poussette-blanche-a0445\/#breadcrumb\",\"itemListElement\":[{\"@type\":\"ListItem\",\"position\":1,\"name\":\"Strona g\u0142\u00f3wna\",\"item\":\"https:\/\/akuku.com.pl\/fr\/\"},{\"@type\":\"ListItem\",\"position\":2,\"name\":\"Boutique\",\"item\":\"https:\/\/akuku.com.pl\/wszystkie-produkty\/\"},{\"@type\":\"ListItem\",\"position\":3,\"name\":\"Moustiquaire universelle pour poussette, blanche\"}]},{\"@type\":\"WebSite\",\"@id\":\"https:\/\/akuku.com.pl\/fr\/#website\",\"url\":\"https:\/\/akuku.com.pl\/fr\/\",\"name\":\"Akuku.com.pl\",\"description\":\"\",\"publisher\":{\"@id\":\"https:\/\/akuku.com.pl\/fr\/#organization\"},\"potentialAction\":[{\"@type\":\"SearchAction\",\"target\":{\"@type\":\"EntryPoint\",\"urlTemplate\":\"https:\/\/akuku.com.pl\/fr\/?s={search_term_string}\"},\"query-input\":{\"@type\":\"PropertyValueSpecification\",\"valueRequired\":true,\"valueName\":\"search_term_string\"}}],\"inLanguage\":\"fr-FR\"},{\"@type\":\"Organization\",\"@id\":\"https:\/\/akuku.com.pl\/fr\/#organization\",\"name\":\"Akuku.com.pl\",\"url\":\"https:\/\/akuku.com.pl\/fr\/\",\"logo\":{\"@type\":\"ImageObject\",\"inLanguage\":\"fr-FR\",\"@id\":\"https:\/\/akuku.com.pl\/fr\/#\/schema\/logo\/image\/\",\"url\":\"https:\/\/akuku.com.pl\/wp-content\/uploads\/2024\/04\/akuku-logo.svg\",\"contentUrl\":\"https:\/\/akuku.com.pl\/wp-content\/uploads\/2024\/04\/akuku-logo.svg\",\"width\":114,\"height\":50,\"caption\":\"Akuku.com.pl\"},\"image\":{\"@id\":\"https:\/\/akuku.com.pl\/fr\/#\/schema\/logo\/image\/\"},\"sameAs\":[\"https:\/\/www.facebook.com\/markaAKUKU\"]}]}<\/script>\n<!-- \/ Yoast SEO plugin. -->","yoast_head_json":{"title":"Moustiquaire universelle pour poussette, blanche - Akuku","description":"Sprawd\u017a nasz produkt: Moustiquaire universelle pour poussette, blanche. Produkty Akuku - odpowiednie dla mam i niemowl\u0105t!","robots":{"index":"index","follow":"follow","max-snippet":"max-snippet:-1","max-image-preview":"max-image-preview:large","max-video-preview":"max-video-preview:-1"},"canonical":"https:\/\/akuku.com.pl\/fr\/catalogue-de-produits\/promenade-et-voyage\/moustiquaires-a-poussette\/moustiquaire-universelle-pour-poussette-blanche-a0445\/","og_locale":"fr_FR","og_type":"article","og_title":"Moustiquaire universelle pour poussette, blanche - Akuku","og_description":"Sprawd\u017a nasz produkt: Moustiquaire universelle pour poussette, blanche. Produkty Akuku - odpowiednie dla mam i niemowl\u0105t!","og_url":"https:\/\/akuku.com.pl\/fr\/catalogue-de-produits\/promenade-et-voyage\/moustiquaires-a-poussette\/moustiquaire-universelle-pour-poussette-blanche-a0445\/","og_site_name":"Akuku","article_publisher":"https:\/\/www.facebook.com\/markaAKUKU","article_modified_time":"2024-07-29T19:51:23+00:00","og_image":[{"width":500,"height":500,"url":"https:\/\/akuku.com.pl\/wp-content\/uploads\/2024\/07\/moskitiera-gondola.jpg","type":"image\/jpeg"}],"twitter_card":"summary_large_image","schema":{"@context":"https:\/\/schema.org","@graph":[{"@type":"WebPage","@id":"https:\/\/akuku.com.pl\/fr\/catalogue-de-produits\/promenade-et-voyage\/moustiquaires-a-poussette\/moustiquaire-universelle-pour-poussette-blanche-a0445\/","url":"https:\/\/akuku.com.pl\/fr\/catalogue-de-produits\/promenade-et-voyage\/moustiquaires-a-poussette\/moustiquaire-universelle-pour-poussette-blanche-a0445\/","name":"Moustiquaire universelle pour poussette, blanche - Akuku","isPartOf":{"@id":"https:\/\/akuku.com.pl\/fr\/#website"},"primaryImageOfPage":{"@id":"https:\/\/akuku.com.pl\/fr\/catalogue-de-produits\/promenade-et-voyage\/moustiquaires-a-poussette\/moustiquaire-universelle-pour-poussette-blanche-a0445\/#primaryimage"},"image":{"@id":"https:\/\/akuku.com.pl\/fr\/catalogue-de-produits\/promenade-et-voyage\/moustiquaires-a-poussette\/moustiquaire-universelle-pour-poussette-blanche-a0445\/#primaryimage"},"thumbnailUrl":"https:\/\/akuku.com.pl\/wp-content\/uploads\/2024\/07\/moskitiera-gondola.jpg","datePublished":"2024-07-04T21:56:50+00:00","dateModified":"2024-07-29T19:51:23+00:00","description":"Sprawd\u017a nasz produkt: Moustiquaire universelle pour poussette, blanche. Produkty Akuku - odpowiednie dla mam i niemowl\u0105t!","breadcrumb":{"@id":"https:\/\/akuku.com.pl\/fr\/catalogue-de-produits\/promenade-et-voyage\/moustiquaires-a-poussette\/moustiquaire-universelle-pour-poussette-blanche-a0445\/#breadcrumb"},"inLanguage":"fr-FR","potentialAction":[{"@type":"ReadAction","target":["https:\/\/akuku.com.pl\/fr\/catalogue-de-produits\/promenade-et-voyage\/moustiquaires-a-poussette\/moustiquaire-universelle-pour-poussette-blanche-a0445\/"]}]},{"@type":"ImageObject","inLanguage":"fr-FR","@id":"https:\/\/akuku.com.pl\/fr\/catalogue-de-produits\/promenade-et-voyage\/moustiquaires-a-poussette\/moustiquaire-universelle-pour-poussette-blanche-a0445\/#primaryimage","url":"https:\/\/akuku.com.pl\/wp-content\/uploads\/2024\/07\/moskitiera-gondola.jpg","contentUrl":"https:\/\/akuku.com.pl\/wp-content\/uploads\/2024\/07\/moskitiera-gondola.jpg","width":500,"height":500},{"@type":"BreadcrumbList","@id":"https:\/\/akuku.com.pl\/fr\/catalogue-de-produits\/promenade-et-voyage\/moustiquaires-a-poussette\/moustiquaire-universelle-pour-poussette-blanche-a0445\/#breadcrumb","itemListElement":[{"@type":"ListItem","position":1,"name":"Strona g\u0142\u00f3wna","item":"https:\/\/akuku.com.pl\/fr\/"},{"@type":"ListItem","position":2,"name":"Boutique","item":"https:\/\/akuku.com.pl\/wszystkie-produkty\/"},{"@type":"ListItem","position":3,"name":"Moustiquaire universelle pour poussette, blanche"}]},{"@type":"WebSite","@id":"https:\/\/akuku.com.pl\/fr\/#website","url":"https:\/\/akuku.com.pl\/fr\/","name":"Akuku.com.pl","description":"","publisher":{"@id":"https:\/\/akuku.com.pl\/fr\/#organization"},"potentialAction":[{"@type":"SearchAction","target":{"@type":"EntryPoint","urlTemplate":"https:\/\/akuku.com.pl\/fr\/?s={search_term_string}"},"query-input":{"@type":"PropertyValueSpecification","valueRequired":true,"valueName":"search_term_string"}}],"inLanguage":"fr-FR"},{"@type":"Organization","@id":"https:\/\/akuku.com.pl\/fr\/#organization","name":"Akuku.com.pl","url":"https:\/\/akuku.com.pl\/fr\/","logo":{"@type":"ImageObject","inLanguage":"fr-FR","@id":"https:\/\/akuku.com.pl\/fr\/#\/schema\/logo\/image\/","url":"https:\/\/akuku.com.pl\/wp-content\/uploads\/2024\/04\/akuku-logo.svg","contentUrl":"https:\/\/akuku.com.pl\/wp-content\/uploads\/2024\/04\/akuku-logo.svg","width":114,"height":50,"caption":"Akuku.com.pl"},"image":{"@id":"https:\/\/akuku.com.pl\/fr\/#\/schema\/logo\/image\/"},"sameAs":["https:\/\/www.facebook.com\/markaAKUKU"]}]}},"_links":{"self":[{"href":"https:\/\/akuku.com.pl\/fr\/wp-json\/wp\/v2\/product\/11384","targetHints":{"allow":["GET"]}}],"collection":[{"href":"https:\/\/akuku.com.pl\/fr\/wp-json\/wp\/v2\/product"}],"about":[{"href":"https:\/\/akuku.com.pl\/fr\/wp-json\/wp\/v2\/types\/product"}],"wp:featuredmedia":[{"embeddable":true,"href":"https:\/\/akuku.com.pl\/fr\/wp-json\/wp\/v2\/media\/11363"}],"wp:attachment":[{"href":"https:\/\/akuku.com.pl\/fr\/wp-json\/wp\/v2\/media?parent=11384"}],"wp:term":[{"taxonomy":"product_cat","embeddable":true,"href":"https:\/\/akuku.com.pl\/fr\/wp-json\/wp\/v2\/product_cat?post=11384"},{"taxonomy":"product_tag","embeddable":true,"href":"https:\/\/akuku.com.pl\/fr\/wp-json\/wp\/v2\/product_tag?post=11384"}],"curies":[{"name":"wp","href":"https:\/\/api.w.org\/{rel}","templated":true}]}}