{"id":11321,"date":"2024-07-04T23:56:04","date_gmt":"2024-07-04T21:56:04","guid":{"rendered":"https:\/\/wp.akuku.com.pl\/sklep\/non%20class\u00e9\/passoire-panier-avec-jouets-de-bain-a0456\/"},"modified":"2025-04-23T13:56:48","modified_gmt":"2025-04-23T11:56:48","slug":"passoire-panier-avec-jouets-de-bain-a0456","status":"publish","type":"product","link":"https:\/\/akuku.com.pl\/fr\/catalogue-de-produits\/amusement-et-education\/bain\/passoire-panier-avec-jouets-de-bain-a0456\/","title":{"rendered":"Passoire \/ Panier avec jouets de bain"},"content":{"rendered":"<div class=\"textWrap\">\n<p>Passoire \/ Panier avec jouets de bain A0456<\/p>\n<p>Un lot de jouets double fonction pour le plaisir du bain:<br \/>\n&#8211; une passoire pour r\u00e9cup\u00e9rer les balles<br \/>\n&#8211; un panier dans lequel on les lance<br \/>\n(il suffit de le fixer contre le carrelage ou la baignoire)<br \/>\nVoici un jouet de bain tr\u00e8s \u00e9ducatif qui rendra le bain de chaque b\u00e9b\u00e9 encore plus agr\u00e9able.<br \/>\nIl apprendra \u00e0 votre enfant \u00e0 distinguer les couleurs et les formes.<br \/>\nDe plus, il fera d\u00e9velopper la coordination \u0153il-main.<br \/>\nLes \u00e9l\u00e9ments flottent sur la surface d&rsquo;eau.<br \/>\nC\u2019est une solution parfaite pour les parents dont l&rsquo;enfant a peur de l&rsquo;eau et n&rsquo;aime pas se baigner.<br \/>\nAinsi, l\u2019enfant peut prendre l\u2019habitude de rester dans l\u2019eau en jouant et cesser d\u2019avoir peur.<br \/>\nGr\u00e2ce aux petits trous d\u2019a\u00e9ration dans chaque jouet, votre enfant peut faire couler l\u2019eau et attraper tous les animaux dans la passoire.<br \/>\nCeci n&rsquo;est pas facile, car lorsque vous essayez d&rsquo;attraper les cr\u00e9atures, elles changent de position.<br \/>\nIl est encore plus difficile de frapper le ballon dans le panier, ce qui d\u00e9veloppera chez votre enfant la coordination des mouvements et la pr\u00e9cision.<br \/>\nFabriqu\u00e9 avec de la mati\u00e8re premi\u00e8re sans danger pour la sant\u00e9 humaine de haute qualit\u00e9.<br \/>\nSans bisph\u00e9nol A (0% BPA).<br \/>\nLe lot comprend une passoire, un panier et 3 boules en formes d\u2019animaux.<\/p>\n<p style=\"text-align: justify;\"><img decoding=\"async\" src=\"https:\/\/akuku.com.pl\/wp-content\/uploads\/2024\/09\/BPA-Free-logo-png_1.png\" alt=\"\" \/><\/p>\n<\/div>\n","protected":false},"excerpt":{"rendered":"<p>Passoire \/ Panier avec jouets de bain A0456 Un lot de jouets double fonction pour le plaisir du bain: &#8211; une passoire pour r\u00e9cup\u00e9rer les balles &#8211; un panier dans lequel on les lance (il suffit de le fixer contre le carrelage ou la baignoire) Voici un jouet de bain tr\u00e8s \u00e9ducatif qui rendra le [&hellip;]<\/p>\n","protected":false},"featured_media":16488,"template":"","meta":[],"product_cat":[3474,3501],"product_tag":[],"class_list":{"0":"post-11321","1":"product","2":"type-product","3":"status-publish","4":"has-post-thumbnail","6":"product_cat-amusement-et-education","7":"product_cat-bain","9":"first","10":"instock","11":"shipping-taxable","12":"product-type-simple"},"yoast_head":"<!-- This site is optimized with the Yoast SEO plugin v26.2 - https:\/\/yoast.com\/wordpress\/plugins\/seo\/ -->\n<title>Passoire \/ Panier avec jouets de bain - Akuku<\/title>\n<meta name=\"description\" content=\"Sprawd\u017a nasz produkt: Passoire \/ Panier avec jouets de bain. Produkty Akuku - odpowiednie dla mam i niemowl\u0105t!\" \/>\n<meta name=\"robots\" content=\"index, follow, max-snippet:-1, max-image-preview:large, max-video-preview:-1\" \/>\n<link rel=\"canonical\" href=\"https:\/\/akuku.com.pl\/fr\/catalogue-de-produits\/amusement-et-education\/bain\/passoire-panier-avec-jouets-de-bain-a0456\/\" \/>\n<meta property=\"og:locale\" content=\"fr_FR\" \/>\n<meta property=\"og:type\" content=\"article\" \/>\n<meta property=\"og:title\" content=\"Passoire \/ Panier avec jouets de bain - Akuku\" \/>\n<meta property=\"og:description\" content=\"Sprawd\u017a nasz produkt: Passoire \/ Panier avec jouets de bain. Produkty Akuku - odpowiednie dla mam i niemowl\u0105t!\" \/>\n<meta property=\"og:url\" content=\"https:\/\/akuku.com.pl\/fr\/catalogue-de-produits\/amusement-et-education\/bain\/passoire-panier-avec-jouets-de-bain-a0456\/\" \/>\n<meta property=\"og:site_name\" content=\"Akuku\" \/>\n<meta property=\"article:publisher\" content=\"https:\/\/www.facebook.com\/markaAKUKU\" \/>\n<meta property=\"article:modified_time\" content=\"2025-04-23T11:56:48+00:00\" \/>\n<meta property=\"og:image\" content=\"https:\/\/akuku.com.pl\/wp-content\/uploads\/2024\/07\/A0456_33-1_basket.webp\" \/>\n\t<meta property=\"og:image:width\" content=\"2300\" \/>\n\t<meta property=\"og:image:height\" content=\"2300\" \/>\n\t<meta property=\"og:image:type\" content=\"image\/webp\" \/>\n<meta name=\"twitter:card\" content=\"summary_large_image\" \/>\n<meta name=\"twitter:label1\" content=\"Dur\u00e9e de lecture estim\u00e9e\" \/>\n\t<meta name=\"twitter:data1\" content=\"2 minutes\" \/>\n<script type=\"application\/ld+json\" class=\"yoast-schema-graph\">{\"@context\":\"https:\/\/schema.org\",\"@graph\":[{\"@type\":\"WebPage\",\"@id\":\"https:\/\/akuku.com.pl\/fr\/catalogue-de-produits\/amusement-et-education\/bain\/passoire-panier-avec-jouets-de-bain-a0456\/\",\"url\":\"https:\/\/akuku.com.pl\/fr\/catalogue-de-produits\/amusement-et-education\/bain\/passoire-panier-avec-jouets-de-bain-a0456\/\",\"name\":\"Passoire \/ Panier avec jouets de bain - Akuku\",\"isPartOf\":{\"@id\":\"https:\/\/akuku.com.pl\/fr\/#website\"},\"primaryImageOfPage\":{\"@id\":\"https:\/\/akuku.com.pl\/fr\/catalogue-de-produits\/amusement-et-education\/bain\/passoire-panier-avec-jouets-de-bain-a0456\/#primaryimage\"},\"image\":{\"@id\":\"https:\/\/akuku.com.pl\/fr\/catalogue-de-produits\/amusement-et-education\/bain\/passoire-panier-avec-jouets-de-bain-a0456\/#primaryimage\"},\"thumbnailUrl\":\"https:\/\/akuku.com.pl\/wp-content\/uploads\/2024\/07\/A0456_33-1_basket.webp\",\"datePublished\":\"2024-07-04T21:56:04+00:00\",\"dateModified\":\"2025-04-23T11:56:48+00:00\",\"description\":\"Sprawd\u017a nasz produkt: Passoire \/ Panier avec jouets de bain. Produkty Akuku - odpowiednie dla mam i niemowl\u0105t!\",\"breadcrumb\":{\"@id\":\"https:\/\/akuku.com.pl\/fr\/catalogue-de-produits\/amusement-et-education\/bain\/passoire-panier-avec-jouets-de-bain-a0456\/#breadcrumb\"},\"inLanguage\":\"fr-FR\",\"potentialAction\":[{\"@type\":\"ReadAction\",\"target\":[\"https:\/\/akuku.com.pl\/fr\/catalogue-de-produits\/amusement-et-education\/bain\/passoire-panier-avec-jouets-de-bain-a0456\/\"]}]},{\"@type\":\"ImageObject\",\"inLanguage\":\"fr-FR\",\"@id\":\"https:\/\/akuku.com.pl\/fr\/catalogue-de-produits\/amusement-et-education\/bain\/passoire-panier-avec-jouets-de-bain-a0456\/#primaryimage\",\"url\":\"https:\/\/akuku.com.pl\/wp-content\/uploads\/2024\/07\/A0456_33-1_basket.webp\",\"contentUrl\":\"https:\/\/akuku.com.pl\/wp-content\/uploads\/2024\/07\/A0456_33-1_basket.webp\",\"width\":2300,\"height\":2300,\"caption\":\"Passoire \/ Panier avec jouets de bain A0456\"},{\"@type\":\"BreadcrumbList\",\"@id\":\"https:\/\/akuku.com.pl\/fr\/catalogue-de-produits\/amusement-et-education\/bain\/passoire-panier-avec-jouets-de-bain-a0456\/#breadcrumb\",\"itemListElement\":[{\"@type\":\"ListItem\",\"position\":1,\"name\":\"Strona g\u0142\u00f3wna\",\"item\":\"https:\/\/akuku.com.pl\/fr\/\"},{\"@type\":\"ListItem\",\"position\":2,\"name\":\"Boutique\",\"item\":\"https:\/\/akuku.com.pl\/wszystkie-produkty\/\"},{\"@type\":\"ListItem\",\"position\":3,\"name\":\"Passoire \/ Panier avec jouets de bain\"}]},{\"@type\":\"WebSite\",\"@id\":\"https:\/\/akuku.com.pl\/fr\/#website\",\"url\":\"https:\/\/akuku.com.pl\/fr\/\",\"name\":\"Akuku.com.pl\",\"description\":\"\",\"publisher\":{\"@id\":\"https:\/\/akuku.com.pl\/fr\/#organization\"},\"potentialAction\":[{\"@type\":\"SearchAction\",\"target\":{\"@type\":\"EntryPoint\",\"urlTemplate\":\"https:\/\/akuku.com.pl\/fr\/?s={search_term_string}\"},\"query-input\":{\"@type\":\"PropertyValueSpecification\",\"valueRequired\":true,\"valueName\":\"search_term_string\"}}],\"inLanguage\":\"fr-FR\"},{\"@type\":\"Organization\",\"@id\":\"https:\/\/akuku.com.pl\/fr\/#organization\",\"name\":\"Akuku.com.pl\",\"url\":\"https:\/\/akuku.com.pl\/fr\/\",\"logo\":{\"@type\":\"ImageObject\",\"inLanguage\":\"fr-FR\",\"@id\":\"https:\/\/akuku.com.pl\/fr\/#\/schema\/logo\/image\/\",\"url\":\"https:\/\/akuku.com.pl\/wp-content\/uploads\/2024\/04\/akuku-logo.svg\",\"contentUrl\":\"https:\/\/akuku.com.pl\/wp-content\/uploads\/2024\/04\/akuku-logo.svg\",\"width\":114,\"height\":50,\"caption\":\"Akuku.com.pl\"},\"image\":{\"@id\":\"https:\/\/akuku.com.pl\/fr\/#\/schema\/logo\/image\/\"},\"sameAs\":[\"https:\/\/www.facebook.com\/markaAKUKU\"]}]}<\/script>\n<!-- \/ Yoast SEO plugin. -->","yoast_head_json":{"title":"Passoire \/ Panier avec jouets de bain - Akuku","description":"Sprawd\u017a nasz produkt: Passoire \/ Panier avec jouets de bain. Produkty Akuku - odpowiednie dla mam i niemowl\u0105t!","robots":{"index":"index","follow":"follow","max-snippet":"max-snippet:-1","max-image-preview":"max-image-preview:large","max-video-preview":"max-video-preview:-1"},"canonical":"https:\/\/akuku.com.pl\/fr\/catalogue-de-produits\/amusement-et-education\/bain\/passoire-panier-avec-jouets-de-bain-a0456\/","og_locale":"fr_FR","og_type":"article","og_title":"Passoire \/ Panier avec jouets de bain - Akuku","og_description":"Sprawd\u017a nasz produkt: Passoire \/ Panier avec jouets de bain. Produkty Akuku - odpowiednie dla mam i niemowl\u0105t!","og_url":"https:\/\/akuku.com.pl\/fr\/catalogue-de-produits\/amusement-et-education\/bain\/passoire-panier-avec-jouets-de-bain-a0456\/","og_site_name":"Akuku","article_publisher":"https:\/\/www.facebook.com\/markaAKUKU","article_modified_time":"2025-04-23T11:56:48+00:00","og_image":[{"width":2300,"height":2300,"url":"https:\/\/akuku.com.pl\/wp-content\/uploads\/2024\/07\/A0456_33-1_basket.webp","type":"image\/webp"}],"twitter_card":"summary_large_image","twitter_misc":{"Dur\u00e9e de lecture estim\u00e9e":"2 minutes"},"schema":{"@context":"https:\/\/schema.org","@graph":[{"@type":"WebPage","@id":"https:\/\/akuku.com.pl\/fr\/catalogue-de-produits\/amusement-et-education\/bain\/passoire-panier-avec-jouets-de-bain-a0456\/","url":"https:\/\/akuku.com.pl\/fr\/catalogue-de-produits\/amusement-et-education\/bain\/passoire-panier-avec-jouets-de-bain-a0456\/","name":"Passoire \/ Panier avec jouets de bain - Akuku","isPartOf":{"@id":"https:\/\/akuku.com.pl\/fr\/#website"},"primaryImageOfPage":{"@id":"https:\/\/akuku.com.pl\/fr\/catalogue-de-produits\/amusement-et-education\/bain\/passoire-panier-avec-jouets-de-bain-a0456\/#primaryimage"},"image":{"@id":"https:\/\/akuku.com.pl\/fr\/catalogue-de-produits\/amusement-et-education\/bain\/passoire-panier-avec-jouets-de-bain-a0456\/#primaryimage"},"thumbnailUrl":"https:\/\/akuku.com.pl\/wp-content\/uploads\/2024\/07\/A0456_33-1_basket.webp","datePublished":"2024-07-04T21:56:04+00:00","dateModified":"2025-04-23T11:56:48+00:00","description":"Sprawd\u017a nasz produkt: Passoire \/ Panier avec jouets de bain. Produkty Akuku - odpowiednie dla mam i niemowl\u0105t!","breadcrumb":{"@id":"https:\/\/akuku.com.pl\/fr\/catalogue-de-produits\/amusement-et-education\/bain\/passoire-panier-avec-jouets-de-bain-a0456\/#breadcrumb"},"inLanguage":"fr-FR","potentialAction":[{"@type":"ReadAction","target":["https:\/\/akuku.com.pl\/fr\/catalogue-de-produits\/amusement-et-education\/bain\/passoire-panier-avec-jouets-de-bain-a0456\/"]}]},{"@type":"ImageObject","inLanguage":"fr-FR","@id":"https:\/\/akuku.com.pl\/fr\/catalogue-de-produits\/amusement-et-education\/bain\/passoire-panier-avec-jouets-de-bain-a0456\/#primaryimage","url":"https:\/\/akuku.com.pl\/wp-content\/uploads\/2024\/07\/A0456_33-1_basket.webp","contentUrl":"https:\/\/akuku.com.pl\/wp-content\/uploads\/2024\/07\/A0456_33-1_basket.webp","width":2300,"height":2300,"caption":"Passoire \/ Panier avec jouets de bain A0456"},{"@type":"BreadcrumbList","@id":"https:\/\/akuku.com.pl\/fr\/catalogue-de-produits\/amusement-et-education\/bain\/passoire-panier-avec-jouets-de-bain-a0456\/#breadcrumb","itemListElement":[{"@type":"ListItem","position":1,"name":"Strona g\u0142\u00f3wna","item":"https:\/\/akuku.com.pl\/fr\/"},{"@type":"ListItem","position":2,"name":"Boutique","item":"https:\/\/akuku.com.pl\/wszystkie-produkty\/"},{"@type":"ListItem","position":3,"name":"Passoire \/ Panier avec jouets de bain"}]},{"@type":"WebSite","@id":"https:\/\/akuku.com.pl\/fr\/#website","url":"https:\/\/akuku.com.pl\/fr\/","name":"Akuku.com.pl","description":"","publisher":{"@id":"https:\/\/akuku.com.pl\/fr\/#organization"},"potentialAction":[{"@type":"SearchAction","target":{"@type":"EntryPoint","urlTemplate":"https:\/\/akuku.com.pl\/fr\/?s={search_term_string}"},"query-input":{"@type":"PropertyValueSpecification","valueRequired":true,"valueName":"search_term_string"}}],"inLanguage":"fr-FR"},{"@type":"Organization","@id":"https:\/\/akuku.com.pl\/fr\/#organization","name":"Akuku.com.pl","url":"https:\/\/akuku.com.pl\/fr\/","logo":{"@type":"ImageObject","inLanguage":"fr-FR","@id":"https:\/\/akuku.com.pl\/fr\/#\/schema\/logo\/image\/","url":"https:\/\/akuku.com.pl\/wp-content\/uploads\/2024\/04\/akuku-logo.svg","contentUrl":"https:\/\/akuku.com.pl\/wp-content\/uploads\/2024\/04\/akuku-logo.svg","width":114,"height":50,"caption":"Akuku.com.pl"},"image":{"@id":"https:\/\/akuku.com.pl\/fr\/#\/schema\/logo\/image\/"},"sameAs":["https:\/\/www.facebook.com\/markaAKUKU"]}]}},"_links":{"self":[{"href":"https:\/\/akuku.com.pl\/fr\/wp-json\/wp\/v2\/product\/11321","targetHints":{"allow":["GET"]}}],"collection":[{"href":"https:\/\/akuku.com.pl\/fr\/wp-json\/wp\/v2\/product"}],"about":[{"href":"https:\/\/akuku.com.pl\/fr\/wp-json\/wp\/v2\/types\/product"}],"wp:featuredmedia":[{"embeddable":true,"href":"https:\/\/akuku.com.pl\/fr\/wp-json\/wp\/v2\/media\/16488"}],"wp:attachment":[{"href":"https:\/\/akuku.com.pl\/fr\/wp-json\/wp\/v2\/media?parent=11321"}],"wp:term":[{"taxonomy":"product_cat","embeddable":true,"href":"https:\/\/akuku.com.pl\/fr\/wp-json\/wp\/v2\/product_cat?post=11321"},{"taxonomy":"product_tag","embeddable":true,"href":"https:\/\/akuku.com.pl\/fr\/wp-json\/wp\/v2\/product_tag?post=11321"}],"curies":[{"name":"wp","href":"https:\/\/api.w.org\/{rel}","templated":true}]}}