{"id":11173,"date":"2024-07-04T23:48:54","date_gmt":"2024-07-04T21:48:54","guid":{"rendered":"https:\/\/wp.akuku.com.pl\/sklep\/non%20class\u00e9\/le-tapis-antiderapant-de-bain-a0655\/"},"modified":"2024-07-29T21:51:30","modified_gmt":"2024-07-29T19:51:30","slug":"le-tapis-antiderapant-de-bain-a0655","status":"publish","type":"product","link":"https:\/\/akuku.com.pl\/fr\/catalogue-de-produits\/amusement-et-education\/bain\/le-tapis-antiderapant-de-bain-a0655\/","title":{"rendered":"Le tapis antid\u00e9rapant de bain"},"content":{"rendered":"<div class=\"textWrap\">\n<div class=\"textWrap\">\n<div class=\"textWrap\" style=\"text-align: justify\">\n<div class=\"textWrap\" style=\"text-align: justify\"><\/div>\n<div class=\"textWrap\" style=\"text-align: justify\">\u00a0<\/div>\n<div class=\"textWrap\" style=\"text-align: justify\">\u00a0<\/div>\n<div class=\"textWrap\" style=\"text-align: justify\">\u00a0<\/div>\n<div class=\"textWrap\" style=\"text-align: justify\">\u00a0<\/div>\n<p>Le tapis antid\u00e9rapant de marque Akuku est destin\u00e9 \u00e0 \u00eatre utilis\u00e9e par les enfants dans les baignoires et douches. Notre produit color\u00e9 et antid\u00e9rapant assure la s\u00e9curit\u00e9 des enfants lors du le bain.<\/p><\/div>\n<div class=\"textWrap\" style=\"text-align: justify\">Avantages du tapis :<br \/>&#8211; augmente la s\u00e9curit\u00e9 lors du bain,<br \/>&#8211; produit est \u00e9quip\u00e9 des ventouses qui emp\u00eachent le tapis de bouger,<br \/>&#8211; facilit\u00e9 d&rsquo;utilisation,<br \/>&#8211; antid\u00e9rapant, prot\u00e8ge du glissement,<br \/>&#8211; ne contient pas de phtalates,<br \/>&#8211; produit de haute qualit\u00e9,<\/div>\n<div class=\"textWrap\" style=\"text-align: justify\">\u00a0<\/div>\n<div class=\"textWrap\" style=\"text-align: justify\">Mode d&#8217;emploi : Pour installer correctement le tapis, remplissez d&rsquo;abord la baignoire avec de l&rsquo;eau, puis ins\u00e9rez le tapis et appuyez dessus uniform\u00e9ment. Apr\u00e8s chaque bain, le tapis doit \u00eatre lav\u00e9 avec du savon d\u00e9licat de b\u00e9b\u00e9. Rincez apr\u00e8s chaque bain et laisser s\u00e9cher.<br \/>Avertissement! <br \/>Pendant le bain, l&rsquo;enfant doit toujours \u00eatre sous la surveillance d&rsquo;un adulte. <br \/>Ne pas d\u00e9sinfecter, ne pas verser avec de l&rsquo;eau bouillante dessus, ne pas faire bouillir ni laver au lave-vaisselle. Jetez le produit si des signes d&rsquo;usure quelquonques ont \u00e9t\u00e9 remarqu\u00e9s. <br \/>Le produit est totalement exempt de bisph\u00e9nol A (0% BPA).<br \/>1 pi\u00e8ce dans l\u2019emballage. <br \/>Dimensions du tapis : 69 x 39 cm<\/p>\n<div class=\"textWrap\" style=\"text-align: justify\">\u00a0<\/p>\n<div class=\"textWrap\">\n<div class=\"textWrap\" style=\"text-align: justify\"><img decoding=\"async\" alt=\"\" src=\"https:\/\/akuku.com.pl\/wp-content\/uploads\/2024\/09\/BPA-Free-logo-png_1.png\" \/><\/p>\n","protected":false},"excerpt":{"rendered":"<p>\u00a0 \u00a0 \u00a0 \u00a0 Le tapis antid\u00e9rapant de marque Akuku est destin\u00e9 \u00e0 \u00eatre utilis\u00e9e par les enfants dans les baignoires et douches. Notre produit color\u00e9 et antid\u00e9rapant assure la s\u00e9curit\u00e9 des enfants lors du le bain. Avantages du tapis :&#8211; augmente la s\u00e9curit\u00e9 lors du bain,&#8211; produit est \u00e9quip\u00e9 des ventouses qui emp\u00eachent le [&hellip;]<\/p>\n","protected":false},"featured_media":11149,"template":"","meta":[],"product_cat":[3474,3501,3528],"product_tag":[],"class_list":{"0":"post-11173","1":"product","2":"type-product","3":"status-publish","4":"has-post-thumbnail","6":"product_cat-amusement-et-education","7":"product_cat-bain","8":"product_cat-securisez-votre-maison","10":"first","11":"instock","12":"shipping-taxable","13":"product-type-simple"},"yoast_head":"<!-- This site is optimized with the Yoast SEO plugin v26.2 - https:\/\/yoast.com\/wordpress\/plugins\/seo\/ -->\n<title>Le tapis antid\u00e9rapant de bain - Akuku<\/title>\n<meta name=\"description\" content=\"Sprawd\u017a nasz produkt: Le tapis antid\u00e9rapant de bain. Produkty Akuku - odpowiednie dla mam i niemowl\u0105t!\" \/>\n<meta name=\"robots\" content=\"index, follow, max-snippet:-1, max-image-preview:large, max-video-preview:-1\" \/>\n<link rel=\"canonical\" href=\"https:\/\/akuku.com.pl\/fr\/catalogue-de-produits\/amusement-et-education\/bain\/le-tapis-antiderapant-de-bain-a0655\/\" \/>\n<meta property=\"og:locale\" content=\"fr_FR\" \/>\n<meta property=\"og:type\" content=\"article\" \/>\n<meta property=\"og:title\" content=\"Le tapis antid\u00e9rapant de bain - Akuku\" \/>\n<meta property=\"og:description\" content=\"Sprawd\u017a nasz produkt: Le tapis antid\u00e9rapant de bain. Produkty Akuku - odpowiednie dla mam i niemowl\u0105t!\" \/>\n<meta property=\"og:url\" content=\"https:\/\/akuku.com.pl\/fr\/catalogue-de-produits\/amusement-et-education\/bain\/le-tapis-antiderapant-de-bain-a0655\/\" \/>\n<meta property=\"og:site_name\" content=\"Akuku\" \/>\n<meta property=\"article:publisher\" content=\"https:\/\/www.facebook.com\/markaAKUKU\" \/>\n<meta property=\"article:modified_time\" content=\"2024-07-29T19:51:30+00:00\" \/>\n<meta property=\"og:image\" content=\"https:\/\/akuku.com.pl\/wp-content\/uploads\/2024\/07\/a0655-1.jpg\" \/>\n\t<meta property=\"og:image:width\" content=\"800\" \/>\n\t<meta property=\"og:image:height\" content=\"800\" \/>\n\t<meta property=\"og:image:type\" content=\"image\/jpeg\" \/>\n<meta name=\"twitter:card\" content=\"summary_large_image\" \/>\n<meta name=\"twitter:label1\" content=\"Dur\u00e9e de lecture estim\u00e9e\" \/>\n\t<meta name=\"twitter:data1\" content=\"1 minute\" \/>\n<script type=\"application\/ld+json\" class=\"yoast-schema-graph\">{\"@context\":\"https:\/\/schema.org\",\"@graph\":[{\"@type\":\"WebPage\",\"@id\":\"https:\/\/akuku.com.pl\/fr\/catalogue-de-produits\/amusement-et-education\/bain\/le-tapis-antiderapant-de-bain-a0655\/\",\"url\":\"https:\/\/akuku.com.pl\/fr\/catalogue-de-produits\/amusement-et-education\/bain\/le-tapis-antiderapant-de-bain-a0655\/\",\"name\":\"Le tapis antid\u00e9rapant de bain - Akuku\",\"isPartOf\":{\"@id\":\"https:\/\/akuku.com.pl\/fr\/#website\"},\"primaryImageOfPage\":{\"@id\":\"https:\/\/akuku.com.pl\/fr\/catalogue-de-produits\/amusement-et-education\/bain\/le-tapis-antiderapant-de-bain-a0655\/#primaryimage\"},\"image\":{\"@id\":\"https:\/\/akuku.com.pl\/fr\/catalogue-de-produits\/amusement-et-education\/bain\/le-tapis-antiderapant-de-bain-a0655\/#primaryimage\"},\"thumbnailUrl\":\"https:\/\/akuku.com.pl\/wp-content\/uploads\/2024\/07\/a0655-1.jpg\",\"datePublished\":\"2024-07-04T21:48:54+00:00\",\"dateModified\":\"2024-07-29T19:51:30+00:00\",\"description\":\"Sprawd\u017a nasz produkt: Le tapis antid\u00e9rapant de bain. Produkty Akuku - odpowiednie dla mam i niemowl\u0105t!\",\"breadcrumb\":{\"@id\":\"https:\/\/akuku.com.pl\/fr\/catalogue-de-produits\/amusement-et-education\/bain\/le-tapis-antiderapant-de-bain-a0655\/#breadcrumb\"},\"inLanguage\":\"fr-FR\",\"potentialAction\":[{\"@type\":\"ReadAction\",\"target\":[\"https:\/\/akuku.com.pl\/fr\/catalogue-de-produits\/amusement-et-education\/bain\/le-tapis-antiderapant-de-bain-a0655\/\"]}]},{\"@type\":\"ImageObject\",\"inLanguage\":\"fr-FR\",\"@id\":\"https:\/\/akuku.com.pl\/fr\/catalogue-de-produits\/amusement-et-education\/bain\/le-tapis-antiderapant-de-bain-a0655\/#primaryimage\",\"url\":\"https:\/\/akuku.com.pl\/wp-content\/uploads\/2024\/07\/a0655-1.jpg\",\"contentUrl\":\"https:\/\/akuku.com.pl\/wp-content\/uploads\/2024\/07\/a0655-1.jpg\",\"width\":800,\"height\":800},{\"@type\":\"BreadcrumbList\",\"@id\":\"https:\/\/akuku.com.pl\/fr\/catalogue-de-produits\/amusement-et-education\/bain\/le-tapis-antiderapant-de-bain-a0655\/#breadcrumb\",\"itemListElement\":[{\"@type\":\"ListItem\",\"position\":1,\"name\":\"Strona g\u0142\u00f3wna\",\"item\":\"https:\/\/akuku.com.pl\/fr\/\"},{\"@type\":\"ListItem\",\"position\":2,\"name\":\"Boutique\",\"item\":\"https:\/\/akuku.com.pl\/wszystkie-produkty\/\"},{\"@type\":\"ListItem\",\"position\":3,\"name\":\"Le tapis antid\u00e9rapant de bain\"}]},{\"@type\":\"WebSite\",\"@id\":\"https:\/\/akuku.com.pl\/fr\/#website\",\"url\":\"https:\/\/akuku.com.pl\/fr\/\",\"name\":\"Akuku.com.pl\",\"description\":\"\",\"publisher\":{\"@id\":\"https:\/\/akuku.com.pl\/fr\/#organization\"},\"potentialAction\":[{\"@type\":\"SearchAction\",\"target\":{\"@type\":\"EntryPoint\",\"urlTemplate\":\"https:\/\/akuku.com.pl\/fr\/?s={search_term_string}\"},\"query-input\":{\"@type\":\"PropertyValueSpecification\",\"valueRequired\":true,\"valueName\":\"search_term_string\"}}],\"inLanguage\":\"fr-FR\"},{\"@type\":\"Organization\",\"@id\":\"https:\/\/akuku.com.pl\/fr\/#organization\",\"name\":\"Akuku.com.pl\",\"url\":\"https:\/\/akuku.com.pl\/fr\/\",\"logo\":{\"@type\":\"ImageObject\",\"inLanguage\":\"fr-FR\",\"@id\":\"https:\/\/akuku.com.pl\/fr\/#\/schema\/logo\/image\/\",\"url\":\"https:\/\/akuku.com.pl\/wp-content\/uploads\/2024\/04\/akuku-logo.svg\",\"contentUrl\":\"https:\/\/akuku.com.pl\/wp-content\/uploads\/2024\/04\/akuku-logo.svg\",\"width\":114,\"height\":50,\"caption\":\"Akuku.com.pl\"},\"image\":{\"@id\":\"https:\/\/akuku.com.pl\/fr\/#\/schema\/logo\/image\/\"},\"sameAs\":[\"https:\/\/www.facebook.com\/markaAKUKU\"]}]}<\/script>\n<!-- \/ Yoast SEO plugin. -->","yoast_head_json":{"title":"Le tapis antid\u00e9rapant de bain - Akuku","description":"Sprawd\u017a nasz produkt: Le tapis antid\u00e9rapant de bain. Produkty Akuku - odpowiednie dla mam i niemowl\u0105t!","robots":{"index":"index","follow":"follow","max-snippet":"max-snippet:-1","max-image-preview":"max-image-preview:large","max-video-preview":"max-video-preview:-1"},"canonical":"https:\/\/akuku.com.pl\/fr\/catalogue-de-produits\/amusement-et-education\/bain\/le-tapis-antiderapant-de-bain-a0655\/","og_locale":"fr_FR","og_type":"article","og_title":"Le tapis antid\u00e9rapant de bain - Akuku","og_description":"Sprawd\u017a nasz produkt: Le tapis antid\u00e9rapant de bain. Produkty Akuku - odpowiednie dla mam i niemowl\u0105t!","og_url":"https:\/\/akuku.com.pl\/fr\/catalogue-de-produits\/amusement-et-education\/bain\/le-tapis-antiderapant-de-bain-a0655\/","og_site_name":"Akuku","article_publisher":"https:\/\/www.facebook.com\/markaAKUKU","article_modified_time":"2024-07-29T19:51:30+00:00","og_image":[{"width":800,"height":800,"url":"https:\/\/akuku.com.pl\/wp-content\/uploads\/2024\/07\/a0655-1.jpg","type":"image\/jpeg"}],"twitter_card":"summary_large_image","twitter_misc":{"Dur\u00e9e de lecture estim\u00e9e":"1 minute"},"schema":{"@context":"https:\/\/schema.org","@graph":[{"@type":"WebPage","@id":"https:\/\/akuku.com.pl\/fr\/catalogue-de-produits\/amusement-et-education\/bain\/le-tapis-antiderapant-de-bain-a0655\/","url":"https:\/\/akuku.com.pl\/fr\/catalogue-de-produits\/amusement-et-education\/bain\/le-tapis-antiderapant-de-bain-a0655\/","name":"Le tapis antid\u00e9rapant de bain - Akuku","isPartOf":{"@id":"https:\/\/akuku.com.pl\/fr\/#website"},"primaryImageOfPage":{"@id":"https:\/\/akuku.com.pl\/fr\/catalogue-de-produits\/amusement-et-education\/bain\/le-tapis-antiderapant-de-bain-a0655\/#primaryimage"},"image":{"@id":"https:\/\/akuku.com.pl\/fr\/catalogue-de-produits\/amusement-et-education\/bain\/le-tapis-antiderapant-de-bain-a0655\/#primaryimage"},"thumbnailUrl":"https:\/\/akuku.com.pl\/wp-content\/uploads\/2024\/07\/a0655-1.jpg","datePublished":"2024-07-04T21:48:54+00:00","dateModified":"2024-07-29T19:51:30+00:00","description":"Sprawd\u017a nasz produkt: Le tapis antid\u00e9rapant de bain. Produkty Akuku - odpowiednie dla mam i niemowl\u0105t!","breadcrumb":{"@id":"https:\/\/akuku.com.pl\/fr\/catalogue-de-produits\/amusement-et-education\/bain\/le-tapis-antiderapant-de-bain-a0655\/#breadcrumb"},"inLanguage":"fr-FR","potentialAction":[{"@type":"ReadAction","target":["https:\/\/akuku.com.pl\/fr\/catalogue-de-produits\/amusement-et-education\/bain\/le-tapis-antiderapant-de-bain-a0655\/"]}]},{"@type":"ImageObject","inLanguage":"fr-FR","@id":"https:\/\/akuku.com.pl\/fr\/catalogue-de-produits\/amusement-et-education\/bain\/le-tapis-antiderapant-de-bain-a0655\/#primaryimage","url":"https:\/\/akuku.com.pl\/wp-content\/uploads\/2024\/07\/a0655-1.jpg","contentUrl":"https:\/\/akuku.com.pl\/wp-content\/uploads\/2024\/07\/a0655-1.jpg","width":800,"height":800},{"@type":"BreadcrumbList","@id":"https:\/\/akuku.com.pl\/fr\/catalogue-de-produits\/amusement-et-education\/bain\/le-tapis-antiderapant-de-bain-a0655\/#breadcrumb","itemListElement":[{"@type":"ListItem","position":1,"name":"Strona g\u0142\u00f3wna","item":"https:\/\/akuku.com.pl\/fr\/"},{"@type":"ListItem","position":2,"name":"Boutique","item":"https:\/\/akuku.com.pl\/wszystkie-produkty\/"},{"@type":"ListItem","position":3,"name":"Le tapis antid\u00e9rapant de bain"}]},{"@type":"WebSite","@id":"https:\/\/akuku.com.pl\/fr\/#website","url":"https:\/\/akuku.com.pl\/fr\/","name":"Akuku.com.pl","description":"","publisher":{"@id":"https:\/\/akuku.com.pl\/fr\/#organization"},"potentialAction":[{"@type":"SearchAction","target":{"@type":"EntryPoint","urlTemplate":"https:\/\/akuku.com.pl\/fr\/?s={search_term_string}"},"query-input":{"@type":"PropertyValueSpecification","valueRequired":true,"valueName":"search_term_string"}}],"inLanguage":"fr-FR"},{"@type":"Organization","@id":"https:\/\/akuku.com.pl\/fr\/#organization","name":"Akuku.com.pl","url":"https:\/\/akuku.com.pl\/fr\/","logo":{"@type":"ImageObject","inLanguage":"fr-FR","@id":"https:\/\/akuku.com.pl\/fr\/#\/schema\/logo\/image\/","url":"https:\/\/akuku.com.pl\/wp-content\/uploads\/2024\/04\/akuku-logo.svg","contentUrl":"https:\/\/akuku.com.pl\/wp-content\/uploads\/2024\/04\/akuku-logo.svg","width":114,"height":50,"caption":"Akuku.com.pl"},"image":{"@id":"https:\/\/akuku.com.pl\/fr\/#\/schema\/logo\/image\/"},"sameAs":["https:\/\/www.facebook.com\/markaAKUKU"]}]}},"_links":{"self":[{"href":"https:\/\/akuku.com.pl\/fr\/wp-json\/wp\/v2\/product\/11173","targetHints":{"allow":["GET"]}}],"collection":[{"href":"https:\/\/akuku.com.pl\/fr\/wp-json\/wp\/v2\/product"}],"about":[{"href":"https:\/\/akuku.com.pl\/fr\/wp-json\/wp\/v2\/types\/product"}],"wp:featuredmedia":[{"embeddable":true,"href":"https:\/\/akuku.com.pl\/fr\/wp-json\/wp\/v2\/media\/11149"}],"wp:attachment":[{"href":"https:\/\/akuku.com.pl\/fr\/wp-json\/wp\/v2\/media?parent=11173"}],"wp:term":[{"taxonomy":"product_cat","embeddable":true,"href":"https:\/\/akuku.com.pl\/fr\/wp-json\/wp\/v2\/product_cat?post=11173"},{"taxonomy":"product_tag","embeddable":true,"href":"https:\/\/akuku.com.pl\/fr\/wp-json\/wp\/v2\/product_tag?post=11173"}],"curies":[{"name":"wp","href":"https:\/\/api.w.org\/{rel}","templated":true}]}}