{"id":11077,"date":"2024-07-04T23:48:02","date_gmt":"2024-07-04T21:48:02","guid":{"rendered":"https:\/\/wp.akuku.com.pl\/sklep\/non%20class\u00e9\/hochet-a-poussette-grenouilles-a0353\/"},"modified":"2024-07-29T21:51:33","modified_gmt":"2024-07-29T19:51:33","slug":"hochet-a-poussette-grenouilles-a0353","status":"publish","type":"product","link":"https:\/\/akuku.com.pl\/fr\/catalogue-de-produits\/amusement-et-education\/hochets-et-anneaux-de-dentition\/hochets-a-poussette\/hochet-a-poussette-grenouilles-a0353\/","title":{"rendered":"Hochet \u00e0 poussette, Grenouilles"},"content":{"rendered":"<div class=\"textWrap\">\n<p>\u00a0<br \/>Hochet \u00e0 poussette, Grenouilles<\/p>\n<p>Des sonorit\u00e9s joyeuses du hochet de notre marque rendront votre promenade plus agr\u00e9able. <br \/>Les couleurs vives stimulent le sens de la vue chez votre b\u00e9b\u00e9. <br \/>Le produit, avec ses formes arrondies, ne repr\u00e9sente aucun danger pour votre b\u00e9b\u00e9. <br \/>Il peut \u00eatre attach\u00e9 \u00e0 une poussette ou \u00e0 un lit. <br \/>Il attire l&rsquo;attention de l&rsquo;enfant et d\u00e9veloppe sa coordination visuelle, auditive et motrice. <br \/>Il est fabriqu\u00e9 avec de la mati\u00e8re premi\u00e8re de la plus haute qualit\u00e9.<br \/>Longueur: 30 cm environ<\/p>\n<\/div>\n","protected":false},"excerpt":{"rendered":"<p>\u00a0Hochet \u00e0 poussette, Grenouilles Des sonorit\u00e9s joyeuses du hochet de notre marque rendront votre promenade plus agr\u00e9able. Les couleurs vives stimulent le sens de la vue chez votre b\u00e9b\u00e9. Le produit, avec ses formes arrondies, ne repr\u00e9sente aucun danger pour votre b\u00e9b\u00e9. Il peut \u00eatre attach\u00e9 \u00e0 une poussette ou \u00e0 un lit. Il attire [&hellip;]<\/p>\n","protected":false},"featured_media":11062,"template":"","meta":[],"product_cat":[3474,3495],"product_tag":[],"class_list":{"0":"post-11077","1":"product","2":"type-product","3":"status-publish","4":"has-post-thumbnail","6":"product_cat-amusement-et-education","7":"product_cat-hochets-a-poussette","9":"first","10":"instock","11":"shipping-taxable","12":"product-type-simple"},"yoast_head":"<!-- This site is optimized with the Yoast SEO plugin v26.2 - https:\/\/yoast.com\/wordpress\/plugins\/seo\/ -->\n<title>Hochet \u00e0 poussette, Grenouilles - Akuku<\/title>\n<meta name=\"description\" content=\"Sprawd\u017a nasz produkt: Hochet \u00e0 poussette, Grenouilles. Produkty Akuku - odpowiednie dla mam i niemowl\u0105t!\" \/>\n<meta name=\"robots\" content=\"index, follow, max-snippet:-1, max-image-preview:large, max-video-preview:-1\" \/>\n<link rel=\"canonical\" href=\"https:\/\/akuku.com.pl\/fr\/catalogue-de-produits\/amusement-et-education\/hochets-et-anneaux-de-dentition\/hochets-a-poussette\/hochet-a-poussette-grenouilles-a0353\/\" \/>\n<meta property=\"og:locale\" content=\"fr_FR\" \/>\n<meta property=\"og:type\" content=\"article\" \/>\n<meta property=\"og:title\" content=\"Hochet \u00e0 poussette, Grenouilles - Akuku\" \/>\n<meta property=\"og:description\" content=\"Sprawd\u017a nasz produkt: Hochet \u00e0 poussette, Grenouilles. Produkty Akuku - odpowiednie dla mam i niemowl\u0105t!\" \/>\n<meta property=\"og:url\" content=\"https:\/\/akuku.com.pl\/fr\/catalogue-de-produits\/amusement-et-education\/hochets-et-anneaux-de-dentition\/hochets-a-poussette\/hochet-a-poussette-grenouilles-a0353\/\" \/>\n<meta property=\"og:site_name\" content=\"Akuku\" \/>\n<meta property=\"article:publisher\" content=\"https:\/\/www.facebook.com\/markaAKUKU\" \/>\n<meta property=\"article:modified_time\" content=\"2024-07-29T19:51:33+00:00\" \/>\n<meta property=\"og:image\" content=\"https:\/\/akuku.com.pl\/wp-content\/uploads\/2024\/07\/a0353.jpeg\" \/>\n\t<meta property=\"og:image:width\" content=\"720\" \/>\n\t<meta property=\"og:image:height\" content=\"720\" \/>\n\t<meta property=\"og:image:type\" content=\"image\/jpeg\" \/>\n<meta name=\"twitter:card\" content=\"summary_large_image\" \/>\n<script type=\"application\/ld+json\" class=\"yoast-schema-graph\">{\"@context\":\"https:\/\/schema.org\",\"@graph\":[{\"@type\":\"WebPage\",\"@id\":\"https:\/\/akuku.com.pl\/fr\/catalogue-de-produits\/amusement-et-education\/hochets-et-anneaux-de-dentition\/hochets-a-poussette\/hochet-a-poussette-grenouilles-a0353\/\",\"url\":\"https:\/\/akuku.com.pl\/fr\/catalogue-de-produits\/amusement-et-education\/hochets-et-anneaux-de-dentition\/hochets-a-poussette\/hochet-a-poussette-grenouilles-a0353\/\",\"name\":\"Hochet \u00e0 poussette, Grenouilles - Akuku\",\"isPartOf\":{\"@id\":\"https:\/\/akuku.com.pl\/fr\/#website\"},\"primaryImageOfPage\":{\"@id\":\"https:\/\/akuku.com.pl\/fr\/catalogue-de-produits\/amusement-et-education\/hochets-et-anneaux-de-dentition\/hochets-a-poussette\/hochet-a-poussette-grenouilles-a0353\/#primaryimage\"},\"image\":{\"@id\":\"https:\/\/akuku.com.pl\/fr\/catalogue-de-produits\/amusement-et-education\/hochets-et-anneaux-de-dentition\/hochets-a-poussette\/hochet-a-poussette-grenouilles-a0353\/#primaryimage\"},\"thumbnailUrl\":\"https:\/\/akuku.com.pl\/wp-content\/uploads\/2024\/07\/a0353.jpeg\",\"datePublished\":\"2024-07-04T21:48:02+00:00\",\"dateModified\":\"2024-07-29T19:51:33+00:00\",\"description\":\"Sprawd\u017a nasz produkt: Hochet \u00e0 poussette, Grenouilles. Produkty Akuku - odpowiednie dla mam i niemowl\u0105t!\",\"breadcrumb\":{\"@id\":\"https:\/\/akuku.com.pl\/fr\/catalogue-de-produits\/amusement-et-education\/hochets-et-anneaux-de-dentition\/hochets-a-poussette\/hochet-a-poussette-grenouilles-a0353\/#breadcrumb\"},\"inLanguage\":\"fr-FR\",\"potentialAction\":[{\"@type\":\"ReadAction\",\"target\":[\"https:\/\/akuku.com.pl\/fr\/catalogue-de-produits\/amusement-et-education\/hochets-et-anneaux-de-dentition\/hochets-a-poussette\/hochet-a-poussette-grenouilles-a0353\/\"]}]},{\"@type\":\"ImageObject\",\"inLanguage\":\"fr-FR\",\"@id\":\"https:\/\/akuku.com.pl\/fr\/catalogue-de-produits\/amusement-et-education\/hochets-et-anneaux-de-dentition\/hochets-a-poussette\/hochet-a-poussette-grenouilles-a0353\/#primaryimage\",\"url\":\"https:\/\/akuku.com.pl\/wp-content\/uploads\/2024\/07\/a0353.jpeg\",\"contentUrl\":\"https:\/\/akuku.com.pl\/wp-content\/uploads\/2024\/07\/a0353.jpeg\",\"width\":720,\"height\":720},{\"@type\":\"BreadcrumbList\",\"@id\":\"https:\/\/akuku.com.pl\/fr\/catalogue-de-produits\/amusement-et-education\/hochets-et-anneaux-de-dentition\/hochets-a-poussette\/hochet-a-poussette-grenouilles-a0353\/#breadcrumb\",\"itemListElement\":[{\"@type\":\"ListItem\",\"position\":1,\"name\":\"Strona g\u0142\u00f3wna\",\"item\":\"https:\/\/akuku.com.pl\/fr\/\"},{\"@type\":\"ListItem\",\"position\":2,\"name\":\"Boutique\",\"item\":\"https:\/\/akuku.com.pl\/wszystkie-produkty\/\"},{\"@type\":\"ListItem\",\"position\":3,\"name\":\"Hochet \u00e0 poussette, Grenouilles\"}]},{\"@type\":\"WebSite\",\"@id\":\"https:\/\/akuku.com.pl\/fr\/#website\",\"url\":\"https:\/\/akuku.com.pl\/fr\/\",\"name\":\"Akuku.com.pl\",\"description\":\"\",\"publisher\":{\"@id\":\"https:\/\/akuku.com.pl\/fr\/#organization\"},\"potentialAction\":[{\"@type\":\"SearchAction\",\"target\":{\"@type\":\"EntryPoint\",\"urlTemplate\":\"https:\/\/akuku.com.pl\/fr\/?s={search_term_string}\"},\"query-input\":{\"@type\":\"PropertyValueSpecification\",\"valueRequired\":true,\"valueName\":\"search_term_string\"}}],\"inLanguage\":\"fr-FR\"},{\"@type\":\"Organization\",\"@id\":\"https:\/\/akuku.com.pl\/fr\/#organization\",\"name\":\"Akuku.com.pl\",\"url\":\"https:\/\/akuku.com.pl\/fr\/\",\"logo\":{\"@type\":\"ImageObject\",\"inLanguage\":\"fr-FR\",\"@id\":\"https:\/\/akuku.com.pl\/fr\/#\/schema\/logo\/image\/\",\"url\":\"https:\/\/akuku.com.pl\/wp-content\/uploads\/2024\/04\/akuku-logo.svg\",\"contentUrl\":\"https:\/\/akuku.com.pl\/wp-content\/uploads\/2024\/04\/akuku-logo.svg\",\"width\":114,\"height\":50,\"caption\":\"Akuku.com.pl\"},\"image\":{\"@id\":\"https:\/\/akuku.com.pl\/fr\/#\/schema\/logo\/image\/\"},\"sameAs\":[\"https:\/\/www.facebook.com\/markaAKUKU\"]}]}<\/script>\n<!-- \/ Yoast SEO plugin. -->","yoast_head_json":{"title":"Hochet \u00e0 poussette, Grenouilles - Akuku","description":"Sprawd\u017a nasz produkt: Hochet \u00e0 poussette, Grenouilles. Produkty Akuku - odpowiednie dla mam i niemowl\u0105t!","robots":{"index":"index","follow":"follow","max-snippet":"max-snippet:-1","max-image-preview":"max-image-preview:large","max-video-preview":"max-video-preview:-1"},"canonical":"https:\/\/akuku.com.pl\/fr\/catalogue-de-produits\/amusement-et-education\/hochets-et-anneaux-de-dentition\/hochets-a-poussette\/hochet-a-poussette-grenouilles-a0353\/","og_locale":"fr_FR","og_type":"article","og_title":"Hochet \u00e0 poussette, Grenouilles - Akuku","og_description":"Sprawd\u017a nasz produkt: Hochet \u00e0 poussette, Grenouilles. Produkty Akuku - odpowiednie dla mam i niemowl\u0105t!","og_url":"https:\/\/akuku.com.pl\/fr\/catalogue-de-produits\/amusement-et-education\/hochets-et-anneaux-de-dentition\/hochets-a-poussette\/hochet-a-poussette-grenouilles-a0353\/","og_site_name":"Akuku","article_publisher":"https:\/\/www.facebook.com\/markaAKUKU","article_modified_time":"2024-07-29T19:51:33+00:00","og_image":[{"width":720,"height":720,"url":"https:\/\/akuku.com.pl\/wp-content\/uploads\/2024\/07\/a0353.jpeg","type":"image\/jpeg"}],"twitter_card":"summary_large_image","schema":{"@context":"https:\/\/schema.org","@graph":[{"@type":"WebPage","@id":"https:\/\/akuku.com.pl\/fr\/catalogue-de-produits\/amusement-et-education\/hochets-et-anneaux-de-dentition\/hochets-a-poussette\/hochet-a-poussette-grenouilles-a0353\/","url":"https:\/\/akuku.com.pl\/fr\/catalogue-de-produits\/amusement-et-education\/hochets-et-anneaux-de-dentition\/hochets-a-poussette\/hochet-a-poussette-grenouilles-a0353\/","name":"Hochet \u00e0 poussette, Grenouilles - Akuku","isPartOf":{"@id":"https:\/\/akuku.com.pl\/fr\/#website"},"primaryImageOfPage":{"@id":"https:\/\/akuku.com.pl\/fr\/catalogue-de-produits\/amusement-et-education\/hochets-et-anneaux-de-dentition\/hochets-a-poussette\/hochet-a-poussette-grenouilles-a0353\/#primaryimage"},"image":{"@id":"https:\/\/akuku.com.pl\/fr\/catalogue-de-produits\/amusement-et-education\/hochets-et-anneaux-de-dentition\/hochets-a-poussette\/hochet-a-poussette-grenouilles-a0353\/#primaryimage"},"thumbnailUrl":"https:\/\/akuku.com.pl\/wp-content\/uploads\/2024\/07\/a0353.jpeg","datePublished":"2024-07-04T21:48:02+00:00","dateModified":"2024-07-29T19:51:33+00:00","description":"Sprawd\u017a nasz produkt: Hochet \u00e0 poussette, Grenouilles. Produkty Akuku - odpowiednie dla mam i niemowl\u0105t!","breadcrumb":{"@id":"https:\/\/akuku.com.pl\/fr\/catalogue-de-produits\/amusement-et-education\/hochets-et-anneaux-de-dentition\/hochets-a-poussette\/hochet-a-poussette-grenouilles-a0353\/#breadcrumb"},"inLanguage":"fr-FR","potentialAction":[{"@type":"ReadAction","target":["https:\/\/akuku.com.pl\/fr\/catalogue-de-produits\/amusement-et-education\/hochets-et-anneaux-de-dentition\/hochets-a-poussette\/hochet-a-poussette-grenouilles-a0353\/"]}]},{"@type":"ImageObject","inLanguage":"fr-FR","@id":"https:\/\/akuku.com.pl\/fr\/catalogue-de-produits\/amusement-et-education\/hochets-et-anneaux-de-dentition\/hochets-a-poussette\/hochet-a-poussette-grenouilles-a0353\/#primaryimage","url":"https:\/\/akuku.com.pl\/wp-content\/uploads\/2024\/07\/a0353.jpeg","contentUrl":"https:\/\/akuku.com.pl\/wp-content\/uploads\/2024\/07\/a0353.jpeg","width":720,"height":720},{"@type":"BreadcrumbList","@id":"https:\/\/akuku.com.pl\/fr\/catalogue-de-produits\/amusement-et-education\/hochets-et-anneaux-de-dentition\/hochets-a-poussette\/hochet-a-poussette-grenouilles-a0353\/#breadcrumb","itemListElement":[{"@type":"ListItem","position":1,"name":"Strona g\u0142\u00f3wna","item":"https:\/\/akuku.com.pl\/fr\/"},{"@type":"ListItem","position":2,"name":"Boutique","item":"https:\/\/akuku.com.pl\/wszystkie-produkty\/"},{"@type":"ListItem","position":3,"name":"Hochet \u00e0 poussette, Grenouilles"}]},{"@type":"WebSite","@id":"https:\/\/akuku.com.pl\/fr\/#website","url":"https:\/\/akuku.com.pl\/fr\/","name":"Akuku.com.pl","description":"","publisher":{"@id":"https:\/\/akuku.com.pl\/fr\/#organization"},"potentialAction":[{"@type":"SearchAction","target":{"@type":"EntryPoint","urlTemplate":"https:\/\/akuku.com.pl\/fr\/?s={search_term_string}"},"query-input":{"@type":"PropertyValueSpecification","valueRequired":true,"valueName":"search_term_string"}}],"inLanguage":"fr-FR"},{"@type":"Organization","@id":"https:\/\/akuku.com.pl\/fr\/#organization","name":"Akuku.com.pl","url":"https:\/\/akuku.com.pl\/fr\/","logo":{"@type":"ImageObject","inLanguage":"fr-FR","@id":"https:\/\/akuku.com.pl\/fr\/#\/schema\/logo\/image\/","url":"https:\/\/akuku.com.pl\/wp-content\/uploads\/2024\/04\/akuku-logo.svg","contentUrl":"https:\/\/akuku.com.pl\/wp-content\/uploads\/2024\/04\/akuku-logo.svg","width":114,"height":50,"caption":"Akuku.com.pl"},"image":{"@id":"https:\/\/akuku.com.pl\/fr\/#\/schema\/logo\/image\/"},"sameAs":["https:\/\/www.facebook.com\/markaAKUKU"]}]}},"_links":{"self":[{"href":"https:\/\/akuku.com.pl\/fr\/wp-json\/wp\/v2\/product\/11077","targetHints":{"allow":["GET"]}}],"collection":[{"href":"https:\/\/akuku.com.pl\/fr\/wp-json\/wp\/v2\/product"}],"about":[{"href":"https:\/\/akuku.com.pl\/fr\/wp-json\/wp\/v2\/types\/product"}],"wp:featuredmedia":[{"embeddable":true,"href":"https:\/\/akuku.com.pl\/fr\/wp-json\/wp\/v2\/media\/11062"}],"wp:attachment":[{"href":"https:\/\/akuku.com.pl\/fr\/wp-json\/wp\/v2\/media?parent=11077"}],"wp:term":[{"taxonomy":"product_cat","embeddable":true,"href":"https:\/\/akuku.com.pl\/fr\/wp-json\/wp\/v2\/product_cat?post=11077"},{"taxonomy":"product_tag","embeddable":true,"href":"https:\/\/akuku.com.pl\/fr\/wp-json\/wp\/v2\/product_tag?post=11077"}],"curies":[{"name":"wp","href":"https:\/\/api.w.org\/{rel}","templated":true}]}}