{"id":10982,"date":"2024-07-04T23:47:11","date_gmt":"2024-07-04T21:47:11","guid":{"rendered":"https:\/\/wp.akuku.com.pl\/sklep\/non%20class\u00e9\/hochet-tortue-a0542\/"},"modified":"2024-07-29T21:51:38","modified_gmt":"2024-07-29T19:51:38","slug":"hochet-tortue-a0542","status":"publish","type":"product","link":"https:\/\/akuku.com.pl\/fr\/catalogue-de-produits\/amusement-et-education\/hochets-et-anneaux-de-dentition\/hochets\/hochet-tortue-a0542\/","title":{"rendered":"Hochet Tortue"},"content":{"rendered":"<div class=\"textWrap\">\n<p>\u00a0<\/p>\n<p>Hochet Tortue A0542<\/p>\n<p>Le hochet mod\u00e8le Tortue est destin\u00e9 \u00e0 de plus petits enfants. <br \/>Fabriqu\u00e9 avec de la mati\u00e8re premi\u00e8re sans danger pour la sant\u00e9 humaine, de plus, aucun d\u2019embout de ce produit n\u2019est pointu. <br \/>La forme appropri\u00e9e de cet hochet le rend confortable \u00e0 saisir et \u00e0 tenir par de toutes petites mains. <br \/>Sa surface sp\u00e9ciale stimule le sens du toucher du b\u00e9b\u00e9. <br \/>Le produit \u00e9veille la coordination visuelle et auditive du b\u00e9b\u00e9.<\/p>\n<p>Sans bisph\u00e9nol A (0% BPA).<\/p>\n<p>\u00a0<\/p>\n<p><img decoding=\"async\" alt=\"\" src=\"https:\/\/akuku.com.pl\/wp-content\/uploads\/2024\/09\/BPA-Free-logo-png_1.png\" \/><\/p>\n<\/div>\n","protected":false},"excerpt":{"rendered":"<p>\u00a0 Hochet Tortue A0542 Le hochet mod\u00e8le Tortue est destin\u00e9 \u00e0 de plus petits enfants. Fabriqu\u00e9 avec de la mati\u00e8re premi\u00e8re sans danger pour la sant\u00e9 humaine, de plus, aucun d\u2019embout de ce produit n\u2019est pointu. La forme appropri\u00e9e de cet hochet le rend confortable \u00e0 saisir et \u00e0 tenir par de toutes petites mains. [&hellip;]<\/p>\n","protected":false},"featured_media":10979,"template":"","meta":[],"product_cat":[3474,3492],"product_tag":[],"class_list":{"0":"post-10982","1":"product","2":"type-product","3":"status-publish","4":"has-post-thumbnail","6":"product_cat-amusement-et-education","7":"product_cat-hochets","9":"first","10":"instock","11":"shipping-taxable","12":"product-type-simple"},"yoast_head":"<!-- This site is optimized with the Yoast SEO plugin v26.2 - https:\/\/yoast.com\/wordpress\/plugins\/seo\/ -->\n<title>Hochet Tortue - Akuku<\/title>\n<meta name=\"description\" content=\"Sprawd\u017a nasz produkt: Hochet Tortue. Produkty Akuku - odpowiednie dla mam i niemowl\u0105t!\" \/>\n<meta name=\"robots\" content=\"index, follow, max-snippet:-1, max-image-preview:large, max-video-preview:-1\" \/>\n<link rel=\"canonical\" href=\"https:\/\/akuku.com.pl\/fr\/catalogue-de-produits\/amusement-et-education\/hochets-et-anneaux-de-dentition\/hochets\/hochet-tortue-a0542\/\" \/>\n<meta property=\"og:locale\" content=\"fr_FR\" \/>\n<meta property=\"og:type\" content=\"article\" \/>\n<meta property=\"og:title\" content=\"Hochet Tortue - Akuku\" \/>\n<meta property=\"og:description\" content=\"Sprawd\u017a nasz produkt: Hochet Tortue. Produkty Akuku - odpowiednie dla mam i niemowl\u0105t!\" \/>\n<meta property=\"og:url\" content=\"https:\/\/akuku.com.pl\/fr\/catalogue-de-produits\/amusement-et-education\/hochets-et-anneaux-de-dentition\/hochets\/hochet-tortue-a0542\/\" \/>\n<meta property=\"og:site_name\" content=\"Akuku\" \/>\n<meta property=\"article:publisher\" content=\"https:\/\/www.facebook.com\/markaAKUKU\" \/>\n<meta property=\"article:modified_time\" content=\"2024-07-29T19:51:38+00:00\" \/>\n<meta property=\"og:image\" content=\"https:\/\/akuku.com.pl\/wp-content\/uploads\/2024\/07\/A0542_2_grzechotka-1.jpg\" \/>\n\t<meta property=\"og:image:width\" content=\"1200\" \/>\n\t<meta property=\"og:image:height\" content=\"1200\" \/>\n\t<meta property=\"og:image:type\" content=\"image\/jpeg\" \/>\n<meta name=\"twitter:card\" content=\"summary_large_image\" \/>\n<script type=\"application\/ld+json\" class=\"yoast-schema-graph\">{\"@context\":\"https:\/\/schema.org\",\"@graph\":[{\"@type\":\"WebPage\",\"@id\":\"https:\/\/akuku.com.pl\/fr\/catalogue-de-produits\/amusement-et-education\/hochets-et-anneaux-de-dentition\/hochets\/hochet-tortue-a0542\/\",\"url\":\"https:\/\/akuku.com.pl\/fr\/catalogue-de-produits\/amusement-et-education\/hochets-et-anneaux-de-dentition\/hochets\/hochet-tortue-a0542\/\",\"name\":\"Hochet Tortue - Akuku\",\"isPartOf\":{\"@id\":\"https:\/\/akuku.com.pl\/fr\/#website\"},\"primaryImageOfPage\":{\"@id\":\"https:\/\/akuku.com.pl\/fr\/catalogue-de-produits\/amusement-et-education\/hochets-et-anneaux-de-dentition\/hochets\/hochet-tortue-a0542\/#primaryimage\"},\"image\":{\"@id\":\"https:\/\/akuku.com.pl\/fr\/catalogue-de-produits\/amusement-et-education\/hochets-et-anneaux-de-dentition\/hochets\/hochet-tortue-a0542\/#primaryimage\"},\"thumbnailUrl\":\"https:\/\/akuku.com.pl\/wp-content\/uploads\/2024\/07\/A0542_2_grzechotka-1.jpg\",\"datePublished\":\"2024-07-04T21:47:11+00:00\",\"dateModified\":\"2024-07-29T19:51:38+00:00\",\"description\":\"Sprawd\u017a nasz produkt: Hochet Tortue. Produkty Akuku - odpowiednie dla mam i niemowl\u0105t!\",\"breadcrumb\":{\"@id\":\"https:\/\/akuku.com.pl\/fr\/catalogue-de-produits\/amusement-et-education\/hochets-et-anneaux-de-dentition\/hochets\/hochet-tortue-a0542\/#breadcrumb\"},\"inLanguage\":\"fr-FR\",\"potentialAction\":[{\"@type\":\"ReadAction\",\"target\":[\"https:\/\/akuku.com.pl\/fr\/catalogue-de-produits\/amusement-et-education\/hochets-et-anneaux-de-dentition\/hochets\/hochet-tortue-a0542\/\"]}]},{\"@type\":\"ImageObject\",\"inLanguage\":\"fr-FR\",\"@id\":\"https:\/\/akuku.com.pl\/fr\/catalogue-de-produits\/amusement-et-education\/hochets-et-anneaux-de-dentition\/hochets\/hochet-tortue-a0542\/#primaryimage\",\"url\":\"https:\/\/akuku.com.pl\/wp-content\/uploads\/2024\/07\/A0542_2_grzechotka-1.jpg\",\"contentUrl\":\"https:\/\/akuku.com.pl\/wp-content\/uploads\/2024\/07\/A0542_2_grzechotka-1.jpg\",\"width\":1200,\"height\":1200,\"caption\":\"Hochet Tortue A0542\"},{\"@type\":\"BreadcrumbList\",\"@id\":\"https:\/\/akuku.com.pl\/fr\/catalogue-de-produits\/amusement-et-education\/hochets-et-anneaux-de-dentition\/hochets\/hochet-tortue-a0542\/#breadcrumb\",\"itemListElement\":[{\"@type\":\"ListItem\",\"position\":1,\"name\":\"Strona g\u0142\u00f3wna\",\"item\":\"https:\/\/akuku.com.pl\/fr\/\"},{\"@type\":\"ListItem\",\"position\":2,\"name\":\"Boutique\",\"item\":\"https:\/\/akuku.com.pl\/wszystkie-produkty\/\"},{\"@type\":\"ListItem\",\"position\":3,\"name\":\"Hochet Tortue\"}]},{\"@type\":\"WebSite\",\"@id\":\"https:\/\/akuku.com.pl\/fr\/#website\",\"url\":\"https:\/\/akuku.com.pl\/fr\/\",\"name\":\"Akuku.com.pl\",\"description\":\"\",\"publisher\":{\"@id\":\"https:\/\/akuku.com.pl\/fr\/#organization\"},\"potentialAction\":[{\"@type\":\"SearchAction\",\"target\":{\"@type\":\"EntryPoint\",\"urlTemplate\":\"https:\/\/akuku.com.pl\/fr\/?s={search_term_string}\"},\"query-input\":{\"@type\":\"PropertyValueSpecification\",\"valueRequired\":true,\"valueName\":\"search_term_string\"}}],\"inLanguage\":\"fr-FR\"},{\"@type\":\"Organization\",\"@id\":\"https:\/\/akuku.com.pl\/fr\/#organization\",\"name\":\"Akuku.com.pl\",\"url\":\"https:\/\/akuku.com.pl\/fr\/\",\"logo\":{\"@type\":\"ImageObject\",\"inLanguage\":\"fr-FR\",\"@id\":\"https:\/\/akuku.com.pl\/fr\/#\/schema\/logo\/image\/\",\"url\":\"https:\/\/akuku.com.pl\/wp-content\/uploads\/2024\/04\/akuku-logo.svg\",\"contentUrl\":\"https:\/\/akuku.com.pl\/wp-content\/uploads\/2024\/04\/akuku-logo.svg\",\"width\":114,\"height\":50,\"caption\":\"Akuku.com.pl\"},\"image\":{\"@id\":\"https:\/\/akuku.com.pl\/fr\/#\/schema\/logo\/image\/\"},\"sameAs\":[\"https:\/\/www.facebook.com\/markaAKUKU\"]}]}<\/script>\n<!-- \/ Yoast SEO plugin. -->","yoast_head_json":{"title":"Hochet Tortue - Akuku","description":"Sprawd\u017a nasz produkt: Hochet Tortue. Produkty Akuku - odpowiednie dla mam i niemowl\u0105t!","robots":{"index":"index","follow":"follow","max-snippet":"max-snippet:-1","max-image-preview":"max-image-preview:large","max-video-preview":"max-video-preview:-1"},"canonical":"https:\/\/akuku.com.pl\/fr\/catalogue-de-produits\/amusement-et-education\/hochets-et-anneaux-de-dentition\/hochets\/hochet-tortue-a0542\/","og_locale":"fr_FR","og_type":"article","og_title":"Hochet Tortue - Akuku","og_description":"Sprawd\u017a nasz produkt: Hochet Tortue. Produkty Akuku - odpowiednie dla mam i niemowl\u0105t!","og_url":"https:\/\/akuku.com.pl\/fr\/catalogue-de-produits\/amusement-et-education\/hochets-et-anneaux-de-dentition\/hochets\/hochet-tortue-a0542\/","og_site_name":"Akuku","article_publisher":"https:\/\/www.facebook.com\/markaAKUKU","article_modified_time":"2024-07-29T19:51:38+00:00","og_image":[{"width":1200,"height":1200,"url":"https:\/\/akuku.com.pl\/wp-content\/uploads\/2024\/07\/A0542_2_grzechotka-1.jpg","type":"image\/jpeg"}],"twitter_card":"summary_large_image","schema":{"@context":"https:\/\/schema.org","@graph":[{"@type":"WebPage","@id":"https:\/\/akuku.com.pl\/fr\/catalogue-de-produits\/amusement-et-education\/hochets-et-anneaux-de-dentition\/hochets\/hochet-tortue-a0542\/","url":"https:\/\/akuku.com.pl\/fr\/catalogue-de-produits\/amusement-et-education\/hochets-et-anneaux-de-dentition\/hochets\/hochet-tortue-a0542\/","name":"Hochet Tortue - Akuku","isPartOf":{"@id":"https:\/\/akuku.com.pl\/fr\/#website"},"primaryImageOfPage":{"@id":"https:\/\/akuku.com.pl\/fr\/catalogue-de-produits\/amusement-et-education\/hochets-et-anneaux-de-dentition\/hochets\/hochet-tortue-a0542\/#primaryimage"},"image":{"@id":"https:\/\/akuku.com.pl\/fr\/catalogue-de-produits\/amusement-et-education\/hochets-et-anneaux-de-dentition\/hochets\/hochet-tortue-a0542\/#primaryimage"},"thumbnailUrl":"https:\/\/akuku.com.pl\/wp-content\/uploads\/2024\/07\/A0542_2_grzechotka-1.jpg","datePublished":"2024-07-04T21:47:11+00:00","dateModified":"2024-07-29T19:51:38+00:00","description":"Sprawd\u017a nasz produkt: Hochet Tortue. Produkty Akuku - odpowiednie dla mam i niemowl\u0105t!","breadcrumb":{"@id":"https:\/\/akuku.com.pl\/fr\/catalogue-de-produits\/amusement-et-education\/hochets-et-anneaux-de-dentition\/hochets\/hochet-tortue-a0542\/#breadcrumb"},"inLanguage":"fr-FR","potentialAction":[{"@type":"ReadAction","target":["https:\/\/akuku.com.pl\/fr\/catalogue-de-produits\/amusement-et-education\/hochets-et-anneaux-de-dentition\/hochets\/hochet-tortue-a0542\/"]}]},{"@type":"ImageObject","inLanguage":"fr-FR","@id":"https:\/\/akuku.com.pl\/fr\/catalogue-de-produits\/amusement-et-education\/hochets-et-anneaux-de-dentition\/hochets\/hochet-tortue-a0542\/#primaryimage","url":"https:\/\/akuku.com.pl\/wp-content\/uploads\/2024\/07\/A0542_2_grzechotka-1.jpg","contentUrl":"https:\/\/akuku.com.pl\/wp-content\/uploads\/2024\/07\/A0542_2_grzechotka-1.jpg","width":1200,"height":1200,"caption":"Hochet Tortue A0542"},{"@type":"BreadcrumbList","@id":"https:\/\/akuku.com.pl\/fr\/catalogue-de-produits\/amusement-et-education\/hochets-et-anneaux-de-dentition\/hochets\/hochet-tortue-a0542\/#breadcrumb","itemListElement":[{"@type":"ListItem","position":1,"name":"Strona g\u0142\u00f3wna","item":"https:\/\/akuku.com.pl\/fr\/"},{"@type":"ListItem","position":2,"name":"Boutique","item":"https:\/\/akuku.com.pl\/wszystkie-produkty\/"},{"@type":"ListItem","position":3,"name":"Hochet Tortue"}]},{"@type":"WebSite","@id":"https:\/\/akuku.com.pl\/fr\/#website","url":"https:\/\/akuku.com.pl\/fr\/","name":"Akuku.com.pl","description":"","publisher":{"@id":"https:\/\/akuku.com.pl\/fr\/#organization"},"potentialAction":[{"@type":"SearchAction","target":{"@type":"EntryPoint","urlTemplate":"https:\/\/akuku.com.pl\/fr\/?s={search_term_string}"},"query-input":{"@type":"PropertyValueSpecification","valueRequired":true,"valueName":"search_term_string"}}],"inLanguage":"fr-FR"},{"@type":"Organization","@id":"https:\/\/akuku.com.pl\/fr\/#organization","name":"Akuku.com.pl","url":"https:\/\/akuku.com.pl\/fr\/","logo":{"@type":"ImageObject","inLanguage":"fr-FR","@id":"https:\/\/akuku.com.pl\/fr\/#\/schema\/logo\/image\/","url":"https:\/\/akuku.com.pl\/wp-content\/uploads\/2024\/04\/akuku-logo.svg","contentUrl":"https:\/\/akuku.com.pl\/wp-content\/uploads\/2024\/04\/akuku-logo.svg","width":114,"height":50,"caption":"Akuku.com.pl"},"image":{"@id":"https:\/\/akuku.com.pl\/fr\/#\/schema\/logo\/image\/"},"sameAs":["https:\/\/www.facebook.com\/markaAKUKU"]}]}},"_links":{"self":[{"href":"https:\/\/akuku.com.pl\/fr\/wp-json\/wp\/v2\/product\/10982","targetHints":{"allow":["GET"]}}],"collection":[{"href":"https:\/\/akuku.com.pl\/fr\/wp-json\/wp\/v2\/product"}],"about":[{"href":"https:\/\/akuku.com.pl\/fr\/wp-json\/wp\/v2\/types\/product"}],"wp:featuredmedia":[{"embeddable":true,"href":"https:\/\/akuku.com.pl\/fr\/wp-json\/wp\/v2\/media\/10979"}],"wp:attachment":[{"href":"https:\/\/akuku.com.pl\/fr\/wp-json\/wp\/v2\/media?parent=10982"}],"wp:term":[{"taxonomy":"product_cat","embeddable":true,"href":"https:\/\/akuku.com.pl\/fr\/wp-json\/wp\/v2\/product_cat?post=10982"},{"taxonomy":"product_tag","embeddable":true,"href":"https:\/\/akuku.com.pl\/fr\/wp-json\/wp\/v2\/product_tag?post=10982"}],"curies":[{"name":"wp","href":"https:\/\/api.w.org\/{rel}","templated":true}]}}