{"id":10781,"date":"2024-07-04T23:45:23","date_gmt":"2024-07-04T21:45:23","guid":{"rendered":"https:\/\/wp.akuku.com.pl\/sklep\/non%20class\u00e9\/anneau-de-dentition-en-silicone-panda-a0055\/"},"modified":"2024-07-29T21:51:48","modified_gmt":"2024-07-29T19:51:48","slug":"anneau-de-dentition-en-silicone-panda-a0055","status":"publish","type":"product","link":"https:\/\/akuku.com.pl\/fr\/catalogue-de-produits\/amusement-et-education\/hochets-et-anneaux-de-dentition\/anneaux-a-dentition-a-leau\/anneau-de-dentition-en-silicone-panda-a0055\/","title":{"rendered":"Anneau de dentition en silicone, Panda"},"content":{"rendered":"<div class=\"textWrap\">\n<p>Anneau de dentition en silicone, Panda A0055<\/p>\n<p>Un anneau de dentition en silicone souple en forme de Panda pour les plus jeunes enfants qui font leurs dents. <br \/>Un embout sp\u00e9cial profil\u00e9, masse les gencives d\u00e9licates et soulage la douleur. <br \/>Sa forme et sa taille permettent de le prendre en main par les plus petits enfants. <br \/>Ce produit peut \u00eatre remis au r\u00e9frig\u00e9rateur, ainsi il pourrait soulager des endroits douloureux. <br \/>L\u2019ouverture permet de l\u2019accrochet contre un ruban d\u2019attache. <br \/>Avant la premi\u00e8re et toute autre utilisation cons\u00e9cutive, lavez l&rsquo;anneau de dentition avec une brosse et un savon doux \u00e0 l&rsquo;eau ti\u00e8de, puis rincez et s\u00e9chez-le. <br \/>Ne jamais le faire bouillir, ne pas st\u00e9riliser, ne pas verser d&rsquo;eau bouillante dessus !!! Le produit doit \u00eatre v\u00e9rifi\u00e9 avant chaque remise \u00e0 un enfant. <br \/>D\u00e8s les premiers signes de d\u00e9t\u00e9rioration ou d&rsquo;usure, jetez-le! Le produit sans bisph\u00e9nol A (0% BPA).<\/p>\n<p><img decoding=\"async\" alt=\"\" src=\"https:\/\/akuku.com.pl\/wp-content\/uploads\/2024\/09\/BPA-Free-logo-png_1.png\" style=\"text-align: justify;font-size: 12.16px\" \/><\/p>\n<\/div>\n","protected":false},"excerpt":{"rendered":"<p>Anneau de dentition en silicone, Panda A0055 Un anneau de dentition en silicone souple en forme de Panda pour les plus jeunes enfants qui font leurs dents. Un embout sp\u00e9cial profil\u00e9, masse les gencives d\u00e9licates et soulage la douleur. Sa forme et sa taille permettent de le prendre en main par les plus petits enfants. [&hellip;]<\/p>\n","protected":false},"featured_media":10778,"template":"","meta":[],"product_cat":[3474,3486],"product_tag":[],"class_list":{"0":"post-10781","1":"product","2":"type-product","3":"status-publish","4":"has-post-thumbnail","6":"product_cat-amusement-et-education","7":"product_cat-anneaux-a-dentition-a-leau","9":"first","10":"instock","11":"shipping-taxable","12":"product-type-simple"},"yoast_head":"<!-- This site is optimized with the Yoast SEO plugin v26.2 - https:\/\/yoast.com\/wordpress\/plugins\/seo\/ -->\n<title>Anneau de dentition en silicone, Panda - Akuku<\/title>\n<meta name=\"description\" content=\"Sprawd\u017a nasz produkt: Anneau de dentition en silicone, Panda. Produkty Akuku - odpowiednie dla mam i niemowl\u0105t!\" \/>\n<meta name=\"robots\" content=\"index, follow, max-snippet:-1, max-image-preview:large, max-video-preview:-1\" \/>\n<link rel=\"canonical\" href=\"https:\/\/akuku.com.pl\/fr\/catalogue-de-produits\/amusement-et-education\/hochets-et-anneaux-de-dentition\/anneaux-a-dentition-a-leau\/anneau-de-dentition-en-silicone-panda-a0055\/\" \/>\n<meta property=\"og:locale\" content=\"fr_FR\" \/>\n<meta property=\"og:type\" content=\"article\" \/>\n<meta property=\"og:title\" content=\"Anneau de dentition en silicone, Panda - Akuku\" \/>\n<meta property=\"og:description\" content=\"Sprawd\u017a nasz produkt: Anneau de dentition en silicone, Panda. Produkty Akuku - odpowiednie dla mam i niemowl\u0105t!\" \/>\n<meta property=\"og:url\" content=\"https:\/\/akuku.com.pl\/fr\/catalogue-de-produits\/amusement-et-education\/hochets-et-anneaux-de-dentition\/anneaux-a-dentition-a-leau\/anneau-de-dentition-en-silicone-panda-a0055\/\" \/>\n<meta property=\"og:site_name\" content=\"Akuku\" \/>\n<meta property=\"article:publisher\" content=\"https:\/\/www.facebook.com\/markaAKUKU\" \/>\n<meta property=\"article:modified_time\" content=\"2024-07-29T19:51:48+00:00\" \/>\n<meta property=\"og:image\" content=\"https:\/\/akuku.com.pl\/wp-content\/uploads\/2024\/07\/A0055_1-1.jpg\" \/>\n\t<meta property=\"og:image:width\" content=\"1500\" \/>\n\t<meta property=\"og:image:height\" content=\"1500\" \/>\n\t<meta property=\"og:image:type\" content=\"image\/jpeg\" \/>\n<meta name=\"twitter:card\" content=\"summary_large_image\" \/>\n<meta name=\"twitter:label1\" content=\"Dur\u00e9e de lecture estim\u00e9e\" \/>\n\t<meta name=\"twitter:data1\" content=\"1 minute\" \/>\n<script type=\"application\/ld+json\" class=\"yoast-schema-graph\">{\"@context\":\"https:\/\/schema.org\",\"@graph\":[{\"@type\":\"WebPage\",\"@id\":\"https:\/\/akuku.com.pl\/fr\/catalogue-de-produits\/amusement-et-education\/hochets-et-anneaux-de-dentition\/anneaux-a-dentition-a-leau\/anneau-de-dentition-en-silicone-panda-a0055\/\",\"url\":\"https:\/\/akuku.com.pl\/fr\/catalogue-de-produits\/amusement-et-education\/hochets-et-anneaux-de-dentition\/anneaux-a-dentition-a-leau\/anneau-de-dentition-en-silicone-panda-a0055\/\",\"name\":\"Anneau de dentition en silicone, Panda - Akuku\",\"isPartOf\":{\"@id\":\"https:\/\/akuku.com.pl\/fr\/#website\"},\"primaryImageOfPage\":{\"@id\":\"https:\/\/akuku.com.pl\/fr\/catalogue-de-produits\/amusement-et-education\/hochets-et-anneaux-de-dentition\/anneaux-a-dentition-a-leau\/anneau-de-dentition-en-silicone-panda-a0055\/#primaryimage\"},\"image\":{\"@id\":\"https:\/\/akuku.com.pl\/fr\/catalogue-de-produits\/amusement-et-education\/hochets-et-anneaux-de-dentition\/anneaux-a-dentition-a-leau\/anneau-de-dentition-en-silicone-panda-a0055\/#primaryimage\"},\"thumbnailUrl\":\"https:\/\/akuku.com.pl\/wp-content\/uploads\/2024\/07\/A0055_1-1.jpg\",\"datePublished\":\"2024-07-04T21:45:23+00:00\",\"dateModified\":\"2024-07-29T19:51:48+00:00\",\"description\":\"Sprawd\u017a nasz produkt: Anneau de dentition en silicone, Panda. Produkty Akuku - odpowiednie dla mam i niemowl\u0105t!\",\"breadcrumb\":{\"@id\":\"https:\/\/akuku.com.pl\/fr\/catalogue-de-produits\/amusement-et-education\/hochets-et-anneaux-de-dentition\/anneaux-a-dentition-a-leau\/anneau-de-dentition-en-silicone-panda-a0055\/#breadcrumb\"},\"inLanguage\":\"fr-FR\",\"potentialAction\":[{\"@type\":\"ReadAction\",\"target\":[\"https:\/\/akuku.com.pl\/fr\/catalogue-de-produits\/amusement-et-education\/hochets-et-anneaux-de-dentition\/anneaux-a-dentition-a-leau\/anneau-de-dentition-en-silicone-panda-a0055\/\"]}]},{\"@type\":\"ImageObject\",\"inLanguage\":\"fr-FR\",\"@id\":\"https:\/\/akuku.com.pl\/fr\/catalogue-de-produits\/amusement-et-education\/hochets-et-anneaux-de-dentition\/anneaux-a-dentition-a-leau\/anneau-de-dentition-en-silicone-panda-a0055\/#primaryimage\",\"url\":\"https:\/\/akuku.com.pl\/wp-content\/uploads\/2024\/07\/A0055_1-1.jpg\",\"contentUrl\":\"https:\/\/akuku.com.pl\/wp-content\/uploads\/2024\/07\/A0055_1-1.jpg\",\"width\":1500,\"height\":1500,\"caption\":\"Anneau de dentition en silicone, Panda A0055\"},{\"@type\":\"BreadcrumbList\",\"@id\":\"https:\/\/akuku.com.pl\/fr\/catalogue-de-produits\/amusement-et-education\/hochets-et-anneaux-de-dentition\/anneaux-a-dentition-a-leau\/anneau-de-dentition-en-silicone-panda-a0055\/#breadcrumb\",\"itemListElement\":[{\"@type\":\"ListItem\",\"position\":1,\"name\":\"Strona g\u0142\u00f3wna\",\"item\":\"https:\/\/akuku.com.pl\/fr\/\"},{\"@type\":\"ListItem\",\"position\":2,\"name\":\"Boutique\",\"item\":\"https:\/\/akuku.com.pl\/wszystkie-produkty\/\"},{\"@type\":\"ListItem\",\"position\":3,\"name\":\"Anneau de dentition en silicone, Panda\"}]},{\"@type\":\"WebSite\",\"@id\":\"https:\/\/akuku.com.pl\/fr\/#website\",\"url\":\"https:\/\/akuku.com.pl\/fr\/\",\"name\":\"Akuku.com.pl\",\"description\":\"\",\"publisher\":{\"@id\":\"https:\/\/akuku.com.pl\/fr\/#organization\"},\"potentialAction\":[{\"@type\":\"SearchAction\",\"target\":{\"@type\":\"EntryPoint\",\"urlTemplate\":\"https:\/\/akuku.com.pl\/fr\/?s={search_term_string}\"},\"query-input\":{\"@type\":\"PropertyValueSpecification\",\"valueRequired\":true,\"valueName\":\"search_term_string\"}}],\"inLanguage\":\"fr-FR\"},{\"@type\":\"Organization\",\"@id\":\"https:\/\/akuku.com.pl\/fr\/#organization\",\"name\":\"Akuku.com.pl\",\"url\":\"https:\/\/akuku.com.pl\/fr\/\",\"logo\":{\"@type\":\"ImageObject\",\"inLanguage\":\"fr-FR\",\"@id\":\"https:\/\/akuku.com.pl\/fr\/#\/schema\/logo\/image\/\",\"url\":\"https:\/\/akuku.com.pl\/wp-content\/uploads\/2024\/04\/akuku-logo.svg\",\"contentUrl\":\"https:\/\/akuku.com.pl\/wp-content\/uploads\/2024\/04\/akuku-logo.svg\",\"width\":114,\"height\":50,\"caption\":\"Akuku.com.pl\"},\"image\":{\"@id\":\"https:\/\/akuku.com.pl\/fr\/#\/schema\/logo\/image\/\"},\"sameAs\":[\"https:\/\/www.facebook.com\/markaAKUKU\"]}]}<\/script>\n<!-- \/ Yoast SEO plugin. -->","yoast_head_json":{"title":"Anneau de dentition en silicone, Panda - Akuku","description":"Sprawd\u017a nasz produkt: Anneau de dentition en silicone, Panda. Produkty Akuku - odpowiednie dla mam i niemowl\u0105t!","robots":{"index":"index","follow":"follow","max-snippet":"max-snippet:-1","max-image-preview":"max-image-preview:large","max-video-preview":"max-video-preview:-1"},"canonical":"https:\/\/akuku.com.pl\/fr\/catalogue-de-produits\/amusement-et-education\/hochets-et-anneaux-de-dentition\/anneaux-a-dentition-a-leau\/anneau-de-dentition-en-silicone-panda-a0055\/","og_locale":"fr_FR","og_type":"article","og_title":"Anneau de dentition en silicone, Panda - Akuku","og_description":"Sprawd\u017a nasz produkt: Anneau de dentition en silicone, Panda. Produkty Akuku - odpowiednie dla mam i niemowl\u0105t!","og_url":"https:\/\/akuku.com.pl\/fr\/catalogue-de-produits\/amusement-et-education\/hochets-et-anneaux-de-dentition\/anneaux-a-dentition-a-leau\/anneau-de-dentition-en-silicone-panda-a0055\/","og_site_name":"Akuku","article_publisher":"https:\/\/www.facebook.com\/markaAKUKU","article_modified_time":"2024-07-29T19:51:48+00:00","og_image":[{"width":1500,"height":1500,"url":"https:\/\/akuku.com.pl\/wp-content\/uploads\/2024\/07\/A0055_1-1.jpg","type":"image\/jpeg"}],"twitter_card":"summary_large_image","twitter_misc":{"Dur\u00e9e de lecture estim\u00e9e":"1 minute"},"schema":{"@context":"https:\/\/schema.org","@graph":[{"@type":"WebPage","@id":"https:\/\/akuku.com.pl\/fr\/catalogue-de-produits\/amusement-et-education\/hochets-et-anneaux-de-dentition\/anneaux-a-dentition-a-leau\/anneau-de-dentition-en-silicone-panda-a0055\/","url":"https:\/\/akuku.com.pl\/fr\/catalogue-de-produits\/amusement-et-education\/hochets-et-anneaux-de-dentition\/anneaux-a-dentition-a-leau\/anneau-de-dentition-en-silicone-panda-a0055\/","name":"Anneau de dentition en silicone, Panda - Akuku","isPartOf":{"@id":"https:\/\/akuku.com.pl\/fr\/#website"},"primaryImageOfPage":{"@id":"https:\/\/akuku.com.pl\/fr\/catalogue-de-produits\/amusement-et-education\/hochets-et-anneaux-de-dentition\/anneaux-a-dentition-a-leau\/anneau-de-dentition-en-silicone-panda-a0055\/#primaryimage"},"image":{"@id":"https:\/\/akuku.com.pl\/fr\/catalogue-de-produits\/amusement-et-education\/hochets-et-anneaux-de-dentition\/anneaux-a-dentition-a-leau\/anneau-de-dentition-en-silicone-panda-a0055\/#primaryimage"},"thumbnailUrl":"https:\/\/akuku.com.pl\/wp-content\/uploads\/2024\/07\/A0055_1-1.jpg","datePublished":"2024-07-04T21:45:23+00:00","dateModified":"2024-07-29T19:51:48+00:00","description":"Sprawd\u017a nasz produkt: Anneau de dentition en silicone, Panda. Produkty Akuku - odpowiednie dla mam i niemowl\u0105t!","breadcrumb":{"@id":"https:\/\/akuku.com.pl\/fr\/catalogue-de-produits\/amusement-et-education\/hochets-et-anneaux-de-dentition\/anneaux-a-dentition-a-leau\/anneau-de-dentition-en-silicone-panda-a0055\/#breadcrumb"},"inLanguage":"fr-FR","potentialAction":[{"@type":"ReadAction","target":["https:\/\/akuku.com.pl\/fr\/catalogue-de-produits\/amusement-et-education\/hochets-et-anneaux-de-dentition\/anneaux-a-dentition-a-leau\/anneau-de-dentition-en-silicone-panda-a0055\/"]}]},{"@type":"ImageObject","inLanguage":"fr-FR","@id":"https:\/\/akuku.com.pl\/fr\/catalogue-de-produits\/amusement-et-education\/hochets-et-anneaux-de-dentition\/anneaux-a-dentition-a-leau\/anneau-de-dentition-en-silicone-panda-a0055\/#primaryimage","url":"https:\/\/akuku.com.pl\/wp-content\/uploads\/2024\/07\/A0055_1-1.jpg","contentUrl":"https:\/\/akuku.com.pl\/wp-content\/uploads\/2024\/07\/A0055_1-1.jpg","width":1500,"height":1500,"caption":"Anneau de dentition en silicone, Panda A0055"},{"@type":"BreadcrumbList","@id":"https:\/\/akuku.com.pl\/fr\/catalogue-de-produits\/amusement-et-education\/hochets-et-anneaux-de-dentition\/anneaux-a-dentition-a-leau\/anneau-de-dentition-en-silicone-panda-a0055\/#breadcrumb","itemListElement":[{"@type":"ListItem","position":1,"name":"Strona g\u0142\u00f3wna","item":"https:\/\/akuku.com.pl\/fr\/"},{"@type":"ListItem","position":2,"name":"Boutique","item":"https:\/\/akuku.com.pl\/wszystkie-produkty\/"},{"@type":"ListItem","position":3,"name":"Anneau de dentition en silicone, Panda"}]},{"@type":"WebSite","@id":"https:\/\/akuku.com.pl\/fr\/#website","url":"https:\/\/akuku.com.pl\/fr\/","name":"Akuku.com.pl","description":"","publisher":{"@id":"https:\/\/akuku.com.pl\/fr\/#organization"},"potentialAction":[{"@type":"SearchAction","target":{"@type":"EntryPoint","urlTemplate":"https:\/\/akuku.com.pl\/fr\/?s={search_term_string}"},"query-input":{"@type":"PropertyValueSpecification","valueRequired":true,"valueName":"search_term_string"}}],"inLanguage":"fr-FR"},{"@type":"Organization","@id":"https:\/\/akuku.com.pl\/fr\/#organization","name":"Akuku.com.pl","url":"https:\/\/akuku.com.pl\/fr\/","logo":{"@type":"ImageObject","inLanguage":"fr-FR","@id":"https:\/\/akuku.com.pl\/fr\/#\/schema\/logo\/image\/","url":"https:\/\/akuku.com.pl\/wp-content\/uploads\/2024\/04\/akuku-logo.svg","contentUrl":"https:\/\/akuku.com.pl\/wp-content\/uploads\/2024\/04\/akuku-logo.svg","width":114,"height":50,"caption":"Akuku.com.pl"},"image":{"@id":"https:\/\/akuku.com.pl\/fr\/#\/schema\/logo\/image\/"},"sameAs":["https:\/\/www.facebook.com\/markaAKUKU"]}]}},"_links":{"self":[{"href":"https:\/\/akuku.com.pl\/fr\/wp-json\/wp\/v2\/product\/10781","targetHints":{"allow":["GET"]}}],"collection":[{"href":"https:\/\/akuku.com.pl\/fr\/wp-json\/wp\/v2\/product"}],"about":[{"href":"https:\/\/akuku.com.pl\/fr\/wp-json\/wp\/v2\/types\/product"}],"wp:featuredmedia":[{"embeddable":true,"href":"https:\/\/akuku.com.pl\/fr\/wp-json\/wp\/v2\/media\/10778"}],"wp:attachment":[{"href":"https:\/\/akuku.com.pl\/fr\/wp-json\/wp\/v2\/media?parent=10781"}],"wp:term":[{"taxonomy":"product_cat","embeddable":true,"href":"https:\/\/akuku.com.pl\/fr\/wp-json\/wp\/v2\/product_cat?post=10781"},{"taxonomy":"product_tag","embeddable":true,"href":"https:\/\/akuku.com.pl\/fr\/wp-json\/wp\/v2\/product_tag?post=10781"}],"curies":[{"name":"wp","href":"https:\/\/api.w.org\/{rel}","templated":true}]}}