{"id":10759,"date":"2024-07-04T23:45:13","date_gmt":"2024-07-04T21:45:13","guid":{"rendered":"https:\/\/wp.akuku.com.pl\/sklep\/bez-kategorii\/gryzak-silikonowy-rozowy-slimak-a0115\/"},"modified":"2024-07-29T21:51:49","modified_gmt":"2024-07-29T19:51:49","slug":"gryzak-silikonowy-rozowy-slimak-a0115","status":"publish","type":"product","link":"https:\/\/akuku.com.pl\/fr\/katalog-produktow\/zabawa-i-edukacja\/grzechotki-i-gryzaki\/gryzaki-silikonowe\/gryzak-silikonowy-rozowy-slimak-a0115\/","title":{"rendered":"Gryzak silikonowy r\u00f3\u017cowy \u015blimak"},"content":{"rendered":"<p style=\"text-align: justify\">\u00a0<\/p>\n<p style=\"text-align: justify\">Mi\u0119kki silikonowy gryzak w kszta\u0142cie \u015blimaka, stworzyli\u015bmy dla najm\u0142odszych dzieci, kt\u00f3re z\u0105bkuj\u0105. Specjalnie wyprofilowana ko\u0144c\u00f3wka masuje delikatne dzi\u0105s\u0142a i \u0142agodzi b\u00f3l, \u00a0a kszta\u0142t i rozmiar pozwalaj\u0105 chwyci\u0107 go ma\u0142ymi r\u0105czkami.\u00a0<\/p>\n<p style=\"text-align: justify\">Gryzak pe\u0142ni r\u00f3wnie\u017c funkcj\u0119 szczoteczki do z\u0119b\u00f3w, a specjalnie zaprojektowany ogranicznik zapobiega zad\u0142awieniu. \u017bywa kolorystyka i kszta\u0142t zwierz\u0105tka na pewno zainteresuj\u0105 Maluszka.<\/p>\n<p style=\"text-align: justify\">Mo\u017cna go sch\u0142odzi\u0107 w lod\u00f3wce lub zamra\u017carce.<\/p>\n<p style=\"text-align: justify\">Przed pierwszym i kolejnym u\u017cyciem nale\u017cy my\u0107 gryzak szczoteczk\u0105 z \u0142agodnym \u015brodkiem myj\u0105cym w ciep\u0142ej wodzie, nast\u0119pnie wyp\u0142uka\u0107 i osuszy\u0107. Nie gotowa\u0107, nie sterylizowa\u0107, nie polewa\u0107 wrz\u0105tkiem!!! Wyr\u00f3b nale\u017cy sprawdza\u0107 przed ka\u017cdym podaniem dziecku. W przypadku pierwszych oznak zniszczenia lub zu\u017cycia \u2013 wyrzuci\u0107! Produkt ca\u0142kowicie wolny od bisfenolu A (0% BPA). Ostrze\u017cenie! Gryzak u\u017cywa\u0107 zawsze pod nadzorem osoby doros\u0142ej.<\/p>\n<p style=\"text-align: justify\">Wymiary gryzaka: 9,5 x 7 x 5 cm<\/p>\n<p style=\"text-align: justify\"><img decoding=\"async\" alt=\"\" src=\"https:\/\/ect.h2g.pl\/akuku\/images\/0m.png\" \/>\u00a0 \u00a0 \u00a0\u00a0<img decoding=\"async\" alt=\"\" src=\"https:\/\/akuku.com.pl\/wp-content\/uploads\/2024\/09\/BPA-Free-logo-png_1.png\" \/>\u00a0 \u00a0 \u00a0<img decoding=\"async\" alt=\"\" src=\"https:\/\/akuku.com.pl\/wp-content\/uploads\/2024\/09\/nie-do-uytku-w-mikrofali.jpg\" \/>\u00a0\u00a0<img decoding=\"async\" alt=\"\" src=\"https:\/\/ect.h2g.pl\/akuku\/images\/nie-do-uytku-w-zmywarce.jpg\" \/><\/p>\n","protected":false},"excerpt":{"rendered":"<p>\u00a0 Mi\u0119kki silikonowy gryzak w kszta\u0142cie \u015blimaka, stworzyli\u015bmy dla najm\u0142odszych dzieci, kt\u00f3re z\u0105bkuj\u0105. Specjalnie wyprofilowana ko\u0144c\u00f3wka masuje delikatne dzi\u0105s\u0142a i \u0142agodzi b\u00f3l, \u00a0a kszta\u0142t i rozmiar pozwalaj\u0105 chwyci\u0107 go ma\u0142ymi r\u0105czkami.\u00a0 Gryzak pe\u0142ni r\u00f3wnie\u017c funkcj\u0119 szczoteczki do z\u0119b\u00f3w, a specjalnie zaprojektowany ogranicznik zapobiega zad\u0142awieniu. \u017bywa kolorystyka i kszta\u0142t zwierz\u0105tka na pewno zainteresuj\u0105 Maluszka. Mo\u017cna go [&hellip;]<\/p>\n","protected":false},"featured_media":10732,"template":"","meta":[],"product_cat":[3472,3484],"product_tag":[],"class_list":{"0":"post-10759","1":"product","2":"type-product","3":"status-publish","4":"has-post-thumbnail","6":"product_cat-zabawa-i-edukacja","7":"product_cat-gryzaki-silikonowe","9":"first","10":"instock","11":"shipping-taxable","12":"product-type-simple"},"yoast_head":"<!-- This site is optimized with the Yoast SEO plugin v26.2 - https:\/\/yoast.com\/wordpress\/plugins\/seo\/ -->\n<title>Gryzak silikonowy r\u00f3\u017cowy \u015blimak - Akuku<\/title>\n<meta name=\"description\" content=\"Sprawd\u017a nasz produkt: Gryzak silikonowy r\u00f3\u017cowy \u015blimak. Produkty Akuku - odpowiednie dla mam i niemowl\u0105t!\" \/>\n<meta name=\"robots\" content=\"index, follow, max-snippet:-1, max-image-preview:large, max-video-preview:-1\" \/>\n<link rel=\"canonical\" href=\"https:\/\/akuku.com.pl\/fr\/katalog-produktow\/zabawa-i-edukacja\/grzechotki-i-gryzaki\/gryzaki-silikonowe\/gryzak-silikonowy-rozowy-slimak-a0115\/\" \/>\n<meta property=\"og:locale\" content=\"fr_FR\" \/>\n<meta property=\"og:type\" content=\"article\" \/>\n<meta property=\"og:title\" content=\"Gryzak silikonowy r\u00f3\u017cowy \u015blimak - Akuku\" \/>\n<meta property=\"og:description\" content=\"Sprawd\u017a nasz produkt: Gryzak silikonowy r\u00f3\u017cowy \u015blimak. Produkty Akuku - odpowiednie dla mam i niemowl\u0105t!\" \/>\n<meta property=\"og:url\" content=\"https:\/\/akuku.com.pl\/fr\/katalog-produktow\/zabawa-i-edukacja\/grzechotki-i-gryzaki\/gryzaki-silikonowe\/gryzak-silikonowy-rozowy-slimak-a0115\/\" \/>\n<meta property=\"og:site_name\" content=\"Akuku\" \/>\n<meta property=\"article:publisher\" content=\"https:\/\/www.facebook.com\/markaAKUKU\" \/>\n<meta property=\"article:modified_time\" content=\"2024-07-29T19:51:49+00:00\" \/>\n<meta property=\"og:image\" content=\"https:\/\/akuku.com.pl\/wp-content\/uploads\/2024\/07\/a0115-1-2.jpeg\" \/>\n\t<meta property=\"og:image:width\" content=\"720\" \/>\n\t<meta property=\"og:image:height\" content=\"720\" \/>\n\t<meta property=\"og:image:type\" content=\"image\/jpeg\" \/>\n<meta name=\"twitter:card\" content=\"summary_large_image\" \/>\n<meta name=\"twitter:label1\" content=\"Dur\u00e9e de lecture estim\u00e9e\" \/>\n\t<meta name=\"twitter:data1\" content=\"1 minute\" \/>\n<script type=\"application\/ld+json\" class=\"yoast-schema-graph\">{\"@context\":\"https:\/\/schema.org\",\"@graph\":[{\"@type\":\"WebPage\",\"@id\":\"https:\/\/akuku.com.pl\/fr\/katalog-produktow\/zabawa-i-edukacja\/grzechotki-i-gryzaki\/gryzaki-silikonowe\/gryzak-silikonowy-rozowy-slimak-a0115\/\",\"url\":\"https:\/\/akuku.com.pl\/fr\/katalog-produktow\/zabawa-i-edukacja\/grzechotki-i-gryzaki\/gryzaki-silikonowe\/gryzak-silikonowy-rozowy-slimak-a0115\/\",\"name\":\"Gryzak silikonowy r\u00f3\u017cowy \u015blimak - Akuku\",\"isPartOf\":{\"@id\":\"https:\/\/akuku.com.pl\/fr\/#website\"},\"primaryImageOfPage\":{\"@id\":\"https:\/\/akuku.com.pl\/fr\/katalog-produktow\/zabawa-i-edukacja\/grzechotki-i-gryzaki\/gryzaki-silikonowe\/gryzak-silikonowy-rozowy-slimak-a0115\/#primaryimage\"},\"image\":{\"@id\":\"https:\/\/akuku.com.pl\/fr\/katalog-produktow\/zabawa-i-edukacja\/grzechotki-i-gryzaki\/gryzaki-silikonowe\/gryzak-silikonowy-rozowy-slimak-a0115\/#primaryimage\"},\"thumbnailUrl\":\"https:\/\/akuku.com.pl\/wp-content\/uploads\/2024\/07\/a0115-1-2.jpeg\",\"datePublished\":\"2024-07-04T21:45:13+00:00\",\"dateModified\":\"2024-07-29T19:51:49+00:00\",\"description\":\"Sprawd\u017a nasz produkt: Gryzak silikonowy r\u00f3\u017cowy \u015blimak. Produkty Akuku - odpowiednie dla mam i niemowl\u0105t!\",\"breadcrumb\":{\"@id\":\"https:\/\/akuku.com.pl\/fr\/katalog-produktow\/zabawa-i-edukacja\/grzechotki-i-gryzaki\/gryzaki-silikonowe\/gryzak-silikonowy-rozowy-slimak-a0115\/#breadcrumb\"},\"inLanguage\":\"fr-FR\",\"potentialAction\":[{\"@type\":\"ReadAction\",\"target\":[\"https:\/\/akuku.com.pl\/fr\/katalog-produktow\/zabawa-i-edukacja\/grzechotki-i-gryzaki\/gryzaki-silikonowe\/gryzak-silikonowy-rozowy-slimak-a0115\/\"]}]},{\"@type\":\"ImageObject\",\"inLanguage\":\"fr-FR\",\"@id\":\"https:\/\/akuku.com.pl\/fr\/katalog-produktow\/zabawa-i-edukacja\/grzechotki-i-gryzaki\/gryzaki-silikonowe\/gryzak-silikonowy-rozowy-slimak-a0115\/#primaryimage\",\"url\":\"https:\/\/akuku.com.pl\/wp-content\/uploads\/2024\/07\/a0115-1-2.jpeg\",\"contentUrl\":\"https:\/\/akuku.com.pl\/wp-content\/uploads\/2024\/07\/a0115-1-2.jpeg\",\"width\":720,\"height\":720,\"caption\":\"Gryzak silikonowy r\u00f3\u017cowy \u015blimak A0115\"},{\"@type\":\"BreadcrumbList\",\"@id\":\"https:\/\/akuku.com.pl\/fr\/katalog-produktow\/zabawa-i-edukacja\/grzechotki-i-gryzaki\/gryzaki-silikonowe\/gryzak-silikonowy-rozowy-slimak-a0115\/#breadcrumb\",\"itemListElement\":[{\"@type\":\"ListItem\",\"position\":1,\"name\":\"Strona g\u0142\u00f3wna\",\"item\":\"https:\/\/akuku.com.pl\/fr\/\"},{\"@type\":\"ListItem\",\"position\":2,\"name\":\"Boutique\",\"item\":\"https:\/\/akuku.com.pl\/wszystkie-produkty\/\"},{\"@type\":\"ListItem\",\"position\":3,\"name\":\"Gryzak silikonowy r\u00f3\u017cowy \u015blimak\"}]},{\"@type\":\"WebSite\",\"@id\":\"https:\/\/akuku.com.pl\/fr\/#website\",\"url\":\"https:\/\/akuku.com.pl\/fr\/\",\"name\":\"Akuku.com.pl\",\"description\":\"\",\"publisher\":{\"@id\":\"https:\/\/akuku.com.pl\/fr\/#organization\"},\"potentialAction\":[{\"@type\":\"SearchAction\",\"target\":{\"@type\":\"EntryPoint\",\"urlTemplate\":\"https:\/\/akuku.com.pl\/fr\/?s={search_term_string}\"},\"query-input\":{\"@type\":\"PropertyValueSpecification\",\"valueRequired\":true,\"valueName\":\"search_term_string\"}}],\"inLanguage\":\"fr-FR\"},{\"@type\":\"Organization\",\"@id\":\"https:\/\/akuku.com.pl\/fr\/#organization\",\"name\":\"Akuku.com.pl\",\"url\":\"https:\/\/akuku.com.pl\/fr\/\",\"logo\":{\"@type\":\"ImageObject\",\"inLanguage\":\"fr-FR\",\"@id\":\"https:\/\/akuku.com.pl\/fr\/#\/schema\/logo\/image\/\",\"url\":\"https:\/\/akuku.com.pl\/wp-content\/uploads\/2024\/04\/akuku-logo.svg\",\"contentUrl\":\"https:\/\/akuku.com.pl\/wp-content\/uploads\/2024\/04\/akuku-logo.svg\",\"width\":114,\"height\":50,\"caption\":\"Akuku.com.pl\"},\"image\":{\"@id\":\"https:\/\/akuku.com.pl\/fr\/#\/schema\/logo\/image\/\"},\"sameAs\":[\"https:\/\/www.facebook.com\/markaAKUKU\"]}]}<\/script>\n<!-- \/ Yoast SEO plugin. -->","yoast_head_json":{"title":"Gryzak silikonowy r\u00f3\u017cowy \u015blimak - Akuku","description":"Sprawd\u017a nasz produkt: Gryzak silikonowy r\u00f3\u017cowy \u015blimak. Produkty Akuku - odpowiednie dla mam i niemowl\u0105t!","robots":{"index":"index","follow":"follow","max-snippet":"max-snippet:-1","max-image-preview":"max-image-preview:large","max-video-preview":"max-video-preview:-1"},"canonical":"https:\/\/akuku.com.pl\/fr\/katalog-produktow\/zabawa-i-edukacja\/grzechotki-i-gryzaki\/gryzaki-silikonowe\/gryzak-silikonowy-rozowy-slimak-a0115\/","og_locale":"fr_FR","og_type":"article","og_title":"Gryzak silikonowy r\u00f3\u017cowy \u015blimak - Akuku","og_description":"Sprawd\u017a nasz produkt: Gryzak silikonowy r\u00f3\u017cowy \u015blimak. Produkty Akuku - odpowiednie dla mam i niemowl\u0105t!","og_url":"https:\/\/akuku.com.pl\/fr\/katalog-produktow\/zabawa-i-edukacja\/grzechotki-i-gryzaki\/gryzaki-silikonowe\/gryzak-silikonowy-rozowy-slimak-a0115\/","og_site_name":"Akuku","article_publisher":"https:\/\/www.facebook.com\/markaAKUKU","article_modified_time":"2024-07-29T19:51:49+00:00","og_image":[{"width":720,"height":720,"url":"https:\/\/akuku.com.pl\/wp-content\/uploads\/2024\/07\/a0115-1-2.jpeg","type":"image\/jpeg"}],"twitter_card":"summary_large_image","twitter_misc":{"Dur\u00e9e de lecture estim\u00e9e":"1 minute"},"schema":{"@context":"https:\/\/schema.org","@graph":[{"@type":"WebPage","@id":"https:\/\/akuku.com.pl\/fr\/katalog-produktow\/zabawa-i-edukacja\/grzechotki-i-gryzaki\/gryzaki-silikonowe\/gryzak-silikonowy-rozowy-slimak-a0115\/","url":"https:\/\/akuku.com.pl\/fr\/katalog-produktow\/zabawa-i-edukacja\/grzechotki-i-gryzaki\/gryzaki-silikonowe\/gryzak-silikonowy-rozowy-slimak-a0115\/","name":"Gryzak silikonowy r\u00f3\u017cowy \u015blimak - Akuku","isPartOf":{"@id":"https:\/\/akuku.com.pl\/fr\/#website"},"primaryImageOfPage":{"@id":"https:\/\/akuku.com.pl\/fr\/katalog-produktow\/zabawa-i-edukacja\/grzechotki-i-gryzaki\/gryzaki-silikonowe\/gryzak-silikonowy-rozowy-slimak-a0115\/#primaryimage"},"image":{"@id":"https:\/\/akuku.com.pl\/fr\/katalog-produktow\/zabawa-i-edukacja\/grzechotki-i-gryzaki\/gryzaki-silikonowe\/gryzak-silikonowy-rozowy-slimak-a0115\/#primaryimage"},"thumbnailUrl":"https:\/\/akuku.com.pl\/wp-content\/uploads\/2024\/07\/a0115-1-2.jpeg","datePublished":"2024-07-04T21:45:13+00:00","dateModified":"2024-07-29T19:51:49+00:00","description":"Sprawd\u017a nasz produkt: Gryzak silikonowy r\u00f3\u017cowy \u015blimak. Produkty Akuku - odpowiednie dla mam i niemowl\u0105t!","breadcrumb":{"@id":"https:\/\/akuku.com.pl\/fr\/katalog-produktow\/zabawa-i-edukacja\/grzechotki-i-gryzaki\/gryzaki-silikonowe\/gryzak-silikonowy-rozowy-slimak-a0115\/#breadcrumb"},"inLanguage":"fr-FR","potentialAction":[{"@type":"ReadAction","target":["https:\/\/akuku.com.pl\/fr\/katalog-produktow\/zabawa-i-edukacja\/grzechotki-i-gryzaki\/gryzaki-silikonowe\/gryzak-silikonowy-rozowy-slimak-a0115\/"]}]},{"@type":"ImageObject","inLanguage":"fr-FR","@id":"https:\/\/akuku.com.pl\/fr\/katalog-produktow\/zabawa-i-edukacja\/grzechotki-i-gryzaki\/gryzaki-silikonowe\/gryzak-silikonowy-rozowy-slimak-a0115\/#primaryimage","url":"https:\/\/akuku.com.pl\/wp-content\/uploads\/2024\/07\/a0115-1-2.jpeg","contentUrl":"https:\/\/akuku.com.pl\/wp-content\/uploads\/2024\/07\/a0115-1-2.jpeg","width":720,"height":720,"caption":"Gryzak silikonowy r\u00f3\u017cowy \u015blimak A0115"},{"@type":"BreadcrumbList","@id":"https:\/\/akuku.com.pl\/fr\/katalog-produktow\/zabawa-i-edukacja\/grzechotki-i-gryzaki\/gryzaki-silikonowe\/gryzak-silikonowy-rozowy-slimak-a0115\/#breadcrumb","itemListElement":[{"@type":"ListItem","position":1,"name":"Strona g\u0142\u00f3wna","item":"https:\/\/akuku.com.pl\/fr\/"},{"@type":"ListItem","position":2,"name":"Boutique","item":"https:\/\/akuku.com.pl\/wszystkie-produkty\/"},{"@type":"ListItem","position":3,"name":"Gryzak silikonowy r\u00f3\u017cowy \u015blimak"}]},{"@type":"WebSite","@id":"https:\/\/akuku.com.pl\/fr\/#website","url":"https:\/\/akuku.com.pl\/fr\/","name":"Akuku.com.pl","description":"","publisher":{"@id":"https:\/\/akuku.com.pl\/fr\/#organization"},"potentialAction":[{"@type":"SearchAction","target":{"@type":"EntryPoint","urlTemplate":"https:\/\/akuku.com.pl\/fr\/?s={search_term_string}"},"query-input":{"@type":"PropertyValueSpecification","valueRequired":true,"valueName":"search_term_string"}}],"inLanguage":"fr-FR"},{"@type":"Organization","@id":"https:\/\/akuku.com.pl\/fr\/#organization","name":"Akuku.com.pl","url":"https:\/\/akuku.com.pl\/fr\/","logo":{"@type":"ImageObject","inLanguage":"fr-FR","@id":"https:\/\/akuku.com.pl\/fr\/#\/schema\/logo\/image\/","url":"https:\/\/akuku.com.pl\/wp-content\/uploads\/2024\/04\/akuku-logo.svg","contentUrl":"https:\/\/akuku.com.pl\/wp-content\/uploads\/2024\/04\/akuku-logo.svg","width":114,"height":50,"caption":"Akuku.com.pl"},"image":{"@id":"https:\/\/akuku.com.pl\/fr\/#\/schema\/logo\/image\/"},"sameAs":["https:\/\/www.facebook.com\/markaAKUKU"]}]}},"_links":{"self":[{"href":"https:\/\/akuku.com.pl\/fr\/wp-json\/wp\/v2\/product\/10759","targetHints":{"allow":["GET"]}}],"collection":[{"href":"https:\/\/akuku.com.pl\/fr\/wp-json\/wp\/v2\/product"}],"about":[{"href":"https:\/\/akuku.com.pl\/fr\/wp-json\/wp\/v2\/types\/product"}],"wp:featuredmedia":[{"embeddable":true,"href":"https:\/\/akuku.com.pl\/fr\/wp-json\/wp\/v2\/media\/10732"}],"wp:attachment":[{"href":"https:\/\/akuku.com.pl\/fr\/wp-json\/wp\/v2\/media?parent=10759"}],"wp:term":[{"taxonomy":"product_cat","embeddable":true,"href":"https:\/\/akuku.com.pl\/fr\/wp-json\/wp\/v2\/product_cat?post=10759"},{"taxonomy":"product_tag","embeddable":true,"href":"https:\/\/akuku.com.pl\/fr\/wp-json\/wp\/v2\/product_tag?post=10759"}],"curies":[{"name":"wp","href":"https:\/\/api.w.org\/{rel}","templated":true}]}}