{"id":10623,"date":"2024-07-04T23:17:11","date_gmt":"2024-07-04T21:17:11","guid":{"rendered":"https:\/\/wp.akuku.com.pl\/sklep\/non%20class\u00e9\/anneau-de-dentition-en-silicone-ourson-a0460\/"},"modified":"2024-07-29T21:51:51","modified_gmt":"2024-07-29T19:51:51","slug":"anneau-de-dentition-en-silicone-ourson-a0460","status":"publish","type":"product","link":"https:\/\/akuku.com.pl\/fr\/catalogue-de-produits\/amusement-et-education\/hochets-et-anneaux-de-dentition\/anneaux-a-dentition-a-leau\/anneau-de-dentition-en-silicone-ourson-a0460\/","title":{"rendered":"Anneau de dentition en silicone Ourson"},"content":{"rendered":"<div class=\"textWrap\">\n<p>\u00a0Anneau de dentition en silicone Ourson A0460<\/p>\n<p>Anneau de dentition en silicone Koala, pendentif<br \/>L&rsquo;anneau de dentition en silicone soulage la douleur lors de la pouss\u00e9e dentaire. <br \/>La surface sp\u00e9ciale permet de massager doucement des gencives. <br \/>Facile \u00e0 saisir et \u00e0 tenir dans les petites mains d&rsquo;un enfant. <br \/>Adapt\u00e9 au refroidissement au r\u00e9frig\u00e9rateur, il apaise les endroits douloureux. <br \/>Cet anneau de dentition peut \u00eatre attach\u00e9 \u00e0 un ruban.<br \/>Avant la premi\u00e8re utilisation et apr\u00e8s, laver avec une brosse et un savon doux dans de l&rsquo;eau ti\u00e8de, puis rincer et s\u00e9cher. <br \/>Ne pas faire bouillir, ne pas st\u00e9riliser, ne pas verser d&rsquo;eau bouillante dessus !!! <br \/>Le produit doit \u00eatre v\u00e9rifi\u00e9 avant chaque utilisation avant de le passer au b\u00e9b\u00e9. <br \/>D\u00e8s les premiers signes de d\u00e9t\u00e9rioration ou d&rsquo;usure, jetez-le! <br \/>Sans bisph\u00e9nol A (0% BPA)<br \/>Dimensions 9 cm x 7 x cm x 0,5 cm<\/p>\n<\/div>\n","protected":false},"excerpt":{"rendered":"<p>\u00a0Anneau de dentition en silicone Ourson A0460 Anneau de dentition en silicone Koala, pendentifL&rsquo;anneau de dentition en silicone soulage la douleur lors de la pouss\u00e9e dentaire. La surface sp\u00e9ciale permet de massager doucement des gencives. Facile \u00e0 saisir et \u00e0 tenir dans les petites mains d&rsquo;un enfant. Adapt\u00e9 au refroidissement au r\u00e9frig\u00e9rateur, il apaise les [&hellip;]<\/p>\n","protected":false},"featured_media":10620,"template":"","meta":[],"product_cat":[3474,3480,3486],"product_tag":[],"class_list":{"0":"post-10623","1":"product","2":"type-product","3":"status-publish","4":"has-post-thumbnail","6":"product_cat-amusement-et-education","7":"product_cat-hochets-et-anneaux-de-dentition","8":"product_cat-anneaux-a-dentition-a-leau","10":"first","11":"instock","12":"shipping-taxable","13":"product-type-simple"},"yoast_head":"<!-- This site is optimized with the Yoast SEO plugin v26.2 - https:\/\/yoast.com\/wordpress\/plugins\/seo\/ -->\n<title>Anneau de dentition en silicone Ourson - Akuku<\/title>\n<meta name=\"description\" content=\"Sprawd\u017a nasz produkt: Anneau de dentition en silicone Ourson. Produkty Akuku - odpowiednie dla mam i niemowl\u0105t!\" \/>\n<meta name=\"robots\" content=\"index, follow, max-snippet:-1, max-image-preview:large, max-video-preview:-1\" \/>\n<link rel=\"canonical\" href=\"https:\/\/akuku.com.pl\/fr\/catalogue-de-produits\/amusement-et-education\/hochets-et-anneaux-de-dentition\/anneaux-a-dentition-a-leau\/anneau-de-dentition-en-silicone-ourson-a0460\/\" \/>\n<meta property=\"og:locale\" content=\"fr_FR\" \/>\n<meta property=\"og:type\" content=\"article\" \/>\n<meta property=\"og:title\" content=\"Anneau de dentition en silicone Ourson - Akuku\" \/>\n<meta property=\"og:description\" content=\"Sprawd\u017a nasz produkt: Anneau de dentition en silicone Ourson. Produkty Akuku - odpowiednie dla mam i niemowl\u0105t!\" \/>\n<meta property=\"og:url\" content=\"https:\/\/akuku.com.pl\/fr\/catalogue-de-produits\/amusement-et-education\/hochets-et-anneaux-de-dentition\/anneaux-a-dentition-a-leau\/anneau-de-dentition-en-silicone-ourson-a0460\/\" \/>\n<meta property=\"og:site_name\" content=\"Akuku\" \/>\n<meta property=\"article:publisher\" content=\"https:\/\/www.facebook.com\/markaAKUKU\" \/>\n<meta property=\"article:modified_time\" content=\"2024-07-29T19:51:51+00:00\" \/>\n<meta property=\"og:image\" content=\"https:\/\/akuku.com.pl\/wp-content\/uploads\/2024\/07\/A0460_3-1.jpg\" \/>\n\t<meta property=\"og:image:width\" content=\"1500\" \/>\n\t<meta property=\"og:image:height\" content=\"1500\" \/>\n\t<meta property=\"og:image:type\" content=\"image\/jpeg\" \/>\n<meta name=\"twitter:card\" content=\"summary_large_image\" \/>\n<meta name=\"twitter:label1\" content=\"Dur\u00e9e de lecture estim\u00e9e\" \/>\n\t<meta name=\"twitter:data1\" content=\"1 minute\" \/>\n<script type=\"application\/ld+json\" class=\"yoast-schema-graph\">{\"@context\":\"https:\/\/schema.org\",\"@graph\":[{\"@type\":\"WebPage\",\"@id\":\"https:\/\/akuku.com.pl\/fr\/catalogue-de-produits\/amusement-et-education\/hochets-et-anneaux-de-dentition\/anneaux-a-dentition-a-leau\/anneau-de-dentition-en-silicone-ourson-a0460\/\",\"url\":\"https:\/\/akuku.com.pl\/fr\/catalogue-de-produits\/amusement-et-education\/hochets-et-anneaux-de-dentition\/anneaux-a-dentition-a-leau\/anneau-de-dentition-en-silicone-ourson-a0460\/\",\"name\":\"Anneau de dentition en silicone Ourson - Akuku\",\"isPartOf\":{\"@id\":\"https:\/\/akuku.com.pl\/fr\/#website\"},\"primaryImageOfPage\":{\"@id\":\"https:\/\/akuku.com.pl\/fr\/catalogue-de-produits\/amusement-et-education\/hochets-et-anneaux-de-dentition\/anneaux-a-dentition-a-leau\/anneau-de-dentition-en-silicone-ourson-a0460\/#primaryimage\"},\"image\":{\"@id\":\"https:\/\/akuku.com.pl\/fr\/catalogue-de-produits\/amusement-et-education\/hochets-et-anneaux-de-dentition\/anneaux-a-dentition-a-leau\/anneau-de-dentition-en-silicone-ourson-a0460\/#primaryimage\"},\"thumbnailUrl\":\"https:\/\/akuku.com.pl\/wp-content\/uploads\/2024\/07\/A0460_3-1.jpg\",\"datePublished\":\"2024-07-04T21:17:11+00:00\",\"dateModified\":\"2024-07-29T19:51:51+00:00\",\"description\":\"Sprawd\u017a nasz produkt: Anneau de dentition en silicone Ourson. Produkty Akuku - odpowiednie dla mam i niemowl\u0105t!\",\"breadcrumb\":{\"@id\":\"https:\/\/akuku.com.pl\/fr\/catalogue-de-produits\/amusement-et-education\/hochets-et-anneaux-de-dentition\/anneaux-a-dentition-a-leau\/anneau-de-dentition-en-silicone-ourson-a0460\/#breadcrumb\"},\"inLanguage\":\"fr-FR\",\"potentialAction\":[{\"@type\":\"ReadAction\",\"target\":[\"https:\/\/akuku.com.pl\/fr\/catalogue-de-produits\/amusement-et-education\/hochets-et-anneaux-de-dentition\/anneaux-a-dentition-a-leau\/anneau-de-dentition-en-silicone-ourson-a0460\/\"]}]},{\"@type\":\"ImageObject\",\"inLanguage\":\"fr-FR\",\"@id\":\"https:\/\/akuku.com.pl\/fr\/catalogue-de-produits\/amusement-et-education\/hochets-et-anneaux-de-dentition\/anneaux-a-dentition-a-leau\/anneau-de-dentition-en-silicone-ourson-a0460\/#primaryimage\",\"url\":\"https:\/\/akuku.com.pl\/wp-content\/uploads\/2024\/07\/A0460_3-1.jpg\",\"contentUrl\":\"https:\/\/akuku.com.pl\/wp-content\/uploads\/2024\/07\/A0460_3-1.jpg\",\"width\":1500,\"height\":1500,\"caption\":\"Anneau de dentition en silicone Ourson A0460\"},{\"@type\":\"BreadcrumbList\",\"@id\":\"https:\/\/akuku.com.pl\/fr\/catalogue-de-produits\/amusement-et-education\/hochets-et-anneaux-de-dentition\/anneaux-a-dentition-a-leau\/anneau-de-dentition-en-silicone-ourson-a0460\/#breadcrumb\",\"itemListElement\":[{\"@type\":\"ListItem\",\"position\":1,\"name\":\"Strona g\u0142\u00f3wna\",\"item\":\"https:\/\/akuku.com.pl\/fr\/\"},{\"@type\":\"ListItem\",\"position\":2,\"name\":\"Boutique\",\"item\":\"https:\/\/akuku.com.pl\/wszystkie-produkty\/\"},{\"@type\":\"ListItem\",\"position\":3,\"name\":\"Anneau de dentition en silicone Ourson\"}]},{\"@type\":\"WebSite\",\"@id\":\"https:\/\/akuku.com.pl\/fr\/#website\",\"url\":\"https:\/\/akuku.com.pl\/fr\/\",\"name\":\"Akuku.com.pl\",\"description\":\"\",\"publisher\":{\"@id\":\"https:\/\/akuku.com.pl\/fr\/#organization\"},\"potentialAction\":[{\"@type\":\"SearchAction\",\"target\":{\"@type\":\"EntryPoint\",\"urlTemplate\":\"https:\/\/akuku.com.pl\/fr\/?s={search_term_string}\"},\"query-input\":{\"@type\":\"PropertyValueSpecification\",\"valueRequired\":true,\"valueName\":\"search_term_string\"}}],\"inLanguage\":\"fr-FR\"},{\"@type\":\"Organization\",\"@id\":\"https:\/\/akuku.com.pl\/fr\/#organization\",\"name\":\"Akuku.com.pl\",\"url\":\"https:\/\/akuku.com.pl\/fr\/\",\"logo\":{\"@type\":\"ImageObject\",\"inLanguage\":\"fr-FR\",\"@id\":\"https:\/\/akuku.com.pl\/fr\/#\/schema\/logo\/image\/\",\"url\":\"https:\/\/akuku.com.pl\/wp-content\/uploads\/2024\/04\/akuku-logo.svg\",\"contentUrl\":\"https:\/\/akuku.com.pl\/wp-content\/uploads\/2024\/04\/akuku-logo.svg\",\"width\":114,\"height\":50,\"caption\":\"Akuku.com.pl\"},\"image\":{\"@id\":\"https:\/\/akuku.com.pl\/fr\/#\/schema\/logo\/image\/\"},\"sameAs\":[\"https:\/\/www.facebook.com\/markaAKUKU\"]}]}<\/script>\n<!-- \/ Yoast SEO plugin. -->","yoast_head_json":{"title":"Anneau de dentition en silicone Ourson - Akuku","description":"Sprawd\u017a nasz produkt: Anneau de dentition en silicone Ourson. Produkty Akuku - odpowiednie dla mam i niemowl\u0105t!","robots":{"index":"index","follow":"follow","max-snippet":"max-snippet:-1","max-image-preview":"max-image-preview:large","max-video-preview":"max-video-preview:-1"},"canonical":"https:\/\/akuku.com.pl\/fr\/catalogue-de-produits\/amusement-et-education\/hochets-et-anneaux-de-dentition\/anneaux-a-dentition-a-leau\/anneau-de-dentition-en-silicone-ourson-a0460\/","og_locale":"fr_FR","og_type":"article","og_title":"Anneau de dentition en silicone Ourson - Akuku","og_description":"Sprawd\u017a nasz produkt: Anneau de dentition en silicone Ourson. Produkty Akuku - odpowiednie dla mam i niemowl\u0105t!","og_url":"https:\/\/akuku.com.pl\/fr\/catalogue-de-produits\/amusement-et-education\/hochets-et-anneaux-de-dentition\/anneaux-a-dentition-a-leau\/anneau-de-dentition-en-silicone-ourson-a0460\/","og_site_name":"Akuku","article_publisher":"https:\/\/www.facebook.com\/markaAKUKU","article_modified_time":"2024-07-29T19:51:51+00:00","og_image":[{"width":1500,"height":1500,"url":"https:\/\/akuku.com.pl\/wp-content\/uploads\/2024\/07\/A0460_3-1.jpg","type":"image\/jpeg"}],"twitter_card":"summary_large_image","twitter_misc":{"Dur\u00e9e de lecture estim\u00e9e":"1 minute"},"schema":{"@context":"https:\/\/schema.org","@graph":[{"@type":"WebPage","@id":"https:\/\/akuku.com.pl\/fr\/catalogue-de-produits\/amusement-et-education\/hochets-et-anneaux-de-dentition\/anneaux-a-dentition-a-leau\/anneau-de-dentition-en-silicone-ourson-a0460\/","url":"https:\/\/akuku.com.pl\/fr\/catalogue-de-produits\/amusement-et-education\/hochets-et-anneaux-de-dentition\/anneaux-a-dentition-a-leau\/anneau-de-dentition-en-silicone-ourson-a0460\/","name":"Anneau de dentition en silicone Ourson - Akuku","isPartOf":{"@id":"https:\/\/akuku.com.pl\/fr\/#website"},"primaryImageOfPage":{"@id":"https:\/\/akuku.com.pl\/fr\/catalogue-de-produits\/amusement-et-education\/hochets-et-anneaux-de-dentition\/anneaux-a-dentition-a-leau\/anneau-de-dentition-en-silicone-ourson-a0460\/#primaryimage"},"image":{"@id":"https:\/\/akuku.com.pl\/fr\/catalogue-de-produits\/amusement-et-education\/hochets-et-anneaux-de-dentition\/anneaux-a-dentition-a-leau\/anneau-de-dentition-en-silicone-ourson-a0460\/#primaryimage"},"thumbnailUrl":"https:\/\/akuku.com.pl\/wp-content\/uploads\/2024\/07\/A0460_3-1.jpg","datePublished":"2024-07-04T21:17:11+00:00","dateModified":"2024-07-29T19:51:51+00:00","description":"Sprawd\u017a nasz produkt: Anneau de dentition en silicone Ourson. Produkty Akuku - odpowiednie dla mam i niemowl\u0105t!","breadcrumb":{"@id":"https:\/\/akuku.com.pl\/fr\/catalogue-de-produits\/amusement-et-education\/hochets-et-anneaux-de-dentition\/anneaux-a-dentition-a-leau\/anneau-de-dentition-en-silicone-ourson-a0460\/#breadcrumb"},"inLanguage":"fr-FR","potentialAction":[{"@type":"ReadAction","target":["https:\/\/akuku.com.pl\/fr\/catalogue-de-produits\/amusement-et-education\/hochets-et-anneaux-de-dentition\/anneaux-a-dentition-a-leau\/anneau-de-dentition-en-silicone-ourson-a0460\/"]}]},{"@type":"ImageObject","inLanguage":"fr-FR","@id":"https:\/\/akuku.com.pl\/fr\/catalogue-de-produits\/amusement-et-education\/hochets-et-anneaux-de-dentition\/anneaux-a-dentition-a-leau\/anneau-de-dentition-en-silicone-ourson-a0460\/#primaryimage","url":"https:\/\/akuku.com.pl\/wp-content\/uploads\/2024\/07\/A0460_3-1.jpg","contentUrl":"https:\/\/akuku.com.pl\/wp-content\/uploads\/2024\/07\/A0460_3-1.jpg","width":1500,"height":1500,"caption":"Anneau de dentition en silicone Ourson A0460"},{"@type":"BreadcrumbList","@id":"https:\/\/akuku.com.pl\/fr\/catalogue-de-produits\/amusement-et-education\/hochets-et-anneaux-de-dentition\/anneaux-a-dentition-a-leau\/anneau-de-dentition-en-silicone-ourson-a0460\/#breadcrumb","itemListElement":[{"@type":"ListItem","position":1,"name":"Strona g\u0142\u00f3wna","item":"https:\/\/akuku.com.pl\/fr\/"},{"@type":"ListItem","position":2,"name":"Boutique","item":"https:\/\/akuku.com.pl\/wszystkie-produkty\/"},{"@type":"ListItem","position":3,"name":"Anneau de dentition en silicone Ourson"}]},{"@type":"WebSite","@id":"https:\/\/akuku.com.pl\/fr\/#website","url":"https:\/\/akuku.com.pl\/fr\/","name":"Akuku.com.pl","description":"","publisher":{"@id":"https:\/\/akuku.com.pl\/fr\/#organization"},"potentialAction":[{"@type":"SearchAction","target":{"@type":"EntryPoint","urlTemplate":"https:\/\/akuku.com.pl\/fr\/?s={search_term_string}"},"query-input":{"@type":"PropertyValueSpecification","valueRequired":true,"valueName":"search_term_string"}}],"inLanguage":"fr-FR"},{"@type":"Organization","@id":"https:\/\/akuku.com.pl\/fr\/#organization","name":"Akuku.com.pl","url":"https:\/\/akuku.com.pl\/fr\/","logo":{"@type":"ImageObject","inLanguage":"fr-FR","@id":"https:\/\/akuku.com.pl\/fr\/#\/schema\/logo\/image\/","url":"https:\/\/akuku.com.pl\/wp-content\/uploads\/2024\/04\/akuku-logo.svg","contentUrl":"https:\/\/akuku.com.pl\/wp-content\/uploads\/2024\/04\/akuku-logo.svg","width":114,"height":50,"caption":"Akuku.com.pl"},"image":{"@id":"https:\/\/akuku.com.pl\/fr\/#\/schema\/logo\/image\/"},"sameAs":["https:\/\/www.facebook.com\/markaAKUKU"]}]}},"_links":{"self":[{"href":"https:\/\/akuku.com.pl\/fr\/wp-json\/wp\/v2\/product\/10623","targetHints":{"allow":["GET"]}}],"collection":[{"href":"https:\/\/akuku.com.pl\/fr\/wp-json\/wp\/v2\/product"}],"about":[{"href":"https:\/\/akuku.com.pl\/fr\/wp-json\/wp\/v2\/types\/product"}],"wp:featuredmedia":[{"embeddable":true,"href":"https:\/\/akuku.com.pl\/fr\/wp-json\/wp\/v2\/media\/10620"}],"wp:attachment":[{"href":"https:\/\/akuku.com.pl\/fr\/wp-json\/wp\/v2\/media?parent=10623"}],"wp:term":[{"taxonomy":"product_cat","embeddable":true,"href":"https:\/\/akuku.com.pl\/fr\/wp-json\/wp\/v2\/product_cat?post=10623"},{"taxonomy":"product_tag","embeddable":true,"href":"https:\/\/akuku.com.pl\/fr\/wp-json\/wp\/v2\/product_tag?post=10623"}],"curies":[{"name":"wp","href":"https:\/\/api.w.org\/{rel}","templated":true}]}}