{"id":10545,"date":"2024-07-04T23:16:31","date_gmt":"2024-07-04T21:16:31","guid":{"rendered":"https:\/\/wp.akuku.com.pl\/sklep\/non%20class\u00e9\/anneau-de-dentition-a-leau-coeur-a0355\/"},"modified":"2024-07-29T21:51:56","modified_gmt":"2024-07-29T19:51:56","slug":"anneau-de-dentition-a-leau-coeur-a0355","status":"publish","type":"product","link":"https:\/\/akuku.com.pl\/fr\/catalogue-de-produits\/amusement-et-education\/hochets-et-anneaux-de-dentition\/anneaux-a-dentition-aleau\/anneau-de-dentition-a-leau-coeur-a0355\/","title":{"rendered":"Anneau de dentition \u00e0 l\u2019eau \u00ab\u00a0COEUR\u00a0\u00bb"},"content":{"rendered":"<div class=\"textWrap\">\n<p>Anneau de dentition \u00e0 l\u2019eau \u00ab\u00a0COEUR\u00a0\u00bb A0355<\/p>\n<p>Un magnifique anneau de dentition rose en forme de c\u0153ur rempli d&rsquo;eau fra\u00eeche. <br \/>Sa surface soulagera les gencives irrit\u00e9es de votre b\u00e9b\u00e9. et gr\u00e2ce \u00e0 sa grande ouverture au milieu, il est facile \u00e0 saisir pour les petites mains.<br \/>AVANTAGES :<br \/>L&rsquo;anneau de dentition est fabriqu\u00e9 avec de la mati\u00e8re premi\u00e8re sans danger pour la sant\u00e9 humaine, donc elle ne contient aucune substance nocive. <br \/>La forme ergonomique particuli\u00e8re du produit assure un grand confort d&rsquo;utilisation. Refroidir uniquement dans un r\u00e9frig\u00e9rateur traditionnel. <br \/>Ne pas placer dans le cong\u00e9lateur. Avant et apr\u00e8s la premi\u00e8re utilisation, laver avec une brosse et un produit doux \u00e0 l&rsquo;eau ti\u00e8de. <br \/>Puis rincez et s\u00e9chez. Ne pas faire cuir, ne pas st\u00e9riliser, ne pas verser d&rsquo;eau bouillante dessus! <br \/>Afin de garder le produit propre, il faut le laver \u00e0 la main \u00e0 l&rsquo;eau ti\u00e8de avec du savon pour enfants apr\u00e8s chaque utilisation. <br \/>Apr\u00e8s le lavage, rincez abondamment et s\u00e9chez.<\/p>\n<p><img decoding=\"async\" alt=\"\" src=\"https:\/\/akuku.com.pl\/wp-content\/uploads\/2024\/09\/BPA-Free-logo-png_1.png\" \/><\/p>\n<\/div>\n","protected":false},"excerpt":{"rendered":"<p>Anneau de dentition \u00e0 l\u2019eau \u00ab\u00a0COEUR\u00a0\u00bb A0355 Un magnifique anneau de dentition rose en forme de c\u0153ur rempli d&rsquo;eau fra\u00eeche. Sa surface soulagera les gencives irrit\u00e9es de votre b\u00e9b\u00e9. et gr\u00e2ce \u00e0 sa grande ouverture au milieu, il est facile \u00e0 saisir pour les petites mains.AVANTAGES :L&rsquo;anneau de dentition est fabriqu\u00e9 avec de la mati\u00e8re [&hellip;]<\/p>\n","protected":false},"featured_media":10542,"template":"","meta":[],"product_cat":[3474,3480,3483],"product_tag":[],"class_list":{"0":"post-10545","1":"product","2":"type-product","3":"status-publish","4":"has-post-thumbnail","6":"product_cat-amusement-et-education","7":"product_cat-hochets-et-anneaux-de-dentition","8":"product_cat-anneaux-a-dentition-aleau","10":"first","11":"instock","12":"shipping-taxable","13":"product-type-simple"},"yoast_head":"<!-- This site is optimized with the Yoast SEO plugin v26.2 - https:\/\/yoast.com\/wordpress\/plugins\/seo\/ -->\n<title>Anneau de dentition \u00e0 l\u2019eau &quot;COEUR&quot; - Akuku<\/title>\n<meta name=\"description\" content=\"Sprawd\u017a nasz produkt: Anneau de dentition \u00e0 l\u2019eau &quot;COEUR&quot;. Produkty Akuku - odpowiednie dla mam i niemowl\u0105t!\" \/>\n<meta name=\"robots\" content=\"index, follow, max-snippet:-1, max-image-preview:large, max-video-preview:-1\" \/>\n<link rel=\"canonical\" href=\"https:\/\/akuku.com.pl\/fr\/catalogue-de-produits\/amusement-et-education\/hochets-et-anneaux-de-dentition\/anneaux-a-dentition-aleau\/anneau-de-dentition-a-leau-coeur-a0355\/\" \/>\n<meta property=\"og:locale\" content=\"fr_FR\" \/>\n<meta property=\"og:type\" content=\"article\" \/>\n<meta property=\"og:title\" content=\"Anneau de dentition \u00e0 l\u2019eau &quot;COEUR&quot; - Akuku\" \/>\n<meta property=\"og:description\" content=\"Sprawd\u017a nasz produkt: Anneau de dentition \u00e0 l\u2019eau &quot;COEUR&quot;. Produkty Akuku - odpowiednie dla mam i niemowl\u0105t!\" \/>\n<meta property=\"og:url\" content=\"https:\/\/akuku.com.pl\/fr\/catalogue-de-produits\/amusement-et-education\/hochets-et-anneaux-de-dentition\/anneaux-a-dentition-aleau\/anneau-de-dentition-a-leau-coeur-a0355\/\" \/>\n<meta property=\"og:site_name\" content=\"Akuku\" \/>\n<meta property=\"article:publisher\" content=\"https:\/\/www.facebook.com\/markaAKUKU\" \/>\n<meta property=\"article:modified_time\" content=\"2024-07-29T19:51:56+00:00\" \/>\n<meta property=\"og:image\" content=\"https:\/\/akuku.com.pl\/wp-content\/uploads\/2024\/07\/A0355_new-1.jpg\" \/>\n\t<meta property=\"og:image:width\" content=\"1150\" \/>\n\t<meta property=\"og:image:height\" content=\"1150\" \/>\n\t<meta property=\"og:image:type\" content=\"image\/jpeg\" \/>\n<meta name=\"twitter:card\" content=\"summary_large_image\" \/>\n<meta name=\"twitter:label1\" content=\"Dur\u00e9e de lecture estim\u00e9e\" \/>\n\t<meta name=\"twitter:data1\" content=\"1 minute\" \/>\n<script type=\"application\/ld+json\" class=\"yoast-schema-graph\">{\"@context\":\"https:\/\/schema.org\",\"@graph\":[{\"@type\":\"WebPage\",\"@id\":\"https:\/\/akuku.com.pl\/fr\/catalogue-de-produits\/amusement-et-education\/hochets-et-anneaux-de-dentition\/anneaux-a-dentition-aleau\/anneau-de-dentition-a-leau-coeur-a0355\/\",\"url\":\"https:\/\/akuku.com.pl\/fr\/catalogue-de-produits\/amusement-et-education\/hochets-et-anneaux-de-dentition\/anneaux-a-dentition-aleau\/anneau-de-dentition-a-leau-coeur-a0355\/\",\"name\":\"Anneau de dentition \u00e0 l\u2019eau \\\"COEUR\\\" - Akuku\",\"isPartOf\":{\"@id\":\"https:\/\/akuku.com.pl\/fr\/#website\"},\"primaryImageOfPage\":{\"@id\":\"https:\/\/akuku.com.pl\/fr\/catalogue-de-produits\/amusement-et-education\/hochets-et-anneaux-de-dentition\/anneaux-a-dentition-aleau\/anneau-de-dentition-a-leau-coeur-a0355\/#primaryimage\"},\"image\":{\"@id\":\"https:\/\/akuku.com.pl\/fr\/catalogue-de-produits\/amusement-et-education\/hochets-et-anneaux-de-dentition\/anneaux-a-dentition-aleau\/anneau-de-dentition-a-leau-coeur-a0355\/#primaryimage\"},\"thumbnailUrl\":\"https:\/\/akuku.com.pl\/wp-content\/uploads\/2024\/07\/A0355_new-1.jpg\",\"datePublished\":\"2024-07-04T21:16:31+00:00\",\"dateModified\":\"2024-07-29T19:51:56+00:00\",\"description\":\"Sprawd\u017a nasz produkt: Anneau de dentition \u00e0 l\u2019eau \\\"COEUR\\\". Produkty Akuku - odpowiednie dla mam i niemowl\u0105t!\",\"breadcrumb\":{\"@id\":\"https:\/\/akuku.com.pl\/fr\/catalogue-de-produits\/amusement-et-education\/hochets-et-anneaux-de-dentition\/anneaux-a-dentition-aleau\/anneau-de-dentition-a-leau-coeur-a0355\/#breadcrumb\"},\"inLanguage\":\"fr-FR\",\"potentialAction\":[{\"@type\":\"ReadAction\",\"target\":[\"https:\/\/akuku.com.pl\/fr\/catalogue-de-produits\/amusement-et-education\/hochets-et-anneaux-de-dentition\/anneaux-a-dentition-aleau\/anneau-de-dentition-a-leau-coeur-a0355\/\"]}]},{\"@type\":\"ImageObject\",\"inLanguage\":\"fr-FR\",\"@id\":\"https:\/\/akuku.com.pl\/fr\/catalogue-de-produits\/amusement-et-education\/hochets-et-anneaux-de-dentition\/anneaux-a-dentition-aleau\/anneau-de-dentition-a-leau-coeur-a0355\/#primaryimage\",\"url\":\"https:\/\/akuku.com.pl\/wp-content\/uploads\/2024\/07\/A0355_new-1.jpg\",\"contentUrl\":\"https:\/\/akuku.com.pl\/wp-content\/uploads\/2024\/07\/A0355_new-1.jpg\",\"width\":1150,\"height\":1150,\"caption\":\"Anneau de dentition \u00e0 l\u2019eau \\\"COEUR\\\" A0355\"},{\"@type\":\"BreadcrumbList\",\"@id\":\"https:\/\/akuku.com.pl\/fr\/catalogue-de-produits\/amusement-et-education\/hochets-et-anneaux-de-dentition\/anneaux-a-dentition-aleau\/anneau-de-dentition-a-leau-coeur-a0355\/#breadcrumb\",\"itemListElement\":[{\"@type\":\"ListItem\",\"position\":1,\"name\":\"Strona g\u0142\u00f3wna\",\"item\":\"https:\/\/akuku.com.pl\/fr\/\"},{\"@type\":\"ListItem\",\"position\":2,\"name\":\"Boutique\",\"item\":\"https:\/\/akuku.com.pl\/wszystkie-produkty\/\"},{\"@type\":\"ListItem\",\"position\":3,\"name\":\"Anneau de dentition \u00e0 l\u2019eau \u00ab\u00a0COEUR\u00a0\u00bb\"}]},{\"@type\":\"WebSite\",\"@id\":\"https:\/\/akuku.com.pl\/fr\/#website\",\"url\":\"https:\/\/akuku.com.pl\/fr\/\",\"name\":\"Akuku.com.pl\",\"description\":\"\",\"publisher\":{\"@id\":\"https:\/\/akuku.com.pl\/fr\/#organization\"},\"potentialAction\":[{\"@type\":\"SearchAction\",\"target\":{\"@type\":\"EntryPoint\",\"urlTemplate\":\"https:\/\/akuku.com.pl\/fr\/?s={search_term_string}\"},\"query-input\":{\"@type\":\"PropertyValueSpecification\",\"valueRequired\":true,\"valueName\":\"search_term_string\"}}],\"inLanguage\":\"fr-FR\"},{\"@type\":\"Organization\",\"@id\":\"https:\/\/akuku.com.pl\/fr\/#organization\",\"name\":\"Akuku.com.pl\",\"url\":\"https:\/\/akuku.com.pl\/fr\/\",\"logo\":{\"@type\":\"ImageObject\",\"inLanguage\":\"fr-FR\",\"@id\":\"https:\/\/akuku.com.pl\/fr\/#\/schema\/logo\/image\/\",\"url\":\"https:\/\/akuku.com.pl\/wp-content\/uploads\/2024\/04\/akuku-logo.svg\",\"contentUrl\":\"https:\/\/akuku.com.pl\/wp-content\/uploads\/2024\/04\/akuku-logo.svg\",\"width\":114,\"height\":50,\"caption\":\"Akuku.com.pl\"},\"image\":{\"@id\":\"https:\/\/akuku.com.pl\/fr\/#\/schema\/logo\/image\/\"},\"sameAs\":[\"https:\/\/www.facebook.com\/markaAKUKU\"]}]}<\/script>\n<!-- \/ Yoast SEO plugin. -->","yoast_head_json":{"title":"Anneau de dentition \u00e0 l\u2019eau \"COEUR\" - Akuku","description":"Sprawd\u017a nasz produkt: Anneau de dentition \u00e0 l\u2019eau \"COEUR\". Produkty Akuku - odpowiednie dla mam i niemowl\u0105t!","robots":{"index":"index","follow":"follow","max-snippet":"max-snippet:-1","max-image-preview":"max-image-preview:large","max-video-preview":"max-video-preview:-1"},"canonical":"https:\/\/akuku.com.pl\/fr\/catalogue-de-produits\/amusement-et-education\/hochets-et-anneaux-de-dentition\/anneaux-a-dentition-aleau\/anneau-de-dentition-a-leau-coeur-a0355\/","og_locale":"fr_FR","og_type":"article","og_title":"Anneau de dentition \u00e0 l\u2019eau \"COEUR\" - Akuku","og_description":"Sprawd\u017a nasz produkt: Anneau de dentition \u00e0 l\u2019eau \"COEUR\". Produkty Akuku - odpowiednie dla mam i niemowl\u0105t!","og_url":"https:\/\/akuku.com.pl\/fr\/catalogue-de-produits\/amusement-et-education\/hochets-et-anneaux-de-dentition\/anneaux-a-dentition-aleau\/anneau-de-dentition-a-leau-coeur-a0355\/","og_site_name":"Akuku","article_publisher":"https:\/\/www.facebook.com\/markaAKUKU","article_modified_time":"2024-07-29T19:51:56+00:00","og_image":[{"width":1150,"height":1150,"url":"https:\/\/akuku.com.pl\/wp-content\/uploads\/2024\/07\/A0355_new-1.jpg","type":"image\/jpeg"}],"twitter_card":"summary_large_image","twitter_misc":{"Dur\u00e9e de lecture estim\u00e9e":"1 minute"},"schema":{"@context":"https:\/\/schema.org","@graph":[{"@type":"WebPage","@id":"https:\/\/akuku.com.pl\/fr\/catalogue-de-produits\/amusement-et-education\/hochets-et-anneaux-de-dentition\/anneaux-a-dentition-aleau\/anneau-de-dentition-a-leau-coeur-a0355\/","url":"https:\/\/akuku.com.pl\/fr\/catalogue-de-produits\/amusement-et-education\/hochets-et-anneaux-de-dentition\/anneaux-a-dentition-aleau\/anneau-de-dentition-a-leau-coeur-a0355\/","name":"Anneau de dentition \u00e0 l\u2019eau \"COEUR\" - Akuku","isPartOf":{"@id":"https:\/\/akuku.com.pl\/fr\/#website"},"primaryImageOfPage":{"@id":"https:\/\/akuku.com.pl\/fr\/catalogue-de-produits\/amusement-et-education\/hochets-et-anneaux-de-dentition\/anneaux-a-dentition-aleau\/anneau-de-dentition-a-leau-coeur-a0355\/#primaryimage"},"image":{"@id":"https:\/\/akuku.com.pl\/fr\/catalogue-de-produits\/amusement-et-education\/hochets-et-anneaux-de-dentition\/anneaux-a-dentition-aleau\/anneau-de-dentition-a-leau-coeur-a0355\/#primaryimage"},"thumbnailUrl":"https:\/\/akuku.com.pl\/wp-content\/uploads\/2024\/07\/A0355_new-1.jpg","datePublished":"2024-07-04T21:16:31+00:00","dateModified":"2024-07-29T19:51:56+00:00","description":"Sprawd\u017a nasz produkt: Anneau de dentition \u00e0 l\u2019eau \"COEUR\". Produkty Akuku - odpowiednie dla mam i niemowl\u0105t!","breadcrumb":{"@id":"https:\/\/akuku.com.pl\/fr\/catalogue-de-produits\/amusement-et-education\/hochets-et-anneaux-de-dentition\/anneaux-a-dentition-aleau\/anneau-de-dentition-a-leau-coeur-a0355\/#breadcrumb"},"inLanguage":"fr-FR","potentialAction":[{"@type":"ReadAction","target":["https:\/\/akuku.com.pl\/fr\/catalogue-de-produits\/amusement-et-education\/hochets-et-anneaux-de-dentition\/anneaux-a-dentition-aleau\/anneau-de-dentition-a-leau-coeur-a0355\/"]}]},{"@type":"ImageObject","inLanguage":"fr-FR","@id":"https:\/\/akuku.com.pl\/fr\/catalogue-de-produits\/amusement-et-education\/hochets-et-anneaux-de-dentition\/anneaux-a-dentition-aleau\/anneau-de-dentition-a-leau-coeur-a0355\/#primaryimage","url":"https:\/\/akuku.com.pl\/wp-content\/uploads\/2024\/07\/A0355_new-1.jpg","contentUrl":"https:\/\/akuku.com.pl\/wp-content\/uploads\/2024\/07\/A0355_new-1.jpg","width":1150,"height":1150,"caption":"Anneau de dentition \u00e0 l\u2019eau \"COEUR\" A0355"},{"@type":"BreadcrumbList","@id":"https:\/\/akuku.com.pl\/fr\/catalogue-de-produits\/amusement-et-education\/hochets-et-anneaux-de-dentition\/anneaux-a-dentition-aleau\/anneau-de-dentition-a-leau-coeur-a0355\/#breadcrumb","itemListElement":[{"@type":"ListItem","position":1,"name":"Strona g\u0142\u00f3wna","item":"https:\/\/akuku.com.pl\/fr\/"},{"@type":"ListItem","position":2,"name":"Boutique","item":"https:\/\/akuku.com.pl\/wszystkie-produkty\/"},{"@type":"ListItem","position":3,"name":"Anneau de dentition \u00e0 l\u2019eau \u00ab\u00a0COEUR\u00a0\u00bb"}]},{"@type":"WebSite","@id":"https:\/\/akuku.com.pl\/fr\/#website","url":"https:\/\/akuku.com.pl\/fr\/","name":"Akuku.com.pl","description":"","publisher":{"@id":"https:\/\/akuku.com.pl\/fr\/#organization"},"potentialAction":[{"@type":"SearchAction","target":{"@type":"EntryPoint","urlTemplate":"https:\/\/akuku.com.pl\/fr\/?s={search_term_string}"},"query-input":{"@type":"PropertyValueSpecification","valueRequired":true,"valueName":"search_term_string"}}],"inLanguage":"fr-FR"},{"@type":"Organization","@id":"https:\/\/akuku.com.pl\/fr\/#organization","name":"Akuku.com.pl","url":"https:\/\/akuku.com.pl\/fr\/","logo":{"@type":"ImageObject","inLanguage":"fr-FR","@id":"https:\/\/akuku.com.pl\/fr\/#\/schema\/logo\/image\/","url":"https:\/\/akuku.com.pl\/wp-content\/uploads\/2024\/04\/akuku-logo.svg","contentUrl":"https:\/\/akuku.com.pl\/wp-content\/uploads\/2024\/04\/akuku-logo.svg","width":114,"height":50,"caption":"Akuku.com.pl"},"image":{"@id":"https:\/\/akuku.com.pl\/fr\/#\/schema\/logo\/image\/"},"sameAs":["https:\/\/www.facebook.com\/markaAKUKU"]}]}},"_links":{"self":[{"href":"https:\/\/akuku.com.pl\/fr\/wp-json\/wp\/v2\/product\/10545","targetHints":{"allow":["GET"]}}],"collection":[{"href":"https:\/\/akuku.com.pl\/fr\/wp-json\/wp\/v2\/product"}],"about":[{"href":"https:\/\/akuku.com.pl\/fr\/wp-json\/wp\/v2\/types\/product"}],"wp:featuredmedia":[{"embeddable":true,"href":"https:\/\/akuku.com.pl\/fr\/wp-json\/wp\/v2\/media\/10542"}],"wp:attachment":[{"href":"https:\/\/akuku.com.pl\/fr\/wp-json\/wp\/v2\/media?parent=10545"}],"wp:term":[{"taxonomy":"product_cat","embeddable":true,"href":"https:\/\/akuku.com.pl\/fr\/wp-json\/wp\/v2\/product_cat?post=10545"},{"taxonomy":"product_tag","embeddable":true,"href":"https:\/\/akuku.com.pl\/fr\/wp-json\/wp\/v2\/product_tag?post=10545"}],"curies":[{"name":"wp","href":"https:\/\/api.w.org\/{rel}","templated":true}]}}