{"id":10337,"date":"2024-07-04T23:14:17","date_gmt":"2024-07-04T21:14:17","guid":{"rendered":"https:\/\/wp.akuku.com.pl\/sklep\/non%20class\u00e9\/blocs-educatifs-en-bois-9-elements-a0612\/"},"modified":"2024-07-29T21:52:03","modified_gmt":"2024-07-29T19:52:03","slug":"blocs-educatifs-en-bois-9-elements-a0612","status":"publish","type":"product","link":"https:\/\/akuku.com.pl\/fr\/catalogue-de-produits\/amusement-et-education\/blocs-educatifs-en-bois-9-elements-a0612\/","title":{"rendered":"Blocs \u00e9ducatifs en bois, 9 \u00e9l\u00e9ments"},"content":{"rendered":"<div class=\"textWrap\">\n<p>Blocs \u00e9ducatifs en bois, 9 \u00e9l\u00e9ments A0612<\/p>\n<p>Blocs \u00e9ducatifs en bois.<br \/>Ils d\u00e9veloppent des comp\u00e9tences visuelles et manuelles de votre enfant ea stimulant sa cr\u00e9ativit\u00e9 et permettent la cr\u00e9ation de structures diverses. <br \/>Les blocs en bois sont parfaits, m\u00eame pour les plus petits enfants. <br \/>En jouant, vous apprenez \u00e0 votre b\u00e9b\u00e9 comment fonctionne le monde qui nous entoure. <br \/>L&rsquo;enfant apprend des formes et couleurs. <br \/>Le plateau en bois permet d&#8217;empiler plus facilement les blocs, de les transporter et de les ranger apr\u00e8s avoir fini de jouer.<br \/>Chaque bloc a 6 c\u00f4t\u00e9s. <br \/>Vous pouvez cr\u00e9er 6 images diff\u00e9rentes.<br \/>Nos blocs sont fabriqu\u00e9s en bois, qui est la mati\u00e8re premi\u00e8re sans danger pour la sant\u00e9 humaine et \u00e9cologique. <br \/>Les encres utilis\u00e9es pour l&rsquo;impression sont conformes aux certificats, sans danger pour les enfants.<br \/>Lot de 9 blocs + plateau.<br \/>Dimensions:<br \/>Bloc: 3,5 x 3,5 x 3,5 cm<br \/>Plateau: 12,5 x 12,5 cm<\/p>\n<\/div>\n","protected":false},"excerpt":{"rendered":"<p>Blocs \u00e9ducatifs en bois, 9 \u00e9l\u00e9ments A0612 Blocs \u00e9ducatifs en bois.Ils d\u00e9veloppent des comp\u00e9tences visuelles et manuelles de votre enfant ea stimulant sa cr\u00e9ativit\u00e9 et permettent la cr\u00e9ation de structures diverses. Les blocs en bois sont parfaits, m\u00eame pour les plus petits enfants. En jouant, vous apprenez \u00e0 votre b\u00e9b\u00e9 comment fonctionne le monde qui [&hellip;]<\/p>\n","protected":false},"featured_media":10304,"template":"","meta":[],"product_cat":[3474],"product_tag":[],"class_list":{"0":"post-10337","1":"product","2":"type-product","3":"status-publish","4":"has-post-thumbnail","6":"product_cat-amusement-et-education","8":"first","9":"instock","10":"shipping-taxable","11":"product-type-simple"},"yoast_head":"<!-- This site is optimized with the Yoast SEO plugin v26.2 - https:\/\/yoast.com\/wordpress\/plugins\/seo\/ -->\n<title>Blocs \u00e9ducatifs en bois, 9 \u00e9l\u00e9ments - Akuku<\/title>\n<meta name=\"description\" content=\"Sprawd\u017a nasz produkt: Blocs \u00e9ducatifs en bois, 9 \u00e9l\u00e9ments. Produkty Akuku - odpowiednie dla mam i niemowl\u0105t!\" \/>\n<meta name=\"robots\" content=\"index, follow, max-snippet:-1, max-image-preview:large, max-video-preview:-1\" \/>\n<link rel=\"canonical\" href=\"https:\/\/akuku.com.pl\/fr\/catalogue-de-produits\/amusement-et-education\/blocs-educatifs-en-bois-9-elements-a0612\/\" \/>\n<meta property=\"og:locale\" content=\"fr_FR\" \/>\n<meta property=\"og:type\" content=\"article\" \/>\n<meta property=\"og:title\" content=\"Blocs \u00e9ducatifs en bois, 9 \u00e9l\u00e9ments - Akuku\" \/>\n<meta property=\"og:description\" content=\"Sprawd\u017a nasz produkt: Blocs \u00e9ducatifs en bois, 9 \u00e9l\u00e9ments. Produkty Akuku - odpowiednie dla mam i niemowl\u0105t!\" \/>\n<meta property=\"og:url\" content=\"https:\/\/akuku.com.pl\/fr\/catalogue-de-produits\/amusement-et-education\/blocs-educatifs-en-bois-9-elements-a0612\/\" \/>\n<meta property=\"og:site_name\" content=\"Akuku\" \/>\n<meta property=\"article:publisher\" content=\"https:\/\/www.facebook.com\/markaAKUKU\" \/>\n<meta property=\"article:modified_time\" content=\"2024-07-29T19:52:03+00:00\" \/>\n<meta property=\"og:image\" content=\"https:\/\/akuku.com.pl\/wp-content\/uploads\/2024\/07\/a0612-8.jpg\" \/>\n\t<meta property=\"og:image:width\" content=\"500\" \/>\n\t<meta property=\"og:image:height\" content=\"500\" \/>\n\t<meta property=\"og:image:type\" content=\"image\/jpeg\" \/>\n<meta name=\"twitter:card\" content=\"summary_large_image\" \/>\n<meta name=\"twitter:label1\" content=\"Dur\u00e9e de lecture estim\u00e9e\" \/>\n\t<meta name=\"twitter:data1\" content=\"1 minute\" \/>\n<script type=\"application\/ld+json\" class=\"yoast-schema-graph\">{\"@context\":\"https:\/\/schema.org\",\"@graph\":[{\"@type\":\"WebPage\",\"@id\":\"https:\/\/akuku.com.pl\/fr\/catalogue-de-produits\/amusement-et-education\/blocs-educatifs-en-bois-9-elements-a0612\/\",\"url\":\"https:\/\/akuku.com.pl\/fr\/catalogue-de-produits\/amusement-et-education\/blocs-educatifs-en-bois-9-elements-a0612\/\",\"name\":\"Blocs \u00e9ducatifs en bois, 9 \u00e9l\u00e9ments - Akuku\",\"isPartOf\":{\"@id\":\"https:\/\/akuku.com.pl\/fr\/#website\"},\"primaryImageOfPage\":{\"@id\":\"https:\/\/akuku.com.pl\/fr\/catalogue-de-produits\/amusement-et-education\/blocs-educatifs-en-bois-9-elements-a0612\/#primaryimage\"},\"image\":{\"@id\":\"https:\/\/akuku.com.pl\/fr\/catalogue-de-produits\/amusement-et-education\/blocs-educatifs-en-bois-9-elements-a0612\/#primaryimage\"},\"thumbnailUrl\":\"https:\/\/akuku.com.pl\/wp-content\/uploads\/2024\/07\/a0612-8.jpg\",\"datePublished\":\"2024-07-04T21:14:17+00:00\",\"dateModified\":\"2024-07-29T19:52:03+00:00\",\"description\":\"Sprawd\u017a nasz produkt: Blocs \u00e9ducatifs en bois, 9 \u00e9l\u00e9ments. Produkty Akuku - odpowiednie dla mam i niemowl\u0105t!\",\"breadcrumb\":{\"@id\":\"https:\/\/akuku.com.pl\/fr\/catalogue-de-produits\/amusement-et-education\/blocs-educatifs-en-bois-9-elements-a0612\/#breadcrumb\"},\"inLanguage\":\"fr-FR\",\"potentialAction\":[{\"@type\":\"ReadAction\",\"target\":[\"https:\/\/akuku.com.pl\/fr\/catalogue-de-produits\/amusement-et-education\/blocs-educatifs-en-bois-9-elements-a0612\/\"]}]},{\"@type\":\"ImageObject\",\"inLanguage\":\"fr-FR\",\"@id\":\"https:\/\/akuku.com.pl\/fr\/catalogue-de-produits\/amusement-et-education\/blocs-educatifs-en-bois-9-elements-a0612\/#primaryimage\",\"url\":\"https:\/\/akuku.com.pl\/wp-content\/uploads\/2024\/07\/a0612-8.jpg\",\"contentUrl\":\"https:\/\/akuku.com.pl\/wp-content\/uploads\/2024\/07\/a0612-8.jpg\",\"width\":500,\"height\":500},{\"@type\":\"BreadcrumbList\",\"@id\":\"https:\/\/akuku.com.pl\/fr\/catalogue-de-produits\/amusement-et-education\/blocs-educatifs-en-bois-9-elements-a0612\/#breadcrumb\",\"itemListElement\":[{\"@type\":\"ListItem\",\"position\":1,\"name\":\"Strona g\u0142\u00f3wna\",\"item\":\"https:\/\/akuku.com.pl\/fr\/\"},{\"@type\":\"ListItem\",\"position\":2,\"name\":\"Boutique\",\"item\":\"https:\/\/akuku.com.pl\/wszystkie-produkty\/\"},{\"@type\":\"ListItem\",\"position\":3,\"name\":\"Blocs \u00e9ducatifs en bois, 9 \u00e9l\u00e9ments\"}]},{\"@type\":\"WebSite\",\"@id\":\"https:\/\/akuku.com.pl\/fr\/#website\",\"url\":\"https:\/\/akuku.com.pl\/fr\/\",\"name\":\"Akuku.com.pl\",\"description\":\"\",\"publisher\":{\"@id\":\"https:\/\/akuku.com.pl\/fr\/#organization\"},\"potentialAction\":[{\"@type\":\"SearchAction\",\"target\":{\"@type\":\"EntryPoint\",\"urlTemplate\":\"https:\/\/akuku.com.pl\/fr\/?s={search_term_string}\"},\"query-input\":{\"@type\":\"PropertyValueSpecification\",\"valueRequired\":true,\"valueName\":\"search_term_string\"}}],\"inLanguage\":\"fr-FR\"},{\"@type\":\"Organization\",\"@id\":\"https:\/\/akuku.com.pl\/fr\/#organization\",\"name\":\"Akuku.com.pl\",\"url\":\"https:\/\/akuku.com.pl\/fr\/\",\"logo\":{\"@type\":\"ImageObject\",\"inLanguage\":\"fr-FR\",\"@id\":\"https:\/\/akuku.com.pl\/fr\/#\/schema\/logo\/image\/\",\"url\":\"https:\/\/akuku.com.pl\/wp-content\/uploads\/2024\/04\/akuku-logo.svg\",\"contentUrl\":\"https:\/\/akuku.com.pl\/wp-content\/uploads\/2024\/04\/akuku-logo.svg\",\"width\":114,\"height\":50,\"caption\":\"Akuku.com.pl\"},\"image\":{\"@id\":\"https:\/\/akuku.com.pl\/fr\/#\/schema\/logo\/image\/\"},\"sameAs\":[\"https:\/\/www.facebook.com\/markaAKUKU\"]}]}<\/script>\n<!-- \/ Yoast SEO plugin. -->","yoast_head_json":{"title":"Blocs \u00e9ducatifs en bois, 9 \u00e9l\u00e9ments - Akuku","description":"Sprawd\u017a nasz produkt: Blocs \u00e9ducatifs en bois, 9 \u00e9l\u00e9ments. Produkty Akuku - odpowiednie dla mam i niemowl\u0105t!","robots":{"index":"index","follow":"follow","max-snippet":"max-snippet:-1","max-image-preview":"max-image-preview:large","max-video-preview":"max-video-preview:-1"},"canonical":"https:\/\/akuku.com.pl\/fr\/catalogue-de-produits\/amusement-et-education\/blocs-educatifs-en-bois-9-elements-a0612\/","og_locale":"fr_FR","og_type":"article","og_title":"Blocs \u00e9ducatifs en bois, 9 \u00e9l\u00e9ments - Akuku","og_description":"Sprawd\u017a nasz produkt: Blocs \u00e9ducatifs en bois, 9 \u00e9l\u00e9ments. Produkty Akuku - odpowiednie dla mam i niemowl\u0105t!","og_url":"https:\/\/akuku.com.pl\/fr\/catalogue-de-produits\/amusement-et-education\/blocs-educatifs-en-bois-9-elements-a0612\/","og_site_name":"Akuku","article_publisher":"https:\/\/www.facebook.com\/markaAKUKU","article_modified_time":"2024-07-29T19:52:03+00:00","og_image":[{"width":500,"height":500,"url":"https:\/\/akuku.com.pl\/wp-content\/uploads\/2024\/07\/a0612-8.jpg","type":"image\/jpeg"}],"twitter_card":"summary_large_image","twitter_misc":{"Dur\u00e9e de lecture estim\u00e9e":"1 minute"},"schema":{"@context":"https:\/\/schema.org","@graph":[{"@type":"WebPage","@id":"https:\/\/akuku.com.pl\/fr\/catalogue-de-produits\/amusement-et-education\/blocs-educatifs-en-bois-9-elements-a0612\/","url":"https:\/\/akuku.com.pl\/fr\/catalogue-de-produits\/amusement-et-education\/blocs-educatifs-en-bois-9-elements-a0612\/","name":"Blocs \u00e9ducatifs en bois, 9 \u00e9l\u00e9ments - Akuku","isPartOf":{"@id":"https:\/\/akuku.com.pl\/fr\/#website"},"primaryImageOfPage":{"@id":"https:\/\/akuku.com.pl\/fr\/catalogue-de-produits\/amusement-et-education\/blocs-educatifs-en-bois-9-elements-a0612\/#primaryimage"},"image":{"@id":"https:\/\/akuku.com.pl\/fr\/catalogue-de-produits\/amusement-et-education\/blocs-educatifs-en-bois-9-elements-a0612\/#primaryimage"},"thumbnailUrl":"https:\/\/akuku.com.pl\/wp-content\/uploads\/2024\/07\/a0612-8.jpg","datePublished":"2024-07-04T21:14:17+00:00","dateModified":"2024-07-29T19:52:03+00:00","description":"Sprawd\u017a nasz produkt: Blocs \u00e9ducatifs en bois, 9 \u00e9l\u00e9ments. Produkty Akuku - odpowiednie dla mam i niemowl\u0105t!","breadcrumb":{"@id":"https:\/\/akuku.com.pl\/fr\/catalogue-de-produits\/amusement-et-education\/blocs-educatifs-en-bois-9-elements-a0612\/#breadcrumb"},"inLanguage":"fr-FR","potentialAction":[{"@type":"ReadAction","target":["https:\/\/akuku.com.pl\/fr\/catalogue-de-produits\/amusement-et-education\/blocs-educatifs-en-bois-9-elements-a0612\/"]}]},{"@type":"ImageObject","inLanguage":"fr-FR","@id":"https:\/\/akuku.com.pl\/fr\/catalogue-de-produits\/amusement-et-education\/blocs-educatifs-en-bois-9-elements-a0612\/#primaryimage","url":"https:\/\/akuku.com.pl\/wp-content\/uploads\/2024\/07\/a0612-8.jpg","contentUrl":"https:\/\/akuku.com.pl\/wp-content\/uploads\/2024\/07\/a0612-8.jpg","width":500,"height":500},{"@type":"BreadcrumbList","@id":"https:\/\/akuku.com.pl\/fr\/catalogue-de-produits\/amusement-et-education\/blocs-educatifs-en-bois-9-elements-a0612\/#breadcrumb","itemListElement":[{"@type":"ListItem","position":1,"name":"Strona g\u0142\u00f3wna","item":"https:\/\/akuku.com.pl\/fr\/"},{"@type":"ListItem","position":2,"name":"Boutique","item":"https:\/\/akuku.com.pl\/wszystkie-produkty\/"},{"@type":"ListItem","position":3,"name":"Blocs \u00e9ducatifs en bois, 9 \u00e9l\u00e9ments"}]},{"@type":"WebSite","@id":"https:\/\/akuku.com.pl\/fr\/#website","url":"https:\/\/akuku.com.pl\/fr\/","name":"Akuku.com.pl","description":"","publisher":{"@id":"https:\/\/akuku.com.pl\/fr\/#organization"},"potentialAction":[{"@type":"SearchAction","target":{"@type":"EntryPoint","urlTemplate":"https:\/\/akuku.com.pl\/fr\/?s={search_term_string}"},"query-input":{"@type":"PropertyValueSpecification","valueRequired":true,"valueName":"search_term_string"}}],"inLanguage":"fr-FR"},{"@type":"Organization","@id":"https:\/\/akuku.com.pl\/fr\/#organization","name":"Akuku.com.pl","url":"https:\/\/akuku.com.pl\/fr\/","logo":{"@type":"ImageObject","inLanguage":"fr-FR","@id":"https:\/\/akuku.com.pl\/fr\/#\/schema\/logo\/image\/","url":"https:\/\/akuku.com.pl\/wp-content\/uploads\/2024\/04\/akuku-logo.svg","contentUrl":"https:\/\/akuku.com.pl\/wp-content\/uploads\/2024\/04\/akuku-logo.svg","width":114,"height":50,"caption":"Akuku.com.pl"},"image":{"@id":"https:\/\/akuku.com.pl\/fr\/#\/schema\/logo\/image\/"},"sameAs":["https:\/\/www.facebook.com\/markaAKUKU"]}]}},"_links":{"self":[{"href":"https:\/\/akuku.com.pl\/fr\/wp-json\/wp\/v2\/product\/10337","targetHints":{"allow":["GET"]}}],"collection":[{"href":"https:\/\/akuku.com.pl\/fr\/wp-json\/wp\/v2\/product"}],"about":[{"href":"https:\/\/akuku.com.pl\/fr\/wp-json\/wp\/v2\/types\/product"}],"wp:featuredmedia":[{"embeddable":true,"href":"https:\/\/akuku.com.pl\/fr\/wp-json\/wp\/v2\/media\/10304"}],"wp:attachment":[{"href":"https:\/\/akuku.com.pl\/fr\/wp-json\/wp\/v2\/media?parent=10337"}],"wp:term":[{"taxonomy":"product_cat","embeddable":true,"href":"https:\/\/akuku.com.pl\/fr\/wp-json\/wp\/v2\/product_cat?post=10337"},{"taxonomy":"product_tag","embeddable":true,"href":"https:\/\/akuku.com.pl\/fr\/wp-json\/wp\/v2\/product_tag?post=10337"}],"curies":[{"name":"wp","href":"https:\/\/api.w.org\/{rel}","templated":true}]}}