{"id":10271,"date":"2024-07-04T23:13:40","date_gmt":"2024-07-04T21:13:40","guid":{"rendered":"https:\/\/wp.akuku.com.pl\/sklep\/non%20class\u00e9\/tapis-deau-gonflable-a0487\/"},"modified":"2024-07-29T21:52:05","modified_gmt":"2024-07-29T19:52:05","slug":"tapis-deau-gonflable-a0487","status":"publish","type":"product","link":"https:\/\/akuku.com.pl\/fr\/catalogue-de-produits\/amusement-et-education\/tapis-deau-gonflable-a0487\/","title":{"rendered":"Tapis d&rsquo;eau gonflable"},"content":{"rendered":"<div class=\"textWrap\">\n<p>Tapis d&rsquo;eau gonflable A0487<\/p>\n<p>Tapis d&rsquo;eau gonflable<br \/>Un tapis unique qui aide \u00e0 d\u00e9velopper les capacit\u00e9s motoriques et int\u00e9lectuelles de votre enfant. <br \/>Le tapis d&rsquo;eau pour b\u00e9b\u00e9 est fabriqu\u00e9 avec de la mati\u00e8re premi\u00e8re de haute qualit\u00e9, sans danger pour la sant\u00e9 humaine, \u00e0 une durabilit\u00e9 extraordinaire. <br \/>En jouant sur notre tapis, l&rsquo;enfant apprend \u00e0 utiliser de diff\u00e9rents groupes musculaires pour maintenir son \u00e9quilibre et \u00e0 se d\u00e9placer de mani\u00e8re autonome. <br \/>Il s\u2019agit d\u2019un exercice qui augmente la force et l\u2019endurance des jambes, des bras, du ventre et du dos. Gr\u00e2ce aux diff\u00e9rentes couleurs du tapis et aux animaux qui flottent \u00e0 l&rsquo;int\u00e9rieur, <br \/>l&rsquo;enfant prend l\u2019habitude \u00e0 connaitre de nouvelles couleurs et formes, qui favorisent une am\u00e9lioration importante de ses imagination et concentration.<br \/>Les caract\u00e9ristiques du tapis:<br \/>\u2022 Eveil naturel des nourrissons \u00e0 partir de 6 mois<br \/>\u2022 D\u00e9veloppement des muscles de la t\u00eate, du cou, des \u00e9paules, du dos et de l&rsquo;abdomen<br \/>\u2022 Am\u00e9lioration des capacit\u00e9s motrices et sensorielles globales, favorisant un d\u00e9veloppement c\u00e9r\u00e9bral plus rapide<br \/>\u2022 5 animaux contrast\u00e9s flottant \u00e0 l&rsquo;int\u00e9rieur<br \/>\u2022 Sans BPA et d&rsquo;autres mat\u00e9riaux toxiques<br \/>\u2022 CE<br \/>\u2022 100% R\u00c9SISTANCE ET \u00c9TANCH\u00c9IT\u00c9<br \/>\u2022 Dimensions 67 cm x 49 cm<br \/>Mode d\u2019utilisation:<br \/>Le bord du tapis doit \u00eatre gonfl\u00e9 d&rsquo;air et le centre doit \u00eatre rempli d&rsquo;eau. <br \/>Apr\u00e8s avoir d\u00e9viss\u00e9 le capuchon, placez le produit sur une surface stable. <br \/>Une fois pli\u00e9, il prend peu de place, vous pouvez donc l&#8217;emmener en voyage ou en vacances avec votre enfant.<\/p>\n<p>\u00a0<\/p>\n<\/div>\n","protected":false},"excerpt":{"rendered":"<p>Tapis d&rsquo;eau gonflable A0487 Tapis d&rsquo;eau gonflableUn tapis unique qui aide \u00e0 d\u00e9velopper les capacit\u00e9s motoriques et int\u00e9lectuelles de votre enfant. Le tapis d&rsquo;eau pour b\u00e9b\u00e9 est fabriqu\u00e9 avec de la mati\u00e8re premi\u00e8re de haute qualit\u00e9, sans danger pour la sant\u00e9 humaine, \u00e0 une durabilit\u00e9 extraordinaire. En jouant sur notre tapis, l&rsquo;enfant apprend \u00e0 utiliser [&hellip;]<\/p>\n","protected":false},"featured_media":10253,"template":"","meta":[],"product_cat":[3474],"product_tag":[],"class_list":{"0":"post-10271","1":"product","2":"type-product","3":"status-publish","4":"has-post-thumbnail","6":"product_cat-amusement-et-education","8":"first","9":"instock","10":"shipping-taxable","11":"product-type-simple"},"yoast_head":"<!-- This site is optimized with the Yoast SEO plugin v26.2 - https:\/\/yoast.com\/wordpress\/plugins\/seo\/ -->\n<title>Tapis d&#039;eau gonflable - Akuku<\/title>\n<meta name=\"description\" content=\"Sprawd\u017a nasz produkt: Tapis d&#039;eau gonflable. Produkty Akuku - odpowiednie dla mam i niemowl\u0105t!\" \/>\n<meta name=\"robots\" content=\"index, follow, max-snippet:-1, max-image-preview:large, max-video-preview:-1\" \/>\n<link rel=\"canonical\" href=\"https:\/\/akuku.com.pl\/fr\/catalogue-de-produits\/amusement-et-education\/tapis-deau-gonflable-a0487\/\" \/>\n<meta property=\"og:locale\" content=\"fr_FR\" \/>\n<meta property=\"og:type\" content=\"article\" \/>\n<meta property=\"og:title\" content=\"Tapis d&#039;eau gonflable - Akuku\" \/>\n<meta property=\"og:description\" content=\"Sprawd\u017a nasz produkt: Tapis d&#039;eau gonflable. Produkty Akuku - odpowiednie dla mam i niemowl\u0105t!\" \/>\n<meta property=\"og:url\" content=\"https:\/\/akuku.com.pl\/fr\/catalogue-de-produits\/amusement-et-education\/tapis-deau-gonflable-a0487\/\" \/>\n<meta property=\"og:site_name\" content=\"Akuku\" \/>\n<meta property=\"article:publisher\" content=\"https:\/\/www.facebook.com\/markaAKUKU\" \/>\n<meta property=\"article:modified_time\" content=\"2024-07-29T19:52:05+00:00\" \/>\n<meta property=\"og:image\" content=\"https:\/\/akuku.com.pl\/wp-content\/uploads\/2024\/07\/a0487-mata-wodna-2.jpg\" \/>\n\t<meta property=\"og:image:width\" content=\"800\" \/>\n\t<meta property=\"og:image:height\" content=\"800\" \/>\n\t<meta property=\"og:image:type\" content=\"image\/jpeg\" \/>\n<meta name=\"twitter:card\" content=\"summary_large_image\" \/>\n<meta name=\"twitter:label1\" content=\"Dur\u00e9e de lecture estim\u00e9e\" \/>\n\t<meta name=\"twitter:data1\" content=\"1 minute\" \/>\n<script type=\"application\/ld+json\" class=\"yoast-schema-graph\">{\"@context\":\"https:\/\/schema.org\",\"@graph\":[{\"@type\":\"WebPage\",\"@id\":\"https:\/\/akuku.com.pl\/fr\/catalogue-de-produits\/amusement-et-education\/tapis-deau-gonflable-a0487\/\",\"url\":\"https:\/\/akuku.com.pl\/fr\/catalogue-de-produits\/amusement-et-education\/tapis-deau-gonflable-a0487\/\",\"name\":\"Tapis d'eau gonflable - Akuku\",\"isPartOf\":{\"@id\":\"https:\/\/akuku.com.pl\/fr\/#website\"},\"primaryImageOfPage\":{\"@id\":\"https:\/\/akuku.com.pl\/fr\/catalogue-de-produits\/amusement-et-education\/tapis-deau-gonflable-a0487\/#primaryimage\"},\"image\":{\"@id\":\"https:\/\/akuku.com.pl\/fr\/catalogue-de-produits\/amusement-et-education\/tapis-deau-gonflable-a0487\/#primaryimage\"},\"thumbnailUrl\":\"https:\/\/akuku.com.pl\/wp-content\/uploads\/2024\/07\/a0487-mata-wodna-2.jpg\",\"datePublished\":\"2024-07-04T21:13:40+00:00\",\"dateModified\":\"2024-07-29T19:52:05+00:00\",\"description\":\"Sprawd\u017a nasz produkt: Tapis d'eau gonflable. Produkty Akuku - odpowiednie dla mam i niemowl\u0105t!\",\"breadcrumb\":{\"@id\":\"https:\/\/akuku.com.pl\/fr\/catalogue-de-produits\/amusement-et-education\/tapis-deau-gonflable-a0487\/#breadcrumb\"},\"inLanguage\":\"fr-FR\",\"potentialAction\":[{\"@type\":\"ReadAction\",\"target\":[\"https:\/\/akuku.com.pl\/fr\/catalogue-de-produits\/amusement-et-education\/tapis-deau-gonflable-a0487\/\"]}]},{\"@type\":\"ImageObject\",\"inLanguage\":\"fr-FR\",\"@id\":\"https:\/\/akuku.com.pl\/fr\/catalogue-de-produits\/amusement-et-education\/tapis-deau-gonflable-a0487\/#primaryimage\",\"url\":\"https:\/\/akuku.com.pl\/wp-content\/uploads\/2024\/07\/a0487-mata-wodna-2.jpg\",\"contentUrl\":\"https:\/\/akuku.com.pl\/wp-content\/uploads\/2024\/07\/a0487-mata-wodna-2.jpg\",\"width\":800,\"height\":800},{\"@type\":\"BreadcrumbList\",\"@id\":\"https:\/\/akuku.com.pl\/fr\/catalogue-de-produits\/amusement-et-education\/tapis-deau-gonflable-a0487\/#breadcrumb\",\"itemListElement\":[{\"@type\":\"ListItem\",\"position\":1,\"name\":\"Strona g\u0142\u00f3wna\",\"item\":\"https:\/\/akuku.com.pl\/fr\/\"},{\"@type\":\"ListItem\",\"position\":2,\"name\":\"Boutique\",\"item\":\"https:\/\/akuku.com.pl\/wszystkie-produkty\/\"},{\"@type\":\"ListItem\",\"position\":3,\"name\":\"Tapis d&rsquo;eau gonflable\"}]},{\"@type\":\"WebSite\",\"@id\":\"https:\/\/akuku.com.pl\/fr\/#website\",\"url\":\"https:\/\/akuku.com.pl\/fr\/\",\"name\":\"Akuku.com.pl\",\"description\":\"\",\"publisher\":{\"@id\":\"https:\/\/akuku.com.pl\/fr\/#organization\"},\"potentialAction\":[{\"@type\":\"SearchAction\",\"target\":{\"@type\":\"EntryPoint\",\"urlTemplate\":\"https:\/\/akuku.com.pl\/fr\/?s={search_term_string}\"},\"query-input\":{\"@type\":\"PropertyValueSpecification\",\"valueRequired\":true,\"valueName\":\"search_term_string\"}}],\"inLanguage\":\"fr-FR\"},{\"@type\":\"Organization\",\"@id\":\"https:\/\/akuku.com.pl\/fr\/#organization\",\"name\":\"Akuku.com.pl\",\"url\":\"https:\/\/akuku.com.pl\/fr\/\",\"logo\":{\"@type\":\"ImageObject\",\"inLanguage\":\"fr-FR\",\"@id\":\"https:\/\/akuku.com.pl\/fr\/#\/schema\/logo\/image\/\",\"url\":\"https:\/\/akuku.com.pl\/wp-content\/uploads\/2024\/04\/akuku-logo.svg\",\"contentUrl\":\"https:\/\/akuku.com.pl\/wp-content\/uploads\/2024\/04\/akuku-logo.svg\",\"width\":114,\"height\":50,\"caption\":\"Akuku.com.pl\"},\"image\":{\"@id\":\"https:\/\/akuku.com.pl\/fr\/#\/schema\/logo\/image\/\"},\"sameAs\":[\"https:\/\/www.facebook.com\/markaAKUKU\"]}]}<\/script>\n<!-- \/ Yoast SEO plugin. -->","yoast_head_json":{"title":"Tapis d'eau gonflable - Akuku","description":"Sprawd\u017a nasz produkt: Tapis d'eau gonflable. Produkty Akuku - odpowiednie dla mam i niemowl\u0105t!","robots":{"index":"index","follow":"follow","max-snippet":"max-snippet:-1","max-image-preview":"max-image-preview:large","max-video-preview":"max-video-preview:-1"},"canonical":"https:\/\/akuku.com.pl\/fr\/catalogue-de-produits\/amusement-et-education\/tapis-deau-gonflable-a0487\/","og_locale":"fr_FR","og_type":"article","og_title":"Tapis d'eau gonflable - Akuku","og_description":"Sprawd\u017a nasz produkt: Tapis d'eau gonflable. Produkty Akuku - odpowiednie dla mam i niemowl\u0105t!","og_url":"https:\/\/akuku.com.pl\/fr\/catalogue-de-produits\/amusement-et-education\/tapis-deau-gonflable-a0487\/","og_site_name":"Akuku","article_publisher":"https:\/\/www.facebook.com\/markaAKUKU","article_modified_time":"2024-07-29T19:52:05+00:00","og_image":[{"width":800,"height":800,"url":"https:\/\/akuku.com.pl\/wp-content\/uploads\/2024\/07\/a0487-mata-wodna-2.jpg","type":"image\/jpeg"}],"twitter_card":"summary_large_image","twitter_misc":{"Dur\u00e9e de lecture estim\u00e9e":"1 minute"},"schema":{"@context":"https:\/\/schema.org","@graph":[{"@type":"WebPage","@id":"https:\/\/akuku.com.pl\/fr\/catalogue-de-produits\/amusement-et-education\/tapis-deau-gonflable-a0487\/","url":"https:\/\/akuku.com.pl\/fr\/catalogue-de-produits\/amusement-et-education\/tapis-deau-gonflable-a0487\/","name":"Tapis d'eau gonflable - Akuku","isPartOf":{"@id":"https:\/\/akuku.com.pl\/fr\/#website"},"primaryImageOfPage":{"@id":"https:\/\/akuku.com.pl\/fr\/catalogue-de-produits\/amusement-et-education\/tapis-deau-gonflable-a0487\/#primaryimage"},"image":{"@id":"https:\/\/akuku.com.pl\/fr\/catalogue-de-produits\/amusement-et-education\/tapis-deau-gonflable-a0487\/#primaryimage"},"thumbnailUrl":"https:\/\/akuku.com.pl\/wp-content\/uploads\/2024\/07\/a0487-mata-wodna-2.jpg","datePublished":"2024-07-04T21:13:40+00:00","dateModified":"2024-07-29T19:52:05+00:00","description":"Sprawd\u017a nasz produkt: Tapis d'eau gonflable. Produkty Akuku - odpowiednie dla mam i niemowl\u0105t!","breadcrumb":{"@id":"https:\/\/akuku.com.pl\/fr\/catalogue-de-produits\/amusement-et-education\/tapis-deau-gonflable-a0487\/#breadcrumb"},"inLanguage":"fr-FR","potentialAction":[{"@type":"ReadAction","target":["https:\/\/akuku.com.pl\/fr\/catalogue-de-produits\/amusement-et-education\/tapis-deau-gonflable-a0487\/"]}]},{"@type":"ImageObject","inLanguage":"fr-FR","@id":"https:\/\/akuku.com.pl\/fr\/catalogue-de-produits\/amusement-et-education\/tapis-deau-gonflable-a0487\/#primaryimage","url":"https:\/\/akuku.com.pl\/wp-content\/uploads\/2024\/07\/a0487-mata-wodna-2.jpg","contentUrl":"https:\/\/akuku.com.pl\/wp-content\/uploads\/2024\/07\/a0487-mata-wodna-2.jpg","width":800,"height":800},{"@type":"BreadcrumbList","@id":"https:\/\/akuku.com.pl\/fr\/catalogue-de-produits\/amusement-et-education\/tapis-deau-gonflable-a0487\/#breadcrumb","itemListElement":[{"@type":"ListItem","position":1,"name":"Strona g\u0142\u00f3wna","item":"https:\/\/akuku.com.pl\/fr\/"},{"@type":"ListItem","position":2,"name":"Boutique","item":"https:\/\/akuku.com.pl\/wszystkie-produkty\/"},{"@type":"ListItem","position":3,"name":"Tapis d&rsquo;eau gonflable"}]},{"@type":"WebSite","@id":"https:\/\/akuku.com.pl\/fr\/#website","url":"https:\/\/akuku.com.pl\/fr\/","name":"Akuku.com.pl","description":"","publisher":{"@id":"https:\/\/akuku.com.pl\/fr\/#organization"},"potentialAction":[{"@type":"SearchAction","target":{"@type":"EntryPoint","urlTemplate":"https:\/\/akuku.com.pl\/fr\/?s={search_term_string}"},"query-input":{"@type":"PropertyValueSpecification","valueRequired":true,"valueName":"search_term_string"}}],"inLanguage":"fr-FR"},{"@type":"Organization","@id":"https:\/\/akuku.com.pl\/fr\/#organization","name":"Akuku.com.pl","url":"https:\/\/akuku.com.pl\/fr\/","logo":{"@type":"ImageObject","inLanguage":"fr-FR","@id":"https:\/\/akuku.com.pl\/fr\/#\/schema\/logo\/image\/","url":"https:\/\/akuku.com.pl\/wp-content\/uploads\/2024\/04\/akuku-logo.svg","contentUrl":"https:\/\/akuku.com.pl\/wp-content\/uploads\/2024\/04\/akuku-logo.svg","width":114,"height":50,"caption":"Akuku.com.pl"},"image":{"@id":"https:\/\/akuku.com.pl\/fr\/#\/schema\/logo\/image\/"},"sameAs":["https:\/\/www.facebook.com\/markaAKUKU"]}]}},"_links":{"self":[{"href":"https:\/\/akuku.com.pl\/fr\/wp-json\/wp\/v2\/product\/10271","targetHints":{"allow":["GET"]}}],"collection":[{"href":"https:\/\/akuku.com.pl\/fr\/wp-json\/wp\/v2\/product"}],"about":[{"href":"https:\/\/akuku.com.pl\/fr\/wp-json\/wp\/v2\/types\/product"}],"wp:featuredmedia":[{"embeddable":true,"href":"https:\/\/akuku.com.pl\/fr\/wp-json\/wp\/v2\/media\/10253"}],"wp:attachment":[{"href":"https:\/\/akuku.com.pl\/fr\/wp-json\/wp\/v2\/media?parent=10271"}],"wp:term":[{"taxonomy":"product_cat","embeddable":true,"href":"https:\/\/akuku.com.pl\/fr\/wp-json\/wp\/v2\/product_cat?post=10271"},{"taxonomy":"product_tag","embeddable":true,"href":"https:\/\/akuku.com.pl\/fr\/wp-json\/wp\/v2\/product_tag?post=10271"}],"curies":[{"name":"wp","href":"https:\/\/api.w.org\/{rel}","templated":true}]}}