{"id":10067,"date":"2024-07-04T23:11:32","date_gmt":"2024-07-04T21:11:32","guid":{"rendered":"https:\/\/wp.akuku.com.pl\/sklep\/non%20class\u00e9\/livret-deveil-ton-premier-livret-a0476\/"},"modified":"2024-07-29T21:52:12","modified_gmt":"2024-07-29T19:52:12","slug":"livret-deveil-ton-premier-livret-a0476","status":"publish","type":"product","link":"https:\/\/akuku.com.pl\/fr\/catalogue-de-produits\/amusement-et-education\/jouets-sensoriels-et-educatifis\/livret-deveil-ton-premier-livret-a0476\/","title":{"rendered":"Livret d\u2019\u00e9veil, ton premier livret,"},"content":{"rendered":"<div class=\"textWrap\">\n \u00a0<\/p>\n<p>\u00a0<\/p>\n<p>Livret d\u2019\u00e9veil, ton premier livret, A0476<\/p>\n<p>Livre d\u2019\u00e9veil, de bain avec couineur. Un livre de bain faisant du bruit pour favoriser l\u2019\u00e9veil des plus petits.<br \/>Des couleurs s\u00e9lectionn\u00e9es favorisent l\u2019\u00e9veil du b\u00e9b\u00e9 d\u00e8s les premiers jours de sa vie.<br \/>A l&rsquo;int\u00e9rieur il y a un couineur qui attirera l&rsquo;attention de l&rsquo;enfant en faisant bruit.<br \/>Gr\u00e2ce \u00e0 notre livret d\u2019\u00e9veil votre enfant apprendra des formes, noms et couleurs. L&rsquo;\u00e9ducation se fait par le jeu.<br \/>Produit r\u00e9siste aux morsures, lancers, \u00e9tirements et p\u00e9trissages.<br \/>Il introduit au d\u00e9veloppement des capacit\u00e9s manuelles et motrices, et diversifie le temps pass\u00e9 au bain.<br \/>Livret de 10 pages.<br \/>Dimensions : 12 x 12 cm<\/p>\n<p><img decoding=\"async\" alt=\"\" src=\"https:\/\/ect.h2g.pl\/akuku\/images\/0m.png\" \/>\u00a0 \u00a0<img decoding=\"async\" alt=\"\" src=\"https:\/\/ect.h2g.pl\/akuku\/images\/07.png\" \/>\u00a0\u00a0<img decoding=\"async\" alt=\"\" src=\"https:\/\/akuku.com.pl\/wp-content\/uploads\/2024\/09\/BPA-Free-logo-png_1.png\" \/><\/p>\n<p>\u00a0<\/p>\n<\/div>\n","protected":false},"excerpt":{"rendered":"<p>\u00a0 \u00a0 Livret d\u2019\u00e9veil, ton premier livret, A0476 Livre d\u2019\u00e9veil, de bain avec couineur. Un livre de bain faisant du bruit pour favoriser l\u2019\u00e9veil des plus petits.Des couleurs s\u00e9lectionn\u00e9es favorisent l\u2019\u00e9veil du b\u00e9b\u00e9 d\u00e8s les premiers jours de sa vie.A l&rsquo;int\u00e9rieur il y a un couineur qui attirera l&rsquo;attention de l&rsquo;enfant en faisant bruit.Gr\u00e2ce \u00e0 [&hellip;]<\/p>\n","protected":false},"featured_media":10055,"template":"","meta":[],"product_cat":[3474,3501,3477],"product_tag":[],"class_list":{"0":"post-10067","1":"product","2":"type-product","3":"status-publish","4":"has-post-thumbnail","6":"product_cat-amusement-et-education","7":"product_cat-bain","8":"product_cat-jouets-sensoriels-et-educatifis","10":"first","11":"instock","12":"shipping-taxable","13":"product-type-simple"},"yoast_head":"<!-- This site is optimized with the Yoast SEO plugin v26.2 - https:\/\/yoast.com\/wordpress\/plugins\/seo\/ -->\n<title>Livret d\u2019\u00e9veil, ton premier livret, - Akuku<\/title>\n<meta name=\"description\" content=\"Sprawd\u017a nasz produkt: Livret d\u2019\u00e9veil, ton premier livret,. Produkty Akuku - odpowiednie dla mam i niemowl\u0105t!\" \/>\n<meta name=\"robots\" content=\"index, follow, max-snippet:-1, max-image-preview:large, max-video-preview:-1\" \/>\n<link rel=\"canonical\" href=\"https:\/\/akuku.com.pl\/fr\/catalogue-de-produits\/amusement-et-education\/jouets-sensoriels-et-educatifis\/livret-deveil-ton-premier-livret-a0476\/\" \/>\n<meta property=\"og:locale\" content=\"fr_FR\" \/>\n<meta property=\"og:type\" content=\"article\" \/>\n<meta property=\"og:title\" content=\"Livret d\u2019\u00e9veil, ton premier livret, - Akuku\" \/>\n<meta property=\"og:description\" content=\"Sprawd\u017a nasz produkt: Livret d\u2019\u00e9veil, ton premier livret,. Produkty Akuku - odpowiednie dla mam i niemowl\u0105t!\" \/>\n<meta property=\"og:url\" content=\"https:\/\/akuku.com.pl\/fr\/catalogue-de-produits\/amusement-et-education\/jouets-sensoriels-et-educatifis\/livret-deveil-ton-premier-livret-a0476\/\" \/>\n<meta property=\"og:site_name\" content=\"Akuku\" \/>\n<meta property=\"article:publisher\" content=\"https:\/\/www.facebook.com\/markaAKUKU\" \/>\n<meta property=\"article:modified_time\" content=\"2024-07-29T19:52:12+00:00\" \/>\n<meta property=\"og:image\" content=\"https:\/\/akuku.com.pl\/wp-content\/uploads\/2024\/07\/a0476-first-book-1.jpg\" \/>\n\t<meta property=\"og:image:width\" content=\"800\" \/>\n\t<meta property=\"og:image:height\" content=\"800\" \/>\n\t<meta property=\"og:image:type\" content=\"image\/jpeg\" \/>\n<meta name=\"twitter:card\" content=\"summary_large_image\" \/>\n<meta name=\"twitter:label1\" content=\"Dur\u00e9e de lecture estim\u00e9e\" \/>\n\t<meta name=\"twitter:data1\" content=\"1 minute\" \/>\n<script type=\"application\/ld+json\" class=\"yoast-schema-graph\">{\"@context\":\"https:\/\/schema.org\",\"@graph\":[{\"@type\":\"WebPage\",\"@id\":\"https:\/\/akuku.com.pl\/fr\/catalogue-de-produits\/amusement-et-education\/jouets-sensoriels-et-educatifis\/livret-deveil-ton-premier-livret-a0476\/\",\"url\":\"https:\/\/akuku.com.pl\/fr\/catalogue-de-produits\/amusement-et-education\/jouets-sensoriels-et-educatifis\/livret-deveil-ton-premier-livret-a0476\/\",\"name\":\"Livret d\u2019\u00e9veil, ton premier livret, - Akuku\",\"isPartOf\":{\"@id\":\"https:\/\/akuku.com.pl\/fr\/#website\"},\"primaryImageOfPage\":{\"@id\":\"https:\/\/akuku.com.pl\/fr\/catalogue-de-produits\/amusement-et-education\/jouets-sensoriels-et-educatifis\/livret-deveil-ton-premier-livret-a0476\/#primaryimage\"},\"image\":{\"@id\":\"https:\/\/akuku.com.pl\/fr\/catalogue-de-produits\/amusement-et-education\/jouets-sensoriels-et-educatifis\/livret-deveil-ton-premier-livret-a0476\/#primaryimage\"},\"thumbnailUrl\":\"https:\/\/akuku.com.pl\/wp-content\/uploads\/2024\/07\/a0476-first-book-1.jpg\",\"datePublished\":\"2024-07-04T21:11:32+00:00\",\"dateModified\":\"2024-07-29T19:52:12+00:00\",\"description\":\"Sprawd\u017a nasz produkt: Livret d\u2019\u00e9veil, ton premier livret,. Produkty Akuku - odpowiednie dla mam i niemowl\u0105t!\",\"breadcrumb\":{\"@id\":\"https:\/\/akuku.com.pl\/fr\/catalogue-de-produits\/amusement-et-education\/jouets-sensoriels-et-educatifis\/livret-deveil-ton-premier-livret-a0476\/#breadcrumb\"},\"inLanguage\":\"fr-FR\",\"potentialAction\":[{\"@type\":\"ReadAction\",\"target\":[\"https:\/\/akuku.com.pl\/fr\/catalogue-de-produits\/amusement-et-education\/jouets-sensoriels-et-educatifis\/livret-deveil-ton-premier-livret-a0476\/\"]}]},{\"@type\":\"ImageObject\",\"inLanguage\":\"fr-FR\",\"@id\":\"https:\/\/akuku.com.pl\/fr\/catalogue-de-produits\/amusement-et-education\/jouets-sensoriels-et-educatifis\/livret-deveil-ton-premier-livret-a0476\/#primaryimage\",\"url\":\"https:\/\/akuku.com.pl\/wp-content\/uploads\/2024\/07\/a0476-first-book-1.jpg\",\"contentUrl\":\"https:\/\/akuku.com.pl\/wp-content\/uploads\/2024\/07\/a0476-first-book-1.jpg\",\"width\":800,\"height\":800},{\"@type\":\"BreadcrumbList\",\"@id\":\"https:\/\/akuku.com.pl\/fr\/catalogue-de-produits\/amusement-et-education\/jouets-sensoriels-et-educatifis\/livret-deveil-ton-premier-livret-a0476\/#breadcrumb\",\"itemListElement\":[{\"@type\":\"ListItem\",\"position\":1,\"name\":\"Strona g\u0142\u00f3wna\",\"item\":\"https:\/\/akuku.com.pl\/fr\/\"},{\"@type\":\"ListItem\",\"position\":2,\"name\":\"Boutique\",\"item\":\"https:\/\/akuku.com.pl\/wszystkie-produkty\/\"},{\"@type\":\"ListItem\",\"position\":3,\"name\":\"Livret d\u2019\u00e9veil, ton premier livret,\"}]},{\"@type\":\"WebSite\",\"@id\":\"https:\/\/akuku.com.pl\/fr\/#website\",\"url\":\"https:\/\/akuku.com.pl\/fr\/\",\"name\":\"Akuku.com.pl\",\"description\":\"\",\"publisher\":{\"@id\":\"https:\/\/akuku.com.pl\/fr\/#organization\"},\"potentialAction\":[{\"@type\":\"SearchAction\",\"target\":{\"@type\":\"EntryPoint\",\"urlTemplate\":\"https:\/\/akuku.com.pl\/fr\/?s={search_term_string}\"},\"query-input\":{\"@type\":\"PropertyValueSpecification\",\"valueRequired\":true,\"valueName\":\"search_term_string\"}}],\"inLanguage\":\"fr-FR\"},{\"@type\":\"Organization\",\"@id\":\"https:\/\/akuku.com.pl\/fr\/#organization\",\"name\":\"Akuku.com.pl\",\"url\":\"https:\/\/akuku.com.pl\/fr\/\",\"logo\":{\"@type\":\"ImageObject\",\"inLanguage\":\"fr-FR\",\"@id\":\"https:\/\/akuku.com.pl\/fr\/#\/schema\/logo\/image\/\",\"url\":\"https:\/\/akuku.com.pl\/wp-content\/uploads\/2024\/04\/akuku-logo.svg\",\"contentUrl\":\"https:\/\/akuku.com.pl\/wp-content\/uploads\/2024\/04\/akuku-logo.svg\",\"width\":114,\"height\":50,\"caption\":\"Akuku.com.pl\"},\"image\":{\"@id\":\"https:\/\/akuku.com.pl\/fr\/#\/schema\/logo\/image\/\"},\"sameAs\":[\"https:\/\/www.facebook.com\/markaAKUKU\"]}]}<\/script>\n<!-- \/ Yoast SEO plugin. -->","yoast_head_json":{"title":"Livret d\u2019\u00e9veil, ton premier livret, - Akuku","description":"Sprawd\u017a nasz produkt: Livret d\u2019\u00e9veil, ton premier livret,. Produkty Akuku - odpowiednie dla mam i niemowl\u0105t!","robots":{"index":"index","follow":"follow","max-snippet":"max-snippet:-1","max-image-preview":"max-image-preview:large","max-video-preview":"max-video-preview:-1"},"canonical":"https:\/\/akuku.com.pl\/fr\/catalogue-de-produits\/amusement-et-education\/jouets-sensoriels-et-educatifis\/livret-deveil-ton-premier-livret-a0476\/","og_locale":"fr_FR","og_type":"article","og_title":"Livret d\u2019\u00e9veil, ton premier livret, - Akuku","og_description":"Sprawd\u017a nasz produkt: Livret d\u2019\u00e9veil, ton premier livret,. Produkty Akuku - odpowiednie dla mam i niemowl\u0105t!","og_url":"https:\/\/akuku.com.pl\/fr\/catalogue-de-produits\/amusement-et-education\/jouets-sensoriels-et-educatifis\/livret-deveil-ton-premier-livret-a0476\/","og_site_name":"Akuku","article_publisher":"https:\/\/www.facebook.com\/markaAKUKU","article_modified_time":"2024-07-29T19:52:12+00:00","og_image":[{"width":800,"height":800,"url":"https:\/\/akuku.com.pl\/wp-content\/uploads\/2024\/07\/a0476-first-book-1.jpg","type":"image\/jpeg"}],"twitter_card":"summary_large_image","twitter_misc":{"Dur\u00e9e de lecture estim\u00e9e":"1 minute"},"schema":{"@context":"https:\/\/schema.org","@graph":[{"@type":"WebPage","@id":"https:\/\/akuku.com.pl\/fr\/catalogue-de-produits\/amusement-et-education\/jouets-sensoriels-et-educatifis\/livret-deveil-ton-premier-livret-a0476\/","url":"https:\/\/akuku.com.pl\/fr\/catalogue-de-produits\/amusement-et-education\/jouets-sensoriels-et-educatifis\/livret-deveil-ton-premier-livret-a0476\/","name":"Livret d\u2019\u00e9veil, ton premier livret, - Akuku","isPartOf":{"@id":"https:\/\/akuku.com.pl\/fr\/#website"},"primaryImageOfPage":{"@id":"https:\/\/akuku.com.pl\/fr\/catalogue-de-produits\/amusement-et-education\/jouets-sensoriels-et-educatifis\/livret-deveil-ton-premier-livret-a0476\/#primaryimage"},"image":{"@id":"https:\/\/akuku.com.pl\/fr\/catalogue-de-produits\/amusement-et-education\/jouets-sensoriels-et-educatifis\/livret-deveil-ton-premier-livret-a0476\/#primaryimage"},"thumbnailUrl":"https:\/\/akuku.com.pl\/wp-content\/uploads\/2024\/07\/a0476-first-book-1.jpg","datePublished":"2024-07-04T21:11:32+00:00","dateModified":"2024-07-29T19:52:12+00:00","description":"Sprawd\u017a nasz produkt: Livret d\u2019\u00e9veil, ton premier livret,. Produkty Akuku - odpowiednie dla mam i niemowl\u0105t!","breadcrumb":{"@id":"https:\/\/akuku.com.pl\/fr\/catalogue-de-produits\/amusement-et-education\/jouets-sensoriels-et-educatifis\/livret-deveil-ton-premier-livret-a0476\/#breadcrumb"},"inLanguage":"fr-FR","potentialAction":[{"@type":"ReadAction","target":["https:\/\/akuku.com.pl\/fr\/catalogue-de-produits\/amusement-et-education\/jouets-sensoriels-et-educatifis\/livret-deveil-ton-premier-livret-a0476\/"]}]},{"@type":"ImageObject","inLanguage":"fr-FR","@id":"https:\/\/akuku.com.pl\/fr\/catalogue-de-produits\/amusement-et-education\/jouets-sensoriels-et-educatifis\/livret-deveil-ton-premier-livret-a0476\/#primaryimage","url":"https:\/\/akuku.com.pl\/wp-content\/uploads\/2024\/07\/a0476-first-book-1.jpg","contentUrl":"https:\/\/akuku.com.pl\/wp-content\/uploads\/2024\/07\/a0476-first-book-1.jpg","width":800,"height":800},{"@type":"BreadcrumbList","@id":"https:\/\/akuku.com.pl\/fr\/catalogue-de-produits\/amusement-et-education\/jouets-sensoriels-et-educatifis\/livret-deveil-ton-premier-livret-a0476\/#breadcrumb","itemListElement":[{"@type":"ListItem","position":1,"name":"Strona g\u0142\u00f3wna","item":"https:\/\/akuku.com.pl\/fr\/"},{"@type":"ListItem","position":2,"name":"Boutique","item":"https:\/\/akuku.com.pl\/wszystkie-produkty\/"},{"@type":"ListItem","position":3,"name":"Livret d\u2019\u00e9veil, ton premier livret,"}]},{"@type":"WebSite","@id":"https:\/\/akuku.com.pl\/fr\/#website","url":"https:\/\/akuku.com.pl\/fr\/","name":"Akuku.com.pl","description":"","publisher":{"@id":"https:\/\/akuku.com.pl\/fr\/#organization"},"potentialAction":[{"@type":"SearchAction","target":{"@type":"EntryPoint","urlTemplate":"https:\/\/akuku.com.pl\/fr\/?s={search_term_string}"},"query-input":{"@type":"PropertyValueSpecification","valueRequired":true,"valueName":"search_term_string"}}],"inLanguage":"fr-FR"},{"@type":"Organization","@id":"https:\/\/akuku.com.pl\/fr\/#organization","name":"Akuku.com.pl","url":"https:\/\/akuku.com.pl\/fr\/","logo":{"@type":"ImageObject","inLanguage":"fr-FR","@id":"https:\/\/akuku.com.pl\/fr\/#\/schema\/logo\/image\/","url":"https:\/\/akuku.com.pl\/wp-content\/uploads\/2024\/04\/akuku-logo.svg","contentUrl":"https:\/\/akuku.com.pl\/wp-content\/uploads\/2024\/04\/akuku-logo.svg","width":114,"height":50,"caption":"Akuku.com.pl"},"image":{"@id":"https:\/\/akuku.com.pl\/fr\/#\/schema\/logo\/image\/"},"sameAs":["https:\/\/www.facebook.com\/markaAKUKU"]}]}},"_links":{"self":[{"href":"https:\/\/akuku.com.pl\/fr\/wp-json\/wp\/v2\/product\/10067","targetHints":{"allow":["GET"]}}],"collection":[{"href":"https:\/\/akuku.com.pl\/fr\/wp-json\/wp\/v2\/product"}],"about":[{"href":"https:\/\/akuku.com.pl\/fr\/wp-json\/wp\/v2\/types\/product"}],"wp:featuredmedia":[{"embeddable":true,"href":"https:\/\/akuku.com.pl\/fr\/wp-json\/wp\/v2\/media\/10055"}],"wp:attachment":[{"href":"https:\/\/akuku.com.pl\/fr\/wp-json\/wp\/v2\/media?parent=10067"}],"wp:term":[{"taxonomy":"product_cat","embeddable":true,"href":"https:\/\/akuku.com.pl\/fr\/wp-json\/wp\/v2\/product_cat?post=10067"},{"taxonomy":"product_tag","embeddable":true,"href":"https:\/\/akuku.com.pl\/fr\/wp-json\/wp\/v2\/product_tag?post=10067"}],"curies":[{"name":"wp","href":"https:\/\/api.w.org\/{rel}","templated":true}]}}