{"id":10022,"date":"2024-07-04T23:10:47","date_gmt":"2024-07-04T21:10:47","guid":{"rendered":"https:\/\/wp.akuku.com.pl\/sklep\/non%20class\u00e9\/famille-treflik-tapis-dessin-a-leau-a0638\/"},"modified":"2024-07-29T21:52:14","modified_gmt":"2024-07-29T19:52:14","slug":"famille-treflik-tapis-dessin-a-leau-a0638","status":"publish","type":"product","link":"https:\/\/akuku.com.pl\/fr\/catalogue-de-produits\/amusement-et-education\/jouets-sensoriels-et-educatifis\/famille-treflik-tapis-dessin-a-leau-a0638\/","title":{"rendered":"Famille Treflik: tapis dessin \u00e0 l&rsquo;eau"},"content":{"rendered":"<p style=\"text-align: justify\">\u00a0<\/p>\n<p>Famille Treflik: tapis dessin \u00e0 l&rsquo;eau A0638<\/p>\n<p>Tous les parents savent parfaitement combien de joie et de plaisir donne \u00e0 l\u2019enfant l\u2019activit\u00e9 de dessiner. <br \/>L&rsquo;offre de la marque Akuku sera tr\u00e8s bient\u00f4t \u00e9largie d\u2019un nouveau produit de ce type. <br \/>Ainsi, le tapis dessin de marque Akuku est un espace qui permet de cr\u00e9er des dessins \u00e0 l&rsquo;aide d&rsquo;un marqueur \u00e0 l\u2019eau. <br \/>Apr\u00e8s avoir sech\u00e9, les dessins disparaissent comme par magie, afin que votre tout-petit puisse redessiner ses cr\u00e9ations \u00e0 l&rsquo;infini. <br \/>Aucune encre, peinture ou crayon n\u2019est n\u00e9cessaire. <br \/>Remplissez le marqueur magique d&rsquo;eau et regardez les histoires prendre vie en peignant sur les zones blanches. <br \/>La famille Treflik rendra le plaisir sur le tapis plus agr\u00e9able. <br \/>Treflik et Treflinka, Gondu\u015b et Little Wujcio seront d&rsquo;excellents compagnons, sans oublier une autruche bleue, le h\u00e9ros de l&rsquo;\u00e9pisode \u00ab\u00a0Living Water\u00a0\u00bb. <br \/>S&rsquo;amuser avec un tel groupe de personnages est un plaisir pur.<br \/>L&rsquo;objectif principal du produit: \u00e9veil de l&rsquo;enfant<br \/>Notre tapis dessin \u00e0 l&rsquo;eau est un formidable jouet \u00e9ducatif qui d\u00e9veloppe :<br \/>\u2022 concentration,<br \/>\u2022 cr\u00e9ativit\u00e9,<br \/>\u2022 coordination motrice,<br \/>\u2022 perception \u0153il-main<br \/>sans oublier le plaisir de d\u00e9couverte. Alors, on y va?<br \/>La boite contient:<br \/>&#8211; tapis 76 x 58 cm,<br \/>&#8211; 2 marqueurs,<br \/>&#8211; mod\u00e8le avec chiffres et formes,<br \/>&#8211; manuel pour apprendre \u00e0 dessiner.<\/p>\n","protected":false},"excerpt":{"rendered":"<p>\u00a0 Famille Treflik: tapis dessin \u00e0 l&rsquo;eau A0638 Tous les parents savent parfaitement combien de joie et de plaisir donne \u00e0 l\u2019enfant l\u2019activit\u00e9 de dessiner. L&rsquo;offre de la marque Akuku sera tr\u00e8s bient\u00f4t \u00e9largie d\u2019un nouveau produit de ce type. Ainsi, le tapis dessin de marque Akuku est un espace qui permet de cr\u00e9er des [&hellip;]<\/p>\n","protected":false},"featured_media":9974,"template":"","meta":[],"product_cat":[3474,3477],"product_tag":[],"class_list":{"0":"post-10022","1":"product","2":"type-product","3":"status-publish","4":"has-post-thumbnail","6":"product_cat-amusement-et-education","7":"product_cat-jouets-sensoriels-et-educatifis","9":"first","10":"instock","11":"shipping-taxable","12":"product-type-simple"},"yoast_head":"<!-- This site is optimized with the Yoast SEO plugin v26.2 - https:\/\/yoast.com\/wordpress\/plugins\/seo\/ -->\n<title>Famille Treflik: tapis dessin \u00e0 l&#039;eau - Akuku<\/title>\n<meta name=\"description\" content=\"Sprawd\u017a nasz produkt: Famille Treflik: tapis dessin \u00e0 l&#039;eau. Produkty Akuku - odpowiednie dla mam i niemowl\u0105t!\" \/>\n<meta name=\"robots\" content=\"index, follow, max-snippet:-1, max-image-preview:large, max-video-preview:-1\" \/>\n<link rel=\"canonical\" href=\"https:\/\/akuku.com.pl\/fr\/catalogue-de-produits\/amusement-et-education\/jouets-sensoriels-et-educatifis\/famille-treflik-tapis-dessin-a-leau-a0638\/\" \/>\n<meta property=\"og:locale\" content=\"fr_FR\" \/>\n<meta property=\"og:type\" content=\"article\" \/>\n<meta property=\"og:title\" content=\"Famille Treflik: tapis dessin \u00e0 l&#039;eau - Akuku\" \/>\n<meta property=\"og:description\" content=\"Sprawd\u017a nasz produkt: Famille Treflik: tapis dessin \u00e0 l&#039;eau. Produkty Akuku - odpowiednie dla mam i niemowl\u0105t!\" \/>\n<meta property=\"og:url\" content=\"https:\/\/akuku.com.pl\/fr\/catalogue-de-produits\/amusement-et-education\/jouets-sensoriels-et-educatifis\/famille-treflik-tapis-dessin-a-leau-a0638\/\" \/>\n<meta property=\"og:site_name\" content=\"Akuku\" \/>\n<meta property=\"article:publisher\" content=\"https:\/\/www.facebook.com\/markaAKUKU\" \/>\n<meta property=\"article:modified_time\" content=\"2024-07-29T19:52:14+00:00\" \/>\n<meta property=\"og:image\" content=\"https:\/\/akuku.com.pl\/wp-content\/uploads\/2024\/07\/a0638-treflili-3.jpg\" \/>\n\t<meta property=\"og:image:width\" content=\"800\" \/>\n\t<meta property=\"og:image:height\" content=\"800\" \/>\n\t<meta property=\"og:image:type\" content=\"image\/jpeg\" \/>\n<meta name=\"twitter:card\" content=\"summary_large_image\" \/>\n<meta name=\"twitter:label1\" content=\"Dur\u00e9e de lecture estim\u00e9e\" \/>\n\t<meta name=\"twitter:data1\" content=\"1 minute\" \/>\n<script type=\"application\/ld+json\" class=\"yoast-schema-graph\">{\"@context\":\"https:\/\/schema.org\",\"@graph\":[{\"@type\":\"WebPage\",\"@id\":\"https:\/\/akuku.com.pl\/fr\/catalogue-de-produits\/amusement-et-education\/jouets-sensoriels-et-educatifis\/famille-treflik-tapis-dessin-a-leau-a0638\/\",\"url\":\"https:\/\/akuku.com.pl\/fr\/catalogue-de-produits\/amusement-et-education\/jouets-sensoriels-et-educatifis\/famille-treflik-tapis-dessin-a-leau-a0638\/\",\"name\":\"Famille Treflik: tapis dessin \u00e0 l'eau - Akuku\",\"isPartOf\":{\"@id\":\"https:\/\/akuku.com.pl\/fr\/#website\"},\"primaryImageOfPage\":{\"@id\":\"https:\/\/akuku.com.pl\/fr\/catalogue-de-produits\/amusement-et-education\/jouets-sensoriels-et-educatifis\/famille-treflik-tapis-dessin-a-leau-a0638\/#primaryimage\"},\"image\":{\"@id\":\"https:\/\/akuku.com.pl\/fr\/catalogue-de-produits\/amusement-et-education\/jouets-sensoriels-et-educatifis\/famille-treflik-tapis-dessin-a-leau-a0638\/#primaryimage\"},\"thumbnailUrl\":\"https:\/\/akuku.com.pl\/wp-content\/uploads\/2024\/07\/a0638-treflili-3.jpg\",\"datePublished\":\"2024-07-04T21:10:47+00:00\",\"dateModified\":\"2024-07-29T19:52:14+00:00\",\"description\":\"Sprawd\u017a nasz produkt: Famille Treflik: tapis dessin \u00e0 l'eau. Produkty Akuku - odpowiednie dla mam i niemowl\u0105t!\",\"breadcrumb\":{\"@id\":\"https:\/\/akuku.com.pl\/fr\/catalogue-de-produits\/amusement-et-education\/jouets-sensoriels-et-educatifis\/famille-treflik-tapis-dessin-a-leau-a0638\/#breadcrumb\"},\"inLanguage\":\"fr-FR\",\"potentialAction\":[{\"@type\":\"ReadAction\",\"target\":[\"https:\/\/akuku.com.pl\/fr\/catalogue-de-produits\/amusement-et-education\/jouets-sensoriels-et-educatifis\/famille-treflik-tapis-dessin-a-leau-a0638\/\"]}]},{\"@type\":\"ImageObject\",\"inLanguage\":\"fr-FR\",\"@id\":\"https:\/\/akuku.com.pl\/fr\/catalogue-de-produits\/amusement-et-education\/jouets-sensoriels-et-educatifis\/famille-treflik-tapis-dessin-a-leau-a0638\/#primaryimage\",\"url\":\"https:\/\/akuku.com.pl\/wp-content\/uploads\/2024\/07\/a0638-treflili-3.jpg\",\"contentUrl\":\"https:\/\/akuku.com.pl\/wp-content\/uploads\/2024\/07\/a0638-treflili-3.jpg\",\"width\":800,\"height\":800},{\"@type\":\"BreadcrumbList\",\"@id\":\"https:\/\/akuku.com.pl\/fr\/catalogue-de-produits\/amusement-et-education\/jouets-sensoriels-et-educatifis\/famille-treflik-tapis-dessin-a-leau-a0638\/#breadcrumb\",\"itemListElement\":[{\"@type\":\"ListItem\",\"position\":1,\"name\":\"Strona g\u0142\u00f3wna\",\"item\":\"https:\/\/akuku.com.pl\/fr\/\"},{\"@type\":\"ListItem\",\"position\":2,\"name\":\"Boutique\",\"item\":\"https:\/\/akuku.com.pl\/wszystkie-produkty\/\"},{\"@type\":\"ListItem\",\"position\":3,\"name\":\"Famille Treflik: tapis dessin \u00e0 l&rsquo;eau\"}]},{\"@type\":\"WebSite\",\"@id\":\"https:\/\/akuku.com.pl\/fr\/#website\",\"url\":\"https:\/\/akuku.com.pl\/fr\/\",\"name\":\"Akuku.com.pl\",\"description\":\"\",\"publisher\":{\"@id\":\"https:\/\/akuku.com.pl\/fr\/#organization\"},\"potentialAction\":[{\"@type\":\"SearchAction\",\"target\":{\"@type\":\"EntryPoint\",\"urlTemplate\":\"https:\/\/akuku.com.pl\/fr\/?s={search_term_string}\"},\"query-input\":{\"@type\":\"PropertyValueSpecification\",\"valueRequired\":true,\"valueName\":\"search_term_string\"}}],\"inLanguage\":\"fr-FR\"},{\"@type\":\"Organization\",\"@id\":\"https:\/\/akuku.com.pl\/fr\/#organization\",\"name\":\"Akuku.com.pl\",\"url\":\"https:\/\/akuku.com.pl\/fr\/\",\"logo\":{\"@type\":\"ImageObject\",\"inLanguage\":\"fr-FR\",\"@id\":\"https:\/\/akuku.com.pl\/fr\/#\/schema\/logo\/image\/\",\"url\":\"https:\/\/akuku.com.pl\/wp-content\/uploads\/2024\/04\/akuku-logo.svg\",\"contentUrl\":\"https:\/\/akuku.com.pl\/wp-content\/uploads\/2024\/04\/akuku-logo.svg\",\"width\":114,\"height\":50,\"caption\":\"Akuku.com.pl\"},\"image\":{\"@id\":\"https:\/\/akuku.com.pl\/fr\/#\/schema\/logo\/image\/\"},\"sameAs\":[\"https:\/\/www.facebook.com\/markaAKUKU\"]}]}<\/script>\n<!-- \/ Yoast SEO plugin. -->","yoast_head_json":{"title":"Famille Treflik: tapis dessin \u00e0 l'eau - Akuku","description":"Sprawd\u017a nasz produkt: Famille Treflik: tapis dessin \u00e0 l'eau. Produkty Akuku - odpowiednie dla mam i niemowl\u0105t!","robots":{"index":"index","follow":"follow","max-snippet":"max-snippet:-1","max-image-preview":"max-image-preview:large","max-video-preview":"max-video-preview:-1"},"canonical":"https:\/\/akuku.com.pl\/fr\/catalogue-de-produits\/amusement-et-education\/jouets-sensoriels-et-educatifis\/famille-treflik-tapis-dessin-a-leau-a0638\/","og_locale":"fr_FR","og_type":"article","og_title":"Famille Treflik: tapis dessin \u00e0 l'eau - Akuku","og_description":"Sprawd\u017a nasz produkt: Famille Treflik: tapis dessin \u00e0 l'eau. Produkty Akuku - odpowiednie dla mam i niemowl\u0105t!","og_url":"https:\/\/akuku.com.pl\/fr\/catalogue-de-produits\/amusement-et-education\/jouets-sensoriels-et-educatifis\/famille-treflik-tapis-dessin-a-leau-a0638\/","og_site_name":"Akuku","article_publisher":"https:\/\/www.facebook.com\/markaAKUKU","article_modified_time":"2024-07-29T19:52:14+00:00","og_image":[{"width":800,"height":800,"url":"https:\/\/akuku.com.pl\/wp-content\/uploads\/2024\/07\/a0638-treflili-3.jpg","type":"image\/jpeg"}],"twitter_card":"summary_large_image","twitter_misc":{"Dur\u00e9e de lecture estim\u00e9e":"1 minute"},"schema":{"@context":"https:\/\/schema.org","@graph":[{"@type":"WebPage","@id":"https:\/\/akuku.com.pl\/fr\/catalogue-de-produits\/amusement-et-education\/jouets-sensoriels-et-educatifis\/famille-treflik-tapis-dessin-a-leau-a0638\/","url":"https:\/\/akuku.com.pl\/fr\/catalogue-de-produits\/amusement-et-education\/jouets-sensoriels-et-educatifis\/famille-treflik-tapis-dessin-a-leau-a0638\/","name":"Famille Treflik: tapis dessin \u00e0 l'eau - Akuku","isPartOf":{"@id":"https:\/\/akuku.com.pl\/fr\/#website"},"primaryImageOfPage":{"@id":"https:\/\/akuku.com.pl\/fr\/catalogue-de-produits\/amusement-et-education\/jouets-sensoriels-et-educatifis\/famille-treflik-tapis-dessin-a-leau-a0638\/#primaryimage"},"image":{"@id":"https:\/\/akuku.com.pl\/fr\/catalogue-de-produits\/amusement-et-education\/jouets-sensoriels-et-educatifis\/famille-treflik-tapis-dessin-a-leau-a0638\/#primaryimage"},"thumbnailUrl":"https:\/\/akuku.com.pl\/wp-content\/uploads\/2024\/07\/a0638-treflili-3.jpg","datePublished":"2024-07-04T21:10:47+00:00","dateModified":"2024-07-29T19:52:14+00:00","description":"Sprawd\u017a nasz produkt: Famille Treflik: tapis dessin \u00e0 l'eau. Produkty Akuku - odpowiednie dla mam i niemowl\u0105t!","breadcrumb":{"@id":"https:\/\/akuku.com.pl\/fr\/catalogue-de-produits\/amusement-et-education\/jouets-sensoriels-et-educatifis\/famille-treflik-tapis-dessin-a-leau-a0638\/#breadcrumb"},"inLanguage":"fr-FR","potentialAction":[{"@type":"ReadAction","target":["https:\/\/akuku.com.pl\/fr\/catalogue-de-produits\/amusement-et-education\/jouets-sensoriels-et-educatifis\/famille-treflik-tapis-dessin-a-leau-a0638\/"]}]},{"@type":"ImageObject","inLanguage":"fr-FR","@id":"https:\/\/akuku.com.pl\/fr\/catalogue-de-produits\/amusement-et-education\/jouets-sensoriels-et-educatifis\/famille-treflik-tapis-dessin-a-leau-a0638\/#primaryimage","url":"https:\/\/akuku.com.pl\/wp-content\/uploads\/2024\/07\/a0638-treflili-3.jpg","contentUrl":"https:\/\/akuku.com.pl\/wp-content\/uploads\/2024\/07\/a0638-treflili-3.jpg","width":800,"height":800},{"@type":"BreadcrumbList","@id":"https:\/\/akuku.com.pl\/fr\/catalogue-de-produits\/amusement-et-education\/jouets-sensoriels-et-educatifis\/famille-treflik-tapis-dessin-a-leau-a0638\/#breadcrumb","itemListElement":[{"@type":"ListItem","position":1,"name":"Strona g\u0142\u00f3wna","item":"https:\/\/akuku.com.pl\/fr\/"},{"@type":"ListItem","position":2,"name":"Boutique","item":"https:\/\/akuku.com.pl\/wszystkie-produkty\/"},{"@type":"ListItem","position":3,"name":"Famille Treflik: tapis dessin \u00e0 l&rsquo;eau"}]},{"@type":"WebSite","@id":"https:\/\/akuku.com.pl\/fr\/#website","url":"https:\/\/akuku.com.pl\/fr\/","name":"Akuku.com.pl","description":"","publisher":{"@id":"https:\/\/akuku.com.pl\/fr\/#organization"},"potentialAction":[{"@type":"SearchAction","target":{"@type":"EntryPoint","urlTemplate":"https:\/\/akuku.com.pl\/fr\/?s={search_term_string}"},"query-input":{"@type":"PropertyValueSpecification","valueRequired":true,"valueName":"search_term_string"}}],"inLanguage":"fr-FR"},{"@type":"Organization","@id":"https:\/\/akuku.com.pl\/fr\/#organization","name":"Akuku.com.pl","url":"https:\/\/akuku.com.pl\/fr\/","logo":{"@type":"ImageObject","inLanguage":"fr-FR","@id":"https:\/\/akuku.com.pl\/fr\/#\/schema\/logo\/image\/","url":"https:\/\/akuku.com.pl\/wp-content\/uploads\/2024\/04\/akuku-logo.svg","contentUrl":"https:\/\/akuku.com.pl\/wp-content\/uploads\/2024\/04\/akuku-logo.svg","width":114,"height":50,"caption":"Akuku.com.pl"},"image":{"@id":"https:\/\/akuku.com.pl\/fr\/#\/schema\/logo\/image\/"},"sameAs":["https:\/\/www.facebook.com\/markaAKUKU"]}]}},"_links":{"self":[{"href":"https:\/\/akuku.com.pl\/fr\/wp-json\/wp\/v2\/product\/10022","targetHints":{"allow":["GET"]}}],"collection":[{"href":"https:\/\/akuku.com.pl\/fr\/wp-json\/wp\/v2\/product"}],"about":[{"href":"https:\/\/akuku.com.pl\/fr\/wp-json\/wp\/v2\/types\/product"}],"wp:featuredmedia":[{"embeddable":true,"href":"https:\/\/akuku.com.pl\/fr\/wp-json\/wp\/v2\/media\/9974"}],"wp:attachment":[{"href":"https:\/\/akuku.com.pl\/fr\/wp-json\/wp\/v2\/media?parent=10022"}],"wp:term":[{"taxonomy":"product_cat","embeddable":true,"href":"https:\/\/akuku.com.pl\/fr\/wp-json\/wp\/v2\/product_cat?post=10022"},{"taxonomy":"product_tag","embeddable":true,"href":"https:\/\/akuku.com.pl\/fr\/wp-json\/wp\/v2\/product_tag?post=10022"}],"curies":[{"name":"wp","href":"https:\/\/api.w.org\/{rel}","templated":true}]}}