{"id":7754,"date":"2024-07-04T22:47:13","date_gmt":"2024-07-04T20:47:13","guid":{"rendered":"https:\/\/wp.akuku.com.pl\/sklep\/bez-kategorii\/sliniak-z-rekawkiem-misio-a0518\/"},"modified":"2025-01-27T13:30:49","modified_gmt":"2025-01-27T12:30:49","slug":"sliniak-z-rekawkiem-misio-a0518","status":"publish","type":"product","link":"https:\/\/akuku.com.pl\/en\/katalog-produktow\/karmienie\/sliniaki\/sliniaki-ceratkowe\/sliniak-z-rekawkiem-misio-a0518\/","title":{"rendered":"Fartuszek z r\u0119kawkiem"},"content":{"rendered":"<div class=\"textWrap\">\n<div class=\"textWrap\">\n<div class=\"textWrap\">\n<div class=\"textWrap\">\n<div class=\"textWrap\">\n<div class=\"textWrap\">\n<div class=\"textWrap\">\n<div class=\"textWrap\">\n<div class=\"textWrap\">\n<div class=\"textWrap\">\n<p>&nbsp;<\/p>\n<div class=\"textWrap\">\n<p style=\"font-weight: 400; text-align: justify;\">Fartuszek<strong> dzieci\u0119cy z r\u0119kawkami<\/strong> skutecznie <strong>ochroni<\/strong> ubranka Twojego dziecka<strong> przed zabrudzeniem<\/strong> w trakcie jedzenia i podczas zabaw. Wykonany z lekkiego, mi\u0119kkiego oraz \u0142atwo zmywalnego tworzywa EVA. Wyposa\u017cony w du\u017c\u0105 kiesze\u0144, kt\u00f3ra <strong>zatrzymuje resztki pokarmu<\/strong>. Posiada tak\u017ce wygodne zapi\u0119cie na rzep.<strong> \u0141atwy do utrzymania w czysto\u015bci.<\/strong> Wystarczy zaraz po jedzeniu umy\u0107 \u015bliniaczek w ciep\u0142ej wodzie z myd\u0142em dla dzieci.<\/p>\n<p style=\"font-weight: 400;\"><strong>Sk\u0142ad:<\/strong>\u00a0100% EVA<\/p>\n<p style=\"font-weight: 400;\"><strong>Rozmiar:<\/strong>\u00a033 cm (szeroko\u015b\u0107) x 35 cm (d\u0142ugo\u015b\u0107 od szyi)<\/p>\n<p><strong>Ostrze\u017cenie!<\/strong> Zawsze u\u017cywa\u0107 pod nadzorem doros\u0142ych. Sprawd\u017a jako\u015b\u0107 produktu przed podaniem dziecku. Produkt uszkodzony lub zu\u017cyty wymie\u0144 na nowy. Usu\u0144 wszystkie elementy opakowania zanim podasz dziecku.<\/p>\n<\/div>\n<p>KOD EAN: 5907644005185<\/p>\n<\/div>\n<\/div>\n<\/div>\n<\/div>\n<\/div>\n<\/div>\n<\/div>\n<\/div>\n<\/div>\n<\/div>\n","protected":false},"excerpt":{"rendered":"<p>&nbsp; Fartuszek dzieci\u0119cy z r\u0119kawkami skutecznie ochroni ubranka Twojego dziecka przed zabrudzeniem w trakcie jedzenia i podczas zabaw. Wykonany z lekkiego, mi\u0119kkiego oraz \u0142atwo zmywalnego tworzywa EVA. Wyposa\u017cony w du\u017c\u0105 kiesze\u0144, kt\u00f3ra zatrzymuje resztki pokarmu. Posiada tak\u017ce wygodne zapi\u0119cie na rzep. \u0141atwy do utrzymania w czysto\u015bci. Wystarczy zaraz po jedzeniu umy\u0107 \u015bliniaczek w ciep\u0142ej wodzie [&hellip;]<\/p>\n","protected":false},"featured_media":7745,"template":"","meta":[],"product_cat":[3331,3382,3385],"product_tag":[],"class_list":{"0":"post-7754","1":"product","2":"type-product","3":"status-publish","4":"has-post-thumbnail","6":"product_cat-karmienie","7":"product_cat-sliniaki","8":"product_cat-sliniaki-ceratkowe","10":"first","11":"instock","12":"shipping-taxable","13":"product-type-simple"},"yoast_head":"<!-- This site is optimized with the Yoast SEO plugin v26.2 - https:\/\/yoast.com\/wordpress\/plugins\/seo\/ -->\n<title>Fartuszek z r\u0119kawkiem - Akuku<\/title>\n<meta name=\"description\" content=\"Sprawd\u017a nasz produkt: Fartuszek z r\u0119kawkiem. Produkty Akuku - odpowiednie dla mam i niemowl\u0105t!\" \/>\n<meta name=\"robots\" content=\"index, follow, max-snippet:-1, max-image-preview:large, max-video-preview:-1\" \/>\n<link rel=\"canonical\" href=\"https:\/\/akuku.com.pl\/en\/katalog-produktow\/karmienie\/sliniaki\/sliniaki-ceratkowe\/sliniak-z-rekawkiem-misio-a0518\/\" \/>\n<meta property=\"og:locale\" content=\"en_US\" \/>\n<meta property=\"og:type\" content=\"article\" \/>\n<meta property=\"og:title\" content=\"Fartuszek z r\u0119kawkiem - Akuku\" \/>\n<meta property=\"og:description\" content=\"Sprawd\u017a nasz produkt: Fartuszek z r\u0119kawkiem. Produkty Akuku - odpowiednie dla mam i niemowl\u0105t!\" \/>\n<meta property=\"og:url\" content=\"https:\/\/akuku.com.pl\/en\/katalog-produktow\/karmienie\/sliniaki\/sliniaki-ceratkowe\/sliniak-z-rekawkiem-misio-a0518\/\" \/>\n<meta property=\"og:site_name\" content=\"Akuku\" \/>\n<meta property=\"article:publisher\" content=\"https:\/\/www.facebook.com\/markaAKUKU\" \/>\n<meta property=\"article:modified_time\" content=\"2025-01-27T12:30:49+00:00\" \/>\n<meta property=\"og:image\" content=\"https:\/\/akuku.com.pl\/wp-content\/uploads\/2024\/07\/a0518.jpeg\" \/>\n\t<meta property=\"og:image:width\" content=\"720\" \/>\n\t<meta property=\"og:image:height\" content=\"720\" \/>\n\t<meta property=\"og:image:type\" content=\"image\/jpeg\" \/>\n<meta name=\"twitter:card\" content=\"summary_large_image\" \/>\n<meta name=\"twitter:label1\" content=\"Est. reading time\" \/>\n\t<meta name=\"twitter:data1\" content=\"1 minute\" \/>\n<script type=\"application\/ld+json\" class=\"yoast-schema-graph\">{\"@context\":\"https:\/\/schema.org\",\"@graph\":[{\"@type\":\"WebPage\",\"@id\":\"https:\/\/akuku.com.pl\/en\/katalog-produktow\/karmienie\/sliniaki\/sliniaki-ceratkowe\/sliniak-z-rekawkiem-misio-a0518\/\",\"url\":\"https:\/\/akuku.com.pl\/en\/katalog-produktow\/karmienie\/sliniaki\/sliniaki-ceratkowe\/sliniak-z-rekawkiem-misio-a0518\/\",\"name\":\"Fartuszek z r\u0119kawkiem - Akuku\",\"isPartOf\":{\"@id\":\"https:\/\/akuku.com.pl\/en\/#website\"},\"primaryImageOfPage\":{\"@id\":\"https:\/\/akuku.com.pl\/en\/katalog-produktow\/karmienie\/sliniaki\/sliniaki-ceratkowe\/sliniak-z-rekawkiem-misio-a0518\/#primaryimage\"},\"image\":{\"@id\":\"https:\/\/akuku.com.pl\/en\/katalog-produktow\/karmienie\/sliniaki\/sliniaki-ceratkowe\/sliniak-z-rekawkiem-misio-a0518\/#primaryimage\"},\"thumbnailUrl\":\"https:\/\/akuku.com.pl\/wp-content\/uploads\/2024\/07\/a0518.jpeg\",\"datePublished\":\"2024-07-04T20:47:13+00:00\",\"dateModified\":\"2025-01-27T12:30:49+00:00\",\"description\":\"Sprawd\u017a nasz produkt: Fartuszek z r\u0119kawkiem. Produkty Akuku - odpowiednie dla mam i niemowl\u0105t!\",\"breadcrumb\":{\"@id\":\"https:\/\/akuku.com.pl\/en\/katalog-produktow\/karmienie\/sliniaki\/sliniaki-ceratkowe\/sliniak-z-rekawkiem-misio-a0518\/#breadcrumb\"},\"inLanguage\":\"en-US\",\"potentialAction\":[{\"@type\":\"ReadAction\",\"target\":[\"https:\/\/akuku.com.pl\/en\/katalog-produktow\/karmienie\/sliniaki\/sliniaki-ceratkowe\/sliniak-z-rekawkiem-misio-a0518\/\"]}]},{\"@type\":\"ImageObject\",\"inLanguage\":\"en-US\",\"@id\":\"https:\/\/akuku.com.pl\/en\/katalog-produktow\/karmienie\/sliniaki\/sliniaki-ceratkowe\/sliniak-z-rekawkiem-misio-a0518\/#primaryimage\",\"url\":\"https:\/\/akuku.com.pl\/wp-content\/uploads\/2024\/07\/a0518.jpeg\",\"contentUrl\":\"https:\/\/akuku.com.pl\/wp-content\/uploads\/2024\/07\/a0518.jpeg\",\"width\":720,\"height\":720,\"caption\":\"\u015aliniak z r\u0119kawkiem, Misio A0518\"},{\"@type\":\"BreadcrumbList\",\"@id\":\"https:\/\/akuku.com.pl\/en\/katalog-produktow\/karmienie\/sliniaki\/sliniaki-ceratkowe\/sliniak-z-rekawkiem-misio-a0518\/#breadcrumb\",\"itemListElement\":[{\"@type\":\"ListItem\",\"position\":1,\"name\":\"Strona g\u0142\u00f3wna\",\"item\":\"https:\/\/akuku.com.pl\/en\/\"},{\"@type\":\"ListItem\",\"position\":2,\"name\":\"All products\",\"item\":\"https:\/\/akuku.com.pl\/wszystkie-produkty\/\"},{\"@type\":\"ListItem\",\"position\":3,\"name\":\"Fartuszek z r\u0119kawkiem\"}]},{\"@type\":\"WebSite\",\"@id\":\"https:\/\/akuku.com.pl\/en\/#website\",\"url\":\"https:\/\/akuku.com.pl\/en\/\",\"name\":\"Akuku.com.pl\",\"description\":\"\",\"publisher\":{\"@id\":\"https:\/\/akuku.com.pl\/en\/#organization\"},\"potentialAction\":[{\"@type\":\"SearchAction\",\"target\":{\"@type\":\"EntryPoint\",\"urlTemplate\":\"https:\/\/akuku.com.pl\/en\/?s={search_term_string}\"},\"query-input\":{\"@type\":\"PropertyValueSpecification\",\"valueRequired\":true,\"valueName\":\"search_term_string\"}}],\"inLanguage\":\"en-US\"},{\"@type\":\"Organization\",\"@id\":\"https:\/\/akuku.com.pl\/en\/#organization\",\"name\":\"Akuku.com.pl\",\"url\":\"https:\/\/akuku.com.pl\/en\/\",\"logo\":{\"@type\":\"ImageObject\",\"inLanguage\":\"en-US\",\"@id\":\"https:\/\/akuku.com.pl\/en\/#\/schema\/logo\/image\/\",\"url\":\"https:\/\/akuku.com.pl\/wp-content\/uploads\/2024\/04\/akuku-logo.svg\",\"contentUrl\":\"https:\/\/akuku.com.pl\/wp-content\/uploads\/2024\/04\/akuku-logo.svg\",\"width\":114,\"height\":50,\"caption\":\"Akuku.com.pl\"},\"image\":{\"@id\":\"https:\/\/akuku.com.pl\/en\/#\/schema\/logo\/image\/\"},\"sameAs\":[\"https:\/\/www.facebook.com\/markaAKUKU\"]}]}<\/script>\n<!-- \/ Yoast SEO plugin. -->","yoast_head_json":{"title":"Fartuszek z r\u0119kawkiem - Akuku","description":"Sprawd\u017a nasz produkt: Fartuszek z r\u0119kawkiem. Produkty Akuku - odpowiednie dla mam i niemowl\u0105t!","robots":{"index":"index","follow":"follow","max-snippet":"max-snippet:-1","max-image-preview":"max-image-preview:large","max-video-preview":"max-video-preview:-1"},"canonical":"https:\/\/akuku.com.pl\/en\/katalog-produktow\/karmienie\/sliniaki\/sliniaki-ceratkowe\/sliniak-z-rekawkiem-misio-a0518\/","og_locale":"en_US","og_type":"article","og_title":"Fartuszek z r\u0119kawkiem - Akuku","og_description":"Sprawd\u017a nasz produkt: Fartuszek z r\u0119kawkiem. Produkty Akuku - odpowiednie dla mam i niemowl\u0105t!","og_url":"https:\/\/akuku.com.pl\/en\/katalog-produktow\/karmienie\/sliniaki\/sliniaki-ceratkowe\/sliniak-z-rekawkiem-misio-a0518\/","og_site_name":"Akuku","article_publisher":"https:\/\/www.facebook.com\/markaAKUKU","article_modified_time":"2025-01-27T12:30:49+00:00","og_image":[{"width":720,"height":720,"url":"https:\/\/akuku.com.pl\/wp-content\/uploads\/2024\/07\/a0518.jpeg","type":"image\/jpeg"}],"twitter_card":"summary_large_image","twitter_misc":{"Est. reading time":"1 minute"},"schema":{"@context":"https:\/\/schema.org","@graph":[{"@type":"WebPage","@id":"https:\/\/akuku.com.pl\/en\/katalog-produktow\/karmienie\/sliniaki\/sliniaki-ceratkowe\/sliniak-z-rekawkiem-misio-a0518\/","url":"https:\/\/akuku.com.pl\/en\/katalog-produktow\/karmienie\/sliniaki\/sliniaki-ceratkowe\/sliniak-z-rekawkiem-misio-a0518\/","name":"Fartuszek z r\u0119kawkiem - Akuku","isPartOf":{"@id":"https:\/\/akuku.com.pl\/en\/#website"},"primaryImageOfPage":{"@id":"https:\/\/akuku.com.pl\/en\/katalog-produktow\/karmienie\/sliniaki\/sliniaki-ceratkowe\/sliniak-z-rekawkiem-misio-a0518\/#primaryimage"},"image":{"@id":"https:\/\/akuku.com.pl\/en\/katalog-produktow\/karmienie\/sliniaki\/sliniaki-ceratkowe\/sliniak-z-rekawkiem-misio-a0518\/#primaryimage"},"thumbnailUrl":"https:\/\/akuku.com.pl\/wp-content\/uploads\/2024\/07\/a0518.jpeg","datePublished":"2024-07-04T20:47:13+00:00","dateModified":"2025-01-27T12:30:49+00:00","description":"Sprawd\u017a nasz produkt: Fartuszek z r\u0119kawkiem. Produkty Akuku - odpowiednie dla mam i niemowl\u0105t!","breadcrumb":{"@id":"https:\/\/akuku.com.pl\/en\/katalog-produktow\/karmienie\/sliniaki\/sliniaki-ceratkowe\/sliniak-z-rekawkiem-misio-a0518\/#breadcrumb"},"inLanguage":"en-US","potentialAction":[{"@type":"ReadAction","target":["https:\/\/akuku.com.pl\/en\/katalog-produktow\/karmienie\/sliniaki\/sliniaki-ceratkowe\/sliniak-z-rekawkiem-misio-a0518\/"]}]},{"@type":"ImageObject","inLanguage":"en-US","@id":"https:\/\/akuku.com.pl\/en\/katalog-produktow\/karmienie\/sliniaki\/sliniaki-ceratkowe\/sliniak-z-rekawkiem-misio-a0518\/#primaryimage","url":"https:\/\/akuku.com.pl\/wp-content\/uploads\/2024\/07\/a0518.jpeg","contentUrl":"https:\/\/akuku.com.pl\/wp-content\/uploads\/2024\/07\/a0518.jpeg","width":720,"height":720,"caption":"\u015aliniak z r\u0119kawkiem, Misio A0518"},{"@type":"BreadcrumbList","@id":"https:\/\/akuku.com.pl\/en\/katalog-produktow\/karmienie\/sliniaki\/sliniaki-ceratkowe\/sliniak-z-rekawkiem-misio-a0518\/#breadcrumb","itemListElement":[{"@type":"ListItem","position":1,"name":"Strona g\u0142\u00f3wna","item":"https:\/\/akuku.com.pl\/en\/"},{"@type":"ListItem","position":2,"name":"All products","item":"https:\/\/akuku.com.pl\/wszystkie-produkty\/"},{"@type":"ListItem","position":3,"name":"Fartuszek z r\u0119kawkiem"}]},{"@type":"WebSite","@id":"https:\/\/akuku.com.pl\/en\/#website","url":"https:\/\/akuku.com.pl\/en\/","name":"Akuku.com.pl","description":"","publisher":{"@id":"https:\/\/akuku.com.pl\/en\/#organization"},"potentialAction":[{"@type":"SearchAction","target":{"@type":"EntryPoint","urlTemplate":"https:\/\/akuku.com.pl\/en\/?s={search_term_string}"},"query-input":{"@type":"PropertyValueSpecification","valueRequired":true,"valueName":"search_term_string"}}],"inLanguage":"en-US"},{"@type":"Organization","@id":"https:\/\/akuku.com.pl\/en\/#organization","name":"Akuku.com.pl","url":"https:\/\/akuku.com.pl\/en\/","logo":{"@type":"ImageObject","inLanguage":"en-US","@id":"https:\/\/akuku.com.pl\/en\/#\/schema\/logo\/image\/","url":"https:\/\/akuku.com.pl\/wp-content\/uploads\/2024\/04\/akuku-logo.svg","contentUrl":"https:\/\/akuku.com.pl\/wp-content\/uploads\/2024\/04\/akuku-logo.svg","width":114,"height":50,"caption":"Akuku.com.pl"},"image":{"@id":"https:\/\/akuku.com.pl\/en\/#\/schema\/logo\/image\/"},"sameAs":["https:\/\/www.facebook.com\/markaAKUKU"]}]}},"_links":{"self":[{"href":"https:\/\/akuku.com.pl\/en\/wp-json\/wp\/v2\/product\/7754","targetHints":{"allow":["GET"]}}],"collection":[{"href":"https:\/\/akuku.com.pl\/en\/wp-json\/wp\/v2\/product"}],"about":[{"href":"https:\/\/akuku.com.pl\/en\/wp-json\/wp\/v2\/types\/product"}],"wp:featuredmedia":[{"embeddable":true,"href":"https:\/\/akuku.com.pl\/en\/wp-json\/wp\/v2\/media\/7745"}],"wp:attachment":[{"href":"https:\/\/akuku.com.pl\/en\/wp-json\/wp\/v2\/media?parent=7754"}],"wp:term":[{"taxonomy":"product_cat","embeddable":true,"href":"https:\/\/akuku.com.pl\/en\/wp-json\/wp\/v2\/product_cat?post=7754"},{"taxonomy":"product_tag","embeddable":true,"href":"https:\/\/akuku.com.pl\/en\/wp-json\/wp\/v2\/product_tag?post=7754"}],"curies":[{"name":"wp","href":"https:\/\/api.w.org\/{rel}","templated":true}]}}