{"id":7296,"date":"2024-07-04T22:42:16","date_gmt":"2024-07-04T20:42:16","guid":{"rendered":"https:\/\/wp.akuku.com.pl\/sklep\/bez-kategorii\/zapasowe-uszczelki-do-bidonu-a0203-a0204-3-szt\/"},"modified":"2025-01-22T12:12:24","modified_gmt":"2025-01-22T11:12:24","slug":"zapasowe-uszczelki-do-bidonu-a0203-a0204-3-szt","status":"publish","type":"product","link":"https:\/\/akuku.com.pl\/en\/katalog-produktow\/karmienie\/jedzenie-i-picie\/bidony-i-kubki\/zapasowe-uszczelki-do-bidonu-a0203-a0204-3-szt\/","title":{"rendered":"Zapasowe uszczelki"},"content":{"rendered":"<p style=\"text-align: justify;\">Zestaw 3 zapasowych uszczelek do bidon\u00f3w \u201eakuku\u201d o numerach katalogowych A0203, A0204.<\/p>\n<p style=\"text-align: justify;\">Uszczelka chroni bidon przed przeciekaniem.<\/p>\n<p style=\"text-align: justify;\">Produkt ca\u0142kowicie wolny od Bisfenolu A (0% BPA).<br \/>\nUszczelka nie nadaje si\u0119 do mycia w zmywarce.<\/p>\n<p style=\"text-align: justify;\">Ostrze\u017cenie! Produkt nie jest zabawk\u0105 i nale\u017cy go przechowywa\u0107 w miejscu niedost\u0119pnym dla dzieci.<\/p>\n<p style=\"text-align: justify;\">W opakowaniu 3 szt.<\/p>\n<p style=\"text-align: justify;\"><img decoding=\"async\" src=\"https:\/\/akuku.com.pl\/wp-content\/uploads\/2024\/09\/BPA-Free-logo-png_1.png\" alt=\"\" \/>\u00a0 \u00a0<img decoding=\"async\" src=\"https:\/\/ect.h2g.pl\/akuku\/images\/05.png\" alt=\"\" \/><\/p>\n<p>&nbsp;<\/p>\n<p><strong>Ostrze\u017cenie!<\/strong> Produkt nie jest zabawk\u0105. Przechowuj go w miejscu niedost\u0119pnym dla dziecka.<\/p>\n<p>KOD EAN: 5907644002016<\/p>\n<p style=\"text-align: justify;\">\n","protected":false},"excerpt":{"rendered":"<p>Zestaw 3 zapasowych uszczelek do bidon\u00f3w \u201eakuku\u201d o numerach katalogowych A0203, A0204. Uszczelka chroni bidon przed przeciekaniem. Produkt ca\u0142kowicie wolny od Bisfenolu A (0% BPA). Uszczelka nie nadaje si\u0119 do mycia w zmywarce. Ostrze\u017cenie! Produkt nie jest zabawk\u0105 i nale\u017cy go przechowywa\u0107 w miejscu niedost\u0119pnym dla dzieci. W opakowaniu 3 szt. \u00a0 \u00a0 &nbsp; Ostrze\u017cenie! [&hellip;]<\/p>\n","protected":false},"featured_media":6493,"template":"","meta":[],"product_cat":[3331,3367],"product_tag":[],"class_list":{"0":"post-7296","1":"product","2":"type-product","3":"status-publish","4":"has-post-thumbnail","6":"product_cat-karmienie","7":"product_cat-bidony-i-kubki","9":"first","10":"instock","11":"shipping-taxable","12":"product-type-simple"},"yoast_head":"<!-- This site is optimized with the Yoast SEO plugin v26.2 - https:\/\/yoast.com\/wordpress\/plugins\/seo\/ -->\n<title>Zapasowe uszczelki - Akuku<\/title>\n<meta name=\"description\" content=\"Sprawd\u017a nasz produkt: Zapasowe uszczelki. Produkty Akuku - odpowiednie dla mam i niemowl\u0105t!\" \/>\n<meta name=\"robots\" content=\"index, follow, max-snippet:-1, max-image-preview:large, max-video-preview:-1\" \/>\n<link rel=\"canonical\" href=\"https:\/\/akuku.com.pl\/en\/katalog-produktow\/karmienie\/jedzenie-i-picie\/bidony-i-kubki\/zapasowe-uszczelki-do-bidonu-a0203-a0204-3-szt\/\" \/>\n<meta property=\"og:locale\" content=\"en_US\" \/>\n<meta property=\"og:type\" content=\"article\" \/>\n<meta property=\"og:title\" content=\"Zapasowe uszczelki - Akuku\" \/>\n<meta property=\"og:description\" content=\"Sprawd\u017a nasz produkt: Zapasowe uszczelki. Produkty Akuku - odpowiednie dla mam i niemowl\u0105t!\" \/>\n<meta property=\"og:url\" content=\"https:\/\/akuku.com.pl\/en\/katalog-produktow\/karmienie\/jedzenie-i-picie\/bidony-i-kubki\/zapasowe-uszczelki-do-bidonu-a0203-a0204-3-szt\/\" \/>\n<meta property=\"og:site_name\" content=\"Akuku\" \/>\n<meta property=\"article:publisher\" content=\"https:\/\/www.facebook.com\/markaAKUKU\" \/>\n<meta property=\"article:modified_time\" content=\"2025-01-22T11:12:24+00:00\" \/>\n<meta property=\"og:image\" content=\"https:\/\/akuku.com.pl\/wp-content\/uploads\/2024\/07\/a0206.jpg\" \/>\n\t<meta property=\"og:image:width\" content=\"800\" \/>\n\t<meta property=\"og:image:height\" content=\"800\" \/>\n\t<meta property=\"og:image:type\" content=\"image\/jpeg\" \/>\n<meta name=\"twitter:card\" content=\"summary_large_image\" \/>\n<meta name=\"twitter:label1\" content=\"Est. reading time\" \/>\n\t<meta name=\"twitter:data1\" content=\"1 minute\" \/>\n<script type=\"application\/ld+json\" class=\"yoast-schema-graph\">{\"@context\":\"https:\/\/schema.org\",\"@graph\":[{\"@type\":\"WebPage\",\"@id\":\"https:\/\/akuku.com.pl\/en\/katalog-produktow\/karmienie\/jedzenie-i-picie\/bidony-i-kubki\/zapasowe-uszczelki-do-bidonu-a0203-a0204-3-szt\/\",\"url\":\"https:\/\/akuku.com.pl\/en\/katalog-produktow\/karmienie\/jedzenie-i-picie\/bidony-i-kubki\/zapasowe-uszczelki-do-bidonu-a0203-a0204-3-szt\/\",\"name\":\"Zapasowe uszczelki - Akuku\",\"isPartOf\":{\"@id\":\"https:\/\/akuku.com.pl\/en\/#website\"},\"primaryImageOfPage\":{\"@id\":\"https:\/\/akuku.com.pl\/en\/katalog-produktow\/karmienie\/jedzenie-i-picie\/bidony-i-kubki\/zapasowe-uszczelki-do-bidonu-a0203-a0204-3-szt\/#primaryimage\"},\"image\":{\"@id\":\"https:\/\/akuku.com.pl\/en\/katalog-produktow\/karmienie\/jedzenie-i-picie\/bidony-i-kubki\/zapasowe-uszczelki-do-bidonu-a0203-a0204-3-szt\/#primaryimage\"},\"thumbnailUrl\":\"https:\/\/akuku.com.pl\/wp-content\/uploads\/2024\/07\/a0206.jpg\",\"datePublished\":\"2024-07-04T20:42:16+00:00\",\"dateModified\":\"2025-01-22T11:12:24+00:00\",\"description\":\"Sprawd\u017a nasz produkt: Zapasowe uszczelki. Produkty Akuku - odpowiednie dla mam i niemowl\u0105t!\",\"breadcrumb\":{\"@id\":\"https:\/\/akuku.com.pl\/en\/katalog-produktow\/karmienie\/jedzenie-i-picie\/bidony-i-kubki\/zapasowe-uszczelki-do-bidonu-a0203-a0204-3-szt\/#breadcrumb\"},\"inLanguage\":\"en-US\",\"potentialAction\":[{\"@type\":\"ReadAction\",\"target\":[\"https:\/\/akuku.com.pl\/en\/katalog-produktow\/karmienie\/jedzenie-i-picie\/bidony-i-kubki\/zapasowe-uszczelki-do-bidonu-a0203-a0204-3-szt\/\"]}]},{\"@type\":\"ImageObject\",\"inLanguage\":\"en-US\",\"@id\":\"https:\/\/akuku.com.pl\/en\/katalog-produktow\/karmienie\/jedzenie-i-picie\/bidony-i-kubki\/zapasowe-uszczelki-do-bidonu-a0203-a0204-3-szt\/#primaryimage\",\"url\":\"https:\/\/akuku.com.pl\/wp-content\/uploads\/2024\/07\/a0206.jpg\",\"contentUrl\":\"https:\/\/akuku.com.pl\/wp-content\/uploads\/2024\/07\/a0206.jpg\",\"width\":800,\"height\":800,\"caption\":\"Zapasowe uszczelki do bidonu A0203 \/ A0204 3 szt. 5\"},{\"@type\":\"BreadcrumbList\",\"@id\":\"https:\/\/akuku.com.pl\/en\/katalog-produktow\/karmienie\/jedzenie-i-picie\/bidony-i-kubki\/zapasowe-uszczelki-do-bidonu-a0203-a0204-3-szt\/#breadcrumb\",\"itemListElement\":[{\"@type\":\"ListItem\",\"position\":1,\"name\":\"Strona g\u0142\u00f3wna\",\"item\":\"https:\/\/akuku.com.pl\/en\/\"},{\"@type\":\"ListItem\",\"position\":2,\"name\":\"All products\",\"item\":\"https:\/\/akuku.com.pl\/wszystkie-produkty\/\"},{\"@type\":\"ListItem\",\"position\":3,\"name\":\"Zapasowe uszczelki\"}]},{\"@type\":\"WebSite\",\"@id\":\"https:\/\/akuku.com.pl\/en\/#website\",\"url\":\"https:\/\/akuku.com.pl\/en\/\",\"name\":\"Akuku.com.pl\",\"description\":\"\",\"publisher\":{\"@id\":\"https:\/\/akuku.com.pl\/en\/#organization\"},\"potentialAction\":[{\"@type\":\"SearchAction\",\"target\":{\"@type\":\"EntryPoint\",\"urlTemplate\":\"https:\/\/akuku.com.pl\/en\/?s={search_term_string}\"},\"query-input\":{\"@type\":\"PropertyValueSpecification\",\"valueRequired\":true,\"valueName\":\"search_term_string\"}}],\"inLanguage\":\"en-US\"},{\"@type\":\"Organization\",\"@id\":\"https:\/\/akuku.com.pl\/en\/#organization\",\"name\":\"Akuku.com.pl\",\"url\":\"https:\/\/akuku.com.pl\/en\/\",\"logo\":{\"@type\":\"ImageObject\",\"inLanguage\":\"en-US\",\"@id\":\"https:\/\/akuku.com.pl\/en\/#\/schema\/logo\/image\/\",\"url\":\"https:\/\/akuku.com.pl\/wp-content\/uploads\/2024\/04\/akuku-logo.svg\",\"contentUrl\":\"https:\/\/akuku.com.pl\/wp-content\/uploads\/2024\/04\/akuku-logo.svg\",\"width\":114,\"height\":50,\"caption\":\"Akuku.com.pl\"},\"image\":{\"@id\":\"https:\/\/akuku.com.pl\/en\/#\/schema\/logo\/image\/\"},\"sameAs\":[\"https:\/\/www.facebook.com\/markaAKUKU\"]}]}<\/script>\n<!-- \/ Yoast SEO plugin. -->","yoast_head_json":{"title":"Zapasowe uszczelki - Akuku","description":"Sprawd\u017a nasz produkt: Zapasowe uszczelki. Produkty Akuku - odpowiednie dla mam i niemowl\u0105t!","robots":{"index":"index","follow":"follow","max-snippet":"max-snippet:-1","max-image-preview":"max-image-preview:large","max-video-preview":"max-video-preview:-1"},"canonical":"https:\/\/akuku.com.pl\/en\/katalog-produktow\/karmienie\/jedzenie-i-picie\/bidony-i-kubki\/zapasowe-uszczelki-do-bidonu-a0203-a0204-3-szt\/","og_locale":"en_US","og_type":"article","og_title":"Zapasowe uszczelki - Akuku","og_description":"Sprawd\u017a nasz produkt: Zapasowe uszczelki. Produkty Akuku - odpowiednie dla mam i niemowl\u0105t!","og_url":"https:\/\/akuku.com.pl\/en\/katalog-produktow\/karmienie\/jedzenie-i-picie\/bidony-i-kubki\/zapasowe-uszczelki-do-bidonu-a0203-a0204-3-szt\/","og_site_name":"Akuku","article_publisher":"https:\/\/www.facebook.com\/markaAKUKU","article_modified_time":"2025-01-22T11:12:24+00:00","og_image":[{"width":800,"height":800,"url":"https:\/\/akuku.com.pl\/wp-content\/uploads\/2024\/07\/a0206.jpg","type":"image\/jpeg"}],"twitter_card":"summary_large_image","twitter_misc":{"Est. reading time":"1 minute"},"schema":{"@context":"https:\/\/schema.org","@graph":[{"@type":"WebPage","@id":"https:\/\/akuku.com.pl\/en\/katalog-produktow\/karmienie\/jedzenie-i-picie\/bidony-i-kubki\/zapasowe-uszczelki-do-bidonu-a0203-a0204-3-szt\/","url":"https:\/\/akuku.com.pl\/en\/katalog-produktow\/karmienie\/jedzenie-i-picie\/bidony-i-kubki\/zapasowe-uszczelki-do-bidonu-a0203-a0204-3-szt\/","name":"Zapasowe uszczelki - Akuku","isPartOf":{"@id":"https:\/\/akuku.com.pl\/en\/#website"},"primaryImageOfPage":{"@id":"https:\/\/akuku.com.pl\/en\/katalog-produktow\/karmienie\/jedzenie-i-picie\/bidony-i-kubki\/zapasowe-uszczelki-do-bidonu-a0203-a0204-3-szt\/#primaryimage"},"image":{"@id":"https:\/\/akuku.com.pl\/en\/katalog-produktow\/karmienie\/jedzenie-i-picie\/bidony-i-kubki\/zapasowe-uszczelki-do-bidonu-a0203-a0204-3-szt\/#primaryimage"},"thumbnailUrl":"https:\/\/akuku.com.pl\/wp-content\/uploads\/2024\/07\/a0206.jpg","datePublished":"2024-07-04T20:42:16+00:00","dateModified":"2025-01-22T11:12:24+00:00","description":"Sprawd\u017a nasz produkt: Zapasowe uszczelki. Produkty Akuku - odpowiednie dla mam i niemowl\u0105t!","breadcrumb":{"@id":"https:\/\/akuku.com.pl\/en\/katalog-produktow\/karmienie\/jedzenie-i-picie\/bidony-i-kubki\/zapasowe-uszczelki-do-bidonu-a0203-a0204-3-szt\/#breadcrumb"},"inLanguage":"en-US","potentialAction":[{"@type":"ReadAction","target":["https:\/\/akuku.com.pl\/en\/katalog-produktow\/karmienie\/jedzenie-i-picie\/bidony-i-kubki\/zapasowe-uszczelki-do-bidonu-a0203-a0204-3-szt\/"]}]},{"@type":"ImageObject","inLanguage":"en-US","@id":"https:\/\/akuku.com.pl\/en\/katalog-produktow\/karmienie\/jedzenie-i-picie\/bidony-i-kubki\/zapasowe-uszczelki-do-bidonu-a0203-a0204-3-szt\/#primaryimage","url":"https:\/\/akuku.com.pl\/wp-content\/uploads\/2024\/07\/a0206.jpg","contentUrl":"https:\/\/akuku.com.pl\/wp-content\/uploads\/2024\/07\/a0206.jpg","width":800,"height":800,"caption":"Zapasowe uszczelki do bidonu A0203 \/ A0204 3 szt. 5"},{"@type":"BreadcrumbList","@id":"https:\/\/akuku.com.pl\/en\/katalog-produktow\/karmienie\/jedzenie-i-picie\/bidony-i-kubki\/zapasowe-uszczelki-do-bidonu-a0203-a0204-3-szt\/#breadcrumb","itemListElement":[{"@type":"ListItem","position":1,"name":"Strona g\u0142\u00f3wna","item":"https:\/\/akuku.com.pl\/en\/"},{"@type":"ListItem","position":2,"name":"All products","item":"https:\/\/akuku.com.pl\/wszystkie-produkty\/"},{"@type":"ListItem","position":3,"name":"Zapasowe uszczelki"}]},{"@type":"WebSite","@id":"https:\/\/akuku.com.pl\/en\/#website","url":"https:\/\/akuku.com.pl\/en\/","name":"Akuku.com.pl","description":"","publisher":{"@id":"https:\/\/akuku.com.pl\/en\/#organization"},"potentialAction":[{"@type":"SearchAction","target":{"@type":"EntryPoint","urlTemplate":"https:\/\/akuku.com.pl\/en\/?s={search_term_string}"},"query-input":{"@type":"PropertyValueSpecification","valueRequired":true,"valueName":"search_term_string"}}],"inLanguage":"en-US"},{"@type":"Organization","@id":"https:\/\/akuku.com.pl\/en\/#organization","name":"Akuku.com.pl","url":"https:\/\/akuku.com.pl\/en\/","logo":{"@type":"ImageObject","inLanguage":"en-US","@id":"https:\/\/akuku.com.pl\/en\/#\/schema\/logo\/image\/","url":"https:\/\/akuku.com.pl\/wp-content\/uploads\/2024\/04\/akuku-logo.svg","contentUrl":"https:\/\/akuku.com.pl\/wp-content\/uploads\/2024\/04\/akuku-logo.svg","width":114,"height":50,"caption":"Akuku.com.pl"},"image":{"@id":"https:\/\/akuku.com.pl\/en\/#\/schema\/logo\/image\/"},"sameAs":["https:\/\/www.facebook.com\/markaAKUKU"]}]}},"_links":{"self":[{"href":"https:\/\/akuku.com.pl\/en\/wp-json\/wp\/v2\/product\/7296","targetHints":{"allow":["GET"]}}],"collection":[{"href":"https:\/\/akuku.com.pl\/en\/wp-json\/wp\/v2\/product"}],"about":[{"href":"https:\/\/akuku.com.pl\/en\/wp-json\/wp\/v2\/types\/product"}],"wp:featuredmedia":[{"embeddable":true,"href":"https:\/\/akuku.com.pl\/en\/wp-json\/wp\/v2\/media\/6493"}],"wp:attachment":[{"href":"https:\/\/akuku.com.pl\/en\/wp-json\/wp\/v2\/media?parent=7296"}],"wp:term":[{"taxonomy":"product_cat","embeddable":true,"href":"https:\/\/akuku.com.pl\/en\/wp-json\/wp\/v2\/product_cat?post=7296"},{"taxonomy":"product_tag","embeddable":true,"href":"https:\/\/akuku.com.pl\/en\/wp-json\/wp\/v2\/product_tag?post=7296"}],"curies":[{"name":"wp","href":"https:\/\/api.w.org\/{rel}","templated":true}]}}