{"id":6860,"date":"2024-07-04T22:34:34","date_gmt":"2024-07-04T20:34:34","guid":{"rendered":"https:\/\/wp.akuku.com.pl\/sklep\/bez-kategorii\/smoczek-a0120-do-butelki-szerokootworowej-a0107\/"},"modified":"2025-01-22T10:50:06","modified_gmt":"2025-01-22T09:50:06","slug":"smoczek-a0120-do-butelki-szerokootworowej-a0107","status":"publish","type":"product","link":"https:\/\/akuku.com.pl\/en\/katalog-produktow\/karmienie\/butelki-do-karmienia\/smoczek-a0120-do-butelki-szerokootworowej-a0107\/","title":{"rendered":"Smoczki do butelek szerokootworowych"},"content":{"rendered":"<p>&nbsp;<\/p>\n<p style=\"text-align: justify;\">Antykolkowy smoczek o \u015brednim przep\u0142ywie do butelki szerokootworowej nr kat. A0107. Smoczek odprowadza powietrze w trakcie karmienia, co znacznie zmniejsza ryzyko wyst\u0105pienia kolki. Wykonany zosta\u0142 w 100% z wysokiej jako\u015bci silikonu. Przystosowany jest do wielokrotnej dezynfekcji. Przeznaczony dla dzieci w wieku 3-6 miesi\u0119cy. <strong>W opakowaniu 2 sztuki.<\/strong><\/p>\n<p style=\"text-align: justify;\"><strong>Instrukcja:<\/strong> Przed pierwszym u\u017cyciem smoczek wyczy\u015b\u0107 i zdezynfekuj we wrz\u0105cej wodzie. Po ka\u017cdym u\u017cyciu oczy\u015b\u0107 smoczek z resztek pokarmu, umyj pod bie\u017c\u0105c\u0105 wod\u0105 z dodatkiem delikatnego p\u0142ynu, dok\u0142adnie wyp\u0142ucz. Nie zalecamy mycia smoczka w zmywarce, gdy\u017c detergenty lub \u015brodki czyszcz\u0105ce mog\u0105 spowodowa\u0107 uszkodzenie produktu. Do czyszczenia nie u\u017cywaj \u015brodk\u00f3w antybakteryjnych. Smoczek mo\u017cna dezynfekowa\u0107 w sterylizatorze parowym\/elektrycznym oraz wyparza\u0107. Gotowanie oraz twarda woda mog\u0105 powodowa\u0107 powstawanie osadu. Przed ka\u017cdym u\u017cyciem sprawd\u017a smoczek. Rozci\u0105gnij go we wszystkich kierunkach. Szczeg\u00f3lnie dok\u0142adnie sprawdzaj smoczek, gdy dziecko ma z\u0119by. Wyrzu\u0107, gdy zauwa\u017cysz na smoczku pierwsze oznaki uszkodzenia lub os\u0142abienia. Nie dokr\u0119caj nakr\u0119tki ze smoczkiem zbyt mocno, poniewa\u017c smoczek mo\u017ce nie odpowietrza\u0107 si\u0119 w\u0142a\u015bciwie. Nie dziurkuj i nie powi\u0119kszaj otwor\u00f3w smoczka, mo\u017ce to spowodowa\u0107 jego zniszczenie. Soki owocowe lub herbatki mog\u0105 pozostawia\u0107 osad lub przebarwienia, co nie zmienia w\u0142a\u015bciwo\u015bci produktu. Nie zostawiaj smoczka do karmienia w miejscu nas\u0142onecznionym lub gor\u0105cym oraz w \u015brodkach dezynfekuj\u0105cych (\u201eroztw\u00f3r sterylizacyjny\u201d) na czas d\u0142u\u017cszy od zalecanego, poniewa\u017c mo\u017ce to spowodowa\u0107 os\u0142abienie smoczka. Ze wzgl\u0119du na bezpiecze\u0144stwo i higien\u0119 zalecamy wymian\u0119 smoczka na nowy co 1-2 miesi\u0105ce.<\/p>\n<p style=\"text-align: justify;\"><strong>Ostrze\u017cenie! <\/strong>Ze wzgl\u0119d\u00f3w bezpiecze\u0144stwa, podczas karmienia dziecko powinno by\u0107 pod nadzorem osoby doros\u0142ej. Nigdy nie u\u017cywaj smoczka do butelki jako smoczka do uspokajania. Ci\u0105g\u0142e i przed\u0142u\u017cone ssanie p\u0142yn\u00f3w mo\u017ce powodowa\u0107 pr\u00f3chnic\u0119. Zawsze sprawdzaj temperatur\u0119 pokarmu przed karmieniem. Uwaga! Produkt nie jest zabawk\u0105. Przechowuj go w miejscu niedost\u0119pnym dla dziecka.<\/p>\n<p>Produkt ca\u0142kowicie wolny od bisfenolu A (0% BPA).<\/p>\n<p>Przeznaczony dla dzieci 3m+<\/p>\n<p><strong>Do butelki szerokootworowej o nr. kat. A0107<\/strong><\/p>\n<p>&nbsp;<\/p>\n<p><img decoding=\"async\" src=\"https:\/\/akuku.com.pl\/wp-content\/uploads\/2024\/09\/BPA-Free-logo-png_1.png\" alt=\"\" \/>\u00a0 \u00a0<img decoding=\"async\" src=\"https:\/\/ect.h2g.pl\/akuku\/images\/3-wiek.jpg\" alt=\"\" \/>\u00a0<img decoding=\"async\" src=\"https:\/\/akuku.com.pl\/wp-content\/uploads\/2024\/09\/nie-do-uytku-w-mikrofali.jpg\" alt=\"\" \/><img decoding=\"async\" src=\"https:\/\/ect.h2g.pl\/akuku\/images\/nie-do-uytku-w-zmywarce.jpg\" alt=\"\" \/><\/p>\n<p>&nbsp;<\/p>\n<p>&nbsp;<\/p>\n<p>&nbsp;<\/p>\n<p>KOD EAN: 5907644001200<\/p>\n","protected":false},"excerpt":{"rendered":"<p>&nbsp; Antykolkowy smoczek o \u015brednim przep\u0142ywie do butelki szerokootworowej nr kat. A0107. Smoczek odprowadza powietrze w trakcie karmienia, co znacznie zmniejsza ryzyko wyst\u0105pienia kolki. Wykonany zosta\u0142 w 100% z wysokiej jako\u015bci silikonu. Przystosowany jest do wielokrotnej dezynfekcji. Przeznaczony dla dzieci w wieku 3-6 miesi\u0119cy. W opakowaniu 2 sztuki. Instrukcja: Przed pierwszym u\u017cyciem smoczek wyczy\u015b\u0107 i [&hellip;]<\/p>\n","protected":false},"featured_media":5989,"template":"","meta":[],"product_cat":[3331,3334],"product_tag":[],"class_list":{"0":"post-6860","1":"product","2":"type-product","3":"status-publish","4":"has-post-thumbnail","6":"product_cat-karmienie","7":"product_cat-butelki-do-karmienia","9":"first","10":"instock","11":"shipping-taxable","12":"product-type-simple"},"yoast_head":"<!-- This site is optimized with the Yoast SEO plugin v26.2 - https:\/\/yoast.com\/wordpress\/plugins\/seo\/ -->\n<title>Smoczki do butelek szerokootworowych - Akuku<\/title>\n<meta name=\"description\" content=\"Sprawd\u017a nasz produkt: Smoczki do butelek szerokootworowych. Produkty Akuku - odpowiednie dla mam i niemowl\u0105t!\" \/>\n<meta name=\"robots\" content=\"index, follow, max-snippet:-1, max-image-preview:large, max-video-preview:-1\" \/>\n<link rel=\"canonical\" href=\"https:\/\/akuku.com.pl\/en\/katalog-produktow\/karmienie\/butelki-do-karmienia\/smoczek-a0120-do-butelki-szerokootworowej-a0107\/\" \/>\n<meta property=\"og:locale\" content=\"en_US\" \/>\n<meta property=\"og:type\" content=\"article\" \/>\n<meta property=\"og:title\" content=\"Smoczki do butelek szerokootworowych - Akuku\" \/>\n<meta property=\"og:description\" content=\"Sprawd\u017a nasz produkt: Smoczki do butelek szerokootworowych. Produkty Akuku - odpowiednie dla mam i niemowl\u0105t!\" \/>\n<meta property=\"og:url\" content=\"https:\/\/akuku.com.pl\/en\/katalog-produktow\/karmienie\/butelki-do-karmienia\/smoczek-a0120-do-butelki-szerokootworowej-a0107\/\" \/>\n<meta property=\"og:site_name\" content=\"Akuku\" \/>\n<meta property=\"article:publisher\" content=\"https:\/\/www.facebook.com\/markaAKUKU\" \/>\n<meta property=\"article:modified_time\" content=\"2025-01-22T09:50:06+00:00\" \/>\n<meta property=\"og:image\" content=\"https:\/\/akuku.com.pl\/wp-content\/uploads\/2024\/07\/a0120-a0121.jpg\" \/>\n\t<meta property=\"og:image:width\" content=\"800\" \/>\n\t<meta property=\"og:image:height\" content=\"800\" \/>\n\t<meta property=\"og:image:type\" content=\"image\/jpeg\" \/>\n<meta name=\"twitter:card\" content=\"summary_large_image\" \/>\n<meta name=\"twitter:label1\" content=\"Est. reading time\" \/>\n\t<meta name=\"twitter:data1\" content=\"3 minutes\" \/>\n<script type=\"application\/ld+json\" class=\"yoast-schema-graph\">{\"@context\":\"https:\/\/schema.org\",\"@graph\":[{\"@type\":\"WebPage\",\"@id\":\"https:\/\/akuku.com.pl\/en\/katalog-produktow\/karmienie\/butelki-do-karmienia\/smoczek-a0120-do-butelki-szerokootworowej-a0107\/\",\"url\":\"https:\/\/akuku.com.pl\/en\/katalog-produktow\/karmienie\/butelki-do-karmienia\/smoczek-a0120-do-butelki-szerokootworowej-a0107\/\",\"name\":\"Smoczki do butelek szerokootworowych - Akuku\",\"isPartOf\":{\"@id\":\"https:\/\/akuku.com.pl\/en\/#website\"},\"primaryImageOfPage\":{\"@id\":\"https:\/\/akuku.com.pl\/en\/katalog-produktow\/karmienie\/butelki-do-karmienia\/smoczek-a0120-do-butelki-szerokootworowej-a0107\/#primaryimage\"},\"image\":{\"@id\":\"https:\/\/akuku.com.pl\/en\/katalog-produktow\/karmienie\/butelki-do-karmienia\/smoczek-a0120-do-butelki-szerokootworowej-a0107\/#primaryimage\"},\"thumbnailUrl\":\"https:\/\/akuku.com.pl\/wp-content\/uploads\/2024\/07\/a0120-a0121.jpg\",\"datePublished\":\"2024-07-04T20:34:34+00:00\",\"dateModified\":\"2025-01-22T09:50:06+00:00\",\"description\":\"Sprawd\u017a nasz produkt: Smoczki do butelek szerokootworowych. Produkty Akuku - odpowiednie dla mam i niemowl\u0105t!\",\"breadcrumb\":{\"@id\":\"https:\/\/akuku.com.pl\/en\/katalog-produktow\/karmienie\/butelki-do-karmienia\/smoczek-a0120-do-butelki-szerokootworowej-a0107\/#breadcrumb\"},\"inLanguage\":\"en-US\",\"potentialAction\":[{\"@type\":\"ReadAction\",\"target\":[\"https:\/\/akuku.com.pl\/en\/katalog-produktow\/karmienie\/butelki-do-karmienia\/smoczek-a0120-do-butelki-szerokootworowej-a0107\/\"]}]},{\"@type\":\"ImageObject\",\"inLanguage\":\"en-US\",\"@id\":\"https:\/\/akuku.com.pl\/en\/katalog-produktow\/karmienie\/butelki-do-karmienia\/smoczek-a0120-do-butelki-szerokootworowej-a0107\/#primaryimage\",\"url\":\"https:\/\/akuku.com.pl\/wp-content\/uploads\/2024\/07\/a0120-a0121.jpg\",\"contentUrl\":\"https:\/\/akuku.com.pl\/wp-content\/uploads\/2024\/07\/a0120-a0121.jpg\",\"width\":800,\"height\":800,\"caption\":\"Smoczek A0121 do butelki szerokootworowej A0107 4\"},{\"@type\":\"BreadcrumbList\",\"@id\":\"https:\/\/akuku.com.pl\/en\/katalog-produktow\/karmienie\/butelki-do-karmienia\/smoczek-a0120-do-butelki-szerokootworowej-a0107\/#breadcrumb\",\"itemListElement\":[{\"@type\":\"ListItem\",\"position\":1,\"name\":\"Strona g\u0142\u00f3wna\",\"item\":\"https:\/\/akuku.com.pl\/en\/\"},{\"@type\":\"ListItem\",\"position\":2,\"name\":\"All products\",\"item\":\"https:\/\/akuku.com.pl\/wszystkie-produkty\/\"},{\"@type\":\"ListItem\",\"position\":3,\"name\":\"Smoczki do butelek szerokootworowych\"}]},{\"@type\":\"WebSite\",\"@id\":\"https:\/\/akuku.com.pl\/en\/#website\",\"url\":\"https:\/\/akuku.com.pl\/en\/\",\"name\":\"Akuku.com.pl\",\"description\":\"\",\"publisher\":{\"@id\":\"https:\/\/akuku.com.pl\/en\/#organization\"},\"potentialAction\":[{\"@type\":\"SearchAction\",\"target\":{\"@type\":\"EntryPoint\",\"urlTemplate\":\"https:\/\/akuku.com.pl\/en\/?s={search_term_string}\"},\"query-input\":{\"@type\":\"PropertyValueSpecification\",\"valueRequired\":true,\"valueName\":\"search_term_string\"}}],\"inLanguage\":\"en-US\"},{\"@type\":\"Organization\",\"@id\":\"https:\/\/akuku.com.pl\/en\/#organization\",\"name\":\"Akuku.com.pl\",\"url\":\"https:\/\/akuku.com.pl\/en\/\",\"logo\":{\"@type\":\"ImageObject\",\"inLanguage\":\"en-US\",\"@id\":\"https:\/\/akuku.com.pl\/en\/#\/schema\/logo\/image\/\",\"url\":\"https:\/\/akuku.com.pl\/wp-content\/uploads\/2024\/04\/akuku-logo.svg\",\"contentUrl\":\"https:\/\/akuku.com.pl\/wp-content\/uploads\/2024\/04\/akuku-logo.svg\",\"width\":114,\"height\":50,\"caption\":\"Akuku.com.pl\"},\"image\":{\"@id\":\"https:\/\/akuku.com.pl\/en\/#\/schema\/logo\/image\/\"},\"sameAs\":[\"https:\/\/www.facebook.com\/markaAKUKU\"]}]}<\/script>\n<!-- \/ Yoast SEO plugin. -->","yoast_head_json":{"title":"Smoczki do butelek szerokootworowych - Akuku","description":"Sprawd\u017a nasz produkt: Smoczki do butelek szerokootworowych. Produkty Akuku - odpowiednie dla mam i niemowl\u0105t!","robots":{"index":"index","follow":"follow","max-snippet":"max-snippet:-1","max-image-preview":"max-image-preview:large","max-video-preview":"max-video-preview:-1"},"canonical":"https:\/\/akuku.com.pl\/en\/katalog-produktow\/karmienie\/butelki-do-karmienia\/smoczek-a0120-do-butelki-szerokootworowej-a0107\/","og_locale":"en_US","og_type":"article","og_title":"Smoczki do butelek szerokootworowych - Akuku","og_description":"Sprawd\u017a nasz produkt: Smoczki do butelek szerokootworowych. Produkty Akuku - odpowiednie dla mam i niemowl\u0105t!","og_url":"https:\/\/akuku.com.pl\/en\/katalog-produktow\/karmienie\/butelki-do-karmienia\/smoczek-a0120-do-butelki-szerokootworowej-a0107\/","og_site_name":"Akuku","article_publisher":"https:\/\/www.facebook.com\/markaAKUKU","article_modified_time":"2025-01-22T09:50:06+00:00","og_image":[{"width":800,"height":800,"url":"https:\/\/akuku.com.pl\/wp-content\/uploads\/2024\/07\/a0120-a0121.jpg","type":"image\/jpeg"}],"twitter_card":"summary_large_image","twitter_misc":{"Est. reading time":"3 minutes"},"schema":{"@context":"https:\/\/schema.org","@graph":[{"@type":"WebPage","@id":"https:\/\/akuku.com.pl\/en\/katalog-produktow\/karmienie\/butelki-do-karmienia\/smoczek-a0120-do-butelki-szerokootworowej-a0107\/","url":"https:\/\/akuku.com.pl\/en\/katalog-produktow\/karmienie\/butelki-do-karmienia\/smoczek-a0120-do-butelki-szerokootworowej-a0107\/","name":"Smoczki do butelek szerokootworowych - Akuku","isPartOf":{"@id":"https:\/\/akuku.com.pl\/en\/#website"},"primaryImageOfPage":{"@id":"https:\/\/akuku.com.pl\/en\/katalog-produktow\/karmienie\/butelki-do-karmienia\/smoczek-a0120-do-butelki-szerokootworowej-a0107\/#primaryimage"},"image":{"@id":"https:\/\/akuku.com.pl\/en\/katalog-produktow\/karmienie\/butelki-do-karmienia\/smoczek-a0120-do-butelki-szerokootworowej-a0107\/#primaryimage"},"thumbnailUrl":"https:\/\/akuku.com.pl\/wp-content\/uploads\/2024\/07\/a0120-a0121.jpg","datePublished":"2024-07-04T20:34:34+00:00","dateModified":"2025-01-22T09:50:06+00:00","description":"Sprawd\u017a nasz produkt: Smoczki do butelek szerokootworowych. Produkty Akuku - odpowiednie dla mam i niemowl\u0105t!","breadcrumb":{"@id":"https:\/\/akuku.com.pl\/en\/katalog-produktow\/karmienie\/butelki-do-karmienia\/smoczek-a0120-do-butelki-szerokootworowej-a0107\/#breadcrumb"},"inLanguage":"en-US","potentialAction":[{"@type":"ReadAction","target":["https:\/\/akuku.com.pl\/en\/katalog-produktow\/karmienie\/butelki-do-karmienia\/smoczek-a0120-do-butelki-szerokootworowej-a0107\/"]}]},{"@type":"ImageObject","inLanguage":"en-US","@id":"https:\/\/akuku.com.pl\/en\/katalog-produktow\/karmienie\/butelki-do-karmienia\/smoczek-a0120-do-butelki-szerokootworowej-a0107\/#primaryimage","url":"https:\/\/akuku.com.pl\/wp-content\/uploads\/2024\/07\/a0120-a0121.jpg","contentUrl":"https:\/\/akuku.com.pl\/wp-content\/uploads\/2024\/07\/a0120-a0121.jpg","width":800,"height":800,"caption":"Smoczek A0121 do butelki szerokootworowej A0107 4"},{"@type":"BreadcrumbList","@id":"https:\/\/akuku.com.pl\/en\/katalog-produktow\/karmienie\/butelki-do-karmienia\/smoczek-a0120-do-butelki-szerokootworowej-a0107\/#breadcrumb","itemListElement":[{"@type":"ListItem","position":1,"name":"Strona g\u0142\u00f3wna","item":"https:\/\/akuku.com.pl\/en\/"},{"@type":"ListItem","position":2,"name":"All products","item":"https:\/\/akuku.com.pl\/wszystkie-produkty\/"},{"@type":"ListItem","position":3,"name":"Smoczki do butelek szerokootworowych"}]},{"@type":"WebSite","@id":"https:\/\/akuku.com.pl\/en\/#website","url":"https:\/\/akuku.com.pl\/en\/","name":"Akuku.com.pl","description":"","publisher":{"@id":"https:\/\/akuku.com.pl\/en\/#organization"},"potentialAction":[{"@type":"SearchAction","target":{"@type":"EntryPoint","urlTemplate":"https:\/\/akuku.com.pl\/en\/?s={search_term_string}"},"query-input":{"@type":"PropertyValueSpecification","valueRequired":true,"valueName":"search_term_string"}}],"inLanguage":"en-US"},{"@type":"Organization","@id":"https:\/\/akuku.com.pl\/en\/#organization","name":"Akuku.com.pl","url":"https:\/\/akuku.com.pl\/en\/","logo":{"@type":"ImageObject","inLanguage":"en-US","@id":"https:\/\/akuku.com.pl\/en\/#\/schema\/logo\/image\/","url":"https:\/\/akuku.com.pl\/wp-content\/uploads\/2024\/04\/akuku-logo.svg","contentUrl":"https:\/\/akuku.com.pl\/wp-content\/uploads\/2024\/04\/akuku-logo.svg","width":114,"height":50,"caption":"Akuku.com.pl"},"image":{"@id":"https:\/\/akuku.com.pl\/en\/#\/schema\/logo\/image\/"},"sameAs":["https:\/\/www.facebook.com\/markaAKUKU"]}]}},"_links":{"self":[{"href":"https:\/\/akuku.com.pl\/en\/wp-json\/wp\/v2\/product\/6860","targetHints":{"allow":["GET"]}}],"collection":[{"href":"https:\/\/akuku.com.pl\/en\/wp-json\/wp\/v2\/product"}],"about":[{"href":"https:\/\/akuku.com.pl\/en\/wp-json\/wp\/v2\/types\/product"}],"wp:featuredmedia":[{"embeddable":true,"href":"https:\/\/akuku.com.pl\/en\/wp-json\/wp\/v2\/media\/5989"}],"wp:attachment":[{"href":"https:\/\/akuku.com.pl\/en\/wp-json\/wp\/v2\/media?parent=6860"}],"wp:term":[{"taxonomy":"product_cat","embeddable":true,"href":"https:\/\/akuku.com.pl\/en\/wp-json\/wp\/v2\/product_cat?post=6860"},{"taxonomy":"product_tag","embeddable":true,"href":"https:\/\/akuku.com.pl\/en\/wp-json\/wp\/v2\/product_tag?post=6860"}],"curies":[{"name":"wp","href":"https:\/\/api.w.org\/{rel}","templated":true}]}}