{"id":11052,"date":"2024-07-04T23:47:55","date_gmt":"2024-07-04T21:47:55","guid":{"rendered":"https:\/\/wp.akuku.com.pl\/sklep\/bez-kategorii\/grzechotka-do-wozka-misie-a0468\/"},"modified":"2024-12-30T12:13:00","modified_gmt":"2024-12-30T11:13:00","slug":"grzechotka-do-wozka-misie-a0468","status":"publish","type":"product","link":"https:\/\/akuku.com.pl\/en\/katalog-produktow\/zabawa-i-edukacja\/grzechotki-i-gryzaki\/grzechotki-do-wozka\/grzechotka-do-wozka-misie-a0468\/","title":{"rendered":"Grzechotka do w\u00f3zka"},"content":{"rendered":"<div class=\"textWrap\">\n<p>&nbsp;<\/p>\n<p style=\"text-align: justify;\">Weso\u0142e d\u017awi\u0119ki grzechotki \u201eakuku\u201d umil\u0105 spacer. <strong>Czarno-bia\u0142e kolory<\/strong> <strong>stymuluj\u0105 zmys\u0142 wzroku u niemowlaka<\/strong>, kt\u00f3ry jeszcze nie rozr\u00f3\u017cnia barw. Zaokr\u0105glone kszta\u0142ty s\u0105 bezpieczne dla maluszka. Zawieszk\u0119 <strong>mo\u017cna zaczepi\u0107 do w\u00f3zka<\/strong> lub<strong> \u0142\u00f3\u017ceczka<\/strong>, przyci\u0105ga uwag\u0119 dziecka i<strong> rozwija koordynacje wzrokowo-s\u0142uchow\u0105<\/strong> i <strong>motoryczn\u0105<\/strong>. Wykonana jest z najwy\u017cszej jako\u015bci materia\u0142\u00f3w, bezpiecznych dla male\u0144stwa.<\/p>\n<p><strong>Instrukcja:<\/strong> Zabawk\u0119 utrzymuj w czysto\u015bci. My\u0107 szczotk\u0105 pod bie\u017c\u0105c\u0105 wod\u0105 z myd\u0142em dla dzieci, dok\u0142adnie op\u0142uka\u0107 i wysuszy\u0107. Nie gotuj, nie sterylizuj.<\/p>\n<\/div>\n<p><strong>Ostrze\u017cenie!<\/strong> Zabawka dla niemowl\u0105t, kt\u00f3re jeszcze nie poruszaj\u0105 si\u0119 samodzielnie. Aby zapobiec ewentualnemu urazowi w wyniku zapl\u0105tania si\u0119 dziecka w zabawk\u0119, nale\u017cy j\u0105 usun\u0105\u0107, zanim dziecko zacznie raczkowa\u0107. Zawsze sprawdzaj jako\u015b\u0107 grzechotki przed podaniem dziecku. Grzechotk\u0119 zu\u017cyt\u0105, zniszczon\u0105, pogryzion\u0105 nale\u017cy wymieni\u0107 na now\u0105. Podczas zabawy dziecko powinno znajdowa\u0107 si\u0119 pod opiek\u0105 osoby doros\u0142ej.<\/p>\n<div class=\"textWrap\">\n<p><strong>D\u0142ugo\u015b\u0107:<\/strong> ok. 30 cm<\/p>\n<p>&nbsp;<\/p>\n<p><img decoding=\"async\" src=\"https:\/\/akuku.com.pl\/wp-content\/uploads\/2024\/09\/BPA-Free-logo-png_1.png\" alt=\"\" \/>\u00a0 \u00a0<img decoding=\"async\" src=\"https:\/\/ect.h2g.pl\/akuku\/images\/0m.png\" alt=\"\" \/><\/p>\n<\/div>\n<p>&nbsp;<\/p>\n<p>&nbsp;<\/p>\n<p>&nbsp;<\/p>\n<p>KOD EAN: 5907644004683<\/p>\n","protected":false},"excerpt":{"rendered":"<p>&nbsp; Weso\u0142e d\u017awi\u0119ki grzechotki \u201eakuku\u201d umil\u0105 spacer. Czarno-bia\u0142e kolory stymuluj\u0105 zmys\u0142 wzroku u niemowlaka, kt\u00f3ry jeszcze nie rozr\u00f3\u017cnia barw. Zaokr\u0105glone kszta\u0142ty s\u0105 bezpieczne dla maluszka. Zawieszk\u0119 mo\u017cna zaczepi\u0107 do w\u00f3zka lub \u0142\u00f3\u017ceczka, przyci\u0105ga uwag\u0119 dziecka i rozwija koordynacje wzrokowo-s\u0142uchow\u0105 i motoryczn\u0105. Wykonana jest z najwy\u017cszej jako\u015bci materia\u0142\u00f3w, bezpiecznych dla male\u0144stwa. Instrukcja: Zabawk\u0119 utrzymuj w czysto\u015bci. [&hellip;]<\/p>\n","protected":false},"featured_media":11046,"template":"","meta":[],"product_cat":[3472,3493],"product_tag":[],"class_list":{"0":"post-11052","1":"product","2":"type-product","3":"status-publish","4":"has-post-thumbnail","6":"product_cat-zabawa-i-edukacja","7":"product_cat-grzechotki-do-wozka","9":"first","10":"instock","11":"shipping-taxable","12":"product-type-simple"},"yoast_head":"<!-- This site is optimized with the Yoast SEO plugin v26.2 - https:\/\/yoast.com\/wordpress\/plugins\/seo\/ -->\n<title>Grzechotka do w\u00f3zka - Akuku<\/title>\n<meta name=\"description\" content=\"Sprawd\u017a nasz produkt: Grzechotka do w\u00f3zka. Produkty Akuku - odpowiednie dla mam i niemowl\u0105t!\" \/>\n<meta name=\"robots\" content=\"index, follow, max-snippet:-1, max-image-preview:large, max-video-preview:-1\" \/>\n<link rel=\"canonical\" href=\"https:\/\/akuku.com.pl\/en\/katalog-produktow\/zabawa-i-edukacja\/grzechotki-i-gryzaki\/grzechotki-do-wozka\/grzechotka-do-wozka-misie-a0468\/\" \/>\n<meta property=\"og:locale\" content=\"en_US\" \/>\n<meta property=\"og:type\" content=\"article\" \/>\n<meta property=\"og:title\" content=\"Grzechotka do w\u00f3zka - Akuku\" \/>\n<meta property=\"og:description\" content=\"Sprawd\u017a nasz produkt: Grzechotka do w\u00f3zka. Produkty Akuku - odpowiednie dla mam i niemowl\u0105t!\" \/>\n<meta property=\"og:url\" content=\"https:\/\/akuku.com.pl\/en\/katalog-produktow\/zabawa-i-edukacja\/grzechotki-i-gryzaki\/grzechotki-do-wozka\/grzechotka-do-wozka-misie-a0468\/\" \/>\n<meta property=\"og:site_name\" content=\"Akuku\" \/>\n<meta property=\"article:publisher\" content=\"https:\/\/www.facebook.com\/markaAKUKU\" \/>\n<meta property=\"article:modified_time\" content=\"2024-12-30T11:13:00+00:00\" \/>\n<meta property=\"og:image\" content=\"https:\/\/akuku.com.pl\/wp-content\/uploads\/2024\/07\/a0468-2.jpeg\" \/>\n\t<meta property=\"og:image:width\" content=\"720\" \/>\n\t<meta property=\"og:image:height\" content=\"720\" \/>\n\t<meta property=\"og:image:type\" content=\"image\/jpeg\" \/>\n<meta name=\"twitter:card\" content=\"summary_large_image\" \/>\n<meta name=\"twitter:label1\" content=\"Est. reading time\" \/>\n\t<meta name=\"twitter:data1\" content=\"2 minutes\" \/>\n<script type=\"application\/ld+json\" class=\"yoast-schema-graph\">{\"@context\":\"https:\/\/schema.org\",\"@graph\":[{\"@type\":\"WebPage\",\"@id\":\"https:\/\/akuku.com.pl\/en\/katalog-produktow\/zabawa-i-edukacja\/grzechotki-i-gryzaki\/grzechotki-do-wozka\/grzechotka-do-wozka-misie-a0468\/\",\"url\":\"https:\/\/akuku.com.pl\/en\/katalog-produktow\/zabawa-i-edukacja\/grzechotki-i-gryzaki\/grzechotki-do-wozka\/grzechotka-do-wozka-misie-a0468\/\",\"name\":\"Grzechotka do w\u00f3zka - Akuku\",\"isPartOf\":{\"@id\":\"https:\/\/akuku.com.pl\/en\/#website\"},\"primaryImageOfPage\":{\"@id\":\"https:\/\/akuku.com.pl\/en\/katalog-produktow\/zabawa-i-edukacja\/grzechotki-i-gryzaki\/grzechotki-do-wozka\/grzechotka-do-wozka-misie-a0468\/#primaryimage\"},\"image\":{\"@id\":\"https:\/\/akuku.com.pl\/en\/katalog-produktow\/zabawa-i-edukacja\/grzechotki-i-gryzaki\/grzechotki-do-wozka\/grzechotka-do-wozka-misie-a0468\/#primaryimage\"},\"thumbnailUrl\":\"https:\/\/akuku.com.pl\/wp-content\/uploads\/2024\/07\/a0468-2.jpeg\",\"datePublished\":\"2024-07-04T21:47:55+00:00\",\"dateModified\":\"2024-12-30T11:13:00+00:00\",\"description\":\"Sprawd\u017a nasz produkt: Grzechotka do w\u00f3zka. Produkty Akuku - odpowiednie dla mam i niemowl\u0105t!\",\"breadcrumb\":{\"@id\":\"https:\/\/akuku.com.pl\/en\/katalog-produktow\/zabawa-i-edukacja\/grzechotki-i-gryzaki\/grzechotki-do-wozka\/grzechotka-do-wozka-misie-a0468\/#breadcrumb\"},\"inLanguage\":\"en-US\",\"potentialAction\":[{\"@type\":\"ReadAction\",\"target\":[\"https:\/\/akuku.com.pl\/en\/katalog-produktow\/zabawa-i-edukacja\/grzechotki-i-gryzaki\/grzechotki-do-wozka\/grzechotka-do-wozka-misie-a0468\/\"]}]},{\"@type\":\"ImageObject\",\"inLanguage\":\"en-US\",\"@id\":\"https:\/\/akuku.com.pl\/en\/katalog-produktow\/zabawa-i-edukacja\/grzechotki-i-gryzaki\/grzechotki-do-wozka\/grzechotka-do-wozka-misie-a0468\/#primaryimage\",\"url\":\"https:\/\/akuku.com.pl\/wp-content\/uploads\/2024\/07\/a0468-2.jpeg\",\"contentUrl\":\"https:\/\/akuku.com.pl\/wp-content\/uploads\/2024\/07\/a0468-2.jpeg\",\"width\":720,\"height\":720,\"caption\":\"Grzechotka do w\u00f3zka Misie A0468\"},{\"@type\":\"BreadcrumbList\",\"@id\":\"https:\/\/akuku.com.pl\/en\/katalog-produktow\/zabawa-i-edukacja\/grzechotki-i-gryzaki\/grzechotki-do-wozka\/grzechotka-do-wozka-misie-a0468\/#breadcrumb\",\"itemListElement\":[{\"@type\":\"ListItem\",\"position\":1,\"name\":\"Strona g\u0142\u00f3wna\",\"item\":\"https:\/\/akuku.com.pl\/en\/\"},{\"@type\":\"ListItem\",\"position\":2,\"name\":\"All products\",\"item\":\"https:\/\/akuku.com.pl\/wszystkie-produkty\/\"},{\"@type\":\"ListItem\",\"position\":3,\"name\":\"Grzechotka do w\u00f3zka\"}]},{\"@type\":\"WebSite\",\"@id\":\"https:\/\/akuku.com.pl\/en\/#website\",\"url\":\"https:\/\/akuku.com.pl\/en\/\",\"name\":\"Akuku.com.pl\",\"description\":\"\",\"publisher\":{\"@id\":\"https:\/\/akuku.com.pl\/en\/#organization\"},\"potentialAction\":[{\"@type\":\"SearchAction\",\"target\":{\"@type\":\"EntryPoint\",\"urlTemplate\":\"https:\/\/akuku.com.pl\/en\/?s={search_term_string}\"},\"query-input\":{\"@type\":\"PropertyValueSpecification\",\"valueRequired\":true,\"valueName\":\"search_term_string\"}}],\"inLanguage\":\"en-US\"},{\"@type\":\"Organization\",\"@id\":\"https:\/\/akuku.com.pl\/en\/#organization\",\"name\":\"Akuku.com.pl\",\"url\":\"https:\/\/akuku.com.pl\/en\/\",\"logo\":{\"@type\":\"ImageObject\",\"inLanguage\":\"en-US\",\"@id\":\"https:\/\/akuku.com.pl\/en\/#\/schema\/logo\/image\/\",\"url\":\"https:\/\/akuku.com.pl\/wp-content\/uploads\/2024\/04\/akuku-logo.svg\",\"contentUrl\":\"https:\/\/akuku.com.pl\/wp-content\/uploads\/2024\/04\/akuku-logo.svg\",\"width\":114,\"height\":50,\"caption\":\"Akuku.com.pl\"},\"image\":{\"@id\":\"https:\/\/akuku.com.pl\/en\/#\/schema\/logo\/image\/\"},\"sameAs\":[\"https:\/\/www.facebook.com\/markaAKUKU\"]}]}<\/script>\n<!-- \/ Yoast SEO plugin. -->","yoast_head_json":{"title":"Grzechotka do w\u00f3zka - Akuku","description":"Sprawd\u017a nasz produkt: Grzechotka do w\u00f3zka. Produkty Akuku - odpowiednie dla mam i niemowl\u0105t!","robots":{"index":"index","follow":"follow","max-snippet":"max-snippet:-1","max-image-preview":"max-image-preview:large","max-video-preview":"max-video-preview:-1"},"canonical":"https:\/\/akuku.com.pl\/en\/katalog-produktow\/zabawa-i-edukacja\/grzechotki-i-gryzaki\/grzechotki-do-wozka\/grzechotka-do-wozka-misie-a0468\/","og_locale":"en_US","og_type":"article","og_title":"Grzechotka do w\u00f3zka - Akuku","og_description":"Sprawd\u017a nasz produkt: Grzechotka do w\u00f3zka. Produkty Akuku - odpowiednie dla mam i niemowl\u0105t!","og_url":"https:\/\/akuku.com.pl\/en\/katalog-produktow\/zabawa-i-edukacja\/grzechotki-i-gryzaki\/grzechotki-do-wozka\/grzechotka-do-wozka-misie-a0468\/","og_site_name":"Akuku","article_publisher":"https:\/\/www.facebook.com\/markaAKUKU","article_modified_time":"2024-12-30T11:13:00+00:00","og_image":[{"width":720,"height":720,"url":"https:\/\/akuku.com.pl\/wp-content\/uploads\/2024\/07\/a0468-2.jpeg","type":"image\/jpeg"}],"twitter_card":"summary_large_image","twitter_misc":{"Est. reading time":"2 minutes"},"schema":{"@context":"https:\/\/schema.org","@graph":[{"@type":"WebPage","@id":"https:\/\/akuku.com.pl\/en\/katalog-produktow\/zabawa-i-edukacja\/grzechotki-i-gryzaki\/grzechotki-do-wozka\/grzechotka-do-wozka-misie-a0468\/","url":"https:\/\/akuku.com.pl\/en\/katalog-produktow\/zabawa-i-edukacja\/grzechotki-i-gryzaki\/grzechotki-do-wozka\/grzechotka-do-wozka-misie-a0468\/","name":"Grzechotka do w\u00f3zka - Akuku","isPartOf":{"@id":"https:\/\/akuku.com.pl\/en\/#website"},"primaryImageOfPage":{"@id":"https:\/\/akuku.com.pl\/en\/katalog-produktow\/zabawa-i-edukacja\/grzechotki-i-gryzaki\/grzechotki-do-wozka\/grzechotka-do-wozka-misie-a0468\/#primaryimage"},"image":{"@id":"https:\/\/akuku.com.pl\/en\/katalog-produktow\/zabawa-i-edukacja\/grzechotki-i-gryzaki\/grzechotki-do-wozka\/grzechotka-do-wozka-misie-a0468\/#primaryimage"},"thumbnailUrl":"https:\/\/akuku.com.pl\/wp-content\/uploads\/2024\/07\/a0468-2.jpeg","datePublished":"2024-07-04T21:47:55+00:00","dateModified":"2024-12-30T11:13:00+00:00","description":"Sprawd\u017a nasz produkt: Grzechotka do w\u00f3zka. Produkty Akuku - odpowiednie dla mam i niemowl\u0105t!","breadcrumb":{"@id":"https:\/\/akuku.com.pl\/en\/katalog-produktow\/zabawa-i-edukacja\/grzechotki-i-gryzaki\/grzechotki-do-wozka\/grzechotka-do-wozka-misie-a0468\/#breadcrumb"},"inLanguage":"en-US","potentialAction":[{"@type":"ReadAction","target":["https:\/\/akuku.com.pl\/en\/katalog-produktow\/zabawa-i-edukacja\/grzechotki-i-gryzaki\/grzechotki-do-wozka\/grzechotka-do-wozka-misie-a0468\/"]}]},{"@type":"ImageObject","inLanguage":"en-US","@id":"https:\/\/akuku.com.pl\/en\/katalog-produktow\/zabawa-i-edukacja\/grzechotki-i-gryzaki\/grzechotki-do-wozka\/grzechotka-do-wozka-misie-a0468\/#primaryimage","url":"https:\/\/akuku.com.pl\/wp-content\/uploads\/2024\/07\/a0468-2.jpeg","contentUrl":"https:\/\/akuku.com.pl\/wp-content\/uploads\/2024\/07\/a0468-2.jpeg","width":720,"height":720,"caption":"Grzechotka do w\u00f3zka Misie A0468"},{"@type":"BreadcrumbList","@id":"https:\/\/akuku.com.pl\/en\/katalog-produktow\/zabawa-i-edukacja\/grzechotki-i-gryzaki\/grzechotki-do-wozka\/grzechotka-do-wozka-misie-a0468\/#breadcrumb","itemListElement":[{"@type":"ListItem","position":1,"name":"Strona g\u0142\u00f3wna","item":"https:\/\/akuku.com.pl\/en\/"},{"@type":"ListItem","position":2,"name":"All products","item":"https:\/\/akuku.com.pl\/wszystkie-produkty\/"},{"@type":"ListItem","position":3,"name":"Grzechotka do w\u00f3zka"}]},{"@type":"WebSite","@id":"https:\/\/akuku.com.pl\/en\/#website","url":"https:\/\/akuku.com.pl\/en\/","name":"Akuku.com.pl","description":"","publisher":{"@id":"https:\/\/akuku.com.pl\/en\/#organization"},"potentialAction":[{"@type":"SearchAction","target":{"@type":"EntryPoint","urlTemplate":"https:\/\/akuku.com.pl\/en\/?s={search_term_string}"},"query-input":{"@type":"PropertyValueSpecification","valueRequired":true,"valueName":"search_term_string"}}],"inLanguage":"en-US"},{"@type":"Organization","@id":"https:\/\/akuku.com.pl\/en\/#organization","name":"Akuku.com.pl","url":"https:\/\/akuku.com.pl\/en\/","logo":{"@type":"ImageObject","inLanguage":"en-US","@id":"https:\/\/akuku.com.pl\/en\/#\/schema\/logo\/image\/","url":"https:\/\/akuku.com.pl\/wp-content\/uploads\/2024\/04\/akuku-logo.svg","contentUrl":"https:\/\/akuku.com.pl\/wp-content\/uploads\/2024\/04\/akuku-logo.svg","width":114,"height":50,"caption":"Akuku.com.pl"},"image":{"@id":"https:\/\/akuku.com.pl\/en\/#\/schema\/logo\/image\/"},"sameAs":["https:\/\/www.facebook.com\/markaAKUKU"]}]}},"_links":{"self":[{"href":"https:\/\/akuku.com.pl\/en\/wp-json\/wp\/v2\/product\/11052","targetHints":{"allow":["GET"]}}],"collection":[{"href":"https:\/\/akuku.com.pl\/en\/wp-json\/wp\/v2\/product"}],"about":[{"href":"https:\/\/akuku.com.pl\/en\/wp-json\/wp\/v2\/types\/product"}],"wp:featuredmedia":[{"embeddable":true,"href":"https:\/\/akuku.com.pl\/en\/wp-json\/wp\/v2\/media\/11046"}],"wp:attachment":[{"href":"https:\/\/akuku.com.pl\/en\/wp-json\/wp\/v2\/media?parent=11052"}],"wp:term":[{"taxonomy":"product_cat","embeddable":true,"href":"https:\/\/akuku.com.pl\/en\/wp-json\/wp\/v2\/product_cat?post=11052"},{"taxonomy":"product_tag","embeddable":true,"href":"https:\/\/akuku.com.pl\/en\/wp-json\/wp\/v2\/product_tag?post=11052"}],"curies":[{"name":"wp","href":"https:\/\/api.w.org\/{rel}","templated":true}]}}