{"id":10365,"date":"2024-07-04T23:14:45","date_gmt":"2024-07-04T21:14:45","guid":{"rendered":"https:\/\/wp.akuku.com.pl\/sklep\/bez-kategorii\/ksiazeczka-edukacyjna-cyferki-a0474\/"},"modified":"2024-12-30T10:55:44","modified_gmt":"2024-12-30T09:55:44","slug":"ksiazeczka-edukacyjna-cyferki-a0474","status":"publish","type":"product","link":"https:\/\/akuku.com.pl\/en\/katalog-produktow\/zabawa-i-edukacja\/zabawki-sensoryczne-i-edukacyjne\/ksiazeczka-edukacyjna-cyferki-a0474\/","title":{"rendered":"Ksi\u0105\u017ceczka edukacyjna z piszczkiem"},"content":{"rendered":"<p>&nbsp;<\/p>\n<p>Kolorowa <strong>ksi\u0105\u017ceczka <\/strong>k\u0105pielowa <strong>ozdobiona motywem zwierz\u0105tek i cyferkami<\/strong>. Wewn\u0105trz zosta\u0142a umieszczona piszcza\u0142ka, kt\u00f3ra przyci\u0105gnie uwag\u0119 dziecka. Twoje male\u0144stwo nauczy si\u0119 literek, nazw owoc\u00f3w i warzyw oraz rozpoznawania kolor\u00f3w. Edukacja poprzez zabaw\u0119. <strong>Odporna na gryzienie, rzucanie, rozci\u0105ganie i ugniatanie.<\/strong><\/p>\n<p>Ksi\u0105\u017ceczka <strong>wspiera rozw\u00f3j zdolno\u015bci manualnych i motorycznych<\/strong>, a ponadto urozmaica czas w k\u0105pieli.<\/p>\n<p>&nbsp;<\/p>\n<p>Sk\u0142ada si\u0119 a\u017c z 10 stron.<\/p>\n<p>&nbsp;<\/p>\n<p><img decoding=\"async\" src=\"https:\/\/akuku.com.pl\/wp-content\/uploads\/2024\/09\/BPA-Free-logo-png_1.png\" alt=\"\" \/>\u00a0 \u00a0<img decoding=\"async\" src=\"https:\/\/ect.h2g.pl\/akuku\/images\/0m.png\" alt=\"\" \/>\u00a0 \u00a0 \u00a0<img decoding=\"async\" src=\"https:\/\/ect.h2g.pl\/akuku\/images\/piszczaka.jpg\" \/><\/p>\n<p>&nbsp;<\/p>\n<p>&nbsp;<\/p>\n<p>&nbsp;<\/p>\n<p>KOD EAN: 5907644004744<\/p>\n","protected":false},"excerpt":{"rendered":"<p>&nbsp; Kolorowa ksi\u0105\u017ceczka k\u0105pielowa ozdobiona motywem zwierz\u0105tek i cyferkami. Wewn\u0105trz zosta\u0142a umieszczona piszcza\u0142ka, kt\u00f3ra przyci\u0105gnie uwag\u0119 dziecka. Twoje male\u0144stwo nauczy si\u0119 literek, nazw owoc\u00f3w i warzyw oraz rozpoznawania kolor\u00f3w. Edukacja poprzez zabaw\u0119. Odporna na gryzienie, rzucanie, rozci\u0105ganie i ugniatanie. Ksi\u0105\u017ceczka wspiera rozw\u00f3j zdolno\u015bci manualnych i motorycznych, a ponadto urozmaica czas w k\u0105pieli. &nbsp; Sk\u0142ada si\u0119 [&hellip;]<\/p>\n","protected":false},"featured_media":10350,"template":"","meta":[],"product_cat":[3472,3499,3475],"product_tag":[],"class_list":{"0":"post-10365","1":"product","2":"type-product","3":"status-publish","4":"has-post-thumbnail","6":"product_cat-zabawa-i-edukacja","7":"product_cat-zabawki-do-kapieli","8":"product_cat-zabawki-sensoryczne-i-edukacyjne","10":"first","11":"instock","12":"shipping-taxable","13":"product-type-simple"},"yoast_head":"<!-- This site is optimized with the Yoast SEO plugin v26.2 - https:\/\/yoast.com\/wordpress\/plugins\/seo\/ -->\n<title>Ksi\u0105\u017ceczka edukacyjna z piszczkiem - Akuku<\/title>\n<meta name=\"description\" content=\"Sprawd\u017a nasz produkt: Ksi\u0105\u017ceczka edukacyjna z piszczkiem. Produkty Akuku - odpowiednie dla mam i niemowl\u0105t!\" \/>\n<meta name=\"robots\" content=\"index, follow, max-snippet:-1, max-image-preview:large, max-video-preview:-1\" \/>\n<link rel=\"canonical\" href=\"https:\/\/akuku.com.pl\/en\/katalog-produktow\/zabawa-i-edukacja\/zabawki-sensoryczne-i-edukacyjne\/ksiazeczka-edukacyjna-cyferki-a0474\/\" \/>\n<meta property=\"og:locale\" content=\"en_US\" \/>\n<meta property=\"og:type\" content=\"article\" \/>\n<meta property=\"og:title\" content=\"Ksi\u0105\u017ceczka edukacyjna z piszczkiem - Akuku\" \/>\n<meta property=\"og:description\" content=\"Sprawd\u017a nasz produkt: Ksi\u0105\u017ceczka edukacyjna z piszczkiem. Produkty Akuku - odpowiednie dla mam i niemowl\u0105t!\" \/>\n<meta property=\"og:url\" content=\"https:\/\/akuku.com.pl\/en\/katalog-produktow\/zabawa-i-edukacja\/zabawki-sensoryczne-i-edukacyjne\/ksiazeczka-edukacyjna-cyferki-a0474\/\" \/>\n<meta property=\"og:site_name\" content=\"Akuku\" \/>\n<meta property=\"article:publisher\" content=\"https:\/\/www.facebook.com\/markaAKUKU\" \/>\n<meta property=\"article:modified_time\" content=\"2024-12-30T09:55:44+00:00\" \/>\n<meta property=\"og:image\" content=\"https:\/\/akuku.com.pl\/wp-content\/uploads\/2024\/07\/a0474-5.jpg\" \/>\n\t<meta property=\"og:image:width\" content=\"800\" \/>\n\t<meta property=\"og:image:height\" content=\"800\" \/>\n\t<meta property=\"og:image:type\" content=\"image\/jpeg\" \/>\n<meta name=\"twitter:card\" content=\"summary_large_image\" \/>\n<meta name=\"twitter:label1\" content=\"Est. reading time\" \/>\n\t<meta name=\"twitter:data1\" content=\"2 minutes\" \/>\n<script type=\"application\/ld+json\" class=\"yoast-schema-graph\">{\"@context\":\"https:\/\/schema.org\",\"@graph\":[{\"@type\":\"WebPage\",\"@id\":\"https:\/\/akuku.com.pl\/en\/katalog-produktow\/zabawa-i-edukacja\/zabawki-sensoryczne-i-edukacyjne\/ksiazeczka-edukacyjna-cyferki-a0474\/\",\"url\":\"https:\/\/akuku.com.pl\/en\/katalog-produktow\/zabawa-i-edukacja\/zabawki-sensoryczne-i-edukacyjne\/ksiazeczka-edukacyjna-cyferki-a0474\/\",\"name\":\"Ksi\u0105\u017ceczka edukacyjna z piszczkiem - Akuku\",\"isPartOf\":{\"@id\":\"https:\/\/akuku.com.pl\/en\/#website\"},\"primaryImageOfPage\":{\"@id\":\"https:\/\/akuku.com.pl\/en\/katalog-produktow\/zabawa-i-edukacja\/zabawki-sensoryczne-i-edukacyjne\/ksiazeczka-edukacyjna-cyferki-a0474\/#primaryimage\"},\"image\":{\"@id\":\"https:\/\/akuku.com.pl\/en\/katalog-produktow\/zabawa-i-edukacja\/zabawki-sensoryczne-i-edukacyjne\/ksiazeczka-edukacyjna-cyferki-a0474\/#primaryimage\"},\"thumbnailUrl\":\"https:\/\/akuku.com.pl\/wp-content\/uploads\/2024\/07\/a0474-5.jpg\",\"datePublished\":\"2024-07-04T21:14:45+00:00\",\"dateModified\":\"2024-12-30T09:55:44+00:00\",\"description\":\"Sprawd\u017a nasz produkt: Ksi\u0105\u017ceczka edukacyjna z piszczkiem. Produkty Akuku - odpowiednie dla mam i niemowl\u0105t!\",\"breadcrumb\":{\"@id\":\"https:\/\/akuku.com.pl\/en\/katalog-produktow\/zabawa-i-edukacja\/zabawki-sensoryczne-i-edukacyjne\/ksiazeczka-edukacyjna-cyferki-a0474\/#breadcrumb\"},\"inLanguage\":\"en-US\",\"potentialAction\":[{\"@type\":\"ReadAction\",\"target\":[\"https:\/\/akuku.com.pl\/en\/katalog-produktow\/zabawa-i-edukacja\/zabawki-sensoryczne-i-edukacyjne\/ksiazeczka-edukacyjna-cyferki-a0474\/\"]}]},{\"@type\":\"ImageObject\",\"inLanguage\":\"en-US\",\"@id\":\"https:\/\/akuku.com.pl\/en\/katalog-produktow\/zabawa-i-edukacja\/zabawki-sensoryczne-i-edukacyjne\/ksiazeczka-edukacyjna-cyferki-a0474\/#primaryimage\",\"url\":\"https:\/\/akuku.com.pl\/wp-content\/uploads\/2024\/07\/a0474-5.jpg\",\"contentUrl\":\"https:\/\/akuku.com.pl\/wp-content\/uploads\/2024\/07\/a0474-5.jpg\",\"width\":800,\"height\":800,\"caption\":\"Ksi\u0105\u017ceczka edukacyjna, cyferki A0474 12\"},{\"@type\":\"BreadcrumbList\",\"@id\":\"https:\/\/akuku.com.pl\/en\/katalog-produktow\/zabawa-i-edukacja\/zabawki-sensoryczne-i-edukacyjne\/ksiazeczka-edukacyjna-cyferki-a0474\/#breadcrumb\",\"itemListElement\":[{\"@type\":\"ListItem\",\"position\":1,\"name\":\"Strona g\u0142\u00f3wna\",\"item\":\"https:\/\/akuku.com.pl\/en\/\"},{\"@type\":\"ListItem\",\"position\":2,\"name\":\"All products\",\"item\":\"https:\/\/akuku.com.pl\/wszystkie-produkty\/\"},{\"@type\":\"ListItem\",\"position\":3,\"name\":\"Ksi\u0105\u017ceczka edukacyjna z piszczkiem\"}]},{\"@type\":\"WebSite\",\"@id\":\"https:\/\/akuku.com.pl\/en\/#website\",\"url\":\"https:\/\/akuku.com.pl\/en\/\",\"name\":\"Akuku.com.pl\",\"description\":\"\",\"publisher\":{\"@id\":\"https:\/\/akuku.com.pl\/en\/#organization\"},\"potentialAction\":[{\"@type\":\"SearchAction\",\"target\":{\"@type\":\"EntryPoint\",\"urlTemplate\":\"https:\/\/akuku.com.pl\/en\/?s={search_term_string}\"},\"query-input\":{\"@type\":\"PropertyValueSpecification\",\"valueRequired\":true,\"valueName\":\"search_term_string\"}}],\"inLanguage\":\"en-US\"},{\"@type\":\"Organization\",\"@id\":\"https:\/\/akuku.com.pl\/en\/#organization\",\"name\":\"Akuku.com.pl\",\"url\":\"https:\/\/akuku.com.pl\/en\/\",\"logo\":{\"@type\":\"ImageObject\",\"inLanguage\":\"en-US\",\"@id\":\"https:\/\/akuku.com.pl\/en\/#\/schema\/logo\/image\/\",\"url\":\"https:\/\/akuku.com.pl\/wp-content\/uploads\/2024\/04\/akuku-logo.svg\",\"contentUrl\":\"https:\/\/akuku.com.pl\/wp-content\/uploads\/2024\/04\/akuku-logo.svg\",\"width\":114,\"height\":50,\"caption\":\"Akuku.com.pl\"},\"image\":{\"@id\":\"https:\/\/akuku.com.pl\/en\/#\/schema\/logo\/image\/\"},\"sameAs\":[\"https:\/\/www.facebook.com\/markaAKUKU\"]}]}<\/script>\n<!-- \/ Yoast SEO plugin. -->","yoast_head_json":{"title":"Ksi\u0105\u017ceczka edukacyjna z piszczkiem - Akuku","description":"Sprawd\u017a nasz produkt: Ksi\u0105\u017ceczka edukacyjna z piszczkiem. Produkty Akuku - odpowiednie dla mam i niemowl\u0105t!","robots":{"index":"index","follow":"follow","max-snippet":"max-snippet:-1","max-image-preview":"max-image-preview:large","max-video-preview":"max-video-preview:-1"},"canonical":"https:\/\/akuku.com.pl\/en\/katalog-produktow\/zabawa-i-edukacja\/zabawki-sensoryczne-i-edukacyjne\/ksiazeczka-edukacyjna-cyferki-a0474\/","og_locale":"en_US","og_type":"article","og_title":"Ksi\u0105\u017ceczka edukacyjna z piszczkiem - Akuku","og_description":"Sprawd\u017a nasz produkt: Ksi\u0105\u017ceczka edukacyjna z piszczkiem. Produkty Akuku - odpowiednie dla mam i niemowl\u0105t!","og_url":"https:\/\/akuku.com.pl\/en\/katalog-produktow\/zabawa-i-edukacja\/zabawki-sensoryczne-i-edukacyjne\/ksiazeczka-edukacyjna-cyferki-a0474\/","og_site_name":"Akuku","article_publisher":"https:\/\/www.facebook.com\/markaAKUKU","article_modified_time":"2024-12-30T09:55:44+00:00","og_image":[{"width":800,"height":800,"url":"https:\/\/akuku.com.pl\/wp-content\/uploads\/2024\/07\/a0474-5.jpg","type":"image\/jpeg"}],"twitter_card":"summary_large_image","twitter_misc":{"Est. reading time":"2 minutes"},"schema":{"@context":"https:\/\/schema.org","@graph":[{"@type":"WebPage","@id":"https:\/\/akuku.com.pl\/en\/katalog-produktow\/zabawa-i-edukacja\/zabawki-sensoryczne-i-edukacyjne\/ksiazeczka-edukacyjna-cyferki-a0474\/","url":"https:\/\/akuku.com.pl\/en\/katalog-produktow\/zabawa-i-edukacja\/zabawki-sensoryczne-i-edukacyjne\/ksiazeczka-edukacyjna-cyferki-a0474\/","name":"Ksi\u0105\u017ceczka edukacyjna z piszczkiem - Akuku","isPartOf":{"@id":"https:\/\/akuku.com.pl\/en\/#website"},"primaryImageOfPage":{"@id":"https:\/\/akuku.com.pl\/en\/katalog-produktow\/zabawa-i-edukacja\/zabawki-sensoryczne-i-edukacyjne\/ksiazeczka-edukacyjna-cyferki-a0474\/#primaryimage"},"image":{"@id":"https:\/\/akuku.com.pl\/en\/katalog-produktow\/zabawa-i-edukacja\/zabawki-sensoryczne-i-edukacyjne\/ksiazeczka-edukacyjna-cyferki-a0474\/#primaryimage"},"thumbnailUrl":"https:\/\/akuku.com.pl\/wp-content\/uploads\/2024\/07\/a0474-5.jpg","datePublished":"2024-07-04T21:14:45+00:00","dateModified":"2024-12-30T09:55:44+00:00","description":"Sprawd\u017a nasz produkt: Ksi\u0105\u017ceczka edukacyjna z piszczkiem. Produkty Akuku - odpowiednie dla mam i niemowl\u0105t!","breadcrumb":{"@id":"https:\/\/akuku.com.pl\/en\/katalog-produktow\/zabawa-i-edukacja\/zabawki-sensoryczne-i-edukacyjne\/ksiazeczka-edukacyjna-cyferki-a0474\/#breadcrumb"},"inLanguage":"en-US","potentialAction":[{"@type":"ReadAction","target":["https:\/\/akuku.com.pl\/en\/katalog-produktow\/zabawa-i-edukacja\/zabawki-sensoryczne-i-edukacyjne\/ksiazeczka-edukacyjna-cyferki-a0474\/"]}]},{"@type":"ImageObject","inLanguage":"en-US","@id":"https:\/\/akuku.com.pl\/en\/katalog-produktow\/zabawa-i-edukacja\/zabawki-sensoryczne-i-edukacyjne\/ksiazeczka-edukacyjna-cyferki-a0474\/#primaryimage","url":"https:\/\/akuku.com.pl\/wp-content\/uploads\/2024\/07\/a0474-5.jpg","contentUrl":"https:\/\/akuku.com.pl\/wp-content\/uploads\/2024\/07\/a0474-5.jpg","width":800,"height":800,"caption":"Ksi\u0105\u017ceczka edukacyjna, cyferki A0474 12"},{"@type":"BreadcrumbList","@id":"https:\/\/akuku.com.pl\/en\/katalog-produktow\/zabawa-i-edukacja\/zabawki-sensoryczne-i-edukacyjne\/ksiazeczka-edukacyjna-cyferki-a0474\/#breadcrumb","itemListElement":[{"@type":"ListItem","position":1,"name":"Strona g\u0142\u00f3wna","item":"https:\/\/akuku.com.pl\/en\/"},{"@type":"ListItem","position":2,"name":"All products","item":"https:\/\/akuku.com.pl\/wszystkie-produkty\/"},{"@type":"ListItem","position":3,"name":"Ksi\u0105\u017ceczka edukacyjna z piszczkiem"}]},{"@type":"WebSite","@id":"https:\/\/akuku.com.pl\/en\/#website","url":"https:\/\/akuku.com.pl\/en\/","name":"Akuku.com.pl","description":"","publisher":{"@id":"https:\/\/akuku.com.pl\/en\/#organization"},"potentialAction":[{"@type":"SearchAction","target":{"@type":"EntryPoint","urlTemplate":"https:\/\/akuku.com.pl\/en\/?s={search_term_string}"},"query-input":{"@type":"PropertyValueSpecification","valueRequired":true,"valueName":"search_term_string"}}],"inLanguage":"en-US"},{"@type":"Organization","@id":"https:\/\/akuku.com.pl\/en\/#organization","name":"Akuku.com.pl","url":"https:\/\/akuku.com.pl\/en\/","logo":{"@type":"ImageObject","inLanguage":"en-US","@id":"https:\/\/akuku.com.pl\/en\/#\/schema\/logo\/image\/","url":"https:\/\/akuku.com.pl\/wp-content\/uploads\/2024\/04\/akuku-logo.svg","contentUrl":"https:\/\/akuku.com.pl\/wp-content\/uploads\/2024\/04\/akuku-logo.svg","width":114,"height":50,"caption":"Akuku.com.pl"},"image":{"@id":"https:\/\/akuku.com.pl\/en\/#\/schema\/logo\/image\/"},"sameAs":["https:\/\/www.facebook.com\/markaAKUKU"]}]}},"_links":{"self":[{"href":"https:\/\/akuku.com.pl\/en\/wp-json\/wp\/v2\/product\/10365","targetHints":{"allow":["GET"]}}],"collection":[{"href":"https:\/\/akuku.com.pl\/en\/wp-json\/wp\/v2\/product"}],"about":[{"href":"https:\/\/akuku.com.pl\/en\/wp-json\/wp\/v2\/types\/product"}],"wp:featuredmedia":[{"embeddable":true,"href":"https:\/\/akuku.com.pl\/en\/wp-json\/wp\/v2\/media\/10350"}],"wp:attachment":[{"href":"https:\/\/akuku.com.pl\/en\/wp-json\/wp\/v2\/media?parent=10365"}],"wp:term":[{"taxonomy":"product_cat","embeddable":true,"href":"https:\/\/akuku.com.pl\/en\/wp-json\/wp\/v2\/product_cat?post=10365"},{"taxonomy":"product_tag","embeddable":true,"href":"https:\/\/akuku.com.pl\/en\/wp-json\/wp\/v2\/product_tag?post=10365"}],"curies":[{"name":"wp","href":"https:\/\/api.w.org\/{rel}","templated":true}]}}